{"id":5669,"date":"2017-12-15T18:38:48","date_gmt":"2017-12-15T18:38:48","guid":{"rendered":"https:\/\/arquivo.osso.pt\/projects\/medusa\/"},"modified":"2020-11-17T13:58:24","modified_gmt":"2020-11-17T13:58:24","slug":"medusa","status":"publish","type":"page","link":"https:\/\/arquivo.osso.pt\/en\/projects\/medusa\/","title":{"rendered":"MEDUSA"},"content":{"rendered":"<div class=\"iframe\" style=\"max-width: 770px; height: auto; margin-left: auto; margin-right: auto; margin-top: 0px; margin-bottom: 0px;\">\n<div align=\"center\">\n\t\t<!-- MasterSlider -->\n\t\t<div id=\"P_MS69e0814d11666\" class=\"master-slider-parent msl ms-parent-id-26\" style=\"max-width:770px;\">\n\n\t\t\t\n\t\t\t<!-- MasterSlider Main -->\n\t\t\t<div id=\"MS69e0814d11666\" class=\"master-slider ms-skin-default\" >\n\t\t\t\t \t\t\t\t \n\t\t\t\t<div  class=\"ms-slide\" data-delay=\"2\" data-fill-mode=\"fill\"  >\n\t\t\t\t\t<img decoding=\"async\" src=\"https:\/\/arquivo.osso.pt\/wp-content\/plugins\/master-slider\/public\/assets\/css\/blank.gif\" alt=\"\" title=\"\" data-src=\"https:\/\/arquivo.osso.pt\/wp-content\/uploads\/2017\/12\/MEDUSA2_LISBOA.jpg\" \/>\n\n\n\t<div class=\"ms-thumb\" ><div class=\"ms-tab-context\"><div class=\"&quot;ms-tab-context&quot;\"><\/div><\/div>\n<\/div>\n\t\t\t\t<\/div>\n\t\t\t\t<div  class=\"ms-slide\" data-delay=\"2\" data-fill-mode=\"fill\"  >\n\t\t\t\t\t<img decoding=\"async\" src=\"https:\/\/arquivo.osso.pt\/wp-content\/plugins\/master-slider\/public\/assets\/css\/blank.gif\" alt=\"\" title=\"\" data-src=\"https:\/\/arquivo.osso.pt\/wp-content\/uploads\/2017\/12\/MEDUSA1_BARREIRO_B.jpeg\" \/>\n\n\n\t<div class=\"ms-thumb\" ><div class=\"ms-tab-context\"><div class=\"&quot;ms-tab-context&quot;\"><\/div><\/div>\n<\/div>\n\t\t\t\t<\/div>\n\t\t\t\t<div  class=\"ms-slide\" data-delay=\"2\" data-fill-mode=\"fill\"  >\n\t\t\t\t\t<img decoding=\"async\" src=\"https:\/\/arquivo.osso.pt\/wp-content\/plugins\/master-slider\/public\/assets\/css\/blank.gif\" alt=\"\" title=\"\" data-src=\"https:\/\/arquivo.osso.pt\/wp-content\/uploads\/2017\/12\/MEDUSA1_BARREIRO.jpg\" \/>\n\n\n\t<div class=\"ms-thumb\" ><div class=\"ms-tab-context\"><div class=\"&quot;ms-tab-context&quot;\"><\/div><\/div>\n<\/div>\n\t\t\t\t<\/div>\n\t\t\t\t<div  class=\"ms-slide\" data-delay=\"2\" data-fill-mode=\"fill\"  >\n\t\t\t\t\t<img decoding=\"async\" src=\"https:\/\/arquivo.osso.pt\/wp-content\/plugins\/master-slider\/public\/assets\/css\/blank.gif\" alt=\"\" title=\"\" data-src=\"https:\/\/arquivo.osso.pt\/wp-content\/uploads\/2017\/12\/MEDUSA3_COIMBRA.jpg\" \/>\n\n\n\t<div class=\"ms-thumb\" ><div class=\"ms-tab-context\"><div class=\"&quot;ms-tab-context&quot;\"><\/div><\/div>\n<\/div>\n\t\t\t\t<\/div>\n\t\t\t\t<div  class=\"ms-slide\" data-delay=\"2\" data-fill-mode=\"fill\"  >\n\t\t\t\t\t<img decoding=\"async\" src=\"https:\/\/arquivo.osso.pt\/wp-content\/plugins\/master-slider\/public\/assets\/css\/blank.gif\" alt=\"\" title=\"\" data-src=\"https:\/\/arquivo.osso.pt\/wp-content\/uploads\/2017\/12\/MEDUSA-FERME-1.jpg\" \/>\n\n\n\t<div class=\"ms-thumb\" ><div class=\"ms-tab-context\"><div class=\"&quot;ms-tab-context&quot;\"><\/div><\/div>\n<\/div>\n\t\t\t\t<\/div>\n\t\t\t\t<div  class=\"ms-slide\" data-delay=\"2\" data-fill-mode=\"fill\"  >\n\t\t\t\t\t<img decoding=\"async\" src=\"https:\/\/arquivo.osso.pt\/wp-content\/plugins\/master-slider\/public\/assets\/css\/blank.gif\" alt=\"\" title=\"\" data-src=\"https:\/\/arquivo.osso.pt\/wp-content\/uploads\/2017\/12\/MEDUSA-FERME-2.jpg\" \/>\n\n\n\t<div class=\"ms-thumb\" ><div class=\"ms-tab-context\"><div class=\"&quot;ms-tab-context&quot;\"><\/div><\/div>\n<\/div>\n\t\t\t\t<\/div>\n\t\t\t\t<div  class=\"ms-slide\" data-delay=\"2\" data-fill-mode=\"fill\"  >\n\t\t\t\t\t<img decoding=\"async\" src=\"https:\/\/arquivo.osso.pt\/wp-content\/plugins\/master-slider\/public\/assets\/css\/blank.gif\" alt=\"\" title=\"\" data-src=\"https:\/\/arquivo.osso.pt\/wp-content\/uploads\/2017\/12\/MEDUSA-FERME-3.jpg\" \/>\n\n\n\t<div class=\"ms-thumb\" ><div class=\"ms-tab-context\"><div class=\"&quot;ms-tab-context&quot;\"><\/div><\/div>\n<\/div>\n\t\t\t\t<\/div>\n\t\t\t\t<div  class=\"ms-slide\" data-delay=\"2\" data-fill-mode=\"fill\"  >\n\t\t\t\t\t<img decoding=\"async\" src=\"https:\/\/arquivo.osso.pt\/wp-content\/plugins\/master-slider\/public\/assets\/css\/blank.gif\" alt=\"\" title=\"\" data-src=\"https:\/\/arquivo.osso.pt\/wp-content\/uploads\/2017\/12\/MEDUSA-SERRALVES-1.jpg\" \/>\n\n\n\t<div class=\"ms-thumb\" ><div class=\"ms-tab-context\"><div class=\"&quot;ms-tab-context&quot;\"><\/div><\/div>\n<\/div>\n\t\t\t\t<\/div>\n\t\t\t\t<div  class=\"ms-slide\" data-delay=\"2\" data-fill-mode=\"fill\"  >\n\t\t\t\t\t<img decoding=\"async\" src=\"https:\/\/arquivo.osso.pt\/wp-content\/plugins\/master-slider\/public\/assets\/css\/blank.gif\" alt=\"\" title=\"\" data-src=\"https:\/\/arquivo.osso.pt\/wp-content\/uploads\/2018\/03\/20157219_1516956024994348_8028080082448366060_o.jpg\" \/>\n\n\n\t<div class=\"ms-thumb\" ><div class=\"ms-tab-context\"><div class=\"&quot;ms-tab-context&quot;\"><\/div><\/div>\n<\/div>\n\t\t\t\t<\/div>\n\t\t\t\t<div  class=\"ms-slide\" data-delay=\"2\" data-fill-mode=\"fill\"  >\n\t\t\t\t\t<img decoding=\"async\" src=\"https:\/\/arquivo.osso.pt\/wp-content\/plugins\/master-slider\/public\/assets\/css\/blank.gif\" alt=\"\" title=\"\" data-src=\"https:\/\/arquivo.osso.pt\/wp-content\/uploads\/2017\/12\/MEDUSA-SEERALVES-2.jpg\" \/>\n\n\n\t<div class=\"ms-thumb\" ><div class=\"ms-tab-context\"><div class=\"&quot;ms-tab-context&quot;\"><\/div><\/div>\n<\/div>\n\t\t\t\t<\/div>\n\t\t\t\t<div  class=\"ms-slide\" data-delay=\"2\" data-fill-mode=\"fill\"  >\n\t\t\t\t\t<img decoding=\"async\" src=\"https:\/\/arquivo.osso.pt\/wp-content\/plugins\/master-slider\/public\/assets\/css\/blank.gif\" alt=\"\" title=\"\" data-src=\"https:\/\/arquivo.osso.pt\/wp-content\/uploads\/2017\/12\/MEDUSA-SERRALVES-3.jpg\" \/>\n\n\n\t<div class=\"ms-thumb\" ><div class=\"ms-tab-context\"><div class=\"&quot;ms-tab-context&quot;\"><\/div><\/div>\n<\/div>\n\t\t\t\t<\/div>\n\t\t\t\t<div  class=\"ms-slide\" data-delay=\"2\" data-fill-mode=\"fill\"  >\n\t\t\t\t\t<img decoding=\"async\" src=\"https:\/\/arquivo.osso.pt\/wp-content\/plugins\/master-slider\/public\/assets\/css\/blank.gif\" alt=\"\" title=\"\" data-src=\"https:\/\/arquivo.osso.pt\/wp-content\/uploads\/2018\/03\/WT2017_RicardoJacinto_Medusa_MarianaLopes_05.jpeg\" \/>\n\n\n\t<div class=\"ms-thumb\" ><div class=\"ms-tab-context\"><div class=\"&quot;ms-tab-context&quot;\"><\/div><\/div>\n<\/div>\n\t\t\t\t<\/div>\n\n\t\t\t<\/div>\n\t\t\t<!-- END MasterSlider Main -->\n\n\t\t\t \n\t\t<\/div>\n\t\t<!-- END MasterSlider -->\n\n\t\t<script>\n\t\t(function ( $ ) {\n\t\t\t\"use strict\";\n\n\t\t\t$(function () {\n\t\t\t\tvar masterslider_1666 = new MasterSlider();\n\n\t\t\t\t\/\/ slider controls\n\t\t\t\tmasterslider_1666.control('arrows'     ,{ autohide:true, overVideo:true  });\t\t\t\tmasterslider_1666.control('bullets'    ,{ autohide:false, overVideo:true, dir:'h', align:'bottom' , margin:20  });\n\n\t\t\t\t\/\/ slider setup\n\t\t\t\tmasterslider_1666.setup(\"MS69e0814d11666\", {\n\t\t\t\t\t\twidth           : 770,\n\t\t\t\t\t\theight          : 513,\n\t\t\t\t\t\tminHeight       : 0,\n\t\t\t\t\t\tspace           : 0,\n\t\t\t\t\t\tstart           : 1,\n\t\t\t\t\t\tgrabCursor      : false,\n\t\t\t\t\t\tswipe           : true,\n\t\t\t\t\t\tmouse           : true,\n\t\t\t\t\t\tlayout          : \"boxed\",\n\t\t\t\t\t\twheel           : false,\n\t\t\t\t\t\tautoplay        : true,\n\t\t\t\t\t\tinstantStartLayers:false,\n\t\t\t\t\t\tloop            : true,\n\t\t\t\t\t\tshuffle         : false,\n\t\t\t\t\t\tpreload         : 0,\n\t\t\t\t\t\theightLimit     : true,\n\t\t\t\t\t\tautoHeight      : false,\n\t\t\t\t\t\tsmoothHeight    : true,\n\t\t\t\t\t\tendPause        : false,\n\t\t\t\t\t\toverPause       : true,\n\t\t\t\t\t\tfillMode        : \"fill\",\n\t\t\t\t\t\tcenterControls  : true,\n\t\t\t\t\t\tstartOnAppear   : false,\n\t\t\t\t\t\tlayersMode      : \"center\",\n\t\t\t\t\t\thideLayers      : false,\n\t\t\t\t\t\tfullscreenMargin: 0,\n\t\t\t\t\t\tspeed           : 20,\n\t\t\t\t\t\tdir             : \"h\",\n\t\t\t\t\t\tparallaxMode    : 'swipe',\n\t\t\t\t\t\tview            : \"fade\"\n\t\t\t\t});\n\n\t\t\t\t\n\t\t\t\twindow.masterslider_instances = window.masterslider_instances || [];\n\t\t\t\twindow.masterslider_instances.push( masterslider_1666 );\n\t\t\t });\n\n\t\t})(jQuery);\n\t\t<\/script>\n\n<\/div>\n<p style=\"text-align: justify;\"><strong><br \/>\nMEDUSA:<\/STRONG> solo para violoncelo, electr\u00f3nica e objectos ressonantes<\/p>\n<p>Medusa \u00e9 um dispositivo n\u00f3mada instrumental projetado para incluir um concerto de violoncelo solo que activa uma instala\u00e7\u00e3o sonora. Incorporando caracter\u00edsticas sonoras e arquitect\u00f3nicas espec\u00edficas do local onde \u00e9 apresentado, aborda quest\u00f5es de especificidade local tanto na configura\u00e7\u00e3o de instala\u00e7\u00e3o quanto no desempenho musical. Deste 2014 tem sido apresentado em diversos locais em Portugal e Europa<\/p>\n<p>Concep\u00e7\u00e3o e Interpreta\u00e7\u00e3o: <strong><a href=\"http:\/\/www.ricardojacinto.com\/\" title=\"Ricardo Jacinto\" target=\"_blank\" rel=\"noopener noreferrer\">Ricardo Jacinto<\/a><\/STRONG><\/p>\n<div class=\"row\"><div class=\"toggle-wrap 0\/1\"><div class=\"wpb_toggle\">RIDER T\u00c9CNICO<\/div><div class=\"wpb_toggle_content\">\n<p><a href=\"https:\/\/arquivo.osso.pt\/wp-content\/uploads\/2018\/03\/diagrama-med.jpg\"><img loading=\"lazy\" decoding=\"async\" src=\"https:\/\/arquivo.osso.pt\/wp-content\/uploads\/2018\/03\/diagrama-med.jpg\" alt=\"diagrama-med\" width=\"1240\" height=\"1753\" class=\"alignleft size-full wp-image-7387\" srcset=\"https:\/\/arquivo.osso.pt\/wp-content\/uploads\/2018\/03\/diagrama-med.jpg 1240w, https:\/\/arquivo.osso.pt\/wp-content\/uploads\/2018\/03\/diagrama-med-600x848.jpg 600w, https:\/\/arquivo.osso.pt\/wp-content\/uploads\/2018\/03\/diagrama-med-212x300.jpg 212w, https:\/\/arquivo.osso.pt\/wp-content\/uploads\/2018\/03\/diagrama-med-724x1024.jpg 724w\" sizes=\"auto, (max-width: 1240px) 100vw, 1240px\" \/><\/a><\/p>\n<p dir=\"ltr\" id=\"internal-source-marker_0.06068180682485502\" style=\"text-align: justify;\">\n<p><a href=\"https:\/\/arquivo.osso.pt\/wp-content\/uploads\/2017\/12\/DIAGRAM-MEDUSA.pdf\"target=\"_blank\">DIAGRAM MEDUSA<\/a><\/p>\n<\/div>\n<\/div><\/div>\n\n<div class=\"row\"><div class=\"toggle-wrap 0\/1\"><div class=\"wpb_toggle\">APRESENTA\u00c7\u00d5ES<\/div><div class=\"wpb_toggle_content\">\n<p dir=\"ltr\" id=\"internal-source-marker_0.06068180682485502\" style=\"text-align: justify;\">\n<p>OLD SCHOOL \/ LISBON 2014<br \/>\nMEDUSA \/ GUIMARAES 2014<br \/>\nCOL\u00c9GIO DAS ARTES \/ COIMBRA<br \/>\nANTIGA CUF \/ BARREIRO<br \/>\nVERA APPLETON \/ LISBON<br \/>\nVERA CORT\u00caS \/ LISBON<br \/>\nFERME DU BUISSON \/ PARIS<br \/>\nWALK &#038; TALK \/ S\u00c3O MIGUEL<br \/>\nMUSEU DE SERRALVES \/ PORTO<br \/>\nTRIENAL DE ARQUITECTURA \/ LISBON<br \/>\nSONOSCOPIA \/ JAN 2016 \/ PORTO<br \/>\nCAAA \/ JAN 2016 \/ GUIMAR\u00c3ES<br \/>\nSAL\u00c3O BRAZIL \/ Anozero_Bienal de Arte Contempor\u00e2nea de CoimbrA \/ COIMBRA \/ Nov 2015<br \/>\nFANUM HOUSE \/ Open House Belfast Festival \/ BELFAST \/ July 2015<br \/>\nTHE GUESTHOUSE \/ CORK \/ July 2015<br \/>\nOFICINAS DO CONVENTO \/ FESTIVAL CIDADE PREOCUPADA \/ MONTEMOR-O-NOVO \/ 2016<br \/>\nCONVENTO DE S\u00c3O FRANCISCO \/ COIMBRA \/ 2016<br \/>\nMUSEO VOSTELL \/ MALPARTIDA_C\u00c1CERES \/ 2016<br \/>\nTEATRO THALIA \/ EXPOSI\u00c7\u00c3O Viagem ao Invis\u00edvel \/ LISBOA \/ 2017<\/p>\n<\/div>\n<\/div><\/div>\n\n<div class=\"row\"><div class=\"toggle-wrap 0\/1\"><div class=\"wpb_toggle\">AUDIO | VIDEO<\/div><div class=\"wpb_toggle_content\">\n<p><iframe style=\"border: 0; width: 700px; height: 373px;\" src=\"https:\/\/bandcamp.com\/EmbeddedPlayer\/album=1660397701\/size=large\/bgcol=ffffff\/linkcol=0687f5\/artwork=none\/transparent=true\/\" seamless><a href=\"http:\/\/ricardojacinto.bandcamp.com\/album\/medusa-explodido\">MEDUSA \/ explodido by Ricardo Jacinto | 2014<\/a><\/iframe><\/p>\n<p>Concert-Installation for: cello, electronics and resonating structure<br \/>\nLocation: Exhibition &#8220;Da f\u00e1brica que desvanece \u00e0 ba\u00eda do Tejo&#8221; \/ CUF Barrerio 2014.<\/p>\n<p>Ricardo Jacinto: cello | electronics | installation<br \/>\nduration: 33:36<\/p>\n<p>recording: Tiago de Sousa, Suse Ribeiro \/\/ CUF, Barreiro 2014<br \/>\nmixing: Ricardo Jacinto<br \/>\nmastering: Nuno Mor\u00e3o (Scratch Built)<br \/>\nproduction | edition: OSSO COLECTIVO \/\/ Lisboa 2018<\/p>\n<hr \/>\n<p><iframe style=\"border: 0; width: 700px; height: 208px;\" src=\"https:\/\/bandcamp.com\/EmbeddedPlayer\/album=154402341\/size=large\/bgcol=ffffff\/linkcol=0687f5\/artwork=none\/transparent=true\/\" seamless><a href=\"http:\/\/ricardojacinto.bandcamp.com\/album\/medusa-casca\">MEDUSA \/ casca by Ricardo Jacinto | 2014<\/a><\/iframe><\/p>\n<p>Concert-Installation for: cello, electronics and resonating structure<br \/>\nLocation: Col\u00e9gio das Artes de Coimbra \/\/  27th JUN \u2013 26th SEP 2014 <\/p>\n<p>Ricardo Jacinto: cello | electronics | installation<br \/>\nduration: 21:50<\/p>\n<p>recording, mixing: Ricardo Jacinto<\/p>\n<\/div>\n<\/div><\/div>\n\n<\/div>\n","protected":false},"excerpt":{"rendered":"<p>MEDUSA: solo para violoncelo, electr\u00f3nica e objectos ressonantes Medusa \u00e9 um dispositivo n\u00f3mada instrumental projetado para incluir um concerto de violoncelo solo que activa uma instala\u00e7\u00e3o sonora. Incorporando caracter\u00edsticas sonoras e arquitect\u00f3nicas espec\u00edficas do local onde \u00e9 apresentado, aborda quest\u00f5es de especificidade local tanto na configura\u00e7\u00e3o de instala\u00e7\u00e3o quanto no desempenho musical. Deste 2014 tem sido apresentado em diversos locais [&hellip;]<\/p>\n","protected":false},"author":1,"featured_media":0,"parent":1617,"menu_order":0,"comment_status":"closed","ping_status":"open","template":"","meta":{"footnotes":""},"class_list":["post-5669","page","type-page","status-publish","hentry"],"_links":{"self":[{"href":"https:\/\/arquivo.osso.pt\/en\/wp-json\/wp\/v2\/pages\/5669","targetHints":{"allow":["GET"]}}],"collection":[{"href":"https:\/\/arquivo.osso.pt\/en\/wp-json\/wp\/v2\/pages"}],"about":[{"href":"https:\/\/arquivo.osso.pt\/en\/wp-json\/wp\/v2\/types\/page"}],"author":[{"embeddable":true,"href":"https:\/\/arquivo.osso.pt\/en\/wp-json\/wp\/v2\/users\/1"}],"replies":[{"embeddable":true,"href":"https:\/\/arquivo.osso.pt\/en\/wp-json\/wp\/v2\/comments?post=5669"}],"version-history":[{"count":46,"href":"https:\/\/arquivo.osso.pt\/en\/wp-json\/wp\/v2\/pages\/5669\/revisions"}],"predecessor-version":[{"id":13185,"href":"https:\/\/arquivo.osso.pt\/en\/wp-json\/wp\/v2\/pages\/5669\/revisions\/13185"}],"up":[{"embeddable":true,"href":"https:\/\/arquivo.osso.pt\/en\/wp-json\/wp\/v2\/pages\/1617"}],"wp:attachment":[{"href":"https:\/\/arquivo.osso.pt\/en\/wp-json\/wp\/v2\/media?parent=5669"}],"curies":[{"name":"wp","href":"https:\/\/api.w.org\/{rel}","templated":true}]}}