{"id":5653,"date":"2017-12-15T18:27:14","date_gmt":"2017-12-15T18:27:14","guid":{"rendered":"https:\/\/arquivo.osso.pt\/nowhere-2\/"},"modified":"2017-12-18T18:56:37","modified_gmt":"2017-12-18T18:56:37","slug":"nowhere","status":"publish","type":"page","link":"https:\/\/arquivo.osso.pt\/en\/projects\/nowhere\/","title":{"rendered":"NOWHERE"},"content":{"rendered":"<div class=\"iframe\" style=\"max-width: 770px; height: auto; margin-left: auto; margin-right: auto; margin-top: 25px; margin-bottom: 50px;\">\n<iframe loading=\"lazy\" src=\"https:\/\/player.vimeo.com\/video\/212377495?title=0&#038;byline=0&#038;portrait=0\" width=\"800\" height=\"440\" frameborder=\"0\" webkitallowfullscreen mozallowfullscreen allowfullscreen><\/iframe><\/p>\n<p>NOWHERE &#8211; Marino Formenti in collaboration with Ricardo Jacinto<br \/>\n09 April 2017 \u2014 29 April 2017<br \/>\nopen MONDAY-FRIDAY 10H-20H \/ SATURDAY 10H-23H<br \/>\nand constantly on live streaming<\/p>\n<p>\u201cNowhere\u201d is a non-place in the centre of the city, \u201ca sort of pagan chapel where life and music become one.\u201d For 20 consecutive days, pianist Marino Formenti will live in a temporary home built by artist Ricardo Jacinto, where he will sit at the piano, play, live, sleep, eat, breathe, in a space that is mercilessly and contemporarily both public and private.<br \/>\nThe audience is invited to come and go freely, to listen to music in a different dimension, with Marino Formenti playing piano daily, from morning to night. With round-the-clock live streaming, we can also be part of his days from a distance.<\/p>\n<p>Conception and performance Marino Formenti<br \/>\nArchitecture Ricardo Jacinto<br \/>\nStructural calculation Eng. Tiago Pereira<br \/>\nConstruction S\u00e9tima Gera\u00e7\u00e3o Lda<br \/>\nCo-prodution BoCA, Funda\u00e7\u00e3o Calouste Gulbenkian<br \/>\nSupport Amorim Cork Composites &#038; Amorim Isolamentos, Embaixada da \u00c1ustria em Portugal<\/p>\n","protected":false},"excerpt":{"rendered":"<p>NOWHERE &#8211; Marino Formenti in collaboration with Ricardo Jacinto 09 April 2017 \u2014 29 April 2017 open MONDAY-FRIDAY 10H-20H \/ SATURDAY 10H-23H and constantly on live streaming \u201cNowhere\u201d is a non-place in the centre of the city, \u201ca sort of pagan chapel where life and music become one.\u201d For 20 consecutive days, pianist Marino Formenti will live in a temporary [&hellip;]<\/p>\n","protected":false},"author":1,"featured_media":0,"parent":1617,"menu_order":0,"comment_status":"closed","ping_status":"open","template":"","meta":{"footnotes":""},"class_list":["post-5653","page","type-page","status-publish","hentry"],"_links":{"self":[{"href":"https:\/\/arquivo.osso.pt\/en\/wp-json\/wp\/v2\/pages\/5653","targetHints":{"allow":["GET"]}}],"collection":[{"href":"https:\/\/arquivo.osso.pt\/en\/wp-json\/wp\/v2\/pages"}],"about":[{"href":"https:\/\/arquivo.osso.pt\/en\/wp-json\/wp\/v2\/types\/page"}],"author":[{"embeddable":true,"href":"https:\/\/arquivo.osso.pt\/en\/wp-json\/wp\/v2\/users\/1"}],"replies":[{"embeddable":true,"href":"https:\/\/arquivo.osso.pt\/en\/wp-json\/wp\/v2\/comments?post=5653"}],"version-history":[{"count":10,"href":"https:\/\/arquivo.osso.pt\/en\/wp-json\/wp\/v2\/pages\/5653\/revisions"}],"predecessor-version":[{"id":5985,"href":"https:\/\/arquivo.osso.pt\/en\/wp-json\/wp\/v2\/pages\/5653\/revisions\/5985"}],"up":[{"embeddable":true,"href":"https:\/\/arquivo.osso.pt\/en\/wp-json\/wp\/v2\/pages\/1617"}],"wp:attachment":[{"href":"https:\/\/arquivo.osso.pt\/en\/wp-json\/wp\/v2\/media?parent=5653"}],"curies":[{"name":"wp","href":"https:\/\/api.w.org\/{rel}","templated":true}]}}