{"id":4313,"date":"2015-09-23T11:34:47","date_gmt":"2015-09-23T11:34:47","guid":{"rendered":"https:\/\/arquivo.osso.pt\/projects\/eye-height-2\/parceirosapoios\/"},"modified":"2015-10-03T20:49:34","modified_gmt":"2015-10-03T20:49:34","slug":"parceirosapoios","status":"publish","type":"page","link":"https:\/\/arquivo.osso.pt\/en\/projects\/eye-height-2\/parceirosapoios\/","title":{"rendered":"PARTNERS\/SUPPORT"},"content":{"rendered":"<div class=\"iframe\" style=\"height: auto; margin-top: 0px; margin-bottom: 25px;\">\n<p><strong>Co-Producers<\/strong><br \/>\nEdinburgh College Of Arts, F\u00e1brica da P\u00f3lvora \u2013 Centro de Experimenta\u00e7\u00e3o Art\u00edstica\u2028 Tempo \u2013 Teatro Municipal de Portim\u00e3o<\/p>\n<p><strong>Support<\/strong><br \/>\nC\u00e2mara Municipal de Oeiras \/ Fundi\u00e7\u00e3o de Oeiras, Vende-se Filmes, Flamenco Society [ Edinburgh ], Vera Cort\u00eas Ag\u00eancia de Arte, Bomba Suicida, Teatro Praga, M\u00e1quina Agrad\u00e1vel<\/p>\n<p><strong>Financed By<\/strong><br \/>\nSecretaria de Estado da Cultura-Direc\u00e7\u00e3o Geral das Artes, Funda\u00e7\u00e3o Calouste Gulbenkian<\/p>\n<\/div>\n","protected":false},"excerpt":{"rendered":"<p>Co-Producers Edinburgh College Of Arts, F\u00e1brica da P\u00f3lvora \u2013 Centro de Experimenta\u00e7\u00e3o Art\u00edstica\u2028 Tempo \u2013 Teatro Municipal de Portim\u00e3o Support C\u00e2mara Municipal de Oeiras \/ Fundi\u00e7\u00e3o de Oeiras, Vende-se Filmes, Flamenco Society [ Edinburgh ], Vera Cort\u00eas Ag\u00eancia de Arte, Bomba Suicida, Teatro Praga, M\u00e1quina Agrad\u00e1vel Financed By Secretaria de Estado da Cultura-Direc\u00e7\u00e3o Geral das Artes, Funda\u00e7\u00e3o Calouste Gulbenkian<\/p>\n","protected":false},"author":1,"featured_media":0,"parent":4246,"menu_order":0,"comment_status":"closed","ping_status":"closed","template":"","meta":{"footnotes":""},"class_list":["post-4313","page","type-page","status-publish","hentry"],"_links":{"self":[{"href":"https:\/\/arquivo.osso.pt\/en\/wp-json\/wp\/v2\/pages\/4313","targetHints":{"allow":["GET"]}}],"collection":[{"href":"https:\/\/arquivo.osso.pt\/en\/wp-json\/wp\/v2\/pages"}],"about":[{"href":"https:\/\/arquivo.osso.pt\/en\/wp-json\/wp\/v2\/types\/page"}],"author":[{"embeddable":true,"href":"https:\/\/arquivo.osso.pt\/en\/wp-json\/wp\/v2\/users\/1"}],"replies":[{"embeddable":true,"href":"https:\/\/arquivo.osso.pt\/en\/wp-json\/wp\/v2\/comments?post=4313"}],"version-history":[{"count":11,"href":"https:\/\/arquivo.osso.pt\/en\/wp-json\/wp\/v2\/pages\/4313\/revisions"}],"predecessor-version":[{"id":4405,"href":"https:\/\/arquivo.osso.pt\/en\/wp-json\/wp\/v2\/pages\/4313\/revisions\/4405"}],"up":[{"embeddable":true,"href":"https:\/\/arquivo.osso.pt\/en\/wp-json\/wp\/v2\/pages\/4246"}],"wp:attachment":[{"href":"https:\/\/arquivo.osso.pt\/en\/wp-json\/wp\/v2\/media?parent=4313"}],"curies":[{"name":"wp","href":"https:\/\/api.w.org\/{rel}","templated":true}]}}