{"id":4299,"date":"2015-09-23T11:28:58","date_gmt":"2015-09-23T11:28:58","guid":{"rendered":"https:\/\/arquivo.osso.pt\/equipa-2\/"},"modified":"2015-10-03T20:55:43","modified_gmt":"2015-10-03T20:55:43","slug":"equipa","status":"publish","type":"page","link":"https:\/\/arquivo.osso.pt\/en\/projects\/eye-height-2\/equipa\/","title":{"rendered":"TEAM"},"content":{"rendered":"<div class=\"iframe\" style=\"height: auto; margin-top: 0px; margin-bottom: 25px;\">\n<p><strong>Direc\u00e7\u00e3o Art\u00edstica | Artistic Direction<\/strong><br \/>\nBeatriz Cantinho, Ricardo Jacinto<\/p>\n<p><strong>Co-Cria\u00e7\u00e3o e Interpreta\u00e7\u00e3o | Co-Creation and Interpretation<\/strong><br \/>\nBailarinos | Dancers<br \/>\nAna Gouveia, Beatriz Cantinho, Filipe Jac\u00f4me, Francesca Bertozzi, Madalena Xavier<\/p>\n<p>M\u00fasicos | Musicians<br \/>\nNuno Torres (saxofone alto), Ricardo Jacinto (violoncelo)<\/p>\n<p>Convidados | Guests<br \/>\nC Spencer Yeh (violin, voice), Shiori Usui (voice)<\/p>\n<p><strong>Palco\/Instrumento | Stage\/Instrument<\/strong><br \/>\nConcep\u00e7\u00e3o | Conception<br \/>\nRicardo Jacinto<\/p>\n<p><strong>Projecto de Execu\u00e7\u00e3o | Project Development<\/strong><br \/>\nAndr\u00e9 Castro e Elysabeth Remelgado<\/p>\n<p><strong>Constru\u00e7\u00e3o | Construction <\/strong><br \/>\nTom\u00e1s Viana, Ricardo Jacinto, Nuno Torres<\/p>\n<p><strong>V\u00eddeo | Video<\/strong><br \/>\nRealiza\u00e7\u00e3o | Direction<br \/>\nBeatriz Cantinho e Ricardo Jacinto<\/p>\n<p>Direc\u00e7\u00e3o de fotografia | Director of photography<br \/>\nVasco Viana<\/p>\n<p>Cameras | Camera operators<br \/>\nVasco Viana, Vasco Salt\u00e3o, Nuno da Silva<\/p>\n<p>Maquinistas | Dolly Grip<br \/>\nRui Pereira, Tiago Valente, Daniel Monteiro<\/p>\n<p>Som | Sound<br \/>\nPedro Magalh\u00e3es<\/p>\n<p>Luz | Light<br \/>\nAlexandre Costa<\/p>\n<p>Figurinos | Costume Design<br \/>\nMariana S\u00e1 Nogueira<\/p>\n<p><strong>Fotografia | Photography <\/strong><br \/>\nDaniel Malh\u00e3o, <a href=\"http:\/\/www.joaoquirino.com\" target=\"_blank\">Jo\u00e3o Quirino<\/a><\/p>\n<p><strong>IT Consultancy and Support<\/strong><br \/>\nLote125<\/p>\n<p><strong>Chief Sync Architect <\/strong><br \/>\nJose Pedro<\/p>\n<p><strong>Design <\/strong><br \/>\nMatilde Meireles<\/p>\n<p><strong>Gest\u00e3o de Projecto | Project Management<\/strong><br \/>\nMeninos Exemplares<\/p>\n<p><strong>Produ\u00e7\u00e3o Executiva | Production <\/strong><br \/>\nSara Morais<\/p>\n<hr\/>\n<p><strong>RICARDO JACINTO | Music and Installation<\/strong><\/p>\n<p dir=\"ltr\" style=\"text-align: justify;\">Born in Lisbon in 1975. Graduated in Architecture at the University of Lisbon-Faculty of Architecture, and in Sculpture and Advanced Visual Arts at Ar.Co \/ Lisbon. Graduate courses  at the School of Visual Arts in New York. Studied music at the Hot Clube de Portugal and Musical Analysis and Composition at the Academia de Amadores de M\u00fasica \/ Lisbon.<br \/>\nSince 1998 has presented his work at individual and group exhibitions, concerts and performances, in Portugal and abroad. He has done several collaborations with other artists, musicians, architects and performers.<br \/>\nSome of his most recent works have been presented at Circulo de Belas Artes (Madrid), MUDAM (Louxembourg) Culturgest (Lisbon and Porto), Centre Culturel Gulbenkian (Paris), Casa da M\u00fasica (Porto), MANIFESTA 07_European Biennal of Contemporary Art  (Italy) and the 10th Architecture Exhibition- Venice Bienal (Collaboration with Architect Pancho Guedes).<\/p>\n<p><strong>BEATRIZ CANTINHO | Coreography<\/strong><\/p>\n<p dir=\"ltr\" style=\"text-align: justify;\">Presently developing practice based research work as a PhD student in Dance\/Aesthetics at Edinburgh College of Art. Attended, as Visiting Scholar, N.Y.U\/TISCH (performance and cinema departments). As a researcher her work focus mainly in the mechanisms of image perception within aesthetics and performance. Internships in Noh Theatre at Kyoto Art Centre and Royal de Luxe Company.  Artistically for the past years has been developing work as a choreographer (\u201cParde2\u201d, \u201cScch\u2026um ensaio sobre o sil\u00eancio\u201d, \u201cSingularity\u201d) or in different collaborative projects with other artists within fine arts and performance (Herwig Turk, Val\u00e9rio Rom\u00e3o, Ricardo Jacinto, Vangelis Lymporidis, Shiori Usui). The work has been presented in Portugal, France, U.K, Germany and Austria. The academic research as been presented at Edinburgh University, Chelsea College of Art, Cambridge University and Surrey University.<\/p>\n<\/div>\n","protected":false},"excerpt":{"rendered":"<p>Direc\u00e7\u00e3o Art\u00edstica | Artistic Direction Beatriz Cantinho, Ricardo Jacinto Co-Cria\u00e7\u00e3o e Interpreta\u00e7\u00e3o | Co-Creation and Interpretation Bailarinos | Dancers Ana Gouveia, Beatriz Cantinho, Filipe Jac\u00f4me, Francesca Bertozzi, Madalena Xavier M\u00fasicos | Musicians Nuno Torres (saxofone alto), Ricardo Jacinto (violoncelo) Convidados | Guests C Spencer Yeh (violin, voice), Shiori Usui (voice) Palco\/Instrumento | Stage\/Instrument Concep\u00e7\u00e3o | Conception Ricardo Jacinto Projecto de [&hellip;]<\/p>\n","protected":false},"author":1,"featured_media":0,"parent":4246,"menu_order":0,"comment_status":"closed","ping_status":"closed","template":"","meta":{"footnotes":""},"class_list":["post-4299","page","type-page","status-publish","hentry"],"_links":{"self":[{"href":"https:\/\/arquivo.osso.pt\/en\/wp-json\/wp\/v2\/pages\/4299","targetHints":{"allow":["GET"]}}],"collection":[{"href":"https:\/\/arquivo.osso.pt\/en\/wp-json\/wp\/v2\/pages"}],"about":[{"href":"https:\/\/arquivo.osso.pt\/en\/wp-json\/wp\/v2\/types\/page"}],"author":[{"embeddable":true,"href":"https:\/\/arquivo.osso.pt\/en\/wp-json\/wp\/v2\/users\/1"}],"replies":[{"embeddable":true,"href":"https:\/\/arquivo.osso.pt\/en\/wp-json\/wp\/v2\/comments?post=4299"}],"version-history":[{"count":12,"href":"https:\/\/arquivo.osso.pt\/en\/wp-json\/wp\/v2\/pages\/4299\/revisions"}],"predecessor-version":[{"id":4401,"href":"https:\/\/arquivo.osso.pt\/en\/wp-json\/wp\/v2\/pages\/4299\/revisions\/4401"}],"up":[{"embeddable":true,"href":"https:\/\/arquivo.osso.pt\/en\/wp-json\/wp\/v2\/pages\/4246"}],"wp:attachment":[{"href":"https:\/\/arquivo.osso.pt\/en\/wp-json\/wp\/v2\/media?parent=4299"}],"curies":[{"name":"wp","href":"https:\/\/api.w.org\/{rel}","templated":true}]}}