{"id":3940,"date":"2014-08-07T18:17:27","date_gmt":"2014-08-07T18:17:27","guid":{"rendered":"https:\/\/arquivo.osso.pt\/?page_id=3940"},"modified":"2020-05-22T10:42:04","modified_gmt":"2020-05-22T10:42:04","slug":"encounters","status":"publish","type":"page","link":"https:\/\/arquivo.osso.pt\/en\/programacao-3\/encounters\/","title":{"rendered":"ENCOUNTERS"},"content":{"rendered":"<div class=\"iframe\" style=\"max-width: 770px; height: auto; margin-left: auto; margin-right: auto; margin-top: 25px; margin-bottom: 50px;\">\n<h3 class=\"prog_title\" style=\"text-align: left; text-indent: 15px; width: 100%;\">Enhancing Senses: a conversation about Art, Science and Philosophy<\/h3>\n<p><img loading=\"lazy\" decoding=\"async\" src=\"https:\/\/arquivo.osso.pt\/wp-content\/uploads\/2014\/11\/potenciarsentidos.jpg\" alt=\"potenciarsentidos\" width=\"800\" height=\"355\" class=\"alignnone size-full wp-image-3987\" \/><br \/>\n<small>Ana Hatherly. Sem t\u00edtulo, 1980 \u00b7 Cole\u00e7\u00e3o da Caixa Geral de Dep\u00f3sitos \u00b7 Fotografia: Teresa Santos \/ Pedro Tropa (pormenor)<\/small><\/p>\n<hr \/>\n<p style=\"text-align: justify;\"><strong>Curatorship<\/strong> Ana Pais e Beatriz Cantinho <strong>invitees<\/strong> Paulo Pereira (Vice-presidente da Funda\u00e7\u00e3o para a Ci\u00eancia e Tecnologia e Professor da Faculdade de Medicina da Universidade de Coimbra), Maria Filomena Molder (Professora Catedr\u00e1tica de Filosofia, Faculdade de Ci\u00eancias Sociais e Humanas da Universidade Nova de Lisboa), Val\u00e9rio Rom\u00e3o (escritor)<\/p>\n<hr \/>\n<p style=\"text-align: justify;\">Our thoughts, feelings and actions result from the continuous adjustment and readjustment of physiological mechanisms, cultural factors, ideological discourses and philosophical traditions, shaping our contact with the world. Recent discoveries in neuroscience (e.g. the brain&#8217;s plasticity) have greatly increased our chances of studying the relationship between biology, philosophy and art. This crossover of knowledge helps us discover new ways of thinking, feeling and acting in the world. To begin with, each guest will ask the other participants a question, thus generating an open discussion.<\/p>\n<hr \/>\n<p style=\"text-align: right; font-size: 11px;\"><strong>CULTURGEST &#8211; PEQUENO AUDIT\u00d3RIO.<\/strong> NOVEMBRO 2014.<\/p>\n<p><a href=\"https:\/\/vimeo.com\/111408829\" target=\"_blank\" rel=\"noopener noreferrer\">VIDEO<\/a><\/p>\n<\/div>\n","protected":false},"excerpt":{"rendered":"<p>Enhancing Senses: a conversation about Art, Science and Philosophy Ana Hatherly. Sem t\u00edtulo, 1980 \u00b7 Cole\u00e7\u00e3o da Caixa Geral de Dep\u00f3sitos \u00b7 Fotografia: Teresa Santos \/ Pedro Tropa (pormenor) Curatorship Ana Pais e Beatriz Cantinho invitees Paulo Pereira (Vice-presidente da Funda\u00e7\u00e3o para a Ci\u00eancia e Tecnologia e Professor da Faculdade de Medicina da Universidade de Coimbra), Maria Filomena Molder (Professora [&hellip;]<\/p>\n","protected":false},"author":1,"featured_media":0,"parent":5628,"menu_order":0,"comment_status":"closed","ping_status":"closed","template":"","meta":{"footnotes":""},"class_list":["post-3940","page","type-page","status-publish","hentry"],"_links":{"self":[{"href":"https:\/\/arquivo.osso.pt\/en\/wp-json\/wp\/v2\/pages\/3940","targetHints":{"allow":["GET"]}}],"collection":[{"href":"https:\/\/arquivo.osso.pt\/en\/wp-json\/wp\/v2\/pages"}],"about":[{"href":"https:\/\/arquivo.osso.pt\/en\/wp-json\/wp\/v2\/types\/page"}],"author":[{"embeddable":true,"href":"https:\/\/arquivo.osso.pt\/en\/wp-json\/wp\/v2\/users\/1"}],"replies":[{"embeddable":true,"href":"https:\/\/arquivo.osso.pt\/en\/wp-json\/wp\/v2\/comments?post=3940"}],"version-history":[{"count":37,"href":"https:\/\/arquivo.osso.pt\/en\/wp-json\/wp\/v2\/pages\/3940\/revisions"}],"predecessor-version":[{"id":12041,"href":"https:\/\/arquivo.osso.pt\/en\/wp-json\/wp\/v2\/pages\/3940\/revisions\/12041"}],"up":[{"embeddable":true,"href":"https:\/\/arquivo.osso.pt\/en\/wp-json\/wp\/v2\/pages\/5628"}],"wp:attachment":[{"href":"https:\/\/arquivo.osso.pt\/en\/wp-json\/wp\/v2\/media?parent=3940"}],"curies":[{"name":"wp","href":"https:\/\/api.w.org\/{rel}","templated":true}]}}