{"id":24273,"date":"2025-05-30T11:39:18","date_gmt":"2025-05-30T11:39:18","guid":{"rendered":"https:\/\/arquivo.osso.pt\/?page_id=24273"},"modified":"2026-01-30T11:58:20","modified_gmt":"2026-01-30T11:58:20","slug":"invasor-abstracto-9","status":"publish","type":"page","link":"https:\/\/arquivo.osso.pt\/en\/programacao-3\/invasor-abstracto\/invasor-abstracto-9\/","title":{"rendered":"INVASOR ABSTRACTO #9"},"content":{"rendered":"<div class=\"iframe\" style=\"max-width: 770px; height: auto; margin: 0px auto 0px auto;\">\n<div dir=\"ltr\" style=\"text-align: justify;\">\n<div align=\"center\">\n\t\t<!-- MasterSlider -->\n\t\t<div id=\"P_MS69e254d0a5b70\" class=\"master-slider-parent msl ms-parent-id-247\" style=\"max-width:770px;\">\n\n\t\t\t\n\t\t\t<!-- MasterSlider Main -->\n\t\t\t<div id=\"MS69e254d0a5b70\" class=\"master-slider ms-skin-default\" >\n\t\t\t\t \t\t\t\t \n\t\t\t\t<div  class=\"ms-slide\" data-delay=\"3\" data-fill-mode=\"fill\"  >\n\t\t\t\t\t<img decoding=\"async\" src=\"https:\/\/arquivo.osso.pt\/wp-content\/plugins\/master-slider\/public\/assets\/css\/blank.gif\" alt=\"\" title=\"\" data-src=\"https:\/\/arquivo.osso.pt\/wp-content\/uploads\/2026\/01\/20250603-InvasorAbstrato_1_\u00a9JoaoQuirino.jpg\" \/>\n\n\n\t<div class=\"ms-thumb\" ><div class=\"ms-tab-context\"><div class=\"&quot;ms-tab-context&quot;\"><\/div><\/div>\n<\/div>\n\t\t\t\t<\/div>\n\t\t\t\t<div  class=\"ms-slide\" data-delay=\"3\" data-fill-mode=\"fill\"  >\n\t\t\t\t\t<img decoding=\"async\" src=\"https:\/\/arquivo.osso.pt\/wp-content\/plugins\/master-slider\/public\/assets\/css\/blank.gif\" alt=\"\" title=\"\" data-src=\"https:\/\/arquivo.osso.pt\/wp-content\/uploads\/2026\/01\/20250603-InvasorAbstrato_47_\u00a9JoaoQuirino-2.jpg\" \/>\n\n\n\t<div class=\"ms-thumb\" ><div class=\"ms-tab-context\"><div class=\"&quot;ms-tab-context&quot;\"><\/div><\/div>\n<\/div>\n\t\t\t\t<\/div>\n\t\t\t\t<div  class=\"ms-slide\" data-delay=\"3\" data-fill-mode=\"fill\"  >\n\t\t\t\t\t<img decoding=\"async\" src=\"https:\/\/arquivo.osso.pt\/wp-content\/plugins\/master-slider\/public\/assets\/css\/blank.gif\" alt=\"\" title=\"\" data-src=\"https:\/\/arquivo.osso.pt\/wp-content\/uploads\/2026\/01\/20250603-InvasorAbstrato_20_\u00a9JoaoQuirino.jpg\" \/>\n\n\n\t<div class=\"ms-thumb\" ><div class=\"ms-tab-context\"><div class=\"&quot;ms-tab-context&quot;\"><\/div><\/div>\n<\/div>\n\t\t\t\t<\/div>\n\t\t\t\t<div  class=\"ms-slide\" data-delay=\"3\" data-fill-mode=\"fill\"  >\n\t\t\t\t\t<img decoding=\"async\" src=\"https:\/\/arquivo.osso.pt\/wp-content\/plugins\/master-slider\/public\/assets\/css\/blank.gif\" alt=\"\" title=\"\" data-src=\"https:\/\/arquivo.osso.pt\/wp-content\/uploads\/2026\/01\/20250603-InvasorAbstrato_24_\u00a9JoaoQuirino.jpg\" \/>\n\n\n\t<div class=\"ms-thumb\" ><div class=\"ms-tab-context\"><div class=\"&quot;ms-tab-context&quot;\"><\/div><\/div>\n<\/div>\n\t\t\t\t<\/div>\n\t\t\t\t<div  class=\"ms-slide\" data-delay=\"3\" data-fill-mode=\"fill\"  >\n\t\t\t\t\t<img decoding=\"async\" src=\"https:\/\/arquivo.osso.pt\/wp-content\/plugins\/master-slider\/public\/assets\/css\/blank.gif\" alt=\"\" title=\"\" data-src=\"https:\/\/arquivo.osso.pt\/wp-content\/uploads\/2026\/01\/20250603-InvasorAbstrato_25_\u00a9JoaoQuirino.jpg\" \/>\n\n\n\t<div class=\"ms-thumb\" ><div class=\"ms-tab-context\"><div class=\"&quot;ms-tab-context&quot;\"><\/div><\/div>\n<\/div>\n\t\t\t\t<\/div>\n\t\t\t\t<div  class=\"ms-slide\" data-delay=\"3\" data-fill-mode=\"fill\"  >\n\t\t\t\t\t<img decoding=\"async\" src=\"https:\/\/arquivo.osso.pt\/wp-content\/plugins\/master-slider\/public\/assets\/css\/blank.gif\" alt=\"\" title=\"\" data-src=\"https:\/\/arquivo.osso.pt\/wp-content\/uploads\/2026\/01\/20250603-InvasorAbstrato_35_\u00a9JoaoQuirino.jpg\" \/>\n\n\n\t<div class=\"ms-thumb\" ><div class=\"ms-tab-context\"><div class=\"&quot;ms-tab-context&quot;\"><\/div><\/div>\n<\/div>\n\t\t\t\t<\/div>\n\t\t\t\t<div  class=\"ms-slide\" data-delay=\"3\" data-fill-mode=\"fill\"  >\n\t\t\t\t\t<img decoding=\"async\" src=\"https:\/\/arquivo.osso.pt\/wp-content\/plugins\/master-slider\/public\/assets\/css\/blank.gif\" alt=\"\" title=\"\" data-src=\"https:\/\/arquivo.osso.pt\/wp-content\/uploads\/2026\/01\/20250603-InvasorAbstrato_43_\u00a9JoaoQuirino-1.jpg\" \/>\n\n\n\t<div class=\"ms-thumb\" ><div class=\"ms-tab-context\"><div class=\"&quot;ms-tab-context&quot;\"><\/div><\/div>\n<\/div>\n\t\t\t\t<\/div>\n\t\t\t\t<div  class=\"ms-slide\" data-delay=\"3\" data-fill-mode=\"fill\"  >\n\t\t\t\t\t<img decoding=\"async\" src=\"https:\/\/arquivo.osso.pt\/wp-content\/plugins\/master-slider\/public\/assets\/css\/blank.gif\" alt=\"\" title=\"\" data-src=\"https:\/\/arquivo.osso.pt\/wp-content\/uploads\/2026\/01\/20250603-InvasorAbstrato_11_\u00a9JoaoQuirino.jpg\" \/>\n\n\n\t<div class=\"ms-thumb\" ><div class=\"ms-tab-context\"><div class=\"&quot;ms-tab-context&quot;\"><\/div><\/div>\n<\/div>\n\t\t\t\t<\/div>\n\t\t\t\t<div  class=\"ms-slide\" data-delay=\"3\" data-fill-mode=\"fill\"  >\n\t\t\t\t\t<img decoding=\"async\" src=\"https:\/\/arquivo.osso.pt\/wp-content\/plugins\/master-slider\/public\/assets\/css\/blank.gif\" alt=\"\" title=\"\" data-src=\"https:\/\/arquivo.osso.pt\/wp-content\/uploads\/2026\/01\/20250603-InvasorAbstrato_46_\u00a9JoaoQuirino.jpg\" \/>\n\n\n\t<div class=\"ms-thumb\" ><div class=\"ms-tab-context\"><div class=\"&quot;ms-tab-context&quot;\"><\/div><\/div>\n<\/div>\n\t\t\t\t<\/div>\n\t\t\t\t<div  class=\"ms-slide\" data-delay=\"3\" data-fill-mode=\"fill\"  >\n\t\t\t\t\t<img decoding=\"async\" src=\"https:\/\/arquivo.osso.pt\/wp-content\/plugins\/master-slider\/public\/assets\/css\/blank.gif\" alt=\"\" title=\"\" data-src=\"https:\/\/arquivo.osso.pt\/wp-content\/uploads\/2026\/01\/20250603-InvasorAbstrato_9_\u00a9JoaoQuirino.jpg\" \/>\n\n\n\t<div class=\"ms-thumb\" ><div class=\"ms-tab-context\"><div class=\"&quot;ms-tab-context&quot;\"><\/div><\/div>\n<\/div>\n\t\t\t\t<\/div>\n\t\t\t\t<div  class=\"ms-slide\" data-delay=\"3\" data-fill-mode=\"fill\"  >\n\t\t\t\t\t<img decoding=\"async\" src=\"https:\/\/arquivo.osso.pt\/wp-content\/plugins\/master-slider\/public\/assets\/css\/blank.gif\" alt=\"\" title=\"\" data-src=\"https:\/\/arquivo.osso.pt\/wp-content\/uploads\/2026\/01\/20250603-InvasorAbstrato_40_\u00a9JoaoQuirino.jpg\" \/>\n\n\n\t<div class=\"ms-thumb\" ><div class=\"ms-tab-context\"><div class=\"&quot;ms-tab-context&quot;\"><\/div><\/div>\n<\/div>\n\t\t\t\t<\/div>\n\n\t\t\t<\/div>\n\t\t\t<!-- END MasterSlider Main -->\n\n\t\t\t \n\t\t<\/div>\n\t\t<!-- END MasterSlider -->\n\n\t\t<script>\n\t\t(function ( $ ) {\n\t\t\t\"use strict\";\n\n\t\t\t$(function () {\n\t\t\t\tvar masterslider_5b70 = new MasterSlider();\n\n\t\t\t\t\/\/ slider controls\n\t\t\t\tmasterslider_5b70.control('arrows'     ,{ autohide:true, overVideo:true  });\t\t\t\tmasterslider_5b70.control('bullets'    ,{ autohide:false, overVideo:true, dir:'h', align:'bottom' , margin:20  });\n\n\t\t\t\t\/\/ slider setup\n\t\t\t\tmasterslider_5b70.setup(\"MS69e254d0a5b70\", {\n\t\t\t\t\t\twidth           : 770,\n\t\t\t\t\t\theight          : 513,\n\t\t\t\t\t\tminHeight       : 0,\n\t\t\t\t\t\tspace           : 0,\n\t\t\t\t\t\tstart           : 1,\n\t\t\t\t\t\tgrabCursor      : false,\n\t\t\t\t\t\tswipe           : true,\n\t\t\t\t\t\tmouse           : true,\n\t\t\t\t\t\tlayout          : \"boxed\",\n\t\t\t\t\t\twheel           : false,\n\t\t\t\t\t\tautoplay        : true,\n\t\t\t\t\t\tinstantStartLayers:false,\n\t\t\t\t\t\tloop            : true,\n\t\t\t\t\t\tshuffle         : false,\n\t\t\t\t\t\tpreload         : 0,\n\t\t\t\t\t\theightLimit     : true,\n\t\t\t\t\t\tautoHeight      : false,\n\t\t\t\t\t\tsmoothHeight    : true,\n\t\t\t\t\t\tendPause        : false,\n\t\t\t\t\t\toverPause       : true,\n\t\t\t\t\t\tfillMode        : \"fill\",\n\t\t\t\t\t\tcenterControls  : true,\n\t\t\t\t\t\tstartOnAppear   : false,\n\t\t\t\t\t\tlayersMode      : \"center\",\n\t\t\t\t\t\thideLayers      : false,\n\t\t\t\t\t\tfullscreenMargin: 0,\n\t\t\t\t\t\tspeed           : 20,\n\t\t\t\t\t\tdir             : \"h\",\n\t\t\t\t\t\tparallaxMode    : 'swipe',\n\t\t\t\t\t\tview            : \"fade\"\n\t\t\t\t});\n\n\t\t\t\t\n\t\t\t\twindow.masterslider_instances = window.masterslider_instances || [];\n\t\t\t\twindow.masterslider_instances.push( masterslider_5b70 );\n\t\t\t });\n\n\t\t})(jQuery);\n\t\t<\/script>\n\n<\/div>\n<p><strong>INVASOR ABSTRACTO #9 by OSSO colectivo<\/strong><br \/>\n[with Ricardo Jacinto, Rita Thomaz, Ricardo Vieira]\n<p>\u201c<strong>Invasor Abstracto<\/strong>\u201d is a project dedicated to the circulation of different constellations of members of OSSO colectivo. In each iteration, individual artistic territories intersect along an imagined journey between OSSO\u2019s creative centre\u2014the village of S\u00e3o Greg\u00f3rio (Caldas da Rainha)\u2014and the spaces and communities that host their work. Through this ongoing trajectory, Invasor Abstracto has explored the relationship between art and territory, questioning the aesthetic and political implications of artistic creation in nomadic and temporary contexts.<\/p>\n<p>This ninth and final iteration of the project follows a new geographical and conceptual axis, establishing a dialogue between OSSO\u2019s artistic practice and the Fluxus archive of the Museo Vostell in Malpartida de C\u00e1ceres. Drawing on the legacy of the Fluxus movement and the work of Wolf Vostell, the project proposes a reflection on travel and temporary artistic residence as a performative gesture and as a means of expanding a poetic territory.<\/p>\n<p>The route between three places\u2014the physical space of <strong>OSSO<\/strong> (S\u00e3o Greg\u00f3rio, Caldas da Rainha), the <strong>Museo Vostell<\/strong> (Malpartida de C\u00e1ceres) and the <strong>Cairn Centre d\u2019Art<\/strong> (Digne-les-Bains) \u2014 structures this last appearance of Invasor Abstracto, in which journeys and territorial intersections become raw material for artistic creation.<\/p>\n<p>At each stage of this path, specific physical and cultural traces of each territory are collected and, once overlaid and transformed, compose a hybrid and abstract landscape. Travel and artistic residencies thus act as turning points, giving rise to a series of \u201cpoetic essays\u201d that take shape in the temporary occupations of exhibition spaces.<\/p>\n<p>The project culminates in a final presentation at the Museo Vostell, bringing together an installation and performance that offer a sensitive, experimental approach to the intersections between geographies, memories and artistic practices. In each of the residencies\u2014Malpartida, Digne-les-Bains and S\u00e3o Greg\u00f3rio\u2014a small group of artists from OSSO colectivo travelled to the territory, exploring the complementarity of their perspectives and encouraging the sharing of knowledge with local communities.<\/p>\n<p><strong><br \/>\nINVASOR ABSTRACTO #9<\/strong><br \/>\nMuseo Vostell | 26 March \u2013 20 May<br \/>\n: Installation with three works + performance<\/p>\n<p><strong>1. POMAR (Orchard)<\/strong><\/p>\n<p><a href=\"https:\/\/arquivo.osso.pt\/wp-content\/uploads\/2026\/01\/20250603-InvasorAbstrato_34_\u00a9JoaoQuirino.jpg\"><img loading=\"lazy\" decoding=\"async\" class=\"aligncenter wp-image-24126 size-full\" title=\"\u00a9Joa\u0303oQuirino\" src=\"https:\/\/arquivo.osso.pt\/wp-content\/uploads\/2026\/01\/20250603-InvasorAbstrato_34_\u00a9JoaoQuirino.jpg\" alt=\"\" width=\"1600\" height=\"1067\" srcset=\"https:\/\/arquivo.osso.pt\/wp-content\/uploads\/2026\/01\/20250603-InvasorAbstrato_34_\u00a9JoaoQuirino.jpg 1600w, https:\/\/arquivo.osso.pt\/wp-content\/uploads\/2026\/01\/20250603-InvasorAbstrato_34_\u00a9JoaoQuirino-300x200.jpg 300w, https:\/\/arquivo.osso.pt\/wp-content\/uploads\/2026\/01\/20250603-InvasorAbstrato_34_\u00a9JoaoQuirino-1024x683.jpg 1024w, https:\/\/arquivo.osso.pt\/wp-content\/uploads\/2026\/01\/20250603-InvasorAbstrato_34_\u00a9JoaoQuirino-768x512.jpg 768w, https:\/\/arquivo.osso.pt\/wp-content\/uploads\/2026\/01\/20250603-InvasorAbstrato_34_\u00a9JoaoQuirino-1536x1024.jpg 1536w, https:\/\/arquivo.osso.pt\/wp-content\/uploads\/2026\/01\/20250603-InvasorAbstrato_34_\u00a9JoaoQuirino-1280x854.jpg 1280w\" sizes=\"auto, (max-width: 1600px) 100vw, 1600px\" \/><\/a><\/p>\n<p>Segments of suspended felted wool tubing, natural pigments, lead weights and wire.<\/p>\n<p>Felted wool dyed with pigments extracted from plants gathered in the orchards surrounding OSSO between Autumn 2023 and Autumn 2024, in S\u00e3o Greg\u00f3rio (Caldas da Rainha).<\/p>\n<p>This \u201cdevice-piece\u201d is the result of an archive of colours and plant fibres drawn from the flora of S\u00e3o Greg\u00f3rio, incorporating into its creative process this raw material as well as the time and procedures involved in its collection, archiving and subsequent transformation. These object-drawings are now drawings of time.<\/p>\n<p>The changing colours of the S\u00e3o Greg\u00f3rio landscape over the course of the year are revealed in chromatic devices presented in dialogue with the architecture of different spaces and the flora of different landscapes.<\/p>\n<p><strong>2. AS ZONAS NUBLADAS (Cloudy Zones)<\/strong><\/p>\n<div class='gallery gallery-cols-3'><dl class='gallery-item'>\n\t\t\t<dt class='gallery-icon landscape'>\n\t\t\t\t<a class=\"view\" rel='gallery' href='https:\/\/arquivo.osso.pt\/wp-content\/uploads\/2026\/01\/20250603-InvasorAbstrato_18_\u00a9JoaoQuirino.jpg'><img loading=\"lazy\" decoding=\"async\" width=\"1024\" height=\"683\" src=\"https:\/\/arquivo.osso.pt\/wp-content\/uploads\/2026\/01\/20250603-InvasorAbstrato_18_\u00a9JoaoQuirino-1024x683.jpg\" class=\"attachment-large size-large\" alt=\"\" srcset=\"https:\/\/arquivo.osso.pt\/wp-content\/uploads\/2026\/01\/20250603-InvasorAbstrato_18_\u00a9JoaoQuirino-1024x683.jpg 1024w, https:\/\/arquivo.osso.pt\/wp-content\/uploads\/2026\/01\/20250603-InvasorAbstrato_18_\u00a9JoaoQuirino-300x200.jpg 300w, https:\/\/arquivo.osso.pt\/wp-content\/uploads\/2026\/01\/20250603-InvasorAbstrato_18_\u00a9JoaoQuirino-768x512.jpg 768w, https:\/\/arquivo.osso.pt\/wp-content\/uploads\/2026\/01\/20250603-InvasorAbstrato_18_\u00a9JoaoQuirino-1536x1024.jpg 1536w, https:\/\/arquivo.osso.pt\/wp-content\/uploads\/2026\/01\/20250603-InvasorAbstrato_18_\u00a9JoaoQuirino-1280x854.jpg 1280w, https:\/\/arquivo.osso.pt\/wp-content\/uploads\/2026\/01\/20250603-InvasorAbstrato_18_\u00a9JoaoQuirino.jpg 1600w\" sizes=\"auto, (max-width: 1024px) 100vw, 1024px\" title=\"\u00a9Joa\u0303oQuirino\" \/><\/a>\n\t\t\t<\/dt><\/dl><dl class='gallery-item'>\n\t\t\t<dt class='gallery-icon landscape'>\n\t\t\t\t<a class=\"view\" rel='gallery' href='https:\/\/arquivo.osso.pt\/wp-content\/uploads\/2026\/01\/20250603-InvasorAbstrato_21_\u00a9JoaoQuirino.jpg'><img loading=\"lazy\" decoding=\"async\" width=\"1024\" height=\"683\" src=\"https:\/\/arquivo.osso.pt\/wp-content\/uploads\/2026\/01\/20250603-InvasorAbstrato_21_\u00a9JoaoQuirino-1024x683.jpg\" class=\"attachment-large size-large\" alt=\"\" srcset=\"https:\/\/arquivo.osso.pt\/wp-content\/uploads\/2026\/01\/20250603-InvasorAbstrato_21_\u00a9JoaoQuirino-1024x683.jpg 1024w, https:\/\/arquivo.osso.pt\/wp-content\/uploads\/2026\/01\/20250603-InvasorAbstrato_21_\u00a9JoaoQuirino-300x200.jpg 300w, https:\/\/arquivo.osso.pt\/wp-content\/uploads\/2026\/01\/20250603-InvasorAbstrato_21_\u00a9JoaoQuirino-768x512.jpg 768w, https:\/\/arquivo.osso.pt\/wp-content\/uploads\/2026\/01\/20250603-InvasorAbstrato_21_\u00a9JoaoQuirino-1536x1024.jpg 1536w, https:\/\/arquivo.osso.pt\/wp-content\/uploads\/2026\/01\/20250603-InvasorAbstrato_21_\u00a9JoaoQuirino-1280x854.jpg 1280w, https:\/\/arquivo.osso.pt\/wp-content\/uploads\/2026\/01\/20250603-InvasorAbstrato_21_\u00a9JoaoQuirino.jpg 1600w\" sizes=\"auto, (max-width: 1024px) 100vw, 1024px\" title=\"\u00a9Joa\u0303oQuirino\" \/><\/a>\n\t\t\t<\/dt><\/dl><dl class='gallery-item'>\n\t\t\t<dt class='gallery-icon landscape'>\n\t\t\t\t<a class=\"view\" rel='gallery' href='https:\/\/arquivo.osso.pt\/wp-content\/uploads\/2026\/01\/20250603-InvasorAbstrato_47_\u00a9JoaoQuirino.jpg'><img loading=\"lazy\" decoding=\"async\" width=\"1024\" height=\"683\" src=\"https:\/\/arquivo.osso.pt\/wp-content\/uploads\/2026\/01\/20250603-InvasorAbstrato_47_\u00a9JoaoQuirino-1024x683.jpg\" class=\"attachment-large size-large\" alt=\"\" srcset=\"https:\/\/arquivo.osso.pt\/wp-content\/uploads\/2026\/01\/20250603-InvasorAbstrato_47_\u00a9JoaoQuirino-1024x683.jpg 1024w, https:\/\/arquivo.osso.pt\/wp-content\/uploads\/2026\/01\/20250603-InvasorAbstrato_47_\u00a9JoaoQuirino-300x200.jpg 300w, https:\/\/arquivo.osso.pt\/wp-content\/uploads\/2026\/01\/20250603-InvasorAbstrato_47_\u00a9JoaoQuirino-768x512.jpg 768w, https:\/\/arquivo.osso.pt\/wp-content\/uploads\/2026\/01\/20250603-InvasorAbstrato_47_\u00a9JoaoQuirino-1536x1024.jpg 1536w, https:\/\/arquivo.osso.pt\/wp-content\/uploads\/2026\/01\/20250603-InvasorAbstrato_47_\u00a9JoaoQuirino-1280x854.jpg 1280w, https:\/\/arquivo.osso.pt\/wp-content\/uploads\/2026\/01\/20250603-InvasorAbstrato_47_\u00a9JoaoQuirino.jpg 1600w\" sizes=\"auto, (max-width: 1024px) 100vw, 1024px\" title=\"\u00a9Joa\u0303oQuirino\" \/><\/a>\n\t\t\t<\/dt><\/dl><br style=\"clear: both\" \/>\n\t\t<\/div>\n\n<p>Three sound pieces broadcast locally via three stereo FM transmitters tuned to 100 MHz, three cassette players and multiple transistor radio headphones.<br \/>\nNote: Please use the transistor radio headphones as you move through the room. Your position in the space will determine which transmission you hear. Seek out the borders.<br \/>\n\u25cf Antenna A \u2013 The Archive (5:00): Sampling and collage of digitised, previously unpublished sound sources recorded by Wolf Vostell on magnetic tape between 1968 and 1981.<br \/>\n\u25cf Antenna B \u2013 The Morning (5:00): Sampling and collage of recordings of various streams flowing into the River Bl\u00e9one in the French Alps, combined with a recording of daybreak in the OSSO orchard in S\u00e3o Greg\u00f3rio (19 May 2023).<br \/>\n\u25cf Antenna C \u2013 The Loom and the Marksman (5:00): Sampling and collage of recordings of 19th- and 20th-century mechanical looms in operation at Burel Factory, Covilh\u00e3, Serra da Estrela, together with recordings of gunshots at a shooting range in Digne-les-Bains.<\/p>\n<p><strong>3. UM PEDA\u00c7O DE REALIDADE (A piece of reality)<\/strong><\/p>\n<p><a href=\"https:\/\/arquivo.osso.pt\/wp-content\/uploads\/2026\/01\/20250603-InvasorAbstrato_17_\u00a9JoaoQuirino.jpg\"><img loading=\"lazy\" decoding=\"async\" class=\"aligncenter wp-image-24138 size-full\" title=\"\u00a9Joa\u0303oQuirino\" src=\"https:\/\/arquivo.osso.pt\/wp-content\/uploads\/2026\/01\/20250603-InvasorAbstrato_17_\u00a9JoaoQuirino.jpg\" alt=\"\" width=\"1600\" height=\"1067\" srcset=\"https:\/\/arquivo.osso.pt\/wp-content\/uploads\/2026\/01\/20250603-InvasorAbstrato_17_\u00a9JoaoQuirino.jpg 1600w, https:\/\/arquivo.osso.pt\/wp-content\/uploads\/2026\/01\/20250603-InvasorAbstrato_17_\u00a9JoaoQuirino-300x200.jpg 300w, https:\/\/arquivo.osso.pt\/wp-content\/uploads\/2026\/01\/20250603-InvasorAbstrato_17_\u00a9JoaoQuirino-1024x683.jpg 1024w, https:\/\/arquivo.osso.pt\/wp-content\/uploads\/2026\/01\/20250603-InvasorAbstrato_17_\u00a9JoaoQuirino-768x512.jpg 768w, https:\/\/arquivo.osso.pt\/wp-content\/uploads\/2026\/01\/20250603-InvasorAbstrato_17_\u00a9JoaoQuirino-1536x1024.jpg 1536w, https:\/\/arquivo.osso.pt\/wp-content\/uploads\/2026\/01\/20250603-InvasorAbstrato_17_\u00a9JoaoQuirino-1280x854.jpg 1280w\" sizes=\"auto, (max-width: 1600px) 100vw, 1600px\" \/><\/a><\/p>\n<p>Headphones, chair and wall painted black. Binaural recording of a performative action in an exhibition and listening space. (Duration: 3:45)<br \/>\nAn original sound performance constructed from field recordings made in Digne-les-Bains and Malpartida.<\/p>\n<p><strong>4. PERFORMANCE: <\/strong><br \/>\nConcert by Ricardo Jacinto and Ricardo Vieira<br \/>\nMuseo Vostell \u2013 26 March 2025<\/p>\n<p><a href=\"https:\/\/arquivo.osso.pt\/wp-content\/uploads\/2026\/01\/DSC00237.jpg\"><img loading=\"lazy\" decoding=\"async\" class=\"aligncenter wp-image-24180 size-full\" title=\"\u00a9Joa\u0303oQuirino\" src=\"https:\/\/arquivo.osso.pt\/wp-content\/uploads\/2026\/01\/DSC00237.jpg\" alt=\"\" width=\"2048\" height=\"1458\" srcset=\"https:\/\/arquivo.osso.pt\/wp-content\/uploads\/2026\/01\/DSC00237.jpg 2048w, https:\/\/arquivo.osso.pt\/wp-content\/uploads\/2026\/01\/DSC00237-300x214.jpg 300w, https:\/\/arquivo.osso.pt\/wp-content\/uploads\/2026\/01\/DSC00237-1024x729.jpg 1024w, https:\/\/arquivo.osso.pt\/wp-content\/uploads\/2026\/01\/DSC00237-768x547.jpg 768w, https:\/\/arquivo.osso.pt\/wp-content\/uploads\/2026\/01\/DSC00237-1536x1094.jpg 1536w, https:\/\/arquivo.osso.pt\/wp-content\/uploads\/2026\/01\/DSC00237-1280x911.jpg 1280w\" sizes=\"auto, (max-width: 2048px) 100vw, 2048px\" \/><\/a><\/p>\n<p><strong>Invasor Abstracto #9<\/strong> is conceived as a space for reflection and experimentation on artistic nomadism, the construction of poetic territories and the intersections between archive, landscape and performance.<\/p>\n<p><strong>Support:<\/strong> Museo Vostell; OSSO Associa\u00e7\u00e3o Cultural; CAIRN \u2013 Centre d\u2019art contemporain; A Moagem; Burel Factory.<\/p>\n<\/div>\n<\/div>\n","protected":false},"excerpt":{"rendered":"<p>INVASOR ABSTRACTO #9 by OSSO colectivo [with Ricardo Jacinto, Rita Thomaz, Ricardo Vieira] \u201cInvasor Abstracto\u201d is a project dedicated to the circulation of different constellations of members of OSSO colectivo. In each iteration, individual artistic territories intersect along an imagined journey between OSSO\u2019s creative centre\u2014the village of S\u00e3o Greg\u00f3rio (Caldas da Rainha)\u2014and the spaces and communities that host their work. [&hellip;]<\/p>\n","protected":false},"author":1,"featured_media":0,"parent":10343,"menu_order":0,"comment_status":"closed","ping_status":"closed","template":"","meta":{"footnotes":""},"class_list":["post-24273","page","type-page","status-publish","hentry"],"_links":{"self":[{"href":"https:\/\/arquivo.osso.pt\/en\/wp-json\/wp\/v2\/pages\/24273","targetHints":{"allow":["GET"]}}],"collection":[{"href":"https:\/\/arquivo.osso.pt\/en\/wp-json\/wp\/v2\/pages"}],"about":[{"href":"https:\/\/arquivo.osso.pt\/en\/wp-json\/wp\/v2\/types\/page"}],"author":[{"embeddable":true,"href":"https:\/\/arquivo.osso.pt\/en\/wp-json\/wp\/v2\/users\/1"}],"replies":[{"embeddable":true,"href":"https:\/\/arquivo.osso.pt\/en\/wp-json\/wp\/v2\/comments?post=24273"}],"version-history":[{"count":2,"href":"https:\/\/arquivo.osso.pt\/en\/wp-json\/wp\/v2\/pages\/24273\/revisions"}],"predecessor-version":[{"id":24275,"href":"https:\/\/arquivo.osso.pt\/en\/wp-json\/wp\/v2\/pages\/24273\/revisions\/24275"}],"up":[{"embeddable":true,"href":"https:\/\/arquivo.osso.pt\/en\/wp-json\/wp\/v2\/pages\/10343"}],"wp:attachment":[{"href":"https:\/\/arquivo.osso.pt\/en\/wp-json\/wp\/v2\/media?parent=24273"}],"curies":[{"name":"wp","href":"https:\/\/api.w.org\/{rel}","templated":true}]}}