{"id":24263,"date":"2024-11-10T11:22:53","date_gmt":"2024-11-10T11:22:53","guid":{"rendered":"https:\/\/arquivo.osso.pt\/?page_id=24263"},"modified":"2026-02-02T11:06:21","modified_gmt":"2026-02-02T11:06:21","slug":"invasor-abstracto-8","status":"publish","type":"page","link":"https:\/\/arquivo.osso.pt\/en\/programacao-3\/invasor-abstracto\/invasor-abstracto-8\/","title":{"rendered":"INVASOR ABSTRACTO #8"},"content":{"rendered":"<div class=\"iframe\" style=\"max-width: 770px; height: auto; margin: 0px auto 0px auto;\">\n<div dir=\"ltr\" style=\"text-align: justify;\">\n<div align=\"center\">\n\t\t<!-- MasterSlider -->\n\t\t<div id=\"P_MS69e4c6250e2e7\" class=\"master-slider-parent msl ms-parent-id-246\" style=\"max-width:770px;\">\n\n\t\t\t\n\t\t\t<!-- MasterSlider Main -->\n\t\t\t<div id=\"MS69e4c6250e2e7\" class=\"master-slider ms-skin-default\" >\n\t\t\t\t \t\t\t\t \n\t\t\t\t<div  class=\"ms-slide\" data-delay=\"3\" data-fill-mode=\"fill\"  >\n\t\t\t\t\t<img decoding=\"async\" src=\"https:\/\/arquivo.osso.pt\/wp-content\/plugins\/master-slider\/public\/assets\/css\/blank.gif\" alt=\"\" title=\"\" data-src=\"https:\/\/arquivo.osso.pt\/wp-content\/uploads\/2026\/01\/20241122_ExpoMoagem_5_\u00a9JoaoQuirino.jpg\" \/>\n\n\n\t<div class=\"ms-thumb\" ><div class=\"ms-tab-context\"><div class=\"&quot;ms-tab-context&quot;\"><\/div><\/div>\n<\/div>\n\t\t\t\t<\/div>\n\t\t\t\t<div  class=\"ms-slide\" data-delay=\"3\" data-fill-mode=\"fill\"  >\n\t\t\t\t\t<img decoding=\"async\" src=\"https:\/\/arquivo.osso.pt\/wp-content\/plugins\/master-slider\/public\/assets\/css\/blank.gif\" alt=\"\" title=\"\" data-src=\"https:\/\/arquivo.osso.pt\/wp-content\/uploads\/2026\/01\/20241122_ExpoMoagem_17_\u00a9JoaoQuirino.jpg\" \/>\n\n\n\t<div class=\"ms-thumb\" ><div class=\"ms-tab-context\"><div class=\"&quot;ms-tab-context&quot;\"><\/div><\/div>\n<\/div>\n\t\t\t\t<\/div>\n\t\t\t\t<div  class=\"ms-slide\" data-delay=\"3\" data-fill-mode=\"fill\"  >\n\t\t\t\t\t<img decoding=\"async\" src=\"https:\/\/arquivo.osso.pt\/wp-content\/plugins\/master-slider\/public\/assets\/css\/blank.gif\" alt=\"\" title=\"\" data-src=\"https:\/\/arquivo.osso.pt\/wp-content\/uploads\/2026\/01\/20241122_ExpoMoagem_13_\u00a9JoaoQuirino.jpg\" \/>\n\n\n\t<div class=\"ms-thumb\" ><div class=\"ms-tab-context\"><div class=\"&quot;ms-tab-context&quot;\"><\/div><\/div>\n<\/div>\n\t\t\t\t<\/div>\n\t\t\t\t<div  class=\"ms-slide\" data-delay=\"3\" data-fill-mode=\"fill\"  >\n\t\t\t\t\t<img decoding=\"async\" src=\"https:\/\/arquivo.osso.pt\/wp-content\/plugins\/master-slider\/public\/assets\/css\/blank.gif\" alt=\"\" title=\"\" data-src=\"https:\/\/arquivo.osso.pt\/wp-content\/uploads\/2026\/01\/20241122_ExpoMoagem_11_\u00a9JoaoQuirino.jpg\" \/>\n\n\n\t<div class=\"ms-thumb\" ><div class=\"ms-tab-context\"><div class=\"&quot;ms-tab-context&quot;\"><\/div><\/div>\n<\/div>\n\t\t\t\t<\/div>\n\t\t\t\t<div  class=\"ms-slide\" data-delay=\"3\" data-fill-mode=\"fill\"  >\n\t\t\t\t\t<img decoding=\"async\" src=\"https:\/\/arquivo.osso.pt\/wp-content\/plugins\/master-slider\/public\/assets\/css\/blank.gif\" alt=\"\" title=\"\" data-src=\"https:\/\/arquivo.osso.pt\/wp-content\/uploads\/2026\/01\/20241122_ExpoMoagem_15_\u00a9JoaoQuirino.jpg\" \/>\n\n\n\t<div class=\"ms-thumb\" ><div class=\"ms-tab-context\"><div class=\"&quot;ms-tab-context&quot;\"><\/div><\/div>\n<\/div>\n\t\t\t\t<\/div>\n\t\t\t\t<div  class=\"ms-slide\" data-delay=\"3\" data-fill-mode=\"fill\"  >\n\t\t\t\t\t<img decoding=\"async\" src=\"https:\/\/arquivo.osso.pt\/wp-content\/plugins\/master-slider\/public\/assets\/css\/blank.gif\" alt=\"\" title=\"\" data-src=\"https:\/\/arquivo.osso.pt\/wp-content\/uploads\/2026\/01\/20241122_ExpoMoagem_20_\u00a9JoaoQuirino.jpg\" \/>\n\n\n\t<div class=\"ms-thumb\" ><div class=\"ms-tab-context\"><div class=\"&quot;ms-tab-context&quot;\"><\/div><\/div>\n<\/div>\n\t\t\t\t<\/div>\n\t\t\t\t<div  class=\"ms-slide\" data-delay=\"3\" data-fill-mode=\"fill\"  >\n\t\t\t\t\t<img decoding=\"async\" src=\"https:\/\/arquivo.osso.pt\/wp-content\/plugins\/master-slider\/public\/assets\/css\/blank.gif\" alt=\"\" title=\"\" data-src=\"https:\/\/arquivo.osso.pt\/wp-content\/uploads\/2026\/01\/20241122_ExpoMoagem_19_\u00a9JoaoQuirino.jpg\" \/>\n\n\n\t<div class=\"ms-thumb\" ><div class=\"ms-tab-context\"><div class=\"&quot;ms-tab-context&quot;\"><\/div><\/div>\n<\/div>\n\t\t\t\t<\/div>\n\t\t\t\t<div  class=\"ms-slide\" data-delay=\"3\" data-fill-mode=\"fill\"  >\n\t\t\t\t\t<img decoding=\"async\" src=\"https:\/\/arquivo.osso.pt\/wp-content\/plugins\/master-slider\/public\/assets\/css\/blank.gif\" alt=\"\" title=\"\" data-src=\"https:\/\/arquivo.osso.pt\/wp-content\/uploads\/2026\/01\/20241122_ExpoMoagem_18_\u00a9JoaoQuirino.jpg\" \/>\n\n\n\t<div class=\"ms-thumb\" ><div class=\"ms-tab-context\"><div class=\"&quot;ms-tab-context&quot;\"><\/div><\/div>\n<\/div>\n\t\t\t\t<\/div>\n\n\t\t\t<\/div>\n\t\t\t<!-- END MasterSlider Main -->\n\n\t\t\t \n\t\t<\/div>\n\t\t<!-- END MasterSlider -->\n\n\t\t<script>\n\t\t(function ( $ ) {\n\t\t\t\"use strict\";\n\n\t\t\t$(function () {\n\t\t\t\tvar masterslider_e2e7 = new MasterSlider();\n\n\t\t\t\t\/\/ slider controls\n\t\t\t\tmasterslider_e2e7.control('arrows'     ,{ autohide:true, overVideo:true  });\t\t\t\tmasterslider_e2e7.control('bullets'    ,{ autohide:false, overVideo:true, dir:'h', align:'bottom' , margin:20  });\n\n\t\t\t\t\/\/ slider setup\n\t\t\t\tmasterslider_e2e7.setup(\"MS69e4c6250e2e7\", {\n\t\t\t\t\t\twidth           : 770,\n\t\t\t\t\t\theight          : 513,\n\t\t\t\t\t\tminHeight       : 0,\n\t\t\t\t\t\tspace           : 0,\n\t\t\t\t\t\tstart           : 1,\n\t\t\t\t\t\tgrabCursor      : false,\n\t\t\t\t\t\tswipe           : true,\n\t\t\t\t\t\tmouse           : true,\n\t\t\t\t\t\tlayout          : \"boxed\",\n\t\t\t\t\t\twheel           : false,\n\t\t\t\t\t\tautoplay        : true,\n\t\t\t\t\t\tinstantStartLayers:false,\n\t\t\t\t\t\tloop            : true,\n\t\t\t\t\t\tshuffle         : false,\n\t\t\t\t\t\tpreload         : 0,\n\t\t\t\t\t\theightLimit     : true,\n\t\t\t\t\t\tautoHeight      : false,\n\t\t\t\t\t\tsmoothHeight    : true,\n\t\t\t\t\t\tendPause        : false,\n\t\t\t\t\t\toverPause       : true,\n\t\t\t\t\t\tfillMode        : \"fill\",\n\t\t\t\t\t\tcenterControls  : true,\n\t\t\t\t\t\tstartOnAppear   : false,\n\t\t\t\t\t\tlayersMode      : \"center\",\n\t\t\t\t\t\thideLayers      : false,\n\t\t\t\t\t\tfullscreenMargin: 0,\n\t\t\t\t\t\tspeed           : 20,\n\t\t\t\t\t\tdir             : \"h\",\n\t\t\t\t\t\tparallaxMode    : 'swipe',\n\t\t\t\t\t\tview            : \"fade\"\n\t\t\t\t});\n\n\t\t\t\t\n\t\t\t\twindow.masterslider_instances = window.masterslider_instances || [];\n\t\t\t\twindow.masterslider_instances.push( masterslider_e2e7 );\n\t\t\t });\n\n\t\t})(jQuery);\n\t\t<\/script>\n\n<\/div>\n<p><strong>INVASOR ABSTRACTO #8 <\/strong><\/p>\n<p><strong>cicle A PASSAGEM (The Passage)<\/strong><\/p>\n<p><strong>A PASSAGEM<\/strong> is a long-term residency programme that invites national artistic structures to work in Fund\u00e3o, with the aim of sharing their identity, their processes, existing works and new creations that emerge from their passage through this territory.<\/p>\n<p><strong>INVASOR ABSTRACTO (Abstract Invader)<\/strong><br \/>\n\u201c<strong>Invasor Abstracto<\/strong>\u201d is a project dedicated to the circulation of different constellations of members of OSSO colectivo, here featuring contributions by Ricardo Jacinto, Rita Thomaz and Ricardo Vieira. In its various iterations, the creative territories of each artist intersect along an imagined journey between their own centre of activity (the village of S\u00e3o Greg\u00f3rio, Caldas da Rainha) and the spaces and communities that host them.<\/p>\n<p><strong>Invasor Abstracto <\/strong>is the nomadic expression of a collective whose artistic work has operated around the notion of territory and its aesthetic and political implications, whether in the construction of temporary communities fostered by OSSO or in those into which it is integrated. Now in its eighth iteration, <strong>Invasor Abstracto<\/strong> has already travelled through Convento de S\u00e3o Francisco, Coimbra (2019), Oficinas do Convento, Montemor-o-Novo (2020), gnration, Braga (2021), TBA, Lisbon (2021), CCB Garagem, Lisbon (2022), Appleton Box, Lisbon (2022) and Atelier-Museu J\u00falio Pomar, Lisbon (2024), arriving now in Fund\u00e3o.<\/p>\n<p>The natural and human landscape of Cova da Beira, its local communities and their cultural traces have been the focus of this eighth \u201cjourney\u201d by OSSO colectivo, who now propose an exhibition, a concert, a children\u2019s workshop and a conversation with art students at A MOAGEM \u2013 Cidade do Engenho e das Artes. Over the past year, <strong>OSSO colectivo<\/strong> has undertaken residency periods in Fund\u00e3o, allowing them to become acquainted with and document some of the specificities of this territory. From early on, these features emerged as potential points of intersection with the artistic research carried out by the collective in the place where it is permanently based: the village of S\u00e3o Greg\u00f3rio, in Caldas da Rainha.<\/p>\n<p>From the identification of natural colours associated with local flora, to the territorial and \u201cmagical\u201d character of the rituals surrounding the Bombos de Lavacolhos, from the winds and whirlwinds common to this region, to the wool industry and its histories of nomadism and transhumance, the exhibition now presented in A MOAGEM\u2019s gallery offers visitors an \u201cabstract territory\u201d composed of sounds, forms, lines and colours that once belonged to these two relatively distant places and that now give body to yet another \u201cappearance\u201d of the <strong>INVASOR ABSTRACTO<\/strong>.<\/p>\n<p>This hybrid, composite character of the Invader extends to the concert, the workshop and the conversation: the poetic cross-breeding and intersection between territories is understood not only as an aesthetic gesture, but above all as a political one, generating proposals for shared freedom within a community.<\/p>\n<div class='gallery gallery-cols-3'><dl class='gallery-item'>\n\t\t\t<dt class='gallery-icon landscape'>\n\t\t\t\t<a class=\"view\" rel='gallery' href='https:\/\/arquivo.osso.pt\/en\/programacao-3\/invasor-abstracto\/invasor-abstracto-8\/attachment\/20241122_expomoagem_21_joaoquirino-2\/'><img loading=\"lazy\" decoding=\"async\" width=\"1024\" height=\"683\" src=\"https:\/\/arquivo.osso.pt\/wp-content\/uploads\/2026\/01\/20241122_ExpoMoagem_21_\u00a9JoaoQuirino-1024x683.jpg\" class=\"attachment-large size-large\" alt=\"\" srcset=\"https:\/\/arquivo.osso.pt\/wp-content\/uploads\/2026\/01\/20241122_ExpoMoagem_21_\u00a9JoaoQuirino-1024x683.jpg 1024w, https:\/\/arquivo.osso.pt\/wp-content\/uploads\/2026\/01\/20241122_ExpoMoagem_21_\u00a9JoaoQuirino-300x200.jpg 300w, https:\/\/arquivo.osso.pt\/wp-content\/uploads\/2026\/01\/20241122_ExpoMoagem_21_\u00a9JoaoQuirino-768x512.jpg 768w, https:\/\/arquivo.osso.pt\/wp-content\/uploads\/2026\/01\/20241122_ExpoMoagem_21_\u00a9JoaoQuirino-1536x1024.jpg 1536w, https:\/\/arquivo.osso.pt\/wp-content\/uploads\/2026\/01\/20241122_ExpoMoagem_21_\u00a9JoaoQuirino-2048x1366.jpg 2048w, https:\/\/arquivo.osso.pt\/wp-content\/uploads\/2026\/01\/20241122_ExpoMoagem_21_\u00a9JoaoQuirino-1280x853.jpg 1280w\" sizes=\"auto, (max-width: 1024px) 100vw, 1024px\" title=\"20241122_ExpoMoagem_21_\u00a9Joa\u0303oQuirino\" \/><\/a>\n\t\t\t<\/dt><\/dl><dl class='gallery-item'>\n\t\t\t<dt class='gallery-icon landscape'>\n\t\t\t\t<a class=\"view\" rel='gallery' href='https:\/\/arquivo.osso.pt\/en\/programacao-3\/invasor-abstracto\/invasor-abstracto-8\/attachment\/20241122_expomoagem_22_joaoquirino-2\/'><img loading=\"lazy\" decoding=\"async\" width=\"1024\" height=\"683\" src=\"https:\/\/arquivo.osso.pt\/wp-content\/uploads\/2026\/01\/20241122_ExpoMoagem_22_\u00a9JoaoQuirino-1024x683.jpg\" class=\"attachment-large size-large\" alt=\"\" srcset=\"https:\/\/arquivo.osso.pt\/wp-content\/uploads\/2026\/01\/20241122_ExpoMoagem_22_\u00a9JoaoQuirino-1024x683.jpg 1024w, https:\/\/arquivo.osso.pt\/wp-content\/uploads\/2026\/01\/20241122_ExpoMoagem_22_\u00a9JoaoQuirino-300x200.jpg 300w, https:\/\/arquivo.osso.pt\/wp-content\/uploads\/2026\/01\/20241122_ExpoMoagem_22_\u00a9JoaoQuirino-768x512.jpg 768w, https:\/\/arquivo.osso.pt\/wp-content\/uploads\/2026\/01\/20241122_ExpoMoagem_22_\u00a9JoaoQuirino-1536x1024.jpg 1536w, https:\/\/arquivo.osso.pt\/wp-content\/uploads\/2026\/01\/20241122_ExpoMoagem_22_\u00a9JoaoQuirino-2048x1365.jpg 2048w, https:\/\/arquivo.osso.pt\/wp-content\/uploads\/2026\/01\/20241122_ExpoMoagem_22_\u00a9JoaoQuirino-1280x853.jpg 1280w\" sizes=\"auto, (max-width: 1024px) 100vw, 1024px\" title=\"20241122_ExpoMoagem_22_\u00a9Joa\u0303oQuirino\" \/><\/a>\n\t\t\t<\/dt><\/dl><dl class='gallery-item'>\n\t\t\t<dt class='gallery-icon landscape'>\n\t\t\t\t<a class=\"view\" rel='gallery' href='https:\/\/arquivo.osso.pt\/en\/programacao-3\/invasor-abstracto\/invasor-abstracto-8\/attachment\/20241122_expomoagem_23_joaoquirino-2\/'><img loading=\"lazy\" decoding=\"async\" width=\"1024\" height=\"683\" src=\"https:\/\/arquivo.osso.pt\/wp-content\/uploads\/2026\/01\/20241122_ExpoMoagem_23_\u00a9JoaoQuirino-1024x683.jpg\" class=\"attachment-large size-large\" alt=\"\" srcset=\"https:\/\/arquivo.osso.pt\/wp-content\/uploads\/2026\/01\/20241122_ExpoMoagem_23_\u00a9JoaoQuirino-1024x683.jpg 1024w, https:\/\/arquivo.osso.pt\/wp-content\/uploads\/2026\/01\/20241122_ExpoMoagem_23_\u00a9JoaoQuirino-300x200.jpg 300w, https:\/\/arquivo.osso.pt\/wp-content\/uploads\/2026\/01\/20241122_ExpoMoagem_23_\u00a9JoaoQuirino-768x512.jpg 768w, https:\/\/arquivo.osso.pt\/wp-content\/uploads\/2026\/01\/20241122_ExpoMoagem_23_\u00a9JoaoQuirino-1536x1024.jpg 1536w, https:\/\/arquivo.osso.pt\/wp-content\/uploads\/2026\/01\/20241122_ExpoMoagem_23_\u00a9JoaoQuirino-2048x1365.jpg 2048w, https:\/\/arquivo.osso.pt\/wp-content\/uploads\/2026\/01\/20241122_ExpoMoagem_23_\u00a9JoaoQuirino-1280x853.jpg 1280w\" sizes=\"auto, (max-width: 1024px) 100vw, 1024px\" title=\"20241122_ExpoMoagem_23_\u00a9Joa\u0303oQuirino\" \/><\/a>\n\t\t\t<\/dt><\/dl><br style=\"clear: both\" \/>\n\t\t<\/div>\n\n<p><strong>Acknowledgements<\/strong><\/p>\n<p>Within the scope of this project, a special thanks is extended to Miguel Rainha, who invited OSSO colectivo to take part in the cycle A PASSAGEM and helped shape the interaction with points of interest and local people. Thanks are also due to shepherd Jos\u00e9 Martins Sabugueiro, who generously shared some of his memories as a transhumant; to Burel Factory, to its director and the team who so warmly welcomed the collective during sound recordings and learning around industrial weaving; to the Bombos de Lavacolhos group (Ab\u00edlio Guerra, Am\u00e9rico Sim\u00e3o, Carlos Guerra, Gabriel Alves, Hugo Agulha, Lu\u00eds Filipe Sim\u00e3o, Marc Matos, Pedro Garcia and Philippe Matos), who once again brought their art into A MOAGEM for an original sound recording; to the Eug\u00e9nio de Andrade Municipal Library (Fund\u00e3o) for their support in bibliographical research; and to Bina Paulo for accompanying the visit to the Panasqueira Mines.<\/p>\n<p>The collective also thanks Nuno Mor\u00e3o, who was present during the first residency, and, finally, the invaluable support of the entire MOAGEM team throughout the year.<\/p>\n<p><em>OSSO colectivo\u00a0Fund\u00e3o, 8 November 2024<\/em><\/p>\n<p><strong>Exhibition<\/strong><\/p>\n<p><strong>INVASOR ABSTRACTO #8<br \/>\n\u201csa\u0303o cordas de vento\u201d (\u201cthey are strings of wind\u201d)<\/strong><\/p>\n<p><strong>1. BORBORINHOS<\/strong><br \/>\n: Multichannel sound using contact loudspeakers distributed across several resonant structures<\/p>\n<p><a href=\"https:\/\/arquivo.osso.pt\/wp-content\/uploads\/2026\/01\/20241122_ExpoMoagem_30_\u00a9JoaoQuirino.jpg\"><img loading=\"lazy\" decoding=\"async\" class=\"aligncenter size-full wp-image-24110\" src=\"https:\/\/arquivo.osso.pt\/wp-content\/uploads\/2026\/01\/20241122_ExpoMoagem_30_\u00a9JoaoQuirino.jpg\" alt=\"\" width=\"1600\" height=\"1067\" srcset=\"https:\/\/arquivo.osso.pt\/wp-content\/uploads\/2026\/01\/20241122_ExpoMoagem_30_\u00a9JoaoQuirino.jpg 1600w, https:\/\/arquivo.osso.pt\/wp-content\/uploads\/2026\/01\/20241122_ExpoMoagem_30_\u00a9JoaoQuirino-300x200.jpg 300w, https:\/\/arquivo.osso.pt\/wp-content\/uploads\/2026\/01\/20241122_ExpoMoagem_30_\u00a9JoaoQuirino-1024x683.jpg 1024w, https:\/\/arquivo.osso.pt\/wp-content\/uploads\/2026\/01\/20241122_ExpoMoagem_30_\u00a9JoaoQuirino-768x512.jpg 768w, https:\/\/arquivo.osso.pt\/wp-content\/uploads\/2026\/01\/20241122_ExpoMoagem_30_\u00a9JoaoQuirino-1536x1024.jpg 1536w, https:\/\/arquivo.osso.pt\/wp-content\/uploads\/2026\/01\/20241122_ExpoMoagem_30_\u00a9JoaoQuirino-1280x854.jpg 1280w\" sizes=\"auto, (max-width: 1600px) 100vw, 1600px\" \/><\/a><\/p>\n<p>In a dark, arena-like space, sound circulates and accelerates in a spiral through the resonant structures that give it form. We hear the murmur of transhumance in the slow, ceremonial walk of those who follow the flock; the wind whispering through the rocky outcrops; and the dance and motion of industrial looms.<\/p>\n<p>\u201cBorborinho\u201d is a homophone of \u201cburburinho\u201d (murmur, bustle) and is the local name given to the small whirlwinds of wind that occur in this part of the country.<\/p>\n<p><strong>2. POMAR (Orchard)<\/strong><br \/>\n: Segments of suspended felted wool tubing, natural pigments, lead ballast and wire<\/p>\n<p><a href=\"https:\/\/arquivo.osso.pt\/wp-content\/uploads\/2026\/01\/20241122_ExpoMoagem_16_\u00a9JoaoQuirino.jpg\"><img loading=\"lazy\" decoding=\"async\" class=\"aligncenter wp-image-24112 size-full\" src=\"https:\/\/arquivo.osso.pt\/wp-content\/uploads\/2026\/01\/20241122_ExpoMoagem_16_\u00a9JoaoQuirino.jpg\" alt=\"\" width=\"1600\" height=\"1067\" srcset=\"https:\/\/arquivo.osso.pt\/wp-content\/uploads\/2026\/01\/20241122_ExpoMoagem_16_\u00a9JoaoQuirino.jpg 1600w, https:\/\/arquivo.osso.pt\/wp-content\/uploads\/2026\/01\/20241122_ExpoMoagem_16_\u00a9JoaoQuirino-300x200.jpg 300w, https:\/\/arquivo.osso.pt\/wp-content\/uploads\/2026\/01\/20241122_ExpoMoagem_16_\u00a9JoaoQuirino-1024x683.jpg 1024w, https:\/\/arquivo.osso.pt\/wp-content\/uploads\/2026\/01\/20241122_ExpoMoagem_16_\u00a9JoaoQuirino-768x512.jpg 768w, https:\/\/arquivo.osso.pt\/wp-content\/uploads\/2026\/01\/20241122_ExpoMoagem_16_\u00a9JoaoQuirino-1536x1024.jpg 1536w, https:\/\/arquivo.osso.pt\/wp-content\/uploads\/2026\/01\/20241122_ExpoMoagem_16_\u00a9JoaoQuirino-1280x854.jpg 1280w\" sizes=\"auto, (max-width: 1600px) 100vw, 1600px\" \/><\/a><\/p>\n<p>Felted wool dyed with pigments extracted from plants gathered in the orchards around OSSO between Autumn 2023 and Autumn 2024, S\u00e3o Greg\u00f3rio (Caldas da Rainha).<\/p>\n<p>This \u201cdevice-piece\u201d is the result of an archive of colours and plant fibres from the flora of S\u00e3o Greg\u00f3rio, incorporating into its creative process this raw material and the time and processes associated with its collection, archiving and subsequent transformation. These object-drawings are now drawings of time.<\/p>\n<p>The changing colours of the S\u00e3o Greg\u00f3rio landscape throughout the year are revealed in chromatic devices presented in dialogue with the architecture of different spaces and the flora of diverse landscapes (OSSO, S\u00e3o Greg\u00f3rio, June 2023; Atelier-Museu J\u00falio Pomar, January 2024; MOAGEM, Fund\u00e3o, November 2024). The archiving and transformation of plant fibres and dye plants are, simultaneously, raw material and drawing.<\/p>\n<p><strong>3. APARIC\u0327A\u0303O (Apparition)<\/strong><br \/>\n: Chair, headphones and binaural sound recording documenting a performance by the Bombos de Lavacolhos<\/p>\n<p><a href=\"https:\/\/arquivo.osso.pt\/programacao-3\/invasor-abstracto\/invasor-abstracto-8\/attachment\/20241122_expomoagem_10_joaoquirino\/\"><img loading=\"lazy\" decoding=\"async\" class=\"aligncenter wp-image-24230 size-full\" src=\"https:\/\/arquivo.osso.pt\/wp-content\/uploads\/2026\/01\/20241122_ExpoMoagem_10_\u00a9JoaoQuirino.jpg\" alt=\"\" width=\"1600\" height=\"1067\" srcset=\"https:\/\/arquivo.osso.pt\/wp-content\/uploads\/2026\/01\/20241122_ExpoMoagem_10_\u00a9JoaoQuirino.jpg 1600w, https:\/\/arquivo.osso.pt\/wp-content\/uploads\/2026\/01\/20241122_ExpoMoagem_10_\u00a9JoaoQuirino-300x200.jpg 300w, https:\/\/arquivo.osso.pt\/wp-content\/uploads\/2026\/01\/20241122_ExpoMoagem_10_\u00a9JoaoQuirino-1024x683.jpg 1024w, https:\/\/arquivo.osso.pt\/wp-content\/uploads\/2026\/01\/20241122_ExpoMoagem_10_\u00a9JoaoQuirino-768x512.jpg 768w, https:\/\/arquivo.osso.pt\/wp-content\/uploads\/2026\/01\/20241122_ExpoMoagem_10_\u00a9JoaoQuirino-1536x1024.jpg 1536w, https:\/\/arquivo.osso.pt\/wp-content\/uploads\/2026\/01\/20241122_ExpoMoagem_10_\u00a9JoaoQuirino-1280x854.jpg 1280w\" sizes=\"auto, (max-width: 1600px) 100vw, 1600px\" \/><\/a><\/p>\n<\/div>\n<div dir=\"ltr\" style=\"text-align: justify;\">\n<p>The <strong>Bombos de Lavacolhos<\/strong> group \u201coccupies\u201d the exhibition space, filling it with the deep vibration of drums, supported by voices and a flute. The binaural recording envelops the listener, transporting them into an acoustic space where the group of players acquires a ghostly presence that challenges our experience of what is \u201creal\u201d.<\/p>\n<\/div>\n<\/div>\n","protected":false},"excerpt":{"rendered":"<p>INVASOR ABSTRACTO #8 cicle A PASSAGEM (The Passage) A PASSAGEM is a long-term residency programme that invites national artistic structures to work in Fund\u00e3o, with the aim of sharing their identity, their processes, existing works and new creations that emerge from their passage through this territory. INVASOR ABSTRACTO (Abstract Invader) \u201cInvasor Abstracto\u201d is a project dedicated to the circulation of [&hellip;]<\/p>\n","protected":false},"author":1,"featured_media":0,"parent":10343,"menu_order":0,"comment_status":"closed","ping_status":"closed","template":"","meta":{"footnotes":""},"class_list":["post-24263","page","type-page","status-publish","hentry"],"_links":{"self":[{"href":"https:\/\/arquivo.osso.pt\/en\/wp-json\/wp\/v2\/pages\/24263","targetHints":{"allow":["GET"]}}],"collection":[{"href":"https:\/\/arquivo.osso.pt\/en\/wp-json\/wp\/v2\/pages"}],"about":[{"href":"https:\/\/arquivo.osso.pt\/en\/wp-json\/wp\/v2\/types\/page"}],"author":[{"embeddable":true,"href":"https:\/\/arquivo.osso.pt\/en\/wp-json\/wp\/v2\/users\/1"}],"replies":[{"embeddable":true,"href":"https:\/\/arquivo.osso.pt\/en\/wp-json\/wp\/v2\/comments?post=24263"}],"version-history":[{"count":7,"href":"https:\/\/arquivo.osso.pt\/en\/wp-json\/wp\/v2\/pages\/24263\/revisions"}],"predecessor-version":[{"id":24278,"href":"https:\/\/arquivo.osso.pt\/en\/wp-json\/wp\/v2\/pages\/24263\/revisions\/24278"}],"up":[{"embeddable":true,"href":"https:\/\/arquivo.osso.pt\/en\/wp-json\/wp\/v2\/pages\/10343"}],"wp:attachment":[{"href":"https:\/\/arquivo.osso.pt\/en\/wp-json\/wp\/v2\/media?parent=24263"}],"curies":[{"name":"wp","href":"https:\/\/api.w.org\/{rel}","templated":true}]}}