{"id":23847,"date":"2025-11-20T14:05:36","date_gmt":"2025-11-20T14:05:36","guid":{"rendered":"https:\/\/arquivo.osso.pt\/?page_id=23847"},"modified":"2025-11-20T14:05:36","modified_gmt":"2025-11-20T14:05:36","slug":"parque-the-earworm-versions","status":"publish","type":"page","link":"https:\/\/arquivo.osso.pt\/en\/editions\/parque-the-earworm-versions\/","title":{"rendered":"Parque \u2022 The Earworm Versions\u00a0"},"content":{"rendered":"<div class=\"iframe\" style=\"max-width: 770px; height: auto; margin: 0px auto 50px auto;\">\n<p dir=\"ltr\">Parque \u2022 <span style=\"color: #ff0000;\">The Earworm Versions\u00a0<\/span><\/p>\n<p><a href=\"https:\/\/arquivo.osso.pt\/wp-content\/uploads\/2025\/10\/parque-in.gif\"><img loading=\"lazy\" decoding=\"async\" class=\"aligncenter size-full wp-image-23640\" src=\"https:\/\/arquivo.osso.pt\/wp-content\/uploads\/2025\/10\/parque-in.gif\" alt=\"\" width=\"1200\" height=\"591\" \/><\/a><\/p>\n<p dir=\"ltr\"><strong>Ricardo Jacinto<\/strong>: cello, percussion<br \/>\n<strong>Nuno Torres<\/strong>: alto saxophone<strong><br \/>\nNuno Mor\u00e3o<\/strong>: percussion, melodica<strong><br \/>\nJo\u00e3o Pinheiro<\/strong>: percussion, vibraphone\u00a0<strong><br \/>\nDino R\u00e9cio<\/strong>: percussion<strong><br \/>\nAndr\u00e9 Sier<\/strong>: electronics<\/p>\n<p dir=\"ltr\">1\u20133 PE\u00c7A DE EMBALAR (percussion on suspended mirrors used as gongs, cello, alto saxophone and electronics)<br \/>\n4\u20138 OS (percussion on tuned suspended mirrors, cello, alto saxophone, cymbals, electronics and recorded voice)<br \/>\n9\u201311 ATRASO (pendulum loudspeaker, cello, alto saxophone, melodica, vibraphone and percussion)<\/p>\n<p>Parque is the title of a project by sound artist and musician Ricardo Jacinto, developed with instrumental contributions from Nuno Torres, Nuno Mor\u00e3o, Jo\u00e3o Pinheiro, Dino R\u00e9cio and Andr\u00e9 Sier. Earworm Versions is the recorded outcome of an exhibition and performance-installation originally presented at Culturgest, Lisbon, in 2008.<\/p>\n<p>The music on this album unfolds as structured improvisation within an electroacoustic framework, focusing above all on the use of textures that intertwine in dense sonic clusters and evolving harmonic constructions. The recordings derive from the sound worlds of three instrumental installations created specifically for this project by Jacinto.<\/p>\n<p>Glass (mirror) sonorities in the first two pieces\u2014together with a natural Doppler effect produced by a pendulum loudspeaker\u2014provide the basis for the musical compositions and underscore the central role of space in this work. These recordings may be heard as the soundscape of a territory titled Parque, where both audience and performers inhabit small architectural devices designed for the production of sound and light, reflecting an ongoing interplay between sound and environment. This spatial dimension is further enhanced by an interactive software system conceived by Andr\u00e9 Sier.<\/p>\n<p>The project forms a unified, synaesthetic whole, completed by live video footage (edited by Nuno Ribeiro) of the three pieces presented on this album.<\/p>\n<hr \/>\n<p><iframe style=\"border: 0; width: 100%; height: 472px;\" src=\"https:\/\/bandcamp.com\/EmbeddedPlayer\/album=1078621481\/size=large\/bgcol=ffffff\/linkcol=0687f5\/artwork=none\/transparent=true\/\" seamless=\"\"><a href=\"https:\/\/ricardojacinto.bandcamp.com\/album\/the-earworm-virgins\">THE EARWORM VIRGINS by PARQUE<\/a><\/iframe><\/p>\n<hr \/>\n<p>Format: CD<br \/>\nLabel: OSSO and Shhpuma<br \/>\nYear: 2013<br \/>\nDuration: 72:23<br \/>\nRecording: Pedro Magalh\u00e3es<br \/>\nMixing: Pedro Magalh\u00e3es and Ricardo Jacinto at Golden Pony Studios, Lisbon, 2008<br \/>\nMastering: Rafael Toral<br \/>\nProduction: Culturgest and Ricardo Jacinto<br \/>\nExecutive production: Trem Azul and Shhpuma<br \/>\nPhotography: Daniel Malh\u00e3o<br \/>\nCover object: Ricardo Jacinto<br \/>\nGraphic design: Dino R\u00e9cio<\/p>\n<p>Presented and recorded live at Culturgest (Lisbon) during Ricardo Jacinto\u2019s exhibition Earworm (23 February\u201311 May 2008).<\/p>\n<hr \/>\n<p>Price: 12\u20ac<\/p>\n<p class=\"p1\"><a class=\"sf-button small grey slightlyrounded \" href=\"https:\/\/arquivo.osso.pt\/en\/orders\/\" target=\"_blank\"><span>Order<\/span><\/a>\n<\/div>\n","protected":false},"excerpt":{"rendered":"<p>Parque \u2022 The Earworm Versions\u00a0 Ricardo Jacinto: cello, percussion Nuno Torres: alto saxophone Nuno Mor\u00e3o: percussion, melodica Jo\u00e3o Pinheiro: percussion, vibraphone\u00a0 Dino R\u00e9cio: percussion Andr\u00e9 Sier: electronics 1\u20133 PE\u00c7A DE EMBALAR (percussion on suspended mirrors used as gongs, cello, alto saxophone and electronics) 4\u20138 OS (percussion on tuned suspended mirrors, cello, alto saxophone, cymbals, electronics and recorded voice) 9\u201311 ATRASO [&hellip;]<\/p>\n","protected":false},"author":1,"featured_media":0,"parent":23749,"menu_order":0,"comment_status":"closed","ping_status":"closed","template":"","meta":{"footnotes":""},"class_list":["post-23847","page","type-page","status-publish","hentry"],"_links":{"self":[{"href":"https:\/\/arquivo.osso.pt\/en\/wp-json\/wp\/v2\/pages\/23847","targetHints":{"allow":["GET"]}}],"collection":[{"href":"https:\/\/arquivo.osso.pt\/en\/wp-json\/wp\/v2\/pages"}],"about":[{"href":"https:\/\/arquivo.osso.pt\/en\/wp-json\/wp\/v2\/types\/page"}],"author":[{"embeddable":true,"href":"https:\/\/arquivo.osso.pt\/en\/wp-json\/wp\/v2\/users\/1"}],"replies":[{"embeddable":true,"href":"https:\/\/arquivo.osso.pt\/en\/wp-json\/wp\/v2\/comments?post=23847"}],"version-history":[{"count":1,"href":"https:\/\/arquivo.osso.pt\/en\/wp-json\/wp\/v2\/pages\/23847\/revisions"}],"predecessor-version":[{"id":23848,"href":"https:\/\/arquivo.osso.pt\/en\/wp-json\/wp\/v2\/pages\/23847\/revisions\/23848"}],"up":[{"embeddable":true,"href":"https:\/\/arquivo.osso.pt\/en\/wp-json\/wp\/v2\/pages\/23749"}],"wp:attachment":[{"href":"https:\/\/arquivo.osso.pt\/en\/wp-json\/wp\/v2\/media?parent=23847"}],"curies":[{"name":"wp","href":"https:\/\/api.w.org\/{rel}","templated":true}]}}