{"id":23837,"date":"2025-11-20T12:24:58","date_gmt":"2025-11-20T12:24:58","guid":{"rendered":"https:\/\/arquivo.osso.pt\/?page_id=23837"},"modified":"2025-11-20T12:31:20","modified_gmt":"2025-11-20T12:31:20","slug":"the-selva-the-selva","status":"publish","type":"page","link":"https:\/\/arquivo.osso.pt\/en\/editions\/the-selva-the-selva\/","title":{"rendered":"The Selva \u2022 The Selva"},"content":{"rendered":"<div class=\"iframe\" style=\"max-width: 770px; height: auto; margin: 0px auto 50px auto;\">\n<p dir=\"ltr\">The Selva \u2022 <span style=\"color: #ff0000;\">The Selva<\/span><\/p>\n<p dir=\"ltr\"><a href=\"https:\/\/arquivo.osso.pt\/wp-content\/uploads\/2025\/10\/selva-in.jpg\"><img loading=\"lazy\" decoding=\"async\" class=\"size-full wp-image-23654 aligncenter\" src=\"https:\/\/arquivo.osso.pt\/wp-content\/uploads\/2025\/10\/selva-in.jpg\" alt=\"\" width=\"1200\" height=\"591\" srcset=\"https:\/\/arquivo.osso.pt\/wp-content\/uploads\/2025\/10\/selva-in.jpg 1200w, https:\/\/arquivo.osso.pt\/wp-content\/uploads\/2025\/10\/selva-in-300x148.jpg 300w, https:\/\/arquivo.osso.pt\/wp-content\/uploads\/2025\/10\/selva-in-1024x504.jpg 1024w, https:\/\/arquivo.osso.pt\/wp-content\/uploads\/2025\/10\/selva-in-768x378.jpg 768w\" sizes=\"auto, (max-width: 1200px) 100vw, 1200px\" \/><\/a><\/p>\n<p><strong>Ricardo Jacinto<\/strong>: cello<br \/>\n<strong>Gon\u00e7alo Almeida<\/strong>: doublebass<br \/>\n<strong>Nuno Mor\u00e3o<\/strong>: drums<\/p>\n<p>Ricardo Jacinto, Gon\u00e7alo Almeida and Nuno Mor\u00e3o are The Selva, the Portuguese trio whose self-titled album marks their debut. The group presents a work rich in musical references, traversing multiple spatial and temporal symbolisms. From allusions to traditional music practices of the Far East to virtual journeys through the Renaissance and its aesthetic values, the music also rests lightly on the obsessive repetitions and signifying patterns characteristic of African musical cultures.<\/p>\n<p>Through these musical references, symbolic layers and ambiguous proposals of meaning, the trio constructs a sonic semiotics shaped by a raw, unadorned essence often associated with jazz, while also embracing more concrete acoustic and performative approaches.<\/p>\n<hr \/>\n<p><iframe style=\"border: 0; width: 100%; height: 406px;\" src=\"https:\/\/bandcamp.com\/EmbeddedPlayer\/album=3165608188\/size=large\/bgcol=ffffff\/linkcol=0687f5\/artwork=none\/transparent=true\/\" seamless=\"\"><a href=\"https:\/\/ricardojacinto.bandcamp.com\/album\/the-selva\">THE SELVA by THE SELVA<\/a><\/iframe><\/p>\n<hr \/>\n<p dir=\"ltr\">Format: CD<br data-start=\"10\" data-end=\"13\" \/>Label: Clean Feed Records<br data-start=\"38\" data-end=\"41\" \/>Year: 2017<br data-start=\"51\" data-end=\"54\" \/>Edition: 1000 copies<br data-start=\"74\" data-end=\"77\" \/>Duration: 41:27<br data-start=\"92\" data-end=\"95\" \/>Recording and mastering: Nuno Mor\u00e3o at Scratch Built Studios, Lisbon \/ October 2016 \/ February 2017<br data-start=\"194\" data-end=\"197\" \/>Mixing: Nuno Fernandes, London \/ January 2017<br data-start=\"242\" data-end=\"245\" \/>Production: The Selva<br data-start=\"266\" data-end=\"269\" \/>Executive production: Pedro Costa via Trem Azul<br data-start=\"316\" data-end=\"319\" \/>Graphic design: Madalena Matoso<br data-start=\"350\" data-end=\"353\" \/>Design: Travassos<\/p>\n<hr \/>\n<p dir=\"ltr\">Price: 12\u20ac<\/p>\n<p class=\"p1\"><a class=\"sf-button small grey slightlyrounded \" href=\"https:\/\/arquivo.osso.pt\/en\/orders\/\" target=\"_blank\"><span>Order<\/span><\/a>\n<p dir=\"ltr\"><span id=\"gmail-docs-internal-guid-57cc88ed-7fff-94a6-4c2b-df20ee8a6e44\">\u00a0<\/span><\/p>\n<\/div>\n","protected":false},"excerpt":{"rendered":"<p>The Selva \u2022 The Selva Ricardo Jacinto: cello Gon\u00e7alo Almeida: doublebass Nuno Mor\u00e3o: drums Ricardo Jacinto, Gon\u00e7alo Almeida and Nuno Mor\u00e3o are The Selva, the Portuguese trio whose self-titled album marks their debut. The group presents a work rich in musical references, traversing multiple spatial and temporal symbolisms. From allusions to traditional music practices of the Far East to virtual [&hellip;]<\/p>\n","protected":false},"author":1,"featured_media":0,"parent":23749,"menu_order":0,"comment_status":"closed","ping_status":"closed","template":"","meta":{"footnotes":""},"class_list":["post-23837","page","type-page","status-publish","hentry"],"_links":{"self":[{"href":"https:\/\/arquivo.osso.pt\/en\/wp-json\/wp\/v2\/pages\/23837","targetHints":{"allow":["GET"]}}],"collection":[{"href":"https:\/\/arquivo.osso.pt\/en\/wp-json\/wp\/v2\/pages"}],"about":[{"href":"https:\/\/arquivo.osso.pt\/en\/wp-json\/wp\/v2\/types\/page"}],"author":[{"embeddable":true,"href":"https:\/\/arquivo.osso.pt\/en\/wp-json\/wp\/v2\/users\/1"}],"replies":[{"embeddable":true,"href":"https:\/\/arquivo.osso.pt\/en\/wp-json\/wp\/v2\/comments?post=23837"}],"version-history":[{"count":1,"href":"https:\/\/arquivo.osso.pt\/en\/wp-json\/wp\/v2\/pages\/23837\/revisions"}],"predecessor-version":[{"id":23838,"href":"https:\/\/arquivo.osso.pt\/en\/wp-json\/wp\/v2\/pages\/23837\/revisions\/23838"}],"up":[{"embeddable":true,"href":"https:\/\/arquivo.osso.pt\/en\/wp-json\/wp\/v2\/pages\/23749"}],"wp:attachment":[{"href":"https:\/\/arquivo.osso.pt\/en\/wp-json\/wp\/v2\/media?parent=23837"}],"curies":[{"name":"wp","href":"https:\/\/api.w.org\/{rel}","templated":true}]}}