{"id":23828,"date":"2025-11-20T11:48:34","date_gmt":"2025-11-20T11:48:34","guid":{"rendered":"https:\/\/arquivo.osso.pt\/?page_id=23828"},"modified":"2025-11-20T11:48:34","modified_gmt":"2025-11-20T11:48:34","slug":"da-fabrica-que-desvanece-a-beira-do-tejo","status":"publish","type":"page","link":"https:\/\/arquivo.osso.pt\/en\/editions\/da-fabrica-que-desvanece-a-beira-do-tejo\/","title":{"rendered":"Da F\u00e1brica que Desvanece \u00e0 Beira do Tejo"},"content":{"rendered":"<div class=\"iframe\" style=\"max-width: 770px; height: auto; margin: 0px auto 50px auto;\">\n<span style=\"color: #ff0000;\">Da F\u00e1brica que Desvanece \u00e0 Beira do Tejo<\/span><a href=\"https:\/\/arquivo.osso.pt\/wp-content\/uploads\/2025\/10\/fabrica-in.jpg\"><img loading=\"lazy\" decoding=\"async\" class=\"size-full wp-image-23675 alignnone\" src=\"https:\/\/arquivo.osso.pt\/wp-content\/uploads\/2025\/10\/fabrica-in.jpg\" alt=\"\" width=\"1200\" height=\"591\" srcset=\"https:\/\/arquivo.osso.pt\/wp-content\/uploads\/2025\/10\/fabrica-in.jpg 1200w, https:\/\/arquivo.osso.pt\/wp-content\/uploads\/2025\/10\/fabrica-in-300x148.jpg 300w, https:\/\/arquivo.osso.pt\/wp-content\/uploads\/2025\/10\/fabrica-in-1024x504.jpg 1024w, https:\/\/arquivo.osso.pt\/wp-content\/uploads\/2025\/10\/fabrica-in-768x378.jpg 768w\" sizes=\"auto, (max-width: 1200px) 100vw, 1200px\" \/><\/a><\/p>\n<p>Texts by: Celso Martins | Cl\u00e1udia Ramos | Lu\u00edsa Santos | Maria do Mar Fazenda | Sara Ant\u00f3nia Matos | Administra\u00e7\u00e3o Ba\u00eda do Tejo, S.A.<\/p>\n<p>Developed within an artistic residency programme designed by the cultural organisation Casinf\u00e2ncia, this project enabled the expression of multiple disciplines and artistic practices. Through an exhibition, it opened to the community a series of spaces that are usually inaccessible, helping to transform the territory into a platform for artistic processes.<\/p>\n<p>\u201cda f\u00e1brica que desvanece \u00e0 ba\u00eda do tejo is a rhizome, a project that embraces different layers and took shape as an artistic residency, an exhibition and an editorial project. The name of this rhizomatic structure alludes to Francisco de Holanda, who in 1571 published Da F\u00e1brica que Falece \u00e0 Cidade de Lisboa, an urban planning treatise that reflects on the urban fabric and proposes new ways of organising the territory. Here, we are interested in that same movement: defining a field of action and confluence and inscribing within it new propositions, privileging processes of creation and research as the ground for producing new discourses and ways of thinking. [\u2026]\n<p>This publication is the final chapter of the project. It not only takes on the important task of documenting what the composite installation at Ba\u00eda do Tejo once was, but also fosters encounters between artists and authors, becoming yet another space of discourse. At the same time, it is configured as a space of creation in its own right, presenting five new works, in dialogue with the site, with which we set out along the path traced in this folio.\u201d<\/p>\n<p>-Cl\u00e1udia Ramos<\/p>\n<hr \/>\n<p>Title: From the Fading Factory to the Banks of the Tagus<br \/>\nPublisher: Documenta (Sistema Solar)<br \/>\nYear: 2018<br \/>\nPrint run: 450 copies<br \/>\nOrganisation: Casinf\u00e2ncia<br \/>\nCuratorship and editorial coordination: Cl\u00e1udia Ramos<br \/>\nTexts by: Celso Martins; Cl\u00e1udia Ramos; Lu\u00edsa Santos; Maria do Mar Fazenda; Sara Ant\u00f3nia Matos; Administra\u00e7\u00e3o Ba\u00eda do Tejo S.A.<br \/>\nTranslation: Sofia Quintas<br \/>\nPhotography: Jorge Gra\u00e7a \u2013 Projecto Teatral (pp. 77\u201385)<br \/>\nDesign: Viv\u00f3eus\u00e9bio<br \/>\nProofreading: Helena Rold\u00e3o<br \/>\nPrinting: Gr\u00e1fica Maiadouro, SA<br \/>\nDimensions: 166 \u00d7 238 \u00d7 10 mm<br \/>\nBinding: Softcover<br \/>\nPages: 116<br \/>\nOther: Includes 1 CD<\/p>\n<hr \/>\n<p>Price: 20\u20ac<\/p>\n<a class=\"sf-button small grey slightlyrounded \" href=\"https:\/\/arquivo.osso.pt\/en\/orders\/\" target=\"_blank\"><span>Order<\/span><\/a>\n<\/div>\n","protected":false},"excerpt":{"rendered":"<p>Da F\u00e1brica que Desvanece \u00e0 Beira do Tejo Texts by: Celso Martins | Cl\u00e1udia Ramos | Lu\u00edsa Santos | Maria do Mar Fazenda | Sara Ant\u00f3nia Matos | Administra\u00e7\u00e3o Ba\u00eda do Tejo, S.A. Developed within an artistic residency programme designed by the cultural organisation Casinf\u00e2ncia, this project enabled the expression of multiple disciplines and artistic practices. Through an exhibition, it [&hellip;]<\/p>\n","protected":false},"author":1,"featured_media":0,"parent":23749,"menu_order":0,"comment_status":"closed","ping_status":"closed","template":"","meta":{"footnotes":""},"class_list":["post-23828","page","type-page","status-publish","hentry"],"_links":{"self":[{"href":"https:\/\/arquivo.osso.pt\/en\/wp-json\/wp\/v2\/pages\/23828","targetHints":{"allow":["GET"]}}],"collection":[{"href":"https:\/\/arquivo.osso.pt\/en\/wp-json\/wp\/v2\/pages"}],"about":[{"href":"https:\/\/arquivo.osso.pt\/en\/wp-json\/wp\/v2\/types\/page"}],"author":[{"embeddable":true,"href":"https:\/\/arquivo.osso.pt\/en\/wp-json\/wp\/v2\/users\/1"}],"replies":[{"embeddable":true,"href":"https:\/\/arquivo.osso.pt\/en\/wp-json\/wp\/v2\/comments?post=23828"}],"version-history":[{"count":1,"href":"https:\/\/arquivo.osso.pt\/en\/wp-json\/wp\/v2\/pages\/23828\/revisions"}],"predecessor-version":[{"id":23829,"href":"https:\/\/arquivo.osso.pt\/en\/wp-json\/wp\/v2\/pages\/23828\/revisions\/23829"}],"up":[{"embeddable":true,"href":"https:\/\/arquivo.osso.pt\/en\/wp-json\/wp\/v2\/pages\/23749"}],"wp:attachment":[{"href":"https:\/\/arquivo.osso.pt\/en\/wp-json\/wp\/v2\/media?parent=23828"}],"curies":[{"name":"wp","href":"https:\/\/api.w.org\/{rel}","templated":true}]}}