{"id":23823,"date":"2025-11-20T11:30:35","date_gmt":"2025-11-20T11:30:35","guid":{"rendered":"https:\/\/arquivo.osso.pt\/?page_id=23823"},"modified":"2025-11-20T11:30:47","modified_gmt":"2025-11-20T11:30:47","slug":"the-selva-canicula-rosa","status":"publish","type":"page","link":"https:\/\/arquivo.osso.pt\/en\/editions\/the-selva-canicula-rosa\/","title":{"rendered":"The Selva \u2022 Can\u00edcula Rosa"},"content":{"rendered":"<div class=\"iframe\" style=\"max-width: 770px; height: auto; margin: 0px auto 50px auto;\">\n<p>The Selva \u2022 <span style=\"color: #ff0000;\">Can\u00edcula Rosa<\/span><\/p>\n<p><a href=\"https:\/\/arquivo.osso.pt\/wp-content\/uploads\/2025\/10\/rosa-site.gif\"><img loading=\"lazy\" decoding=\"async\" class=\"size-full wp-image-23651 alignleft\" src=\"https:\/\/arquivo.osso.pt\/wp-content\/uploads\/2025\/10\/rosa-site.gif\" alt=\"\" width=\"1200\" height=\"591\" \/><\/a><\/p>\n<p><strong>Ricardo Jacinto<\/strong> | cello<br \/>\n<strong>Gon\u00e7alo Almeida<\/strong> | double bass<br \/>\n<strong>Nuno Mor\u00e3o<\/strong> | drums<\/p>\n<p>In their second release, the Portuguese trio The Selva takes the trans-idiomatic concept explored on their previous album and charts new directions. This time, however, there is no crossing of classical atmospheres with African rhythmic movements. Instead, we encounter a seductive electroacoustic blend of folk-tinged melodies, abstract exercises and post-rock organisational cells, all the while maintaining the productive ambiguity between free jazz and free improvisation that forms the core of the trio\u2019s musical identity.<\/p>\n<p>On <em>Can\u00edcula Rosa<\/em>, this new facet is defined by minimalist, repetitive and groove-driven patterns that evoke, in our listening, resonances with artists such as Dawn of Midi, The Necks and, from the krautrock universe, Can.<\/p>\n<hr \/>\n<p><iframe style=\"border: 0; width: 100%; height: 406px;\" src=\"https:\/\/bandcamp.com\/EmbeddedPlayer\/album=2844911727\/size=large\/bgcol=ffffff\/linkcol=0687f5\/artwork=none\/transparent=true\/\" seamless=\"\"><a href=\"https:\/\/ricardojacinto.bandcamp.com\/album\/can-cula-rosa\">CAN\u00cdCULA ROSA by THE SELVA<\/a><\/iframe><\/p>\n<hr \/>\n<p dir=\"ltr\">Format: CD<br \/>\nLabel: Clean Feed Records<br \/>\nYear: 2019<br \/>\nEdition: 1000 copies<br \/>\nDuration: 40:55<br \/>\nRecording: The Selva<br \/>\nMixing: Nuno Fernandes \u2013 Great Dane Studios, Pa\u00e7o de Arcos<br \/>\nMastering: Nuno Mor\u00e3o \u2013 FISGAstudio\/ScratchBuilt, Lisbon<br \/>\nProduction: The Selva and OSSO<br \/>\nExecutive production: Pedro Costa at Trem Azul<br \/>\nPhotography: Adriano Ferreira Borges \/ gnration<br \/>\nArtwork: Rita Thomaz<br \/>\nDesign: Travassos<\/p>\n<hr \/>\n<p>Price: 12\u20ac<\/p>\n<p class=\"p1\"><a class=\"sf-button small grey slightlyrounded \" href=\"https:\/\/arquivo.osso.pt\/en\/orders\/\" target=\"_blank\"><span>Order<\/span><\/a>\n<\/div>\n","protected":false},"excerpt":{"rendered":"<p>The Selva \u2022 Can\u00edcula Rosa Ricardo Jacinto | cello Gon\u00e7alo Almeida | double bass Nuno Mor\u00e3o | drums In their second release, the Portuguese trio The Selva takes the trans-idiomatic concept explored on their previous album and charts new directions. This time, however, there is no crossing of classical atmospheres with African rhythmic movements. Instead, we encounter a seductive electroacoustic [&hellip;]<\/p>\n","protected":false},"author":1,"featured_media":0,"parent":23749,"menu_order":0,"comment_status":"closed","ping_status":"closed","template":"","meta":{"footnotes":""},"class_list":["post-23823","page","type-page","status-publish","hentry"],"_links":{"self":[{"href":"https:\/\/arquivo.osso.pt\/en\/wp-json\/wp\/v2\/pages\/23823","targetHints":{"allow":["GET"]}}],"collection":[{"href":"https:\/\/arquivo.osso.pt\/en\/wp-json\/wp\/v2\/pages"}],"about":[{"href":"https:\/\/arquivo.osso.pt\/en\/wp-json\/wp\/v2\/types\/page"}],"author":[{"embeddable":true,"href":"https:\/\/arquivo.osso.pt\/en\/wp-json\/wp\/v2\/users\/1"}],"replies":[{"embeddable":true,"href":"https:\/\/arquivo.osso.pt\/en\/wp-json\/wp\/v2\/comments?post=23823"}],"version-history":[{"count":1,"href":"https:\/\/arquivo.osso.pt\/en\/wp-json\/wp\/v2\/pages\/23823\/revisions"}],"predecessor-version":[{"id":23825,"href":"https:\/\/arquivo.osso.pt\/en\/wp-json\/wp\/v2\/pages\/23823\/revisions\/23825"}],"up":[{"embeddable":true,"href":"https:\/\/arquivo.osso.pt\/en\/wp-json\/wp\/v2\/pages\/23749"}],"wp:attachment":[{"href":"https:\/\/arquivo.osso.pt\/en\/wp-json\/wp\/v2\/media?parent=23823"}],"curies":[{"name":"wp","href":"https:\/\/api.w.org\/{rel}","templated":true}]}}