{"id":23816,"date":"2025-11-20T11:09:37","date_gmt":"2025-11-20T11:09:37","guid":{"rendered":"https:\/\/arquivo.osso.pt\/?page_id=23816"},"modified":"2025-11-20T11:12:52","modified_gmt":"2025-11-20T11:12:52","slug":"matriz-varios-oficinas-do-convento-osso-sonoscopia-stress-fm","status":"publish","type":"page","link":"https:\/\/arquivo.osso.pt\/en\/editions\/matriz-varios-oficinas-do-convento-osso-sonoscopia-stress-fm\/","title":{"rendered":"Matriz \u2022 V\u00e1rios \u2022 Oficinas do Convento + OSSO + Sonoscopia + Stress.fm"},"content":{"rendered":"<div class=\"iframe\" style=\"max-width: 770px; height: auto; margin: 0px auto 50px auto;\">\n<p>Matriz \u2022 <span style=\"color: #ff0000;\">Various<\/span> \u2022 Oficinas do Convento + OSSO + Sonoscopia + Stress.fm<\/p>\n<p><a href=\"https:\/\/arquivo.osso.pt\/wp-content\/uploads\/2025\/10\/matriz-site.gif\"><img loading=\"lazy\" decoding=\"async\" class=\"aligncenter size-full wp-image-23631\" src=\"https:\/\/arquivo.osso.pt\/wp-content\/uploads\/2025\/10\/matriz-site.gif\" alt=\"\" width=\"1200\" height=\"591\" \/><\/a><\/p>\n<p dir=\"ltr\"><strong>Cluster 1<\/strong> &#8211; Oficinas do Convento: Jo\u00e3o Bastos, Jo\u00e3o Sofio, Rodolfo Pimenta and Tiago Fr\u00f3is &#8211; Circuit bending<br \/>\n<strong>Cluster 2<\/strong> &#8211; Sonoscopia: Gustavo Costa and Henrique Fernandes \u2013 acoustic laptop, amplified objects<br \/>\n<strong>Cluster 3<\/strong> &#8211; OSSO: Nuno Torres \u2013 alto saxophone; Ricardo Jacinto \u2013 cello and electronics<\/p>\n<p dir=\"ltr\">The project Matriz brought together musicians from Lisbon, Montemor-o-Novo and Porto in three distinct clusters, sustaining an immersive and collaborative dynamic as a cohesive group despite physical distance. Centred on experimentation with networked creative expression, the project explored strategies of decentralisation and interdisciplinary collaboration. Conceived as both a programmatic and artistic platform, Matriz set out to propose new challenges and paradigms for digital radio and networked music-making.<\/p>\n<p>Working with the concept of a distributed ensemble, a collaborative software environment was developed to manage multiple audio connections and their relations over the internet, generating new geographies of listening and expanding the possibilities of interaction between artists and audiences.<\/p>\n<hr \/>\n<p dir=\"ltr\">Music by: Jo\u00e3o Bastos | Jo\u00e3o Sofio | Rodolfo Pimenta | Tiago Fr\u00f3is | Gustavo Costa | Henrique Fernandes | Nuno Torres | Ricardo Jacinto<br \/>\nFormat: CD<br \/>\nProduced by: Oficinas do Convento; OSSO; Sonoscopia; Stress.fm<br \/>\nYear: 2020<br \/>\nDuration: 40:05<br \/>\nRecorded by: Filipe Quaresma \u2013 26 January 2016, Oficinas do Convento (live)<br \/>\nEdited and mastered by: Gustavo Costa \u2013 Sonoscopia<br \/>\nSoftware design: Cl\u00e1udio Rego, Hugo Martiniano and Vasco Pita \u2013 Stress.fm<\/p>\n<hr \/>\n<p dir=\"ltr\">Price: 12\u20ac<\/p>\n<p dir=\"ltr\"><a class=\"sf-button small grey slightlyrounded \" href=\"https:\/\/arquivo.osso.pt\/en\/orders\/\" target=\"_blank\"><span>Order<\/span><\/a>\n<\/div>\n","protected":false},"excerpt":{"rendered":"<p>Matriz \u2022 Various \u2022 Oficinas do Convento + OSSO + Sonoscopia + Stress.fm Cluster 1 &#8211; Oficinas do Convento: Jo\u00e3o Bastos, Jo\u00e3o Sofio, Rodolfo Pimenta and Tiago Fr\u00f3is &#8211; Circuit bending Cluster 2 &#8211; Sonoscopia: Gustavo Costa and Henrique Fernandes \u2013 acoustic laptop, amplified objects Cluster 3 &#8211; OSSO: Nuno Torres \u2013 alto saxophone; Ricardo Jacinto \u2013 cello and electronics [&hellip;]<\/p>\n","protected":false},"author":1,"featured_media":0,"parent":23749,"menu_order":0,"comment_status":"closed","ping_status":"closed","template":"","meta":{"footnotes":""},"class_list":["post-23816","page","type-page","status-publish","hentry"],"_links":{"self":[{"href":"https:\/\/arquivo.osso.pt\/en\/wp-json\/wp\/v2\/pages\/23816","targetHints":{"allow":["GET"]}}],"collection":[{"href":"https:\/\/arquivo.osso.pt\/en\/wp-json\/wp\/v2\/pages"}],"about":[{"href":"https:\/\/arquivo.osso.pt\/en\/wp-json\/wp\/v2\/types\/page"}],"author":[{"embeddable":true,"href":"https:\/\/arquivo.osso.pt\/en\/wp-json\/wp\/v2\/users\/1"}],"replies":[{"embeddable":true,"href":"https:\/\/arquivo.osso.pt\/en\/wp-json\/wp\/v2\/comments?post=23816"}],"version-history":[{"count":3,"href":"https:\/\/arquivo.osso.pt\/en\/wp-json\/wp\/v2\/pages\/23816\/revisions"}],"predecessor-version":[{"id":23821,"href":"https:\/\/arquivo.osso.pt\/en\/wp-json\/wp\/v2\/pages\/23816\/revisions\/23821"}],"up":[{"embeddable":true,"href":"https:\/\/arquivo.osso.pt\/en\/wp-json\/wp\/v2\/pages\/23749"}],"wp:attachment":[{"href":"https:\/\/arquivo.osso.pt\/en\/wp-json\/wp\/v2\/media?parent=23816"}],"curies":[{"name":"wp","href":"https:\/\/api.w.org\/{rel}","templated":true}]}}