{"id":22161,"date":"2025-07-20T14:14:20","date_gmt":"2025-07-20T14:14:20","guid":{"rendered":"https:\/\/arquivo.osso.pt\/?page_id=22161"},"modified":"2025-10-01T14:29:34","modified_gmt":"2025-10-01T14:29:34","slug":"arca-day-3-2025","status":"publish","type":"page","link":"https:\/\/arquivo.osso.pt\/en\/programacao-3\/openday\/arca-day-3-2025\/","title":{"rendered":"ARCA | Day 3 | 2025"},"content":{"rendered":"<div class=\"iframe\" style=\"max-width: 770px; height: auto; margin: 0px auto 50px auto;\">\n<p style=\"text-align: center;\">\n\t\t<!-- MasterSlider -->\n\t\t<div id=\"P_MS69e03ea258dbb\" class=\"master-slider-parent msl ms-parent-id-228\" style=\"max-width:770px;\">\n\n\t\t\t\n\t\t\t<!-- MasterSlider Main -->\n\t\t\t<div id=\"MS69e03ea258dbb\" class=\"master-slider ms-skin-default\" >\n\t\t\t\t \t\t\t\t \n\t\t\t\t<div  class=\"ms-slide\" data-delay=\"3\" data-fill-mode=\"fill\"  >\n\t\t\t\t\t<img decoding=\"async\" src=\"https:\/\/arquivo.osso.pt\/wp-content\/plugins\/master-slider\/public\/assets\/css\/blank.gif\" alt=\"\" title=\"\" data-src=\"https:\/\/arquivo.osso.pt\/wp-content\/uploads\/2025\/08\/2025.07.20_ARCA_2_\u00a9JoaoQuirino_WEB.jpg\" \/>\n\n\n\t<div class=\"ms-thumb\" ><div class=\"ms-tab-context\"><div class=\"&quot;ms-tab-context&quot;\"><\/div><\/div>\n<\/div>\n\t\t\t\t<\/div>\n\t\t\t\t<div  class=\"ms-slide\" data-delay=\"3\" data-fill-mode=\"fill\"  >\n\t\t\t\t\t<img decoding=\"async\" src=\"https:\/\/arquivo.osso.pt\/wp-content\/plugins\/master-slider\/public\/assets\/css\/blank.gif\" alt=\"\" title=\"\" data-src=\"https:\/\/arquivo.osso.pt\/wp-content\/uploads\/2025\/08\/2025.07.20_ARCA_3_\u00a9JoaoQuirino_WEB.jpg\" \/>\n\n\n\t<div class=\"ms-thumb\" ><div class=\"ms-tab-context\"><div class=\"&quot;ms-tab-context&quot;\"><\/div><\/div>\n<\/div>\n\t\t\t\t<\/div>\n\t\t\t\t<div  class=\"ms-slide\" data-delay=\"3\" data-fill-mode=\"fill\"  >\n\t\t\t\t\t<img decoding=\"async\" src=\"https:\/\/arquivo.osso.pt\/wp-content\/plugins\/master-slider\/public\/assets\/css\/blank.gif\" alt=\"\" title=\"\" data-src=\"https:\/\/arquivo.osso.pt\/wp-content\/uploads\/2025\/08\/2025.07.20_ARCA_4_\u00a9JoaoQuirino_WEB.jpg\" \/>\n\n\n\t<div class=\"ms-thumb\" ><div class=\"ms-tab-context\"><div class=\"&quot;ms-tab-context&quot;\"><\/div><\/div>\n<\/div>\n\t\t\t\t<\/div>\n\t\t\t\t<div  class=\"ms-slide\" data-delay=\"3\" data-fill-mode=\"fill\"  >\n\t\t\t\t\t<img decoding=\"async\" src=\"https:\/\/arquivo.osso.pt\/wp-content\/plugins\/master-slider\/public\/assets\/css\/blank.gif\" alt=\"\" title=\"\" data-src=\"https:\/\/arquivo.osso.pt\/wp-content\/uploads\/2025\/08\/2025.07.20_ARCA_5_\u00a9JoaoQuirino_WEB.jpg\" \/>\n\n\n\t<div class=\"ms-thumb\" ><div class=\"ms-tab-context\"><div class=\"&quot;ms-tab-context&quot;\"><\/div><\/div>\n<\/div>\n\t\t\t\t<\/div>\n\t\t\t\t<div  class=\"ms-slide\" data-delay=\"3\" data-fill-mode=\"fill\"  >\n\t\t\t\t\t<img decoding=\"async\" src=\"https:\/\/arquivo.osso.pt\/wp-content\/plugins\/master-slider\/public\/assets\/css\/blank.gif\" alt=\"\" title=\"\" data-src=\"https:\/\/arquivo.osso.pt\/wp-content\/uploads\/2025\/08\/2025.07.20_ARCA_6_\u00a9JoaoQuirino_WEB.jpg\" \/>\n\n\n\t<div class=\"ms-thumb\" ><div class=\"ms-tab-context\"><div class=\"&quot;ms-tab-context&quot;\"><\/div><\/div>\n<\/div>\n\t\t\t\t<\/div>\n\t\t\t\t<div  class=\"ms-slide\" data-delay=\"3\" data-fill-mode=\"fill\"  >\n\t\t\t\t\t<img decoding=\"async\" src=\"https:\/\/arquivo.osso.pt\/wp-content\/plugins\/master-slider\/public\/assets\/css\/blank.gif\" alt=\"\" title=\"\" data-src=\"https:\/\/arquivo.osso.pt\/wp-content\/uploads\/2025\/08\/2025.07.20_ARCA_7_\u00a9JoaoQuirino_WEB.jpg\" \/>\n\n\n\t<div class=\"ms-thumb\" ><div class=\"ms-tab-context\"><div class=\"&quot;ms-tab-context&quot;\"><\/div><\/div>\n<\/div>\n\t\t\t\t<\/div>\n\t\t\t\t<div  class=\"ms-slide\" data-delay=\"3\" data-fill-mode=\"fill\"  >\n\t\t\t\t\t<img decoding=\"async\" src=\"https:\/\/arquivo.osso.pt\/wp-content\/plugins\/master-slider\/public\/assets\/css\/blank.gif\" alt=\"\" title=\"\" data-src=\"https:\/\/arquivo.osso.pt\/wp-content\/uploads\/2025\/08\/2025.07.20_ARCA_8_\u00a9JoaoQuirino_WEB.jpg\" \/>\n\n\n\t<div class=\"ms-thumb\" ><div class=\"ms-tab-context\"><div class=\"&quot;ms-tab-context&quot;\"><\/div><\/div>\n<\/div>\n\t\t\t\t<\/div>\n\t\t\t\t<div  class=\"ms-slide\" data-delay=\"3\" data-fill-mode=\"fill\"  >\n\t\t\t\t\t<img decoding=\"async\" src=\"https:\/\/arquivo.osso.pt\/wp-content\/plugins\/master-slider\/public\/assets\/css\/blank.gif\" alt=\"\" title=\"\" data-src=\"https:\/\/arquivo.osso.pt\/wp-content\/uploads\/2025\/08\/2025.07.20_ARCA_9_\u00a9JoaoQuirino_WEB.jpg\" \/>\n\n\n\t<div class=\"ms-thumb\" ><div class=\"ms-tab-context\"><div class=\"&quot;ms-tab-context&quot;\"><\/div><\/div>\n<\/div>\n\t\t\t\t<\/div>\n\t\t\t\t<div  class=\"ms-slide\" data-delay=\"3\" data-fill-mode=\"fill\"  >\n\t\t\t\t\t<img decoding=\"async\" src=\"https:\/\/arquivo.osso.pt\/wp-content\/plugins\/master-slider\/public\/assets\/css\/blank.gif\" alt=\"\" title=\"\" data-src=\"https:\/\/arquivo.osso.pt\/wp-content\/uploads\/2025\/08\/2025.07.20_ARCA_11_\u00a9JoaoQuirino_WEB.jpg\" \/>\n\n\n\t<div class=\"ms-thumb\" ><div class=\"ms-tab-context\"><div class=\"&quot;ms-tab-context&quot;\"><\/div><\/div>\n<\/div>\n\t\t\t\t<\/div>\n\t\t\t\t<div  class=\"ms-slide\" data-delay=\"3\" data-fill-mode=\"fill\"  >\n\t\t\t\t\t<img decoding=\"async\" src=\"https:\/\/arquivo.osso.pt\/wp-content\/plugins\/master-slider\/public\/assets\/css\/blank.gif\" alt=\"\" title=\"\" data-src=\"https:\/\/arquivo.osso.pt\/wp-content\/uploads\/2025\/08\/2025.07.20_ARCA_1_\u00a9JoaoQuirino_WEB.jpg\" \/>\n\n\n\t<div class=\"ms-thumb\" ><div class=\"ms-tab-context\"><div class=\"&quot;ms-tab-context&quot;\"><\/div><\/div>\n<\/div>\n\t\t\t\t<\/div>\n\t\t\t\t<div  class=\"ms-slide\" data-delay=\"3\" data-fill-mode=\"fill\"  >\n\t\t\t\t\t<img decoding=\"async\" src=\"https:\/\/arquivo.osso.pt\/wp-content\/plugins\/master-slider\/public\/assets\/css\/blank.gif\" alt=\"\" title=\"\" data-src=\"https:\/\/arquivo.osso.pt\/wp-content\/uploads\/2025\/08\/2025.07.20_ARCA_13_\u00a9JoaoQuirino_WEB.jpg\" \/>\n\n\n\t<div class=\"ms-thumb\" ><div class=\"ms-tab-context\"><div class=\"&quot;ms-tab-context&quot;\"><\/div><\/div>\n<\/div>\n\t\t\t\t<\/div>\n\t\t\t\t<div  class=\"ms-slide\" data-delay=\"3\" data-fill-mode=\"fill\"  >\n\t\t\t\t\t<img decoding=\"async\" src=\"https:\/\/arquivo.osso.pt\/wp-content\/plugins\/master-slider\/public\/assets\/css\/blank.gif\" alt=\"\" title=\"\" data-src=\"https:\/\/arquivo.osso.pt\/wp-content\/uploads\/2025\/08\/2025.07.20_ARCA_12_\u00a9JoaoQuirino_WEB.jpg\" \/>\n\n\n\t<div class=\"ms-thumb\" ><div class=\"ms-tab-context\"><div class=\"&quot;ms-tab-context&quot;\"><\/div><\/div>\n<\/div>\n\t\t\t\t<\/div>\n\t\t\t\t<div  class=\"ms-slide\" data-delay=\"3\" data-fill-mode=\"fill\"  >\n\t\t\t\t\t<img decoding=\"async\" src=\"https:\/\/arquivo.osso.pt\/wp-content\/plugins\/master-slider\/public\/assets\/css\/blank.gif\" alt=\"\" title=\"\" data-src=\"https:\/\/arquivo.osso.pt\/wp-content\/uploads\/2025\/08\/2025.07.20_ARCA_14_\u00a9JoaoQuirino_WEB.jpg\" \/>\n\n\n\t<div class=\"ms-thumb\" ><div class=\"ms-tab-context\"><div class=\"&quot;ms-tab-context&quot;\"><\/div><\/div>\n<\/div>\n\t\t\t\t<\/div>\n\n\t\t\t<\/div>\n\t\t\t<!-- END MasterSlider Main -->\n\n\t\t\t \n\t\t<\/div>\n\t\t<!-- END MasterSlider -->\n\n\t\t<script>\n\t\t(function ( $ ) {\n\t\t\t\"use strict\";\n\n\t\t\t$(function () {\n\t\t\t\tvar masterslider_8dbb = new MasterSlider();\n\n\t\t\t\t\/\/ slider controls\n\t\t\t\tmasterslider_8dbb.control('arrows'     ,{ autohide:true, overVideo:true  });\t\t\t\tmasterslider_8dbb.control('bullets'    ,{ autohide:false, overVideo:true, dir:'h', align:'bottom' , margin:20  });\n\n\t\t\t\t\/\/ slider setup\n\t\t\t\tmasterslider_8dbb.setup(\"MS69e03ea258dbb\", {\n\t\t\t\t\t\twidth           : 770,\n\t\t\t\t\t\theight          : 513,\n\t\t\t\t\t\tminHeight       : 0,\n\t\t\t\t\t\tspace           : 0,\n\t\t\t\t\t\tstart           : 1,\n\t\t\t\t\t\tgrabCursor      : false,\n\t\t\t\t\t\tswipe           : true,\n\t\t\t\t\t\tmouse           : true,\n\t\t\t\t\t\tlayout          : \"boxed\",\n\t\t\t\t\t\twheel           : false,\n\t\t\t\t\t\tautoplay        : true,\n\t\t\t\t\t\tinstantStartLayers:false,\n\t\t\t\t\t\tloop            : true,\n\t\t\t\t\t\tshuffle         : false,\n\t\t\t\t\t\tpreload         : 0,\n\t\t\t\t\t\theightLimit     : true,\n\t\t\t\t\t\tautoHeight      : false,\n\t\t\t\t\t\tsmoothHeight    : true,\n\t\t\t\t\t\tendPause        : false,\n\t\t\t\t\t\toverPause       : true,\n\t\t\t\t\t\tfillMode        : \"fill\",\n\t\t\t\t\t\tcenterControls  : true,\n\t\t\t\t\t\tstartOnAppear   : false,\n\t\t\t\t\t\tlayersMode      : \"center\",\n\t\t\t\t\t\thideLayers      : false,\n\t\t\t\t\t\tfullscreenMargin: 0,\n\t\t\t\t\t\tspeed           : 20,\n\t\t\t\t\t\tdir             : \"h\",\n\t\t\t\t\t\tparallaxMode    : 'swipe',\n\t\t\t\t\t\tview            : \"fade\"\n\t\t\t\t});\n\n\t\t\t\t\n\t\t\t\twindow.masterslider_instances = window.masterslider_instances || [];\n\t\t\t\twindow.masterslider_instances.push( masterslider_8dbb );\n\t\t\t });\n\n\t\t})(jQuery);\n\t\t<\/script>\n\n\n<h3 style=\"text-align: left;\">DAY 3 | JULY 20, 2025<\/h3>\n<h3 style=\"text-align: left;\">ANT\u00d3NIO PEDRO + ALBAN HALL &#8211; &#8220;NORQUESTRA&#8221; CONCERT<\/h3>\n<p>A group of children from S\u00e3o Greg\u00f3rio created free drawings at the Escola dos Labirintos, filling the page with shapes, lines, and compositions born from their imagination. These expressive and symbolic drawings were then given to musicians who had never seen them before, with the challenge of interpreting them through sound.<\/p>\n<p>In this process, music emerged as a spontaneous translation of images, transforming lines into sounds, rhythms, and melodies, in an exercise of collective improvisation. Without knowing the original intent behind the drawings, each musician interpreted them intuitively, exploring the connection between color, form, and timbre\u2014between visual composition and sonic expression.<\/p>\n<div class='gallery gallery-cols-3'><dl class='gallery-item'>\n\t\t\t<dt class='gallery-icon landscape'>\n\t\t\t\t<a class=\"view\" rel='gallery' href='https:\/\/arquivo.osso.pt\/wp-content\/uploads\/2025\/08\/2025.07.20_ARCA_3_\u00a9JoaoQuirino_WEB.jpg'><img loading=\"lazy\" decoding=\"async\" width=\"300\" height=\"200\" src=\"https:\/\/arquivo.osso.pt\/wp-content\/uploads\/2025\/08\/2025.07.20_ARCA_3_\u00a9JoaoQuirino_WEB-300x200.jpg\" class=\"attachment-medium size-medium\" alt=\"\" srcset=\"https:\/\/arquivo.osso.pt\/wp-content\/uploads\/2025\/08\/2025.07.20_ARCA_3_\u00a9JoaoQuirino_WEB-300x200.jpg 300w, https:\/\/arquivo.osso.pt\/wp-content\/uploads\/2025\/08\/2025.07.20_ARCA_3_\u00a9JoaoQuirino_WEB-1024x683.jpg 1024w, https:\/\/arquivo.osso.pt\/wp-content\/uploads\/2025\/08\/2025.07.20_ARCA_3_\u00a9JoaoQuirino_WEB-768x512.jpg 768w, https:\/\/arquivo.osso.pt\/wp-content\/uploads\/2025\/08\/2025.07.20_ARCA_3_\u00a9JoaoQuirino_WEB.jpg 1200w\" sizes=\"auto, (max-width: 300px) 100vw, 300px\" title=\"2025.07.20_ARCA_3_\u00a9Joa\u0303oQuirino_[WEB]\" \/><\/a>\n\t\t\t<\/dt><\/dl><dl class='gallery-item'>\n\t\t\t<dt class='gallery-icon landscape'>\n\t\t\t\t<a class=\"view\" rel='gallery' href='https:\/\/arquivo.osso.pt\/wp-content\/uploads\/2025\/08\/2025.07.20_ARCA_5_\u00a9JoaoQuirino_WEB.jpg'><img loading=\"lazy\" decoding=\"async\" width=\"300\" height=\"200\" src=\"https:\/\/arquivo.osso.pt\/wp-content\/uploads\/2025\/08\/2025.07.20_ARCA_5_\u00a9JoaoQuirino_WEB-300x200.jpg\" class=\"attachment-medium size-medium\" alt=\"\" srcset=\"https:\/\/arquivo.osso.pt\/wp-content\/uploads\/2025\/08\/2025.07.20_ARCA_5_\u00a9JoaoQuirino_WEB-300x200.jpg 300w, https:\/\/arquivo.osso.pt\/wp-content\/uploads\/2025\/08\/2025.07.20_ARCA_5_\u00a9JoaoQuirino_WEB-1024x683.jpg 1024w, https:\/\/arquivo.osso.pt\/wp-content\/uploads\/2025\/08\/2025.07.20_ARCA_5_\u00a9JoaoQuirino_WEB-768x512.jpg 768w, https:\/\/arquivo.osso.pt\/wp-content\/uploads\/2025\/08\/2025.07.20_ARCA_5_\u00a9JoaoQuirino_WEB.jpg 1200w\" sizes=\"auto, (max-width: 300px) 100vw, 300px\" title=\"2025.07.20_ARCA_5_\u00a9Joa\u0303oQuirino_[WEB]\" \/><\/a>\n\t\t\t<\/dt><\/dl><dl class='gallery-item'>\n\t\t\t<dt class='gallery-icon landscape'>\n\t\t\t\t<a class=\"view\" rel='gallery' href='https:\/\/arquivo.osso.pt\/wp-content\/uploads\/2025\/08\/2025.07.20_ARCA_9_\u00a9JoaoQuirino_WEB.jpg'><img loading=\"lazy\" decoding=\"async\" width=\"300\" height=\"200\" src=\"https:\/\/arquivo.osso.pt\/wp-content\/uploads\/2025\/08\/2025.07.20_ARCA_9_\u00a9JoaoQuirino_WEB-300x200.jpg\" class=\"attachment-medium size-medium\" alt=\"\" srcset=\"https:\/\/arquivo.osso.pt\/wp-content\/uploads\/2025\/08\/2025.07.20_ARCA_9_\u00a9JoaoQuirino_WEB-300x200.jpg 300w, https:\/\/arquivo.osso.pt\/wp-content\/uploads\/2025\/08\/2025.07.20_ARCA_9_\u00a9JoaoQuirino_WEB-1024x683.jpg 1024w, https:\/\/arquivo.osso.pt\/wp-content\/uploads\/2025\/08\/2025.07.20_ARCA_9_\u00a9JoaoQuirino_WEB-768x512.jpg 768w, https:\/\/arquivo.osso.pt\/wp-content\/uploads\/2025\/08\/2025.07.20_ARCA_9_\u00a9JoaoQuirino_WEB.jpg 1200w\" sizes=\"auto, (max-width: 300px) 100vw, 300px\" title=\"2025.07.20_ARCA_9_\u00a9Joa\u0303oQuirino_[WEB]\" \/><\/a>\n\t\t\t<\/dt><\/dl><br style=\"clear: both\" \/><dl class='gallery-item'>\n\t\t\t<dt class='gallery-icon landscape'>\n\t\t\t\t<a class=\"view\" rel='gallery' href='https:\/\/arquivo.osso.pt\/wp-content\/uploads\/2025\/08\/2025.07.20_ARCA_11_\u00a9JoaoQuirino_WEB.jpg'><img loading=\"lazy\" decoding=\"async\" width=\"300\" height=\"200\" src=\"https:\/\/arquivo.osso.pt\/wp-content\/uploads\/2025\/08\/2025.07.20_ARCA_11_\u00a9JoaoQuirino_WEB-300x200.jpg\" class=\"attachment-medium size-medium\" alt=\"\" srcset=\"https:\/\/arquivo.osso.pt\/wp-content\/uploads\/2025\/08\/2025.07.20_ARCA_11_\u00a9JoaoQuirino_WEB-300x200.jpg 300w, https:\/\/arquivo.osso.pt\/wp-content\/uploads\/2025\/08\/2025.07.20_ARCA_11_\u00a9JoaoQuirino_WEB-1024x683.jpg 1024w, https:\/\/arquivo.osso.pt\/wp-content\/uploads\/2025\/08\/2025.07.20_ARCA_11_\u00a9JoaoQuirino_WEB-768x512.jpg 768w, https:\/\/arquivo.osso.pt\/wp-content\/uploads\/2025\/08\/2025.07.20_ARCA_11_\u00a9JoaoQuirino_WEB.jpg 1200w\" sizes=\"auto, (max-width: 300px) 100vw, 300px\" title=\"2025.07.20_ARCA_11_\u00a9Joa\u0303oQuirino_[WEB]\" \/><\/a>\n\t\t\t<\/dt><\/dl><dl class='gallery-item'>\n\t\t\t<dt class='gallery-icon landscape'>\n\t\t\t\t<a class=\"view\" rel='gallery' href='https:\/\/arquivo.osso.pt\/wp-content\/uploads\/2025\/08\/2025.07.20_ARCA_6_\u00a9JoaoQuirino_WEB.jpg'><img loading=\"lazy\" decoding=\"async\" width=\"300\" height=\"200\" src=\"https:\/\/arquivo.osso.pt\/wp-content\/uploads\/2025\/08\/2025.07.20_ARCA_6_\u00a9JoaoQuirino_WEB-300x200.jpg\" class=\"attachment-medium size-medium\" alt=\"\" srcset=\"https:\/\/arquivo.osso.pt\/wp-content\/uploads\/2025\/08\/2025.07.20_ARCA_6_\u00a9JoaoQuirino_WEB-300x200.jpg 300w, https:\/\/arquivo.osso.pt\/wp-content\/uploads\/2025\/08\/2025.07.20_ARCA_6_\u00a9JoaoQuirino_WEB-1024x683.jpg 1024w, https:\/\/arquivo.osso.pt\/wp-content\/uploads\/2025\/08\/2025.07.20_ARCA_6_\u00a9JoaoQuirino_WEB-768x512.jpg 768w, https:\/\/arquivo.osso.pt\/wp-content\/uploads\/2025\/08\/2025.07.20_ARCA_6_\u00a9JoaoQuirino_WEB.jpg 1200w\" sizes=\"auto, (max-width: 300px) 100vw, 300px\" title=\"2025.07.20_ARCA_6_\u00a9Joa\u0303oQuirino_[WEB]\" \/><\/a>\n\t\t\t<\/dt><\/dl><dl class='gallery-item'>\n\t\t\t<dt class='gallery-icon landscape'>\n\t\t\t\t<a class=\"view\" rel='gallery' href='https:\/\/arquivo.osso.pt\/wp-content\/uploads\/2025\/08\/2025.07.20_ARCA_8_\u00a9JoaoQuirino_WEB.jpg'><img loading=\"lazy\" decoding=\"async\" width=\"300\" height=\"200\" src=\"https:\/\/arquivo.osso.pt\/wp-content\/uploads\/2025\/08\/2025.07.20_ARCA_8_\u00a9JoaoQuirino_WEB-300x200.jpg\" class=\"attachment-medium size-medium\" alt=\"\" srcset=\"https:\/\/arquivo.osso.pt\/wp-content\/uploads\/2025\/08\/2025.07.20_ARCA_8_\u00a9JoaoQuirino_WEB-300x200.jpg 300w, https:\/\/arquivo.osso.pt\/wp-content\/uploads\/2025\/08\/2025.07.20_ARCA_8_\u00a9JoaoQuirino_WEB-1024x683.jpg 1024w, https:\/\/arquivo.osso.pt\/wp-content\/uploads\/2025\/08\/2025.07.20_ARCA_8_\u00a9JoaoQuirino_WEB-768x512.jpg 768w, https:\/\/arquivo.osso.pt\/wp-content\/uploads\/2025\/08\/2025.07.20_ARCA_8_\u00a9JoaoQuirino_WEB.jpg 1200w\" sizes=\"auto, (max-width: 300px) 100vw, 300px\" title=\"2025.07.20_ARCA_8_\u00a9Joa\u0303oQuirino_[WEB]\" \/><\/a>\n\t\t\t<\/dt><\/dl><br style=\"clear: both\" \/>\n\t\t<\/div>\n\n<p>The result was a unique dialogue between the arts, where drawing and music met in a space open to experimentation. With no fixed rules, each graphic gesture inspired a sonic gesture, converging into a living, mutable, and collaborative composition. In the end, image and sound ceased to be separate elements, merging into an improvised piece that revealed new connections between imagination, expression, and collective creation.<\/p>\n<hr \/>\n<h3>LUCAS RESENDE &#8211; &#8220;REGRESSO&#8221; &#8211; FILM AND TALK<\/h3>\n<p><strong>Regresso<\/strong> is a stop-motion animation by <strong>Lucas Resende<\/strong>, created with scanography techniques to illustrate the EP Quem me retira os problemas da saudade by Bernardo de Melo. The visual work follows the pianist\u2019s introspective journey during a time of isolation, translating the search for freedom through music into fragmented, moving images.<\/p>\n<div class='gallery gallery-cols-2'><dl class='gallery-item'>\n\t\t\t<dt class='gallery-icon landscape'>\n\t\t\t\t<a class=\"view\" rel='gallery' href='https:\/\/arquivo.osso.pt\/wp-content\/uploads\/2025\/08\/2025.07.20_ARCA_13_\u00a9JoaoQuirino_WEB.jpg'><img loading=\"lazy\" decoding=\"async\" width=\"1024\" height=\"683\" src=\"https:\/\/arquivo.osso.pt\/wp-content\/uploads\/2025\/08\/2025.07.20_ARCA_13_\u00a9JoaoQuirino_WEB-1024x683.jpg\" class=\"attachment-large size-large\" alt=\"\" srcset=\"https:\/\/arquivo.osso.pt\/wp-content\/uploads\/2025\/08\/2025.07.20_ARCA_13_\u00a9JoaoQuirino_WEB-1024x683.jpg 1024w, https:\/\/arquivo.osso.pt\/wp-content\/uploads\/2025\/08\/2025.07.20_ARCA_13_\u00a9JoaoQuirino_WEB-300x200.jpg 300w, https:\/\/arquivo.osso.pt\/wp-content\/uploads\/2025\/08\/2025.07.20_ARCA_13_\u00a9JoaoQuirino_WEB-768x512.jpg 768w, https:\/\/arquivo.osso.pt\/wp-content\/uploads\/2025\/08\/2025.07.20_ARCA_13_\u00a9JoaoQuirino_WEB.jpg 1200w\" sizes=\"auto, (max-width: 1024px) 100vw, 1024px\" title=\"2025.07.20_ARCA_13_\u00a9Joa\u0303oQuirino_[WEB]\" \/><\/a>\n\t\t\t<\/dt><\/dl><dl class='gallery-item'>\n\t\t\t<dt class='gallery-icon landscape'>\n\t\t\t\t<a class=\"view\" rel='gallery' href='https:\/\/arquivo.osso.pt\/wp-content\/uploads\/2025\/08\/2025.07.20_ARCA_14_\u00a9JoaoQuirino_WEB.jpg'><img loading=\"lazy\" decoding=\"async\" width=\"1024\" height=\"683\" src=\"https:\/\/arquivo.osso.pt\/wp-content\/uploads\/2025\/08\/2025.07.20_ARCA_14_\u00a9JoaoQuirino_WEB-1024x683.jpg\" class=\"attachment-large size-large\" alt=\"\" srcset=\"https:\/\/arquivo.osso.pt\/wp-content\/uploads\/2025\/08\/2025.07.20_ARCA_14_\u00a9JoaoQuirino_WEB-1024x683.jpg 1024w, https:\/\/arquivo.osso.pt\/wp-content\/uploads\/2025\/08\/2025.07.20_ARCA_14_\u00a9JoaoQuirino_WEB-300x200.jpg 300w, https:\/\/arquivo.osso.pt\/wp-content\/uploads\/2025\/08\/2025.07.20_ARCA_14_\u00a9JoaoQuirino_WEB-768x512.jpg 768w, https:\/\/arquivo.osso.pt\/wp-content\/uploads\/2025\/08\/2025.07.20_ARCA_14_\u00a9JoaoQuirino_WEB.jpg 1200w\" sizes=\"auto, (max-width: 1024px) 100vw, 1024px\" title=\"2025.07.20_ARCA_14_\u00a9Joa\u0303oQuirino_[WEB]\" \/><\/a>\n\t\t\t<\/dt><\/dl><br style=\"clear: both\" \/>\n\t\t<\/div>\n\n<p>The film not only reflects on the impact of longing and solitude, but also reveals how sound transcends physical space, becoming a vehicle for emotional expression and the reconstruction of one\u2019s inner world. Through the fusion of sound and image, Regresso offers a deeply sensorial experience, transporting the viewer into a universe of reflection and transformation.<\/p>\n<\/div>\n","protected":false},"excerpt":{"rendered":"<p>DAY 3 | JULY 20, 2025 ANT\u00d3NIO PEDRO + ALBAN HALL &#8211; &#8220;NORQUESTRA&#8221; CONCERT A group of children from S\u00e3o Greg\u00f3rio created free drawings at the Escola dos Labirintos, filling the page with shapes, lines, and compositions born from their imagination. These expressive and symbolic drawings were then given to musicians who had never seen them before, with the challenge [&hellip;]<\/p>\n","protected":false},"author":1,"featured_media":0,"parent":10614,"menu_order":0,"comment_status":"closed","ping_status":"closed","template":"","meta":{"footnotes":""},"class_list":["post-22161","page","type-page","status-publish","hentry"],"_links":{"self":[{"href":"https:\/\/arquivo.osso.pt\/en\/wp-json\/wp\/v2\/pages\/22161","targetHints":{"allow":["GET"]}}],"collection":[{"href":"https:\/\/arquivo.osso.pt\/en\/wp-json\/wp\/v2\/pages"}],"about":[{"href":"https:\/\/arquivo.osso.pt\/en\/wp-json\/wp\/v2\/types\/page"}],"author":[{"embeddable":true,"href":"https:\/\/arquivo.osso.pt\/en\/wp-json\/wp\/v2\/users\/1"}],"replies":[{"embeddable":true,"href":"https:\/\/arquivo.osso.pt\/en\/wp-json\/wp\/v2\/comments?post=22161"}],"version-history":[{"count":9,"href":"https:\/\/arquivo.osso.pt\/en\/wp-json\/wp\/v2\/pages\/22161\/revisions"}],"predecessor-version":[{"id":23246,"href":"https:\/\/arquivo.osso.pt\/en\/wp-json\/wp\/v2\/pages\/22161\/revisions\/23246"}],"up":[{"embeddable":true,"href":"https:\/\/arquivo.osso.pt\/en\/wp-json\/wp\/v2\/pages\/10614"}],"wp:attachment":[{"href":"https:\/\/arquivo.osso.pt\/en\/wp-json\/wp\/v2\/media?parent=22161"}],"curies":[{"name":"wp","href":"https:\/\/api.w.org\/{rel}","templated":true}]}}