{"id":22072,"date":"2025-07-18T13:48:08","date_gmt":"2025-07-18T13:48:08","guid":{"rendered":"https:\/\/arquivo.osso.pt\/?page_id=22072"},"modified":"2025-10-01T14:35:51","modified_gmt":"2025-10-01T14:35:51","slug":"arca-2025-day-i","status":"publish","type":"page","link":"https:\/\/arquivo.osso.pt\/en\/programacao-3\/openday\/arca-2025-day-i\/","title":{"rendered":"ARCA | Day 1 | 2025"},"content":{"rendered":"<div class=\"iframe\" style=\"max-width: 770px; height: auto; margin: 0px auto 50px auto;\">\n<p style=\"text-align: center;\">\n\t\t<!-- MasterSlider -->\n\t\t<div id=\"P_MS69e05498eae34\" class=\"master-slider-parent msl ms-parent-id-226\" style=\"max-width:770px;\">\n\n\t\t\t\n\t\t\t<!-- MasterSlider Main -->\n\t\t\t<div id=\"MS69e05498eae34\" class=\"master-slider ms-skin-default\" >\n\t\t\t\t \t\t\t\t \n\t\t\t\t<div  class=\"ms-slide\" data-delay=\"3\" data-fill-mode=\"fill\"  >\n\t\t\t\t\t<img decoding=\"async\" src=\"https:\/\/arquivo.osso.pt\/wp-content\/plugins\/master-slider\/public\/assets\/css\/blank.gif\" alt=\"\" title=\"\" data-src=\"https:\/\/arquivo.osso.pt\/wp-content\/uploads\/2025\/08\/2025.07.18_ARCA_6_\u00a9JoaoQuirino_WEB.jpg\" \/>\n\n\n\t<div class=\"ms-thumb\" ><div class=\"ms-tab-context\"><div class=\"&quot;ms-tab-context&quot;\"><\/div><\/div>\n<\/div>\n\t\t\t\t<\/div>\n\t\t\t\t<div  class=\"ms-slide\" data-delay=\"3\" data-fill-mode=\"fill\"  >\n\t\t\t\t\t<img decoding=\"async\" src=\"https:\/\/arquivo.osso.pt\/wp-content\/plugins\/master-slider\/public\/assets\/css\/blank.gif\" alt=\"\" title=\"\" data-src=\"https:\/\/arquivo.osso.pt\/wp-content\/uploads\/2025\/08\/2025.07.18_ARCA_11_\u00a9JoaoQuirino_WEB.jpg\" \/>\n\n\n\t<div class=\"ms-thumb\" ><div class=\"ms-tab-context\"><div class=\"&quot;ms-tab-context&quot;\"><\/div><\/div>\n<\/div>\n\t\t\t\t<\/div>\n\t\t\t\t<div  class=\"ms-slide\" data-delay=\"3\" data-fill-mode=\"fill\"  >\n\t\t\t\t\t<img decoding=\"async\" src=\"https:\/\/arquivo.osso.pt\/wp-content\/plugins\/master-slider\/public\/assets\/css\/blank.gif\" alt=\"\" title=\"\" data-src=\"https:\/\/arquivo.osso.pt\/wp-content\/uploads\/2025\/08\/2025.07.18_ARCA_10_\u00a9JoaoQuirino_WEB.jpg\" \/>\n\n\n\t<div class=\"ms-thumb\" ><div class=\"ms-tab-context\"><div class=\"&quot;ms-tab-context&quot;\"><\/div><\/div>\n<\/div>\n\t\t\t\t<\/div>\n\t\t\t\t<div  class=\"ms-slide\" data-delay=\"3\" data-fill-mode=\"fill\"  >\n\t\t\t\t\t<img decoding=\"async\" src=\"https:\/\/arquivo.osso.pt\/wp-content\/plugins\/master-slider\/public\/assets\/css\/blank.gif\" alt=\"\" title=\"\" data-src=\"https:\/\/arquivo.osso.pt\/wp-content\/uploads\/2025\/08\/2025.07.18_ARCA_13_\u00a9JoaoQuirino_WEB.jpg\" \/>\n\n\n\t<div class=\"ms-thumb\" ><div class=\"ms-tab-context\"><div class=\"&quot;ms-tab-context&quot;\"><\/div><\/div>\n<\/div>\n\t\t\t\t<\/div>\n\t\t\t\t<div  class=\"ms-slide\" data-delay=\"3\" data-fill-mode=\"fill\"  >\n\t\t\t\t\t<img decoding=\"async\" src=\"https:\/\/arquivo.osso.pt\/wp-content\/plugins\/master-slider\/public\/assets\/css\/blank.gif\" alt=\"\" title=\"\" data-src=\"https:\/\/arquivo.osso.pt\/wp-content\/uploads\/2025\/08\/2025.07.18_ARCA_14_\u00a9JoaoQuirino_WEB.jpg\" \/>\n\n\n\t<div class=\"ms-thumb\" ><div class=\"ms-tab-context\"><div class=\"&quot;ms-tab-context&quot;\"><\/div><\/div>\n<\/div>\n\t\t\t\t<\/div>\n\t\t\t\t<div  class=\"ms-slide\" data-delay=\"3\" data-fill-mode=\"fill\"  >\n\t\t\t\t\t<img decoding=\"async\" src=\"https:\/\/arquivo.osso.pt\/wp-content\/plugins\/master-slider\/public\/assets\/css\/blank.gif\" alt=\"\" title=\"\" data-src=\"https:\/\/arquivo.osso.pt\/wp-content\/uploads\/2025\/08\/2025.07.18_ARCA_18_\u00a9JoaoQuirino_WEB.jpg\" \/>\n\n\n\t<div class=\"ms-thumb\" ><div class=\"ms-tab-context\"><div class=\"&quot;ms-tab-context&quot;\"><\/div><\/div>\n<\/div>\n\t\t\t\t<\/div>\n\t\t\t\t<div  class=\"ms-slide\" data-delay=\"3\" data-fill-mode=\"fill\"  >\n\t\t\t\t\t<img decoding=\"async\" src=\"https:\/\/arquivo.osso.pt\/wp-content\/plugins\/master-slider\/public\/assets\/css\/blank.gif\" alt=\"\" title=\"\" data-src=\"https:\/\/arquivo.osso.pt\/wp-content\/uploads\/2025\/08\/2025.07.18_ARCA_19_\u00a9JoaoQuirino_WEB.jpg\" \/>\n\n\n\t<div class=\"ms-thumb\" ><div class=\"ms-tab-context\"><div class=\"&quot;ms-tab-context&quot;\"><\/div><\/div>\n<\/div>\n\t\t\t\t<\/div>\n\t\t\t\t<div  class=\"ms-slide\" data-delay=\"3\" data-fill-mode=\"fill\"  >\n\t\t\t\t\t<img decoding=\"async\" src=\"https:\/\/arquivo.osso.pt\/wp-content\/plugins\/master-slider\/public\/assets\/css\/blank.gif\" alt=\"\" title=\"\" data-src=\"https:\/\/arquivo.osso.pt\/wp-content\/uploads\/2025\/08\/2025.07.18_ARCA_20_\u00a9JoaoQuirino_WEB.jpg\" \/>\n\n\n\t<div class=\"ms-thumb\" ><div class=\"ms-tab-context\"><div class=\"&quot;ms-tab-context&quot;\"><\/div><\/div>\n<\/div>\n\t\t\t\t<\/div>\n\t\t\t\t<div  class=\"ms-slide\" data-delay=\"3\" data-fill-mode=\"fill\"  >\n\t\t\t\t\t<img decoding=\"async\" src=\"https:\/\/arquivo.osso.pt\/wp-content\/plugins\/master-slider\/public\/assets\/css\/blank.gif\" alt=\"\" title=\"\" data-src=\"https:\/\/arquivo.osso.pt\/wp-content\/uploads\/2025\/08\/2025.07.18_ARCA_22_\u00a9JoaoQuirino_WEB.jpg\" \/>\n\n\n\t<div class=\"ms-thumb\" ><div class=\"ms-tab-context\"><div class=\"&quot;ms-tab-context&quot;\"><\/div><\/div>\n<\/div>\n\t\t\t\t<\/div>\n\t\t\t\t<div  class=\"ms-slide\" data-delay=\"3\" data-fill-mode=\"fill\"  >\n\t\t\t\t\t<img decoding=\"async\" src=\"https:\/\/arquivo.osso.pt\/wp-content\/plugins\/master-slider\/public\/assets\/css\/blank.gif\" alt=\"\" title=\"\" data-src=\"https:\/\/arquivo.osso.pt\/wp-content\/uploads\/2025\/08\/2025.07.18_ARCA_24_\u00a9JoaoQuirino_WEB.jpg\" \/>\n\n\n\t<div class=\"ms-thumb\" ><div class=\"ms-tab-context\"><div class=\"&quot;ms-tab-context&quot;\"><\/div><\/div>\n<\/div>\n\t\t\t\t<\/div>\n\t\t\t\t<div  class=\"ms-slide\" data-delay=\"3\" data-fill-mode=\"fill\"  >\n\t\t\t\t\t<img decoding=\"async\" src=\"https:\/\/arquivo.osso.pt\/wp-content\/plugins\/master-slider\/public\/assets\/css\/blank.gif\" alt=\"\" title=\"\" data-src=\"https:\/\/arquivo.osso.pt\/wp-content\/uploads\/2025\/08\/2025.07.18_ARCA_23_\u00a9JoaoQuirino_WEB.jpg\" \/>\n\n\n\t<div class=\"ms-thumb\" ><div class=\"ms-tab-context\"><div class=\"&quot;ms-tab-context&quot;\"><\/div><\/div>\n<\/div>\n\t\t\t\t<\/div>\n\t\t\t\t<div  class=\"ms-slide\" data-delay=\"3\" data-fill-mode=\"fill\"  >\n\t\t\t\t\t<img decoding=\"async\" src=\"https:\/\/arquivo.osso.pt\/wp-content\/plugins\/master-slider\/public\/assets\/css\/blank.gif\" alt=\"\" title=\"\" data-src=\"https:\/\/arquivo.osso.pt\/wp-content\/uploads\/2025\/08\/2025.07.18_ARCA_26_\u00a9JoaoQuirino_WEB.jpg\" \/>\n\n\n\t<div class=\"ms-thumb\" ><div class=\"ms-tab-context\"><div class=\"&quot;ms-tab-context&quot;\"><\/div><\/div>\n<\/div>\n\t\t\t\t<\/div>\n\t\t\t\t<div  class=\"ms-slide\" data-delay=\"3\" data-fill-mode=\"fill\"  >\n\t\t\t\t\t<img decoding=\"async\" src=\"https:\/\/arquivo.osso.pt\/wp-content\/plugins\/master-slider\/public\/assets\/css\/blank.gif\" alt=\"\" title=\"\" data-src=\"https:\/\/arquivo.osso.pt\/wp-content\/uploads\/2025\/08\/2025.07.18_ARCA_30_\u00a9JoaoQuirino_WEB.jpg\" \/>\n\n\n\t<div class=\"ms-thumb\" ><div class=\"ms-tab-context\"><div class=\"&quot;ms-tab-context&quot;\"><\/div><\/div>\n<\/div>\n\t\t\t\t<\/div>\n\t\t\t\t<div  class=\"ms-slide\" data-delay=\"3\" data-fill-mode=\"fill\"  >\n\t\t\t\t\t<img decoding=\"async\" src=\"https:\/\/arquivo.osso.pt\/wp-content\/plugins\/master-slider\/public\/assets\/css\/blank.gif\" alt=\"\" title=\"\" data-src=\"https:\/\/arquivo.osso.pt\/wp-content\/uploads\/2025\/08\/2025.07.18_ARCA_32_\u00a9JoaoQuirino_WEB.jpg\" \/>\n\n\n\t<div class=\"ms-thumb\" ><div class=\"ms-tab-context\"><div class=\"&quot;ms-tab-context&quot;\"><\/div><\/div>\n<\/div>\n\t\t\t\t<\/div>\n\t\t\t\t<div  class=\"ms-slide\" data-delay=\"3\" data-fill-mode=\"fill\"  >\n\t\t\t\t\t<img decoding=\"async\" src=\"https:\/\/arquivo.osso.pt\/wp-content\/plugins\/master-slider\/public\/assets\/css\/blank.gif\" alt=\"\" title=\"\" data-src=\"https:\/\/arquivo.osso.pt\/wp-content\/uploads\/2025\/08\/2025.07.18_ARCA_27_\u00a9JoaoQuirino_WEB.jpg\" \/>\n\n\n\t<div class=\"ms-thumb\" ><div class=\"ms-tab-context\"><div class=\"&quot;ms-tab-context&quot;\"><\/div><\/div>\n<\/div>\n\t\t\t\t<\/div>\n\t\t\t\t<div  class=\"ms-slide\" data-delay=\"3\" data-fill-mode=\"fill\"  >\n\t\t\t\t\t<img decoding=\"async\" src=\"https:\/\/arquivo.osso.pt\/wp-content\/plugins\/master-slider\/public\/assets\/css\/blank.gif\" alt=\"\" title=\"\" data-src=\"https:\/\/arquivo.osso.pt\/wp-content\/uploads\/2025\/08\/2025.07.18_ARCA_38_\u00a9JoaoQuirino_WEB.jpg\" \/>\n\n\n\t<div class=\"ms-thumb\" ><div class=\"ms-tab-context\"><div class=\"&quot;ms-tab-context&quot;\"><\/div><\/div>\n<\/div>\n\t\t\t\t<\/div>\n\t\t\t\t<div  class=\"ms-slide\" data-delay=\"3\" data-fill-mode=\"fill\"  >\n\t\t\t\t\t<img decoding=\"async\" src=\"https:\/\/arquivo.osso.pt\/wp-content\/plugins\/master-slider\/public\/assets\/css\/blank.gif\" alt=\"\" title=\"\" data-src=\"https:\/\/arquivo.osso.pt\/wp-content\/uploads\/2025\/08\/2025.07.18_ARCA_39_\u00a9JoaoQuirino_WEB.jpg\" \/>\n\n\n\t<div class=\"ms-thumb\" ><div class=\"ms-tab-context\"><div class=\"&quot;ms-tab-context&quot;\"><\/div><\/div>\n<\/div>\n\t\t\t\t<\/div>\n\n\t\t\t<\/div>\n\t\t\t<!-- END MasterSlider Main -->\n\n\t\t\t \n\t\t<\/div>\n\t\t<!-- END MasterSlider -->\n\n\t\t<script>\n\t\t(function ( $ ) {\n\t\t\t\"use strict\";\n\n\t\t\t$(function () {\n\t\t\t\tvar masterslider_ae34 = new MasterSlider();\n\n\t\t\t\t\/\/ slider controls\n\t\t\t\tmasterslider_ae34.control('arrows'     ,{ autohide:true, overVideo:true  });\t\t\t\tmasterslider_ae34.control('bullets'    ,{ autohide:false, overVideo:true, dir:'h', align:'bottom' , margin:20  });\n\n\t\t\t\t\/\/ slider setup\n\t\t\t\tmasterslider_ae34.setup(\"MS69e05498eae34\", {\n\t\t\t\t\t\twidth           : 770,\n\t\t\t\t\t\theight          : 513,\n\t\t\t\t\t\tminHeight       : 0,\n\t\t\t\t\t\tspace           : 0,\n\t\t\t\t\t\tstart           : 1,\n\t\t\t\t\t\tgrabCursor      : false,\n\t\t\t\t\t\tswipe           : true,\n\t\t\t\t\t\tmouse           : true,\n\t\t\t\t\t\tlayout          : \"boxed\",\n\t\t\t\t\t\twheel           : false,\n\t\t\t\t\t\tautoplay        : true,\n\t\t\t\t\t\tinstantStartLayers:false,\n\t\t\t\t\t\tloop            : true,\n\t\t\t\t\t\tshuffle         : false,\n\t\t\t\t\t\tpreload         : 0,\n\t\t\t\t\t\theightLimit     : true,\n\t\t\t\t\t\tautoHeight      : false,\n\t\t\t\t\t\tsmoothHeight    : true,\n\t\t\t\t\t\tendPause        : false,\n\t\t\t\t\t\toverPause       : true,\n\t\t\t\t\t\tfillMode        : \"fill\",\n\t\t\t\t\t\tcenterControls  : true,\n\t\t\t\t\t\tstartOnAppear   : false,\n\t\t\t\t\t\tlayersMode      : \"center\",\n\t\t\t\t\t\thideLayers      : false,\n\t\t\t\t\t\tfullscreenMargin: 0,\n\t\t\t\t\t\tspeed           : 20,\n\t\t\t\t\t\tdir             : \"h\",\n\t\t\t\t\t\tparallaxMode    : 'swipe',\n\t\t\t\t\t\tview            : \"fade\"\n\t\t\t\t});\n\n\t\t\t\t\n\t\t\t\twindow.masterslider_instances = window.masterslider_instances || [];\n\t\t\t\twindow.masterslider_instances.push( masterslider_ae34 );\n\t\t\t });\n\n\t\t})(jQuery);\n\t\t<\/script>\n\n\n<hr \/>\n<h3 style=\"text-align: left;\">DAY 1 | JULY 18 2025<\/h3>\n<h3 style=\"text-align: left;\">LUIS JOS\u00c9 MARTINS &#8211; (PARTES.EXTRA.PARTES) &#8211; CONCERT \/ INSTALLATION<\/h3>\n<p style=\"text-align: left;\"><em>partes . extra . partes<\/em> is a concert-installation inspired by the concept of \u201cforensic instrumental organology\u201d, in dialogue with the ideas of Forensic Architecture. Through a detailed analysis of a 19th-century romantic guitar\u2014restored by luthier Orlando Trindade in Caldas da Rainha and performed live\u2014the project maps the extractivist and colonial logics underpinning its construction, as well as that of many Western instruments.<\/p>\n<div class='gallery gallery-cols-3'><dl class='gallery-item'>\n\t\t\t<dt class='gallery-icon landscape'>\n\t\t\t\t<a class=\"view\" rel='gallery' href='https:\/\/arquivo.osso.pt\/wp-content\/uploads\/2025\/08\/2025.07.18_ARCA_10_\u00a9JoaoQuirino_WEB.jpg'><img loading=\"lazy\" decoding=\"async\" width=\"300\" height=\"200\" src=\"https:\/\/arquivo.osso.pt\/wp-content\/uploads\/2025\/08\/2025.07.18_ARCA_10_\u00a9JoaoQuirino_WEB-300x200.jpg\" class=\"attachment-medium size-medium\" alt=\"\" srcset=\"https:\/\/arquivo.osso.pt\/wp-content\/uploads\/2025\/08\/2025.07.18_ARCA_10_\u00a9JoaoQuirino_WEB-300x200.jpg 300w, https:\/\/arquivo.osso.pt\/wp-content\/uploads\/2025\/08\/2025.07.18_ARCA_10_\u00a9JoaoQuirino_WEB-1024x683.jpg 1024w, https:\/\/arquivo.osso.pt\/wp-content\/uploads\/2025\/08\/2025.07.18_ARCA_10_\u00a9JoaoQuirino_WEB-768x512.jpg 768w, https:\/\/arquivo.osso.pt\/wp-content\/uploads\/2025\/08\/2025.07.18_ARCA_10_\u00a9JoaoQuirino_WEB.jpg 1200w\" sizes=\"auto, (max-width: 300px) 100vw, 300px\" title=\"2025.07.18_ARCA_10_\u00a9Joa\u0303oQuirino_[WEB]\" \/><\/a>\n\t\t\t<\/dt><\/dl><dl class='gallery-item'>\n\t\t\t<dt class='gallery-icon landscape'>\n\t\t\t\t<a class=\"view\" rel='gallery' href='https:\/\/arquivo.osso.pt\/wp-content\/uploads\/2025\/08\/2025.07.18_ARCA_13_\u00a9JoaoQuirino_WEB.jpg'><img loading=\"lazy\" decoding=\"async\" width=\"300\" height=\"200\" src=\"https:\/\/arquivo.osso.pt\/wp-content\/uploads\/2025\/08\/2025.07.18_ARCA_13_\u00a9JoaoQuirino_WEB-300x200.jpg\" class=\"attachment-medium size-medium\" alt=\"\" srcset=\"https:\/\/arquivo.osso.pt\/wp-content\/uploads\/2025\/08\/2025.07.18_ARCA_13_\u00a9JoaoQuirino_WEB-300x200.jpg 300w, https:\/\/arquivo.osso.pt\/wp-content\/uploads\/2025\/08\/2025.07.18_ARCA_13_\u00a9JoaoQuirino_WEB-1024x683.jpg 1024w, https:\/\/arquivo.osso.pt\/wp-content\/uploads\/2025\/08\/2025.07.18_ARCA_13_\u00a9JoaoQuirino_WEB-768x512.jpg 768w, https:\/\/arquivo.osso.pt\/wp-content\/uploads\/2025\/08\/2025.07.18_ARCA_13_\u00a9JoaoQuirino_WEB.jpg 1200w\" sizes=\"auto, (max-width: 300px) 100vw, 300px\" title=\"2025.07.18_ARCA_13_\u00a9Joa\u0303oQuirino_[WEB]\" \/><\/a>\n\t\t\t<\/dt><\/dl><dl class='gallery-item'>\n\t\t\t<dt class='gallery-icon landscape'>\n\t\t\t\t<a class=\"view\" rel='gallery' href='https:\/\/arquivo.osso.pt\/wp-content\/uploads\/2025\/08\/2025.07.18_ARCA_14_\u00a9JoaoQuirino_WEB.jpg'><img loading=\"lazy\" decoding=\"async\" width=\"300\" height=\"200\" src=\"https:\/\/arquivo.osso.pt\/wp-content\/uploads\/2025\/08\/2025.07.18_ARCA_14_\u00a9JoaoQuirino_WEB-300x200.jpg\" class=\"attachment-medium size-medium\" alt=\"\" srcset=\"https:\/\/arquivo.osso.pt\/wp-content\/uploads\/2025\/08\/2025.07.18_ARCA_14_\u00a9JoaoQuirino_WEB-300x200.jpg 300w, https:\/\/arquivo.osso.pt\/wp-content\/uploads\/2025\/08\/2025.07.18_ARCA_14_\u00a9JoaoQuirino_WEB-1024x683.jpg 1024w, https:\/\/arquivo.osso.pt\/wp-content\/uploads\/2025\/08\/2025.07.18_ARCA_14_\u00a9JoaoQuirino_WEB-768x512.jpg 768w, https:\/\/arquivo.osso.pt\/wp-content\/uploads\/2025\/08\/2025.07.18_ARCA_14_\u00a9JoaoQuirino_WEB.jpg 1200w\" sizes=\"auto, (max-width: 300px) 100vw, 300px\" title=\"2025.07.18_ARCA_14_\u00a9Joa\u0303oQuirino_[WEB]\" \/><\/a>\n\t\t\t<\/dt><\/dl><br style=\"clear: both\" \/>\n\t\t<\/div>\n\n<p style=\"margin-top: 20px; text-align: left;\">This work continues the path initiated with the concert-installation CasaFloresta, created by Joana S\u00e1 and Lucas Tavares and premiered at TBA \u2013 Teatro do Bairro Alto in December 2022. It emerges as a response to the questions raised in that context, expanding the investigation into the historical, material, and cultural processes shaping instrumental production.<\/p>\n<hr \/>\n<h3 style=\"text-align: left;\">M.A.S.I EXHIBITION &#8211; A COMMON TERRITORY &#8211; INSTALLATION<\/h3>\n<p style=\"text-align: justify;\">An exhibition gathering works developed during the artistic research residencies of the <strong>Master\u2019s in Sound and Image Arts<\/strong> (ESAD.CR), carried out in partnership with OSSO.<\/p>\n<p style=\"text-align: left;\">Rooted in the lived experience of S\u00e3o Greg\u00f3rio and the proximity to OSSO\u2019s context, students were challenged to create short-term projects in a laboratory environment, under the guidance of guest artists and with the support of the programme\u2019s professors.<\/p>\n<div class='gallery gallery-cols-2'><dl class='gallery-item'>\n\t\t\t<dt class='gallery-icon landscape'>\n\t\t\t\t<a class=\"view\" rel='gallery' href='https:\/\/arquivo.osso.pt\/wp-content\/uploads\/2025\/08\/2025.07.18_ARCA_19_\u00a9JoaoQuirino_WEB.jpg'><img loading=\"lazy\" decoding=\"async\" width=\"1024\" height=\"683\" src=\"https:\/\/arquivo.osso.pt\/wp-content\/uploads\/2025\/08\/2025.07.18_ARCA_19_\u00a9JoaoQuirino_WEB-1024x683.jpg\" class=\"attachment-large size-large\" alt=\"\" srcset=\"https:\/\/arquivo.osso.pt\/wp-content\/uploads\/2025\/08\/2025.07.18_ARCA_19_\u00a9JoaoQuirino_WEB-1024x683.jpg 1024w, https:\/\/arquivo.osso.pt\/wp-content\/uploads\/2025\/08\/2025.07.18_ARCA_19_\u00a9JoaoQuirino_WEB-300x200.jpg 300w, https:\/\/arquivo.osso.pt\/wp-content\/uploads\/2025\/08\/2025.07.18_ARCA_19_\u00a9JoaoQuirino_WEB-768x512.jpg 768w, https:\/\/arquivo.osso.pt\/wp-content\/uploads\/2025\/08\/2025.07.18_ARCA_19_\u00a9JoaoQuirino_WEB.jpg 1200w\" sizes=\"auto, (max-width: 1024px) 100vw, 1024px\" title=\"2025.07.18_ARCA_19_\u00a9Joa\u0303oQuirino_[WEB]\" \/><\/a>\n\t\t\t<\/dt><\/dl><dl class='gallery-item'>\n\t\t\t<dt class='gallery-icon landscape'>\n\t\t\t\t<a class=\"view\" rel='gallery' href='https:\/\/arquivo.osso.pt\/wp-content\/uploads\/2025\/08\/2025.07.18_ARCA_20_\u00a9JoaoQuirino_WEB.jpg'><img loading=\"lazy\" decoding=\"async\" width=\"1024\" height=\"683\" src=\"https:\/\/arquivo.osso.pt\/wp-content\/uploads\/2025\/08\/2025.07.18_ARCA_20_\u00a9JoaoQuirino_WEB-1024x683.jpg\" class=\"attachment-large size-large\" alt=\"\" srcset=\"https:\/\/arquivo.osso.pt\/wp-content\/uploads\/2025\/08\/2025.07.18_ARCA_20_\u00a9JoaoQuirino_WEB-1024x683.jpg 1024w, https:\/\/arquivo.osso.pt\/wp-content\/uploads\/2025\/08\/2025.07.18_ARCA_20_\u00a9JoaoQuirino_WEB-300x200.jpg 300w, https:\/\/arquivo.osso.pt\/wp-content\/uploads\/2025\/08\/2025.07.18_ARCA_20_\u00a9JoaoQuirino_WEB-768x512.jpg 768w, https:\/\/arquivo.osso.pt\/wp-content\/uploads\/2025\/08\/2025.07.18_ARCA_20_\u00a9JoaoQuirino_WEB.jpg 1200w\" sizes=\"auto, (max-width: 1024px) 100vw, 1024px\" title=\"2025.07.18_ARCA_20_\u00a9Joa\u0303oQuirino_[WEB]\" \/><\/a>\n\t\t\t<\/dt><\/dl><br style=\"clear: both\" \/>\n\t\t<\/div>\n\n<p style=\"margin-top: 20px; text-align: left;\">These works arise from the intersection of pedagogy, creation, and research\u2014showcasing not only results but, above all, processes in constant evolution. The exhibition reflects the experimental nature of the methodologies and artistic practices developed across audiovisual forms: cinema, sound arts, and photography.<\/p>\n<p style=\"text-align: left;\">The residencies were supported by FCT \u2013 Funda\u00e7\u00e3o para a Ci\u00eancia e a Tecnologia, I.P., under the Programmatic Funding awarded to the Laboratory for Research in Design and Arts (LIDA), ESAD.CR<\/p>\n<hr \/>\n<h3 style=\"text-align: left;\">MARGARIDA GARCIA &#8211; CONCERT<\/h3>\n<p style=\"text-align: left;\">Born in Lisbon in 1977, <strong>Margarida Garcia<\/strong> has, since the 1990s, developed a unique approach to the electric double bass, cultivating a personal and innovative language. Before moving to New York in 2004\u2014where she lived for seven years and performed regularly with Loren Connors and Marcia Bassett\u2014she was a central presence in Lisbon\u2019s underground scene, where she met guitarist Manuel Mota, her long-term collaborator since 1998.<\/p>\n<div class='gallery gallery-cols-2'><dl class='gallery-item'>\n\t\t\t<dt class='gallery-icon landscape'>\n\t\t\t\t<a class=\"view\" rel='gallery' href='https:\/\/arquivo.osso.pt\/wp-content\/uploads\/2025\/08\/2025.07.18_ARCA_30_\u00a9JoaoQuirino_WEB.jpg'><img loading=\"lazy\" decoding=\"async\" width=\"1024\" height=\"683\" src=\"https:\/\/arquivo.osso.pt\/wp-content\/uploads\/2025\/08\/2025.07.18_ARCA_30_\u00a9JoaoQuirino_WEB-1024x683.jpg\" class=\"attachment-large size-large\" alt=\"\" srcset=\"https:\/\/arquivo.osso.pt\/wp-content\/uploads\/2025\/08\/2025.07.18_ARCA_30_\u00a9JoaoQuirino_WEB-1024x683.jpg 1024w, https:\/\/arquivo.osso.pt\/wp-content\/uploads\/2025\/08\/2025.07.18_ARCA_30_\u00a9JoaoQuirino_WEB-300x200.jpg 300w, https:\/\/arquivo.osso.pt\/wp-content\/uploads\/2025\/08\/2025.07.18_ARCA_30_\u00a9JoaoQuirino_WEB-768x512.jpg 768w, https:\/\/arquivo.osso.pt\/wp-content\/uploads\/2025\/08\/2025.07.18_ARCA_30_\u00a9JoaoQuirino_WEB.jpg 1200w\" sizes=\"auto, (max-width: 1024px) 100vw, 1024px\" title=\"2025.07.18_ARCA_30_\u00a9Joa\u0303oQuirino_[WEB]\" \/><\/a>\n\t\t\t<\/dt><\/dl><dl class='gallery-item'>\n\t\t\t<dt class='gallery-icon landscape'>\n\t\t\t\t<a class=\"view\" rel='gallery' href='https:\/\/arquivo.osso.pt\/wp-content\/uploads\/2025\/08\/2025.07.18_ARCA_32_\u00a9JoaoQuirino_WEB.jpg'><img loading=\"lazy\" decoding=\"async\" width=\"1024\" height=\"683\" src=\"https:\/\/arquivo.osso.pt\/wp-content\/uploads\/2025\/08\/2025.07.18_ARCA_32_\u00a9JoaoQuirino_WEB-1024x683.jpg\" class=\"attachment-large size-large\" alt=\"\" srcset=\"https:\/\/arquivo.osso.pt\/wp-content\/uploads\/2025\/08\/2025.07.18_ARCA_32_\u00a9JoaoQuirino_WEB-1024x683.jpg 1024w, https:\/\/arquivo.osso.pt\/wp-content\/uploads\/2025\/08\/2025.07.18_ARCA_32_\u00a9JoaoQuirino_WEB-300x200.jpg 300w, https:\/\/arquivo.osso.pt\/wp-content\/uploads\/2025\/08\/2025.07.18_ARCA_32_\u00a9JoaoQuirino_WEB-768x512.jpg 768w, https:\/\/arquivo.osso.pt\/wp-content\/uploads\/2025\/08\/2025.07.18_ARCA_32_\u00a9JoaoQuirino_WEB.jpg 1200w\" sizes=\"auto, (max-width: 1024px) 100vw, 1024px\" title=\"2025.07.18_ARCA_32_\u00a9Joa\u0303oQuirino_[WEB]\" \/><\/a>\n\t\t\t<\/dt><\/dl><br style=\"clear: both\" \/>\n\t\t<\/div>\n\n<p style=\"text-align: left;\">Her explorations with the bow, marked by dark and dramatic tonalities, navigate silent and shadowy territories, and can be heard in collaborations with artists such as Thurston Moore, Mattin, DJ Marfox, and Eddie Pr\u00e9vost. Beyond music, the visual arts play a vital role in her trajectory, encompassing drawing publications, exhibitions, and graphic work for multiple musical releases.<\/p>\n<hr \/>\n<h3 style=\"text-align: left;\">MARTA ZAPPAROLI + ALBERTO LOPES &#8211; CONCERT<\/h3>\n<p style=\"text-align: left;\">A duo dedicated to improvisation and live performance, <strong>Marta Zapparoli<\/strong> and <strong>Alberto Lopes<\/strong> create a singular sonic universe. Working with self-recorded radio waves on cassette, live radio detection through antennas and receivers, and combining these with amplified electric guitar, extended strings, and electronics, they weave immersive soundscapes.<\/p>\n<div class='gallery gallery-cols-2'><dl class='gallery-item'>\n\t\t\t<dt class='gallery-icon landscape'>\n\t\t\t\t<a class=\"view\" rel='gallery' href='https:\/\/arquivo.osso.pt\/wp-content\/uploads\/2025\/08\/2025.07.18_ARCA_42_\u00a9JoaoQuirino_WEB.jpg'><img loading=\"lazy\" decoding=\"async\" width=\"1024\" height=\"683\" src=\"https:\/\/arquivo.osso.pt\/wp-content\/uploads\/2025\/08\/2025.07.18_ARCA_42_\u00a9JoaoQuirino_WEB-1024x683.jpg\" class=\"attachment-large size-large\" alt=\"\" srcset=\"https:\/\/arquivo.osso.pt\/wp-content\/uploads\/2025\/08\/2025.07.18_ARCA_42_\u00a9JoaoQuirino_WEB-1024x683.jpg 1024w, https:\/\/arquivo.osso.pt\/wp-content\/uploads\/2025\/08\/2025.07.18_ARCA_42_\u00a9JoaoQuirino_WEB-300x200.jpg 300w, https:\/\/arquivo.osso.pt\/wp-content\/uploads\/2025\/08\/2025.07.18_ARCA_42_\u00a9JoaoQuirino_WEB-768x512.jpg 768w, https:\/\/arquivo.osso.pt\/wp-content\/uploads\/2025\/08\/2025.07.18_ARCA_42_\u00a9JoaoQuirino_WEB.jpg 1200w\" sizes=\"auto, (max-width: 1024px) 100vw, 1024px\" title=\"2025.07.18_ARCA_42_\u00a9Joa\u0303oQuirino_[WEB]\" \/><\/a>\n\t\t\t<\/dt><\/dl><dl class='gallery-item'>\n\t\t\t<dt class='gallery-icon landscape'>\n\t\t\t\t<a class=\"view\" rel='gallery' href='https:\/\/arquivo.osso.pt\/wp-content\/uploads\/2025\/08\/2025.07.18_ARCA_38_\u00a9JoaoQuirino_WEB.jpg'><img loading=\"lazy\" decoding=\"async\" width=\"1024\" height=\"683\" src=\"https:\/\/arquivo.osso.pt\/wp-content\/uploads\/2025\/08\/2025.07.18_ARCA_38_\u00a9JoaoQuirino_WEB-1024x683.jpg\" class=\"attachment-large size-large\" alt=\"\" srcset=\"https:\/\/arquivo.osso.pt\/wp-content\/uploads\/2025\/08\/2025.07.18_ARCA_38_\u00a9JoaoQuirino_WEB-1024x683.jpg 1024w, https:\/\/arquivo.osso.pt\/wp-content\/uploads\/2025\/08\/2025.07.18_ARCA_38_\u00a9JoaoQuirino_WEB-300x200.jpg 300w, https:\/\/arquivo.osso.pt\/wp-content\/uploads\/2025\/08\/2025.07.18_ARCA_38_\u00a9JoaoQuirino_WEB-768x512.jpg 768w, https:\/\/arquivo.osso.pt\/wp-content\/uploads\/2025\/08\/2025.07.18_ARCA_38_\u00a9JoaoQuirino_WEB.jpg 1200w\" sizes=\"auto, (max-width: 1024px) 100vw, 1024px\" title=\"2025.07.18_ARCA_38_\u00a9Joa\u0303oQuirino_[WEB]\" \/><\/a>\n\t\t\t<\/dt><\/dl><br style=\"clear: both\" \/>\n\t\t<\/div>\n\n<p style=\"margin-top: 20px; text-align: left;\">The result is an experience where dark noise and luminous melodies coexist, drifting in a sea of interference\u2014a continuous dialogue between electromagnetic waves, audio, and radio, giving rise to intense and captivating auditory journeys.<\/p>\n<\/div>\n","protected":false},"excerpt":{"rendered":"<p>DAY 1 | JULY 18 2025 LUIS JOS\u00c9 MARTINS &#8211; (PARTES.EXTRA.PARTES) &#8211; CONCERT \/ INSTALLATION partes . extra . partes is a concert-installation inspired by the concept of \u201cforensic instrumental organology\u201d, in dialogue with the ideas of Forensic Architecture. Through a detailed analysis of a 19th-century romantic guitar\u2014restored by luthier Orlando Trindade in Caldas da Rainha and performed live\u2014the project [&hellip;]<\/p>\n","protected":false},"author":1,"featured_media":0,"parent":10614,"menu_order":0,"comment_status":"closed","ping_status":"closed","template":"","meta":{"footnotes":""},"class_list":["post-22072","page","type-page","status-publish","hentry"],"_links":{"self":[{"href":"https:\/\/arquivo.osso.pt\/en\/wp-json\/wp\/v2\/pages\/22072","targetHints":{"allow":["GET"]}}],"collection":[{"href":"https:\/\/arquivo.osso.pt\/en\/wp-json\/wp\/v2\/pages"}],"about":[{"href":"https:\/\/arquivo.osso.pt\/en\/wp-json\/wp\/v2\/types\/page"}],"author":[{"embeddable":true,"href":"https:\/\/arquivo.osso.pt\/en\/wp-json\/wp\/v2\/users\/1"}],"replies":[{"embeddable":true,"href":"https:\/\/arquivo.osso.pt\/en\/wp-json\/wp\/v2\/comments?post=22072"}],"version-history":[{"count":19,"href":"https:\/\/arquivo.osso.pt\/en\/wp-json\/wp\/v2\/pages\/22072\/revisions"}],"predecessor-version":[{"id":23301,"href":"https:\/\/arquivo.osso.pt\/en\/wp-json\/wp\/v2\/pages\/22072\/revisions\/23301"}],"up":[{"embeddable":true,"href":"https:\/\/arquivo.osso.pt\/en\/wp-json\/wp\/v2\/pages\/10614"}],"wp:attachment":[{"href":"https:\/\/arquivo.osso.pt\/en\/wp-json\/wp\/v2\/media?parent=22072"}],"curies":[{"name":"wp","href":"https:\/\/api.w.org\/{rel}","templated":true}]}}