{"id":21024,"date":"2024-09-26T15:20:01","date_gmt":"2024-09-26T15:20:01","guid":{"rendered":"https:\/\/arquivo.osso.pt\/?page_id=21024"},"modified":"2024-09-26T15:23:03","modified_gmt":"2024-09-26T15:23:03","slug":"invasor-abstracto-5-antecamara-ccb-july-2022","status":"publish","type":"page","link":"https:\/\/arquivo.osso.pt\/en\/programacao-3\/invasor-abstracto\/invasor-abstracto-5-antecamara-ccb-july-2022\/","title":{"rendered":"INVASOR ABSTRACTO #5 | Antec\u00e2mara CCB | July 2022"},"content":{"rendered":"<div class=\"iframe\" style=\"max-width: 770px; height: auto; margin: 0px auto 0px auto;\">\n<div dir=\"ltr\" style=\"text-align: justify;\">\n<div align=\"center\">\n\t\t<!-- MasterSlider -->\n\t\t<div id=\"P_MS69e1a1d9bfe1d\" class=\"master-slider-parent msl ms-parent-id-200\" style=\"max-width:770px;\">\n\n\t\t\t\n\t\t\t<!-- MasterSlider Main -->\n\t\t\t<div id=\"MS69e1a1d9bfe1d\" class=\"master-slider ms-skin-default\" >\n\t\t\t\t \t\t\t\t \n\t\t\t\t<div  class=\"ms-slide\" data-delay=\"3\" data-fill-mode=\"fill\"  >\n\t\t\t\t\t<img decoding=\"async\" src=\"https:\/\/arquivo.osso.pt\/wp-content\/plugins\/master-slider\/public\/assets\/css\/blank.gif\" alt=\"\" title=\"\" data-src=\"https:\/\/arquivo.osso.pt\/wp-content\/uploads\/2024\/09\/inv-5-7.jpg\" \/>\n\n\n\t<div class=\"ms-thumb\" ><div class=\"ms-tab-context\"><div class=\"&quot;ms-tab-context&quot;\"><\/div><\/div>\n<\/div>\n\t\t\t\t<\/div>\n\t\t\t\t<div  class=\"ms-slide\" data-delay=\"3\" data-fill-mode=\"fill\"  >\n\t\t\t\t\t<img decoding=\"async\" src=\"https:\/\/arquivo.osso.pt\/wp-content\/plugins\/master-slider\/public\/assets\/css\/blank.gif\" alt=\"\" title=\"\" data-src=\"https:\/\/arquivo.osso.pt\/wp-content\/uploads\/2024\/09\/inv-5-8.jpg\" \/>\n\n\n\t<div class=\"ms-thumb\" ><div class=\"ms-tab-context\"><div class=\"&quot;ms-tab-context&quot;\"><\/div><\/div>\n<\/div>\n\t\t\t\t<\/div>\n\t\t\t\t<div  class=\"ms-slide\" data-delay=\"3\" data-fill-mode=\"fill\"  >\n\t\t\t\t\t<img decoding=\"async\" src=\"https:\/\/arquivo.osso.pt\/wp-content\/plugins\/master-slider\/public\/assets\/css\/blank.gif\" alt=\"\" title=\"\" data-src=\"https:\/\/arquivo.osso.pt\/wp-content\/uploads\/2024\/09\/in-5-2.jpg\" \/>\n\n\n\t<div class=\"ms-thumb\" ><div class=\"ms-tab-context\"><div class=\"&quot;ms-tab-context&quot;\"><\/div><\/div>\n<\/div>\n\t\t\t\t<\/div>\n\t\t\t\t<div  class=\"ms-slide\" data-delay=\"3\" data-fill-mode=\"fill\"  >\n\t\t\t\t\t<img decoding=\"async\" src=\"https:\/\/arquivo.osso.pt\/wp-content\/plugins\/master-slider\/public\/assets\/css\/blank.gif\" alt=\"\" title=\"\" data-src=\"https:\/\/arquivo.osso.pt\/wp-content\/uploads\/2024\/09\/in-5-1.jpg\" \/>\n\n\n\t<div class=\"ms-thumb\" ><div class=\"ms-tab-context\"><div class=\"&quot;ms-tab-context&quot;\"><\/div><\/div>\n<\/div>\n\t\t\t\t<\/div>\n\t\t\t\t<div  class=\"ms-slide\" data-delay=\"3\" data-fill-mode=\"fill\"  >\n\t\t\t\t\t<img decoding=\"async\" src=\"https:\/\/arquivo.osso.pt\/wp-content\/plugins\/master-slider\/public\/assets\/css\/blank.gif\" alt=\"\" title=\"\" data-src=\"https:\/\/arquivo.osso.pt\/wp-content\/uploads\/2024\/09\/inv-5-4.jpg\" \/>\n\n\n\t<div class=\"ms-thumb\" ><div class=\"ms-tab-context\"><div class=\"&quot;ms-tab-context&quot;\"><\/div><\/div>\n<\/div>\n\t\t\t\t<\/div>\n\t\t\t\t<div  class=\"ms-slide\" data-delay=\"3\" data-fill-mode=\"fill\"  >\n\t\t\t\t\t<img decoding=\"async\" src=\"https:\/\/arquivo.osso.pt\/wp-content\/plugins\/master-slider\/public\/assets\/css\/blank.gif\" alt=\"\" title=\"\" data-src=\"https:\/\/arquivo.osso.pt\/wp-content\/uploads\/2024\/09\/inv-5-3.jpg\" \/>\n\n\n\t<div class=\"ms-thumb\" ><div class=\"ms-tab-context\"><div class=\"&quot;ms-tab-context&quot;\"><\/div><\/div>\n<\/div>\n\t\t\t\t<\/div>\n\t\t\t\t<div  class=\"ms-slide\" data-delay=\"3\" data-fill-mode=\"fill\"  >\n\t\t\t\t\t<img decoding=\"async\" src=\"https:\/\/arquivo.osso.pt\/wp-content\/plugins\/master-slider\/public\/assets\/css\/blank.gif\" alt=\"\" title=\"\" data-src=\"https:\/\/arquivo.osso.pt\/wp-content\/uploads\/2024\/09\/inv-5-5.jpg\" \/>\n\n\n\t<div class=\"ms-thumb\" ><div class=\"ms-tab-context\"><div class=\"&quot;ms-tab-context&quot;\"><\/div><\/div>\n<\/div>\n\t\t\t\t<\/div>\n\t\t\t\t<div  class=\"ms-slide\" data-delay=\"3\" data-fill-mode=\"fill\"  >\n\t\t\t\t\t<img decoding=\"async\" src=\"https:\/\/arquivo.osso.pt\/wp-content\/plugins\/master-slider\/public\/assets\/css\/blank.gif\" alt=\"\" title=\"\" data-src=\"https:\/\/arquivo.osso.pt\/wp-content\/uploads\/2024\/09\/inv-5-11.jpg\" \/>\n\n\n\t<div class=\"ms-thumb\" ><div class=\"ms-tab-context\"><div class=\"&quot;ms-tab-context&quot;\"><\/div><\/div>\n<\/div>\n\t\t\t\t<\/div>\n\t\t\t\t<div  class=\"ms-slide\" data-delay=\"3\" data-fill-mode=\"fill\"  >\n\t\t\t\t\t<img decoding=\"async\" src=\"https:\/\/arquivo.osso.pt\/wp-content\/plugins\/master-slider\/public\/assets\/css\/blank.gif\" alt=\"\" title=\"\" data-src=\"https:\/\/arquivo.osso.pt\/wp-content\/uploads\/2024\/09\/inv-5-9.jpg\" \/>\n\n\n\t<div class=\"ms-thumb\" ><div class=\"ms-tab-context\"><div class=\"&quot;ms-tab-context&quot;\"><\/div><\/div>\n<\/div>\n\t\t\t\t<\/div>\n\t\t\t\t<div  class=\"ms-slide\" data-delay=\"3\" data-fill-mode=\"fill\"  >\n\t\t\t\t\t<img decoding=\"async\" src=\"https:\/\/arquivo.osso.pt\/wp-content\/plugins\/master-slider\/public\/assets\/css\/blank.gif\" alt=\"\" title=\"\" data-src=\"https:\/\/arquivo.osso.pt\/wp-content\/uploads\/2024\/09\/inv-5-10.jpg\" \/>\n\n\n\t<div class=\"ms-thumb\" ><div class=\"ms-tab-context\"><div class=\"&quot;ms-tab-context&quot;\"><\/div><\/div>\n<\/div>\n\t\t\t\t<\/div>\n\n\t\t\t<\/div>\n\t\t\t<!-- END MasterSlider Main -->\n\n\t\t\t \n\t\t<\/div>\n\t\t<!-- END MasterSlider -->\n\n\t\t<script>\n\t\t(function ( $ ) {\n\t\t\t\"use strict\";\n\n\t\t\t$(function () {\n\t\t\t\tvar masterslider_fe1d = new MasterSlider();\n\n\t\t\t\t\/\/ slider controls\n\t\t\t\tmasterslider_fe1d.control('arrows'     ,{ autohide:true, overVideo:true  });\t\t\t\tmasterslider_fe1d.control('bullets'    ,{ autohide:false, overVideo:true, dir:'h', align:'bottom' , margin:20  });\n\n\t\t\t\t\/\/ slider setup\n\t\t\t\tmasterslider_fe1d.setup(\"MS69e1a1d9bfe1d\", {\n\t\t\t\t\t\twidth           : 770,\n\t\t\t\t\t\theight          : 513,\n\t\t\t\t\t\tminHeight       : 0,\n\t\t\t\t\t\tspace           : 0,\n\t\t\t\t\t\tstart           : 1,\n\t\t\t\t\t\tgrabCursor      : false,\n\t\t\t\t\t\tswipe           : true,\n\t\t\t\t\t\tmouse           : true,\n\t\t\t\t\t\tlayout          : \"boxed\",\n\t\t\t\t\t\twheel           : false,\n\t\t\t\t\t\tautoplay        : true,\n\t\t\t\t\t\tinstantStartLayers:false,\n\t\t\t\t\t\tloop            : true,\n\t\t\t\t\t\tshuffle         : false,\n\t\t\t\t\t\tpreload         : 0,\n\t\t\t\t\t\theightLimit     : true,\n\t\t\t\t\t\tautoHeight      : false,\n\t\t\t\t\t\tsmoothHeight    : true,\n\t\t\t\t\t\tendPause        : false,\n\t\t\t\t\t\toverPause       : true,\n\t\t\t\t\t\tfillMode        : \"fill\",\n\t\t\t\t\t\tcenterControls  : true,\n\t\t\t\t\t\tstartOnAppear   : false,\n\t\t\t\t\t\tlayersMode      : \"center\",\n\t\t\t\t\t\thideLayers      : false,\n\t\t\t\t\t\tfullscreenMargin: 0,\n\t\t\t\t\t\tspeed           : 20,\n\t\t\t\t\t\tdir             : \"h\",\n\t\t\t\t\t\tparallaxMode    : 'swipe',\n\t\t\t\t\t\tview            : \"fade\"\n\t\t\t\t});\n\n\t\t\t\t\n\t\t\t\twindow.masterslider_instances = window.masterslider_instances || [];\n\t\t\t\twindow.masterslider_instances.push( masterslider_fe1d );\n\t\t\t });\n\n\t\t})(jQuery);\n\t\t<\/script>\n\n<\/div>\n<p><strong>INVASOR ABSTRACTO #5<\/strong><\/p>\n<p><strong>July 08 to 10, 2022<\/strong> | <strong>Centro Cultural de Bel\u00e9m<\/strong> Garagem Sul<\/p>\n<p>In celebration of Garagem Sul&#8217;s 10th anniversary, <strong>INVASOR ABSTRACTO<\/strong> is invited to perform a <strong>radio show<\/strong>. With a <strong>live-set<\/strong> and occupation by <strong>OSSO Colectivo<\/strong> and contributions from <strong>Ricardo Jacinto, Nuno Mor\u00e3o, Teresa Santos<\/strong> and <strong>Pedro Tropa.<\/strong><\/p>\n<p><strong>ANTEC\u00c2MARA<\/strong> is a cultural creation and programming project run by <strong>ASSOCIA\u00c7\u00c3O ANTEC\u00c2MARA<\/strong>. A think tank in which various reflections and events converge &#8211; talks, events, exhibitions, workshops, performances, publications, etc. which, starting from architecture, cross all kinds of visual and spatial art, promoting critical thinking and disciplinary cross-fertilization.<\/p>\n<p>ANTEC\u00c2MARA aims to promote, disseminate, create and debate themes related to architecture, the city and the territory, always taking into account the cultural dimension of the discipline, especially in its social and human sphere. In a logic of community and integration, Antec\u00e2mara operates as an aggregator for the community of professionals in the field of architecture and as an agglutinating space for the population of the neighborhood.<\/p>\n<p>ANTEC\u00c2MARA&#8217;s means of dissemination include a gallery and a radio station.<br \/>\n<strong>GALERIA ANTEC\u00c2MARA&#8217;s<\/strong> program (https:\/\/antecamara-galeria.pt\/galeria\/) has various formats (exhibitions, workshops, talks, events, dedicated cycles, etc.) and participants from different areas, reaffirming the importance of the interdisciplinarity of architecture. Of fundamental importance is the continuous search for a relationship with the public spaces near the gallery and the underlying inclusion of residents of the neighborhood, and beyond, in Antec\u00e2mara&#8217;s activities.<\/p>\n<p><strong>R\u00c1DIO ANTEC\u00c2MARA<\/strong> (http:\/\/antecamara-galeria.pt\/en\/radio\/) combines interdisciplinarity with the desire to address the &#8216;hot&#8217; topics of today&#8217;s society, fostering the creation and research of new contemporary discourses that have a voice through podcasts.<br \/>\nWith almost 3 years of broadcasting content on architecture, R\u00c1DIO ANTEC\u00c2MARA currently has 25 programs, 244 episodes, more than 150,000 clicks, around 500 hours of broadcasting and more than 30 authors and numerous guests. In 2022, she was invited to do a 6-month residency at Garagem Sul\/CCB, giving life to the exhibition &#8220;Sound it. R\u00e1dio Antec\u00e2mara&#8221; (March-September 2022), whose sound installation (by Jo\u00e3o Galante) surrounds the recording studio which, through a differentiated weekly program (50 episodes and 150 guests), continues to reflect on the discipline of architecture in a transversal and broad way.<\/p>\n<p>(https:\/\/www.ccb.pt\/evento\/radio-antecamara-espacos-sonoros\/2022-06-25\/). A R\u00c1DIO ANTEC\u00c2MARA \u00e9 tamb\u00e9m parceira dos podcasts da rede P\u00fablico (https:\/\/www.publico.pt\/podcast-antecamara). Com dois epis\u00f3dios semanais (39 j\u00e1 transmitidos), Antec\u00e2mara\/P3 re\u00fane os epis\u00f3dios mais marcantes da r\u00e1dio e uma sele\u00e7\u00e3o dos emitidos no Sound It.<\/p>\n<p>The headquarters of ASSOCIA\u00c7\u00c3O ANTEC\u00c2MARA are located in a former bakery and bread factory (around 250m2) in the Anjos district of Lisbon. The entrance &#8211; sales space &#8211; to the old bakery is the ANTEC\u00c2MARA GALLERY (30m2), with two large shop windows overlooking the street (Rua de Cabo Verde and Rua de Macau). The successive room (50m2) is a flexible space for training, meetings and rehearsals. Two old ovens (50m2), with a large dome made of donkey bricks, are transformed into a recording studio for R\u00c1DIO ANTEC\u00c2MARA. The rest of the space is used by the artistic, administrative and production teams, as well as by the CCA architecture studio.<\/p>\n<p>The scope of the programme developed by ASSOCIA\u00c7\u00c3O ANTEC\u00c2MARA has already been recognized by various institutions with which collaborative projects have been established, such as: the Arroios Parish Council, Prata da Casa, the Lisbon Architecture Triennale and the Directorate General for the Arts (receiving Support for One-off Projects). It is also worth mentioning the aforementioned invitation from CCB_Centro Cultural de Bel\u00e9m to organize the exhibition that accompanied R\u00e1dio Antec\u00e2mara&#8217;s 6-month residency at Garagem Sul.<\/p>\n<p class=\"t9JBY\"><strong>Sound It. <\/strong>R\u00e1dio Antec\u00e2mara no CCB : <a href=\"https:\/\/cloud.osso.pt\/index.php\/apps\/files\/?dir=\/ARQUIVO_OSSO\/3.%20ARQUIVO%20%7C%20PROJECTOS\/ARQUIVO%20%7C%20PROJECTOS%20%7C%20CRIA%C3%87%C3%83O\/INVASOR%20ABSTRACTO%20%5BOSSO%20colectivo%5D\/INVASOR%20ABSTRACTO%20%235%20%5BLISBOA%20%E2%80%93%20CCB%5D&amp;openfile=68876\" target=\"_blank\" rel=\"noopener\">Listen<\/a><\/p>\n<audio class=\"wp-audio-shortcode\" id=\"audio-21024-1\" preload=\"none\" style=\"width: 100%;\" controls=\"controls\"><source type=\"audio\/mpeg\" src=\"https:\/\/cloud.osso.pt\/index.php\/s\/CqfjE5D9MD7o39J\/download\/51%20Sound%20It_%20OSSO%20Colectivo,%20INVASOR%20ABSTRACTO.mp3?_=1\" \/><a href=\"https:\/\/cloud.osso.pt\/index.php\/s\/CqfjE5D9MD7o39J\/download\/51%20Sound%20It_%20OSSO%20Colectivo,%20INVASOR%20ABSTRACTO.mp3\">https:\/\/cloud.osso.pt\/index.php\/s\/CqfjE5D9MD7o39J\/download\/51%20Sound%20It_%20OSSO%20Colectivo,%20INVASOR%20ABSTRACTO.mp3<\/a><\/audio>\n<\/div>\n<\/div>\n","protected":false},"excerpt":{"rendered":"<p>INVASOR ABSTRACTO #5 July 08 to 10, 2022 | Centro Cultural de Bel\u00e9m Garagem Sul In celebration of Garagem Sul&#8217;s 10th anniversary, INVASOR ABSTRACTO is invited to perform a radio show. With a live-set and occupation by OSSO Colectivo and contributions from Ricardo Jacinto, Nuno Mor\u00e3o, Teresa Santos and Pedro Tropa. ANTEC\u00c2MARA is a cultural creation and programming project run [&hellip;]<\/p>\n","protected":false},"author":1,"featured_media":0,"parent":10343,"menu_order":0,"comment_status":"closed","ping_status":"closed","template":"","meta":{"footnotes":""},"class_list":["post-21024","page","type-page","status-publish","hentry"],"_links":{"self":[{"href":"https:\/\/arquivo.osso.pt\/en\/wp-json\/wp\/v2\/pages\/21024","targetHints":{"allow":["GET"]}}],"collection":[{"href":"https:\/\/arquivo.osso.pt\/en\/wp-json\/wp\/v2\/pages"}],"about":[{"href":"https:\/\/arquivo.osso.pt\/en\/wp-json\/wp\/v2\/types\/page"}],"author":[{"embeddable":true,"href":"https:\/\/arquivo.osso.pt\/en\/wp-json\/wp\/v2\/users\/1"}],"replies":[{"embeddable":true,"href":"https:\/\/arquivo.osso.pt\/en\/wp-json\/wp\/v2\/comments?post=21024"}],"version-history":[{"count":3,"href":"https:\/\/arquivo.osso.pt\/en\/wp-json\/wp\/v2\/pages\/21024\/revisions"}],"predecessor-version":[{"id":21028,"href":"https:\/\/arquivo.osso.pt\/en\/wp-json\/wp\/v2\/pages\/21024\/revisions\/21028"}],"up":[{"embeddable":true,"href":"https:\/\/arquivo.osso.pt\/en\/wp-json\/wp\/v2\/pages\/10343"}],"wp:attachment":[{"href":"https:\/\/arquivo.osso.pt\/en\/wp-json\/wp\/v2\/media?parent=21024"}],"curies":[{"name":"wp","href":"https:\/\/api.w.org\/{rel}","templated":true}]}}