{"id":20205,"date":"2024-07-16T13:38:56","date_gmt":"2024-07-16T13:38:56","guid":{"rendered":"https:\/\/arquivo.osso.pt\/?page_id=20205"},"modified":"2024-07-16T13:38:56","modified_gmt":"2024-07-16T13:38:56","slug":"visit-to-the-emergency-plan-exhibition-may-10-2024","status":"publish","type":"page","link":"https:\/\/arquivo.osso.pt\/en\/workshops\/school-of-labyrinths\/visit-to-the-emergency-plan-exhibition-may-10-2024\/","title":{"rendered":"Visit to the Emergency Plan Exhibition | May 10, 2024"},"content":{"rendered":"<div class=\"iframe\" style=\"max-width: 770px; height: auto; margin: 0px auto 50px auto;\">\n<div dir=\"ltr\" style=\"text-align: justify;\">\n<div align=\"center\">\n\t\t<!-- MasterSlider -->\n\t\t<div id=\"P_MS69fd0b934d590\" class=\"master-slider-parent msl ms-parent-id-181\" style=\"max-width:770px;\">\n\n\t\t\t\n\t\t\t<!-- MasterSlider Main -->\n\t\t\t<div id=\"MS69fd0b934d590\" class=\"master-slider ms-skin-default\" >\n\t\t\t\t \t\t\t\t \n\t\t\t\t<div  class=\"ms-slide\" data-delay=\"3\" data-fill-mode=\"fill\"  >\n\t\t\t\t\t<img decoding=\"async\" src=\"https:\/\/arquivo.osso.pt\/wp-content\/plugins\/master-slider\/public\/assets\/css\/blank.gif\" alt=\"\" title=\"\" data-src=\"https:\/\/arquivo.osso.pt\/wp-content\/uploads\/2024\/07\/planta-1.jpg\" \/>\n\n\n\t<div class=\"ms-thumb\" ><div class=\"ms-tab-context\"><div class=\"&quot;ms-tab-context&quot;\"><\/div><\/div>\n<\/div>\n\t\t\t\t<\/div>\n\t\t\t\t<div  class=\"ms-slide\" data-delay=\"3\" data-fill-mode=\"fill\"  >\n\t\t\t\t\t<img decoding=\"async\" src=\"https:\/\/arquivo.osso.pt\/wp-content\/plugins\/master-slider\/public\/assets\/css\/blank.gif\" alt=\"\" title=\"\" data-src=\"https:\/\/arquivo.osso.pt\/wp-content\/uploads\/2024\/07\/planta-2.jpg\" \/>\n\n\n\t<div class=\"ms-thumb\" ><div class=\"ms-tab-context\"><div class=\"&quot;ms-tab-context&quot;\"><\/div><\/div>\n<\/div>\n\t\t\t\t<\/div>\n\t\t\t\t<div  class=\"ms-slide\" data-delay=\"3\" data-fill-mode=\"fill\"  >\n\t\t\t\t\t<img decoding=\"async\" src=\"https:\/\/arquivo.osso.pt\/wp-content\/plugins\/master-slider\/public\/assets\/css\/blank.gif\" alt=\"\" title=\"\" data-src=\"https:\/\/arquivo.osso.pt\/wp-content\/uploads\/2024\/07\/planta-4.jpg\" \/>\n\n\n\t<div class=\"ms-thumb\" ><div class=\"ms-tab-context\"><div class=\"&quot;ms-tab-context&quot;\"><\/div><\/div>\n<\/div>\n\t\t\t\t<\/div>\n\t\t\t\t<div  class=\"ms-slide\" data-delay=\"3\" data-fill-mode=\"fill\"  >\n\t\t\t\t\t<img decoding=\"async\" src=\"https:\/\/arquivo.osso.pt\/wp-content\/plugins\/master-slider\/public\/assets\/css\/blank.gif\" alt=\"\" title=\"\" data-src=\"https:\/\/arquivo.osso.pt\/wp-content\/uploads\/2024\/07\/planta-6.jpg\" \/>\n\n\n\t<div class=\"ms-thumb\" ><div class=\"ms-tab-context\"><div class=\"&quot;ms-tab-context&quot;\"><\/div><\/div>\n<\/div>\n\t\t\t\t<\/div>\n\t\t\t\t<div  class=\"ms-slide\" data-delay=\"3\" data-fill-mode=\"fill\"  >\n\t\t\t\t\t<img decoding=\"async\" src=\"https:\/\/arquivo.osso.pt\/wp-content\/plugins\/master-slider\/public\/assets\/css\/blank.gif\" alt=\"\" title=\"\" data-src=\"https:\/\/arquivo.osso.pt\/wp-content\/uploads\/2024\/07\/planta-7.jpg\" \/>\n\n\n\t<div class=\"ms-thumb\" ><div class=\"ms-tab-context\"><div class=\"&quot;ms-tab-context&quot;\"><\/div><\/div>\n<\/div>\n\t\t\t\t<\/div>\n\t\t\t\t<div  class=\"ms-slide\" data-delay=\"3\" data-fill-mode=\"fill\"  >\n\t\t\t\t\t<img decoding=\"async\" src=\"https:\/\/arquivo.osso.pt\/wp-content\/plugins\/master-slider\/public\/assets\/css\/blank.gif\" alt=\"\" title=\"\" data-src=\"https:\/\/arquivo.osso.pt\/wp-content\/uploads\/2024\/07\/planta-8.jpg\" \/>\n\n\n\t<div class=\"ms-thumb\" ><div class=\"ms-tab-context\"><div class=\"&quot;ms-tab-context&quot;\"><\/div><\/div>\n<\/div>\n\t\t\t\t<\/div>\n\t\t\t\t<div  class=\"ms-slide\" data-delay=\"3\" data-fill-mode=\"fill\"  >\n\t\t\t\t\t<img decoding=\"async\" src=\"https:\/\/arquivo.osso.pt\/wp-content\/plugins\/master-slider\/public\/assets\/css\/blank.gif\" alt=\"\" title=\"\" data-src=\"https:\/\/arquivo.osso.pt\/wp-content\/uploads\/2024\/07\/planta-9.jpg\" \/>\n\n\n\t<div class=\"ms-thumb\" ><div class=\"ms-tab-context\"><div class=\"&quot;ms-tab-context&quot;\"><\/div><\/div>\n<\/div>\n\t\t\t\t<\/div>\n\t\t\t\t<div  class=\"ms-slide\" data-delay=\"3\" data-fill-mode=\"fill\"  >\n\t\t\t\t\t<img decoding=\"async\" src=\"https:\/\/arquivo.osso.pt\/wp-content\/plugins\/master-slider\/public\/assets\/css\/blank.gif\" alt=\"\" title=\"\" data-src=\"https:\/\/arquivo.osso.pt\/wp-content\/uploads\/2024\/07\/planta-10.jpg\" \/>\n\n\n\t<div class=\"ms-thumb\" ><div class=\"ms-tab-context\"><div class=\"&quot;ms-tab-context&quot;\"><\/div><\/div>\n<\/div>\n\t\t\t\t<\/div>\n\t\t\t\t<div  class=\"ms-slide\" data-delay=\"3\" data-fill-mode=\"fill\"  >\n\t\t\t\t\t<img decoding=\"async\" src=\"https:\/\/arquivo.osso.pt\/wp-content\/plugins\/master-slider\/public\/assets\/css\/blank.gif\" alt=\"\" title=\"\" data-src=\"https:\/\/arquivo.osso.pt\/wp-content\/uploads\/2024\/07\/planta-11.jpg\" \/>\n\n\n\t<div class=\"ms-thumb\" ><div class=\"ms-tab-context\"><div class=\"&quot;ms-tab-context&quot;\"><\/div><\/div>\n<\/div>\n\t\t\t\t<\/div>\n\t\t\t\t<div  class=\"ms-slide\" data-delay=\"3\" data-fill-mode=\"fill\"  >\n\t\t\t\t\t<img decoding=\"async\" src=\"https:\/\/arquivo.osso.pt\/wp-content\/plugins\/master-slider\/public\/assets\/css\/blank.gif\" alt=\"\" title=\"\" data-src=\"https:\/\/arquivo.osso.pt\/wp-content\/uploads\/2024\/07\/planta-12.jpg\" \/>\n\n\n\t<div class=\"ms-thumb\" ><div class=\"ms-tab-context\"><div class=\"&quot;ms-tab-context&quot;\"><\/div><\/div>\n<\/div>\n\t\t\t\t<\/div>\n\t\t\t\t<div  class=\"ms-slide\" data-delay=\"3\" data-fill-mode=\"fill\"  >\n\t\t\t\t\t<img decoding=\"async\" src=\"https:\/\/arquivo.osso.pt\/wp-content\/plugins\/master-slider\/public\/assets\/css\/blank.gif\" alt=\"\" title=\"\" data-src=\"https:\/\/arquivo.osso.pt\/wp-content\/uploads\/2024\/07\/planta-13.jpg\" \/>\n\n\n\t<div class=\"ms-thumb\" ><div class=\"ms-tab-context\"><div class=\"&quot;ms-tab-context&quot;\"><\/div><\/div>\n<\/div>\n\t\t\t\t<\/div>\n\t\t\t\t<div  class=\"ms-slide\" data-delay=\"3\" data-fill-mode=\"fill\"  >\n\t\t\t\t\t<img decoding=\"async\" src=\"https:\/\/arquivo.osso.pt\/wp-content\/plugins\/master-slider\/public\/assets\/css\/blank.gif\" alt=\"\" title=\"\" data-src=\"https:\/\/arquivo.osso.pt\/wp-content\/uploads\/2024\/07\/planta-3.jpg\" \/>\n\n\n\t<div class=\"ms-thumb\" ><div class=\"ms-tab-context\"><div class=\"&quot;ms-tab-context&quot;\"><\/div><\/div>\n<\/div>\n\t\t\t\t<\/div>\n\t\t\t\t<div  class=\"ms-slide\" data-delay=\"3\" data-fill-mode=\"fill\"  >\n\t\t\t\t\t<img decoding=\"async\" src=\"https:\/\/arquivo.osso.pt\/wp-content\/plugins\/master-slider\/public\/assets\/css\/blank.gif\" alt=\"\" title=\"\" data-src=\"https:\/\/arquivo.osso.pt\/wp-content\/uploads\/2024\/07\/planta-14.jpg\" \/>\n\n\n\t<div class=\"ms-thumb\" ><div class=\"ms-tab-context\"><div class=\"&quot;ms-tab-context&quot;\"><\/div><\/div>\n<\/div>\n\t\t\t\t<\/div>\n\n\t\t\t<\/div>\n\t\t\t<!-- END MasterSlider Main -->\n\n\t\t\t \n\t\t<\/div>\n\t\t<!-- END MasterSlider -->\n\n\t\t<script>\n\t\t(function ( $ ) {\n\t\t\t\"use strict\";\n\n\t\t\t$(function () {\n\t\t\t\tvar masterslider_d590 = new MasterSlider();\n\n\t\t\t\t\/\/ slider controls\n\t\t\t\tmasterslider_d590.control('arrows'     ,{ autohide:true, overVideo:true  });\t\t\t\tmasterslider_d590.control('bullets'    ,{ autohide:false, overVideo:true, dir:'h', align:'bottom' , margin:20  });\n\n\t\t\t\t\/\/ slider setup\n\t\t\t\tmasterslider_d590.setup(\"MS69fd0b934d590\", {\n\t\t\t\t\t\twidth           : 770,\n\t\t\t\t\t\theight          : 513,\n\t\t\t\t\t\tminHeight       : 0,\n\t\t\t\t\t\tspace           : 0,\n\t\t\t\t\t\tstart           : 1,\n\t\t\t\t\t\tgrabCursor      : false,\n\t\t\t\t\t\tswipe           : true,\n\t\t\t\t\t\tmouse           : true,\n\t\t\t\t\t\tlayout          : \"boxed\",\n\t\t\t\t\t\twheel           : false,\n\t\t\t\t\t\tautoplay        : true,\n\t\t\t\t\t\tinstantStartLayers:false,\n\t\t\t\t\t\tloop            : true,\n\t\t\t\t\t\tshuffle         : false,\n\t\t\t\t\t\tpreload         : 0,\n\t\t\t\t\t\theightLimit     : true,\n\t\t\t\t\t\tautoHeight      : false,\n\t\t\t\t\t\tsmoothHeight    : true,\n\t\t\t\t\t\tendPause        : false,\n\t\t\t\t\t\toverPause       : true,\n\t\t\t\t\t\tfillMode        : \"fill\",\n\t\t\t\t\t\tcenterControls  : true,\n\t\t\t\t\t\tstartOnAppear   : false,\n\t\t\t\t\t\tlayersMode      : \"center\",\n\t\t\t\t\t\thideLayers      : false,\n\t\t\t\t\t\tfullscreenMargin: 0,\n\t\t\t\t\t\tspeed           : 20,\n\t\t\t\t\t\tdir             : \"h\",\n\t\t\t\t\t\tparallaxMode    : 'swipe',\n\t\t\t\t\t\tview            : \"fade\"\n\t\t\t\t});\n\n\t\t\t\t\n\t\t\t\twindow.masterslider_instances = window.masterslider_instances || [];\n\t\t\t\twindow.masterslider_instances.push( masterslider_d590 );\n\t\t\t });\n\n\t\t})(jQuery);\n\t\t<\/script>\n\n<\/div>\n<p><strong>Visit to the Emergency Plan Exhibition<\/strong><\/p>\n<p>Workshop by <strong>OSSO Colectivo<\/strong> with children aged 6 to 12.<\/p>\n<p><span style=\"font-weight: 400;\">Expanded Territory, Synchronicities and Nomadisms: Period of residency and exhibition at OSSO to present the projects carried out by the artists in 2023 and now exhibited collectively and circulating through the four spaces in Portugal.  This project is curated by Oficinas do Convento (Montemor-o-Novo), OSSO (S\u00e3o Greg\u00f3rio, Caldas da Rainha), Maus H\u00e1bitos (Porto) and P\u00f3 de Vir a Ser (\u00c9vora).<\/span><\/p>\n<p>&nbsp;<\/p>\n<p><strong>Local:<\/strong> OSSO, Aldeia de S\u00e3o Greg\u00f3rio<br \/>\n<strong>Date:<\/strong> May 10, 2024<\/p>\n<\/div>\n<\/div>\n","protected":false},"excerpt":{"rendered":"<p>Visit to the Emergency Plan Exhibition Workshop by OSSO Colectivo with children aged 6 to 12. Expanded Territory, Synchronicities and Nomadisms: Period of residency and exhibition at OSSO to present the projects carried out by the artists in 2023 and now exhibited collectively and circulating through the four spaces in Portugal. This project is curated by Oficinas do Convento (Montemor-o-Novo), [&hellip;]<\/p>\n","protected":false},"author":1,"featured_media":0,"parent":15574,"menu_order":0,"comment_status":"closed","ping_status":"closed","template":"","meta":{"footnotes":""},"class_list":["post-20205","page","type-page","status-publish","hentry"],"_links":{"self":[{"href":"https:\/\/arquivo.osso.pt\/en\/wp-json\/wp\/v2\/pages\/20205","targetHints":{"allow":["GET"]}}],"collection":[{"href":"https:\/\/arquivo.osso.pt\/en\/wp-json\/wp\/v2\/pages"}],"about":[{"href":"https:\/\/arquivo.osso.pt\/en\/wp-json\/wp\/v2\/types\/page"}],"author":[{"embeddable":true,"href":"https:\/\/arquivo.osso.pt\/en\/wp-json\/wp\/v2\/users\/1"}],"replies":[{"embeddable":true,"href":"https:\/\/arquivo.osso.pt\/en\/wp-json\/wp\/v2\/comments?post=20205"}],"version-history":[{"count":1,"href":"https:\/\/arquivo.osso.pt\/en\/wp-json\/wp\/v2\/pages\/20205\/revisions"}],"predecessor-version":[{"id":20206,"href":"https:\/\/arquivo.osso.pt\/en\/wp-json\/wp\/v2\/pages\/20205\/revisions\/20206"}],"up":[{"embeddable":true,"href":"https:\/\/arquivo.osso.pt\/en\/wp-json\/wp\/v2\/pages\/15574"}],"wp:attachment":[{"href":"https:\/\/arquivo.osso.pt\/en\/wp-json\/wp\/v2\/media?parent=20205"}],"curies":[{"name":"wp","href":"https:\/\/api.w.org\/{rel}","templated":true}]}}