{"id":18588,"date":"2023-10-04T16:37:09","date_gmt":"2023-10-04T16:37:09","guid":{"rendered":"https:\/\/arquivo.osso.pt\/?page_id=18588"},"modified":"2023-10-04T16:37:09","modified_gmt":"2023-10-04T16:37:09","slug":"open-day-06","status":"publish","type":"page","link":"https:\/\/arquivo.osso.pt\/en\/programacao-3\/openday\/open-day-06\/","title":{"rendered":"OPEN DAY #06"},"content":{"rendered":"<div class=\"iframe\" style=\"max-width: 770px; height: auto; margin-left: auto; margin-right: auto; margin-top: 25px; margin-bottom: 50px;\">\n<div dir=\"ltr\" style=\"text-align: justify;\">\n<div align=\"center\">\n\t\t<!-- MasterSlider -->\n\t\t<div id=\"P_MS69e03abd0c4f7\" class=\"master-slider-parent msl ms-parent-id-110\" style=\"max-width:770px;\">\n\n\t\t\t\n\t\t\t<!-- MasterSlider Main -->\n\t\t\t<div id=\"MS69e03abd0c4f7\" class=\"master-slider ms-skin-default\" >\n\t\t\t\t \t\t\t\t \n\t\t\t\t<div  class=\"ms-slide\" data-delay=\"2\" data-fill-mode=\"fill\"  >\n\t\t\t\t\t<img decoding=\"async\" src=\"https:\/\/arquivo.osso.pt\/wp-content\/plugins\/master-slider\/public\/assets\/css\/blank.gif\" alt=\"\" title=\"\" data-src=\"https:\/\/arquivo.osso.pt\/wp-content\/uploads\/2022\/09\/diaaberto4_geral1.jpg\" \/>\n\n\n\t<div class=\"ms-thumb\" ><div class=\"ms-tab-context\"><div class=\"&quot;ms-tab-context&quot;\"><\/div><\/div>\n<\/div>\n\t\t\t\t<\/div>\n\t\t\t\t<div  class=\"ms-slide\" data-delay=\"2\" data-fill-mode=\"fill\"  >\n\t\t\t\t\t<img decoding=\"async\" src=\"https:\/\/arquivo.osso.pt\/wp-content\/plugins\/master-slider\/public\/assets\/css\/blank.gif\" alt=\"\" title=\"\" data-src=\"https:\/\/arquivo.osso.pt\/wp-content\/uploads\/2022\/09\/diaaberto4_geral2.jpg\" \/>\n\n\n\t<div class=\"ms-thumb\" ><div class=\"ms-tab-context\"><div class=\"&quot;ms-tab-context&quot;\"><\/div><\/div>\n<\/div>\n\t\t\t\t<\/div>\n\t\t\t\t<div  class=\"ms-slide\" data-delay=\"2\" data-fill-mode=\"fill\"  >\n\t\t\t\t\t<img decoding=\"async\" src=\"https:\/\/arquivo.osso.pt\/wp-content\/plugins\/master-slider\/public\/assets\/css\/blank.gif\" alt=\"\" title=\"\" data-src=\"https:\/\/arquivo.osso.pt\/wp-content\/uploads\/2022\/09\/diaaberto4_geral3.jpg\" \/>\n\n\n\t<div class=\"ms-thumb\" ><div class=\"ms-tab-context\"><div class=\"&quot;ms-tab-context&quot;\"><\/div><\/div>\n<\/div>\n\t\t\t\t<\/div>\n\t\t\t\t<div  class=\"ms-slide\" data-delay=\"2\" data-fill-mode=\"fill\"  >\n\t\t\t\t\t<img decoding=\"async\" src=\"https:\/\/arquivo.osso.pt\/wp-content\/plugins\/master-slider\/public\/assets\/css\/blank.gif\" alt=\"\" title=\"\" data-src=\"https:\/\/arquivo.osso.pt\/wp-content\/uploads\/2022\/09\/diaaberto4_geral4.jpg\" \/>\n\n\n\t<div class=\"ms-thumb\" ><div class=\"ms-tab-context\"><div class=\"&quot;ms-tab-context&quot;\"><\/div><\/div>\n<\/div>\n\t\t\t\t<\/div>\n\t\t\t\t<div  class=\"ms-slide\" data-delay=\"2\" data-fill-mode=\"fill\"  >\n\t\t\t\t\t<img decoding=\"async\" src=\"https:\/\/arquivo.osso.pt\/wp-content\/plugins\/master-slider\/public\/assets\/css\/blank.gif\" alt=\"\" title=\"\" data-src=\"https:\/\/arquivo.osso.pt\/wp-content\/uploads\/2022\/09\/diaaberto4_geral5.jpg\" \/>\n\n\n\t<div class=\"ms-thumb\" ><div class=\"ms-tab-context\"><div class=\"&quot;ms-tab-context&quot;\"><\/div><\/div>\n<\/div>\n\t\t\t\t<\/div>\n\t\t\t\t<div  class=\"ms-slide\" data-delay=\"2\" data-fill-mode=\"fill\"  >\n\t\t\t\t\t<img decoding=\"async\" src=\"https:\/\/arquivo.osso.pt\/wp-content\/plugins\/master-slider\/public\/assets\/css\/blank.gif\" alt=\"\" title=\"\" data-src=\"https:\/\/arquivo.osso.pt\/wp-content\/uploads\/2022\/09\/diaaberto4_geral7.jpg\" \/>\n\n\n\t<div class=\"ms-thumb\" ><div class=\"ms-tab-context\"><div class=\"&quot;ms-tab-context&quot;\"><\/div><\/div>\n<\/div>\n\t\t\t\t<\/div>\n\t\t\t\t<div  class=\"ms-slide\" data-delay=\"2\" data-fill-mode=\"fill\"  >\n\t\t\t\t\t<img decoding=\"async\" src=\"https:\/\/arquivo.osso.pt\/wp-content\/plugins\/master-slider\/public\/assets\/css\/blank.gif\" alt=\"\" title=\"\" data-src=\"https:\/\/arquivo.osso.pt\/wp-content\/uploads\/2022\/09\/diaaberto4_geral6.jpg\" \/>\n\n\n\t<div class=\"ms-thumb\" ><div class=\"ms-tab-context\"><div class=\"&quot;ms-tab-context&quot;\"><\/div><\/div>\n<\/div>\n\t\t\t\t<\/div>\n\t\t\t\t<div  class=\"ms-slide\" data-delay=\"2\" data-fill-mode=\"fill\"  >\n\t\t\t\t\t<img decoding=\"async\" src=\"https:\/\/arquivo.osso.pt\/wp-content\/plugins\/master-slider\/public\/assets\/css\/blank.gif\" alt=\"\" title=\"\" data-src=\"https:\/\/arquivo.osso.pt\/wp-content\/uploads\/2022\/09\/diaaberto4_geral8.jpg\" \/>\n\n\n\t<div class=\"ms-thumb\" ><div class=\"ms-tab-context\"><div class=\"&quot;ms-tab-context&quot;\"><\/div><\/div>\n<\/div>\n\t\t\t\t<\/div>\n\t\t\t\t<div  class=\"ms-slide\" data-delay=\"2\" data-fill-mode=\"fill\"  >\n\t\t\t\t\t<img decoding=\"async\" src=\"https:\/\/arquivo.osso.pt\/wp-content\/plugins\/master-slider\/public\/assets\/css\/blank.gif\" alt=\"\" title=\"\" data-src=\"https:\/\/arquivo.osso.pt\/wp-content\/uploads\/2022\/09\/diaaberto4_geral9.jpg\" \/>\n\n\n\t<div class=\"ms-thumb\" ><div class=\"ms-tab-context\"><div class=\"&quot;ms-tab-context&quot;\"><\/div><\/div>\n<\/div>\n\t\t\t\t<\/div>\n\t\t\t\t<div  class=\"ms-slide\" data-delay=\"2\" data-fill-mode=\"fill\"  >\n\t\t\t\t\t<img decoding=\"async\" src=\"https:\/\/arquivo.osso.pt\/wp-content\/plugins\/master-slider\/public\/assets\/css\/blank.gif\" alt=\"\" title=\"\" data-src=\"https:\/\/arquivo.osso.pt\/wp-content\/uploads\/2022\/09\/diaaberto4_geral10.jpg\" \/>\n\n\n\t<div class=\"ms-thumb\" ><div class=\"ms-tab-context\"><div class=\"&quot;ms-tab-context&quot;\"><\/div><\/div>\n<\/div>\n\t\t\t\t<\/div>\n\t\t\t\t<div  class=\"ms-slide\" data-delay=\"2\" data-fill-mode=\"fill\"  >\n\t\t\t\t\t<img decoding=\"async\" src=\"https:\/\/arquivo.osso.pt\/wp-content\/plugins\/master-slider\/public\/assets\/css\/blank.gif\" alt=\"\" title=\"\" data-src=\"https:\/\/arquivo.osso.pt\/wp-content\/uploads\/2022\/09\/diaaberto4_geral11.jpg\" \/>\n\n\n\t<div class=\"ms-thumb\" ><div class=\"ms-tab-context\"><div class=\"&quot;ms-tab-context&quot;\"><\/div><\/div>\n<\/div>\n\t\t\t\t<\/div>\n\n\t\t\t<\/div>\n\t\t\t<!-- END MasterSlider Main -->\n\n\t\t\t \n\t\t<\/div>\n\t\t<!-- END MasterSlider -->\n\n\t\t<script>\n\t\t(function ( $ ) {\n\t\t\t\"use strict\";\n\n\t\t\t$(function () {\n\t\t\t\tvar masterslider_c4f7 = new MasterSlider();\n\n\t\t\t\t\/\/ slider controls\n\t\t\t\tmasterslider_c4f7.control('arrows'     ,{ autohide:true, overVideo:true  });\t\t\t\tmasterslider_c4f7.control('bullets'    ,{ autohide:false, overVideo:true, dir:'h', align:'bottom' , margin:20  });\n\n\t\t\t\t\/\/ slider setup\n\t\t\t\tmasterslider_c4f7.setup(\"MS69e03abd0c4f7\", {\n\t\t\t\t\t\twidth           : 770,\n\t\t\t\t\t\theight          : 513,\n\t\t\t\t\t\tminHeight       : 0,\n\t\t\t\t\t\tspace           : 0,\n\t\t\t\t\t\tstart           : 1,\n\t\t\t\t\t\tgrabCursor      : false,\n\t\t\t\t\t\tswipe           : true,\n\t\t\t\t\t\tmouse           : true,\n\t\t\t\t\t\tlayout          : \"boxed\",\n\t\t\t\t\t\twheel           : false,\n\t\t\t\t\t\tautoplay        : true,\n\t\t\t\t\t\tinstantStartLayers:false,\n\t\t\t\t\t\tloop            : true,\n\t\t\t\t\t\tshuffle         : false,\n\t\t\t\t\t\tpreload         : 0,\n\t\t\t\t\t\theightLimit     : true,\n\t\t\t\t\t\tautoHeight      : false,\n\t\t\t\t\t\tsmoothHeight    : true,\n\t\t\t\t\t\tendPause        : false,\n\t\t\t\t\t\toverPause       : true,\n\t\t\t\t\t\tfillMode        : \"fill\",\n\t\t\t\t\t\tcenterControls  : true,\n\t\t\t\t\t\tstartOnAppear   : false,\n\t\t\t\t\t\tlayersMode      : \"center\",\n\t\t\t\t\t\thideLayers      : false,\n\t\t\t\t\t\tfullscreenMargin: 0,\n\t\t\t\t\t\tspeed           : 20,\n\t\t\t\t\t\tdir             : \"h\",\n\t\t\t\t\t\tparallaxMode    : 'swipe',\n\t\t\t\t\t\tview            : \"fade\"\n\t\t\t\t});\n\n\t\t\t\t\n\t\t\t\twindow.masterslider_instances = window.masterslider_instances || [];\n\t\t\t\twindow.masterslider_instances.push( masterslider_c4f7 );\n\t\t\t });\n\n\t\t})(jQuery);\n\t\t<\/script>\n\n<\/div>\n<p><strong>Open Day #06 | July 23rd 2022<\/strong><\/p>\n<p><strong>PROGRAM<\/strong><br \/>\n<strong>11h \/ CL\u00c1UDIA ALVES<br \/>\nSONS EM MOVIMENTO (pensar, ver e escutar os filmes)<\/strong><br \/>\n<a href=\"https:\/\/arquivo.osso.pt\/formacao\/escola-dos-labirintos\/claudia-alves-pensar-ver-e-escutar-os-filmes\/\"><strong><u>Workshop<\/u><\/strong><\/a> for children aged 6 to 10 and families<\/p>\n<p><strong>15h \/ BOCA e Poesia.FM<br \/>\nPOETAS EM CONSTRU\u00c7\u00c3O<\/strong><br \/>\n<strong><u><a href=\"https:\/\/arquivo.osso.pt\/formacao\/escola-dos-labirintos\/boca-e-poesiafm-poetas-em-construcao\/\">Workshop<\/a><\/u><\/strong> with Sandy Gageiro, for children aged 6 to 10.<\/p>\n<p><strong>21h \/ SULLA LINGUA<\/strong><br \/>\n(Anthony Pateras, Riccardo La Foresta, Stefano Pilia)<\/p>\n<div class=\"flex flex-grow flex-col gap-3 max-w-full\">\n<div class=\"min-h-[20px] flex flex-col items-start gap-3 overflow-x-auto whitespace-pre-wrap break-words\">\n<div class=\"markdown prose w-full break-words dark:prose-invert light\">\n<p><strong>&#8220;Sulla Lingua&#8221;<\/strong> is the new Italian-Australian trio formed in 2021 by <strong>Anthony Pateras<\/strong>, <strong>Stefano Pilia<\/strong>, and <strong>Riccardo La Foresta<\/strong>. The caveman rhythms and distilled melodies result from the collision of the three&#8217;s experiences in sharing collaborations and their solo projects. Starting with recording La Foresta&#8217;s Drummophone, manipulated and crafted by Pateras and Pilia during a residency in Modena last summer, the trio has built a repertoire of melodies that is already a modern classic of good-time math-prog-disco-slow-head-banging. &#8220;Sulla Lingua&#8221; is Italian for &#8220;on the tongue&#8221; or &#8220;on language&#8221; and is a symptom of the desire to cross idiomatic expressions with fun-loving rock music.<\/p>\n<p>Anthony Pateras, synthesizer and samples<br \/>\nStefano Pilia, baritone guitar<br \/>\nRiccardo La Foresta, drums<\/p>\n<\/div>\n<\/div>\n<\/div>\n<p><strong>22h \/ PEDRO OLIVEIRA<br \/>\n<\/strong>Has been playing the drums since 1995. In 1997, he joined the band KAFKA and toured the country, including the F. SUDOESTE festival in 1999. In 2004, he became a part of SUBMARINE, and in 2005, he joined GREEN MACHINE. He began working as a supporting musician, accompanying OLD JERUSALEM. In 2007, he formed PEIXE:AVI\u00c3O, an iconic band in the new Portuguese rock scene. He also created soundtracks for movies and television, such as &#8220;O QUE H\u00c1 DE NOVO NO AMOR,&#8221; &#8220;M\u00c9NILMONTANT,&#8221; and &#8220;THE LADY AND THE HOOLIGAN.&#8221;<\/p>\n<p>In 2010, he founded the label\/collective PAD \/ EASY PIECES. In 2015, with OZO, he started more exploratory work based on electronics and signal processing, using prepared drums. In 2016, he created KRAKE (solo), exploring the timbral relationship between drums, amplifiers, and electronics, creating a universe reminiscent of horror films. In 2017, he joined OSSO VAIDOSO (Alexandre Soares and Ana Deus). In 2018, he contributed to the recording of KRAKE&#8217;s &#8220;THE CLIFTON BRIDGE LANDSCAPES&#8221; with Jim Barr (Portishead), Jake McMurchie (Portishead-live\/Massive Attack), and Pete Judge (Get the Blessing \/ Noel Gallagher-live).<\/p>\n<p>In 2019, he took on the rhythmic creation for Cl\u00e3 and collaborated with Vincent Moon (Blogotheque), Priscilla Telmon, and Rabih Beaini on the music production for &#8220;HIBRIDOS FROM BRASIL.&#8221; In 2021, he began a partnership with Rui Reininho in the &#8220;20.000 \u00c9guas Submarinas&#8221; concerts. With Cl\u00e3, they won the Play Award for Best Band and received a nomination for a Golden Globe Award for Best Song with the track &#8220;Tudo no Amor.&#8221; He has also collaborated with Bernardo Sassetti, S\u00e9rgio Godinho, Samuel \u00daria, BFachada, T\u00f3 Trips, Jo\u00e3o Pedro Coimbra, S\u00e9rgio Nascimento, Jorge Coelho, Adolfo Lux\u00faria Canibal, Evan Parker, Gon\u00e7alo, Evols, Ra-fa-el, Sensible Soccers, Vincent Moon, Priscilla Telmon, Rabih Beaini, among others.<\/p>\n<p><strong>Supporters: <\/strong>C\u00e2mara Municipal Caldas da Rainha, Centro de Artes Caldas da Rainha, Gr\u00e9mio Caldense, Centro de Apoio Social da Freguesia de S\u00e3o Greg\u00f3rio e S\u00e3o Greg\u00f3rio Gin\u00e1sio Clube.<\/p>\n<\/div>\n<\/div>\n","protected":false},"excerpt":{"rendered":"<p>Open Day #06 | July 23rd 2022 PROGRAM 11h \/ CL\u00c1UDIA ALVES SONS EM MOVIMENTO (pensar, ver e escutar os filmes) Workshop for children aged 6 to 10 and families 15h \/ BOCA e Poesia.FM POETAS EM CONSTRU\u00c7\u00c3O Workshop with Sandy Gageiro, for children aged 6 to 10. 21h \/ SULLA LINGUA (Anthony Pateras, Riccardo La Foresta, Stefano Pilia) &#8220;Sulla [&hellip;]<\/p>\n","protected":false},"author":1,"featured_media":0,"parent":10614,"menu_order":0,"comment_status":"closed","ping_status":"closed","template":"","meta":{"footnotes":""},"class_list":["post-18588","page","type-page","status-publish","hentry"],"_links":{"self":[{"href":"https:\/\/arquivo.osso.pt\/en\/wp-json\/wp\/v2\/pages\/18588","targetHints":{"allow":["GET"]}}],"collection":[{"href":"https:\/\/arquivo.osso.pt\/en\/wp-json\/wp\/v2\/pages"}],"about":[{"href":"https:\/\/arquivo.osso.pt\/en\/wp-json\/wp\/v2\/types\/page"}],"author":[{"embeddable":true,"href":"https:\/\/arquivo.osso.pt\/en\/wp-json\/wp\/v2\/users\/1"}],"replies":[{"embeddable":true,"href":"https:\/\/arquivo.osso.pt\/en\/wp-json\/wp\/v2\/comments?post=18588"}],"version-history":[{"count":1,"href":"https:\/\/arquivo.osso.pt\/en\/wp-json\/wp\/v2\/pages\/18588\/revisions"}],"predecessor-version":[{"id":18589,"href":"https:\/\/arquivo.osso.pt\/en\/wp-json\/wp\/v2\/pages\/18588\/revisions\/18589"}],"up":[{"embeddable":true,"href":"https:\/\/arquivo.osso.pt\/en\/wp-json\/wp\/v2\/pages\/10614"}],"wp:attachment":[{"href":"https:\/\/arquivo.osso.pt\/en\/wp-json\/wp\/v2\/media?parent=18588"}],"curies":[{"name":"wp","href":"https:\/\/api.w.org\/{rel}","templated":true}]}}