{"id":18573,"date":"2023-10-04T16:03:27","date_gmt":"2023-10-04T16:03:27","guid":{"rendered":"https:\/\/arquivo.osso.pt\/?page_id=18573"},"modified":"2023-10-04T16:04:20","modified_gmt":"2023-10-04T16:04:20","slug":"open-day-10","status":"publish","type":"page","link":"https:\/\/arquivo.osso.pt\/en\/programacao-3\/openday\/open-day-10\/","title":{"rendered":"OPEN DAY #10"},"content":{"rendered":"<div class=\"iframe\" style=\"max-width: 770px; height: auto; margin: 25px auto 50px auto;\">\n<div dir=\"ltr\" style=\"text-align: justify;\">\n<div align=\"center\">\n\t\t<!-- MasterSlider -->\n\t\t<div id=\"P_MS69fd37167b89e\" class=\"master-slider-parent msl ms-parent-id-136\" style=\"max-width:770px;\">\n\n\t\t\t\n\t\t\t<!-- MasterSlider Main -->\n\t\t\t<div id=\"MS69fd37167b89e\" class=\"master-slider ms-skin-default\" >\n\t\t\t\t \t\t\t\t \n\t\t\t\t<div  class=\"ms-slide\" data-delay=\"3\" data-fill-mode=\"fill\"  >\n\t\t\t\t\t<img decoding=\"async\" src=\"https:\/\/arquivo.osso.pt\/wp-content\/plugins\/master-slider\/public\/assets\/css\/blank.gif\" alt=\"\" title=\"\" data-src=\"https:\/\/arquivo.osso.pt\/wp-content\/uploads\/2023\/09\/106.jpg\" \/>\n\n\n\t<div class=\"ms-thumb\" ><div class=\"ms-tab-context\"><div class=\"&quot;ms-tab-context&quot;\"><\/div><\/div>\n<\/div>\n\t\t\t\t<\/div>\n\t\t\t\t<div  class=\"ms-slide\" data-delay=\"3\" data-fill-mode=\"fill\"  >\n\t\t\t\t\t<img decoding=\"async\" src=\"https:\/\/arquivo.osso.pt\/wp-content\/plugins\/master-slider\/public\/assets\/css\/blank.gif\" alt=\"\" title=\"\" data-src=\"https:\/\/arquivo.osso.pt\/wp-content\/uploads\/2023\/09\/105.jpg\" \/>\n\n\n\t<div class=\"ms-thumb\" ><div class=\"ms-tab-context\"><div class=\"&quot;ms-tab-context&quot;\"><\/div><\/div>\n<\/div>\n\t\t\t\t<\/div>\n\t\t\t\t<div  class=\"ms-slide\" data-delay=\"3\" data-fill-mode=\"fill\"  >\n\t\t\t\t\t<img decoding=\"async\" src=\"https:\/\/arquivo.osso.pt\/wp-content\/plugins\/master-slider\/public\/assets\/css\/blank.gif\" alt=\"\" title=\"\" data-src=\"https:\/\/arquivo.osso.pt\/wp-content\/uploads\/2023\/09\/107.jpg\" \/>\n\n\n\t<div class=\"ms-thumb\" ><div class=\"ms-tab-context\"><div class=\"&quot;ms-tab-context&quot;\"><\/div><\/div>\n<\/div>\n\t\t\t\t<\/div>\n\t\t\t\t<div  class=\"ms-slide\" data-delay=\"3\" data-fill-mode=\"fill\"  >\n\t\t\t\t\t<img decoding=\"async\" src=\"https:\/\/arquivo.osso.pt\/wp-content\/plugins\/master-slider\/public\/assets\/css\/blank.gif\" alt=\"\" title=\"\" data-src=\"https:\/\/arquivo.osso.pt\/wp-content\/uploads\/2023\/09\/101.jpg\" \/>\n\n\n\t<div class=\"ms-thumb\" ><div class=\"ms-tab-context\"><div class=\"&quot;ms-tab-context&quot;\"><\/div><\/div>\n<\/div>\n\t\t\t\t<\/div>\n\t\t\t\t<div  class=\"ms-slide\" data-delay=\"3\" data-fill-mode=\"fill\"  >\n\t\t\t\t\t<img decoding=\"async\" src=\"https:\/\/arquivo.osso.pt\/wp-content\/plugins\/master-slider\/public\/assets\/css\/blank.gif\" alt=\"\" title=\"\" data-src=\"https:\/\/arquivo.osso.pt\/wp-content\/uploads\/2023\/09\/102.jpg\" \/>\n\n\n\t<div class=\"ms-thumb\" ><div class=\"ms-tab-context\"><div class=\"&quot;ms-tab-context&quot;\"><\/div><\/div>\n<\/div>\n\t\t\t\t<\/div>\n\t\t\t\t<div  class=\"ms-slide\" data-delay=\"3\" data-fill-mode=\"fill\"  >\n\t\t\t\t\t<img decoding=\"async\" src=\"https:\/\/arquivo.osso.pt\/wp-content\/plugins\/master-slider\/public\/assets\/css\/blank.gif\" alt=\"\" title=\"\" data-src=\"https:\/\/arquivo.osso.pt\/wp-content\/uploads\/2023\/09\/104.jpg\" \/>\n\n\n\t<div class=\"ms-thumb\" ><div class=\"ms-tab-context\"><div class=\"&quot;ms-tab-context&quot;\"><\/div><\/div>\n<\/div>\n\t\t\t\t<\/div>\n\t\t\t\t<div  class=\"ms-slide\" data-delay=\"3\" data-fill-mode=\"fill\"  >\n\t\t\t\t\t<img decoding=\"async\" src=\"https:\/\/arquivo.osso.pt\/wp-content\/plugins\/master-slider\/public\/assets\/css\/blank.gif\" alt=\"\" title=\"\" data-src=\"https:\/\/arquivo.osso.pt\/wp-content\/uploads\/2023\/09\/103.jpg\" \/>\n\n\n\t<div class=\"ms-thumb\" ><div class=\"ms-tab-context\"><div class=\"&quot;ms-tab-context&quot;\"><\/div><\/div>\n<\/div>\n\t\t\t\t<\/div>\n\t\t\t\t<div  class=\"ms-slide\" data-delay=\"3\" data-fill-mode=\"fill\"  >\n\t\t\t\t\t<img decoding=\"async\" src=\"https:\/\/arquivo.osso.pt\/wp-content\/plugins\/master-slider\/public\/assets\/css\/blank.gif\" alt=\"\" title=\"\" data-src=\"https:\/\/arquivo.osso.pt\/wp-content\/uploads\/2023\/09\/108.jpg\" \/>\n\n\n\t<div class=\"ms-thumb\" ><div class=\"ms-tab-context\"><div class=\"&quot;ms-tab-context&quot;\"><\/div><\/div>\n<\/div>\n\t\t\t\t<\/div>\n\n\t\t\t<\/div>\n\t\t\t<!-- END MasterSlider Main -->\n\n\t\t\t \n\t\t<\/div>\n\t\t<!-- END MasterSlider -->\n\n\t\t<script>\n\t\t(function ( $ ) {\n\t\t\t\"use strict\";\n\n\t\t\t$(function () {\n\t\t\t\tvar masterslider_b89e = new MasterSlider();\n\n\t\t\t\t\/\/ slider controls\n\t\t\t\tmasterslider_b89e.control('arrows'     ,{ autohide:true, overVideo:true  });\t\t\t\tmasterslider_b89e.control('bullets'    ,{ autohide:false, overVideo:true, dir:'h', align:'bottom' , margin:20  });\n\n\t\t\t\t\/\/ slider setup\n\t\t\t\tmasterslider_b89e.setup(\"MS69fd37167b89e\", {\n\t\t\t\t\t\twidth           : 770,\n\t\t\t\t\t\theight          : 513,\n\t\t\t\t\t\tminHeight       : 0,\n\t\t\t\t\t\tspace           : 0,\n\t\t\t\t\t\tstart           : 1,\n\t\t\t\t\t\tgrabCursor      : false,\n\t\t\t\t\t\tswipe           : true,\n\t\t\t\t\t\tmouse           : true,\n\t\t\t\t\t\tlayout          : \"boxed\",\n\t\t\t\t\t\twheel           : false,\n\t\t\t\t\t\tautoplay        : true,\n\t\t\t\t\t\tinstantStartLayers:false,\n\t\t\t\t\t\tloop            : true,\n\t\t\t\t\t\tshuffle         : false,\n\t\t\t\t\t\tpreload         : 0,\n\t\t\t\t\t\theightLimit     : true,\n\t\t\t\t\t\tautoHeight      : false,\n\t\t\t\t\t\tsmoothHeight    : true,\n\t\t\t\t\t\tendPause        : false,\n\t\t\t\t\t\toverPause       : true,\n\t\t\t\t\t\tfillMode        : \"fill\",\n\t\t\t\t\t\tcenterControls  : true,\n\t\t\t\t\t\tstartOnAppear   : false,\n\t\t\t\t\t\tlayersMode      : \"center\",\n\t\t\t\t\t\thideLayers      : false,\n\t\t\t\t\t\tfullscreenMargin: 0,\n\t\t\t\t\t\tspeed           : 20,\n\t\t\t\t\t\tdir             : \"h\",\n\t\t\t\t\t\tparallaxMode    : 'swipe',\n\t\t\t\t\t\tview            : \"fade\"\n\t\t\t\t});\n\n\t\t\t\t\n\t\t\t\twindow.masterslider_instances = window.masterslider_instances || [];\n\t\t\t\twindow.masterslider_instances.push( masterslider_b89e );\n\t\t\t });\n\n\t\t})(jQuery);\n\t\t<\/script>\n\n<\/div>\n<p><strong>Open Day #10 | <\/strong>February 28th 2023<\/p>\n<p>&nbsp;<\/p>\n<p><strong>Workshops<br \/>\n<\/strong>for children aged 6 to 12<\/p>\n<p><strong><a href=\"https:\/\/arquivo.osso.pt\/formacao\/escola-dos-labirintos\/alvaro-rosso-e-andre-hencleeday-os-sons-dos-mateirais-na-natureza-iii-iv\/\">Os sons dos Materiais na Natureza III<\/a> | 11H to 13h<\/strong><br \/>\nwith \u00c1lvaro Rosso and Andr\u00e9 Hencleeday | Group musical improvisation workshop<\/p>\n<p><a href=\"https:\/\/arquivo.osso.pt\/formacao\/escola-dos-labirintos\/alvaro-rosso-e-andre-hencleeday-os-sons-dos-mateirais-na-natureza-iii-iv\/\"><strong>Os sons dos Materiais na Natureza IV<\/strong><\/a> | <strong>15H to 17<\/strong><br \/>\nwith \u00c1lvaro Rosso and Andr\u00e9 Hencleeday | Group musical improvisation workshop<\/p>\n<p>&nbsp;<\/p>\n<p><strong>CONCERTS and DINNER<br \/>\n<\/strong><\/p>\n<p><strong>Concert by Eleonor Picas | 18h30<\/strong><br \/>\n(Harp Solo)<\/p>\n<p><strong>Dinner by Hugo Brito | 19h30<\/strong><br \/>\n(OSSO\u00b4s rabbit)<\/p>\n<p><strong>Concert by Jo\u00e3o Almeida | 20h30<\/strong><br \/>\n(Trumpet Solo and Electronics)<\/p>\n<p>&nbsp;<\/p>\n<p><strong>EIRA RADIO<\/strong><\/p>\n<p>(Broadcasting on 101.0MHz and streaming at <a href=\"http:\/\/eira.osso.pt\">eira.osso.pt<\/a>)<\/p>\n<p><strong>Live broadcast of Eleonor Picas&#8217; concert | 18h30<\/strong><\/p>\n<p><strong>Sound archive from Sonoscopia (Block IX) | 19h30<\/strong><\/p>\n<p><strong>Live broadcast of Jo\u00e3o Almeida&#8217;s concert | 20h30<\/strong><\/p>\n<p><strong>Conversation with Chef Hugo Brito | 22h<\/strong><\/p>\n<p>&nbsp;<\/p>\n<p><strong>Supporters:<\/strong> C\u00e2mara Municipal Caldas da Rainha, Centro de Artes Caldas da Rainha, Gr\u00e9mio Caldense, Centro de Apoio Social da Freguesia de S\u00e3o Greg\u00f3rio and S\u00e3o Greg\u00f3rio Gin\u00e1sio Clube.<\/p>\n","protected":false},"excerpt":{"rendered":"<p>Open Day #10 | February 28th 2023 &nbsp; Workshops for children aged 6 to 12 Os sons dos Materiais na Natureza III | 11H to 13h with \u00c1lvaro Rosso and Andr\u00e9 Hencleeday | Group musical improvisation workshop Os sons dos Materiais na Natureza IV | 15H to 17 with \u00c1lvaro Rosso and Andr\u00e9 Hencleeday | Group musical improvisation workshop &nbsp; [&hellip;]<\/p>\n","protected":false},"author":1,"featured_media":0,"parent":10614,"menu_order":0,"comment_status":"closed","ping_status":"closed","template":"","meta":{"footnotes":""},"class_list":["post-18573","page","type-page","status-publish","hentry"],"_links":{"self":[{"href":"https:\/\/arquivo.osso.pt\/en\/wp-json\/wp\/v2\/pages\/18573","targetHints":{"allow":["GET"]}}],"collection":[{"href":"https:\/\/arquivo.osso.pt\/en\/wp-json\/wp\/v2\/pages"}],"about":[{"href":"https:\/\/arquivo.osso.pt\/en\/wp-json\/wp\/v2\/types\/page"}],"author":[{"embeddable":true,"href":"https:\/\/arquivo.osso.pt\/en\/wp-json\/wp\/v2\/users\/1"}],"replies":[{"embeddable":true,"href":"https:\/\/arquivo.osso.pt\/en\/wp-json\/wp\/v2\/comments?post=18573"}],"version-history":[{"count":2,"href":"https:\/\/arquivo.osso.pt\/en\/wp-json\/wp\/v2\/pages\/18573\/revisions"}],"predecessor-version":[{"id":18575,"href":"https:\/\/arquivo.osso.pt\/en\/wp-json\/wp\/v2\/pages\/18573\/revisions\/18575"}],"up":[{"embeddable":true,"href":"https:\/\/arquivo.osso.pt\/en\/wp-json\/wp\/v2\/pages\/10614"}],"wp:attachment":[{"href":"https:\/\/arquivo.osso.pt\/en\/wp-json\/wp\/v2\/media?parent=18573"}],"curies":[{"name":"wp","href":"https:\/\/api.w.org\/{rel}","templated":true}]}}