{"id":1709,"date":"2013-06-18T23:36:44","date_gmt":"2013-06-18T23:36:44","guid":{"rendered":"https:\/\/arquivo.osso.pt\/?page_id=1709"},"modified":"2013-06-18T23:36:58","modified_gmt":"2013-06-18T23:36:58","slug":"pinkdraft","status":"publish","type":"page","link":"https:\/\/arquivo.osso.pt\/en\/projects\/pinkdraft\/","title":{"rendered":"Pinkdraft"},"content":{"rendered":"<div class=\"iframe\" style=\"height: auto; margin-top: 0px; margin-bottom: 25px;\">\n<h2 style=\"padding-bottom: 10px; font-size: 13px;\"><strong>PINKDRAFT: \u201c2010\u201d (Creative Sources)<\/strong><\/h2>\n<p><img loading=\"lazy\" decoding=\"async\" class=\"alignright\" style=\"margin-left: 30px;\" alt=\"pink-cover_large\" src=\"https:\/\/arquivo.osso.pt\/wp-content\/uploads\/2013\/03\/pink-cover_large-300x296.jpg\" width=\"182\" height=\"178\" \/><\/p>\n<div>\n<p style=\"text-align: justify;\"><em>N\u00e3o fosse o sil\u00eancio uma ilus\u00e3o racional e qualquer constru\u00e7\u00e3o sonora (por defini\u00e7\u00e3o: m\u00fasica) a que se procedesse constituiria uma viol\u00eancia. Parece ser esse o princ\u00edpio seguido pela abordagem do quarteto Pinkdraft neste seu disco hom\u00f3nimo. Os procedimentos timbrais, texturais e ora arr\u00edtmicos, ora polirr\u00edtmicos, de Ricardo Jacinto, Nuno Torres, Travassos e Nuno Mor\u00e3o parecem n\u00e3o querer ferir a superf\u00edcie desse idealizado branco da audi\u00e7\u00e3o, no seu minimalismo aproximando-se da escola a que se deu o nome de reducionista.<\/em><\/p>\n<p style=\"text-align: justify;\">S\u00f3 n\u00e3o chegam a caber nesse r\u00f3tulo porque, para todos os efeitos, se os sons ouvidos s\u00e3o pequenos, surgem numa quantidade que escandalizaria um Radu Malfatti ou um Taku Sugimoto, talvez os mais extremos representantes do \u201cnear silence\u201d. Para uma m\u00fasica \u201cquieta\u201d, a deste disco atinge atribula\u00e7\u00f5es e intensidades assinal\u00e1veis, pelo que, sem rem\u00e9dio, a pele do sil\u00eancio \u00e9 mesmo rasgada. Como s\u00f3 podia acontecer, de resto\u2026<\/p>\n<p style=\"text-align: justify;\">Talvez seja assim porque o dito sil\u00eancio \u00e9 apenas uma das duas coordenadas principais do projecto Pinkdraft. A outra \u00e9, justamente, o som. N\u00e3o surpreende: o mentor da forma\u00e7\u00e3o, Ricardo Jacinto, \u00e9, paralelamente \u00e0 sua actividade como violoncelista improvisador, um renomado artista na \u00e1rea do instalacionismo sonoro. Ou seja, algu\u00e9m focado nas condi\u00e7\u00f5es f\u00edsicas (que n\u00e3o metaf\u00edsicas) do som.<\/p>\n<p style=\"text-align: justify;\">Temos, pois, com este \u00e1lbum um bom exemplo das novas pr\u00e1ticas da improvisa\u00e7\u00e3o que t\u00eam lugar em Portugal. Chamar-lhes \u201clivres\u201d, n\u00e3o obstante a sua intencionalidade de n\u00e3o se cingir a um figurino demasiado definido, seria perigoso. S\u00e3o evidentes as influ\u00eancias das formas eruditas contempor\u00e2neas, de alguma electr\u00f3nica\/electroac\u00fastica de \u00edndole experimental (a tend\u00eancia \u201clowercase\u201d, para ser mais exacto) e tamb\u00e9m do jazz criativo de depois do free. As medidas dessas influ\u00eancias v\u00e3o variando consoante as circunst\u00e2ncias e os momentos, mas o que prevalece \u00e9 uma perspectiva descobridora, que n\u00e3o patrimonial, da m\u00fasica.<\/p>\n<p><em><strong>Rui Eduardo PaEs \/ <a href=\"http:\/\/jazz.pt\" target=\"_blank\">jazz.pt<\/a><\/strong><\/em><\/p>\n<h3>BUY RECORD at <a href=\"http:\/\/www.creativesourcesrec.com\/\">CREATIVE SOURCES<\/a> or <a href=\"http:\/\/pinkdraft.bandcamp.com\/album\/2010\">PINKDRAFT \/ BANDCAMP<\/a><\/h3>\n<\/div>\n<p><iframe loading=\"lazy\" src=\"https:\/\/player.vimeo.com\/video\/51448430?badge=0\" height=\"240\" width=\"320\" allowfullscreen=\"\" frameborder=\"0\"><\/iframe><\/p>\n<p>Recorded March 2012 @ CARPE DIEM Arte e Pesquisa<\/p>\n<p>For &#8220;AMPAGDP&#8221;<\/p>\n<ul style=\"list-style-type: none; margin-left: 0; padding-left: 0;\">\n<ul style=\"list-style-type: none; margin-left: 0; padding-left: 0;\">\n<ul style=\"list-style-type: none; margin-left: 0; padding-left: 0;\">\n<li><span class=\"italic\">Directed by:<\/span> Sara Morais<\/li>\n<li><span class=\"italic\">Sound:<\/span> Pedro Magalh\u00e3es<\/li>\n<\/ul>\n<\/ul>\n<\/ul>\n<p><iframe loading=\"lazy\" src=\"https:\/\/player.vimeo.com\/video\/52713812?title=0&amp;byline=0&amp;portrait=0&amp;badge=0&amp;autoplay=0\" height=\"240\" width=\"320\" allowfullscreen=\"\" frameborder=\"0\"><\/iframe><\/p>\n<ul style=\"list-style-type: none; margin-left: 0; padding-left: 0;\">\n<ul style=\"list-style-type: none; margin-left: 0; padding-left: 0;\">\n<ul style=\"list-style-type: none; margin-left: 0; padding-left: 0;\">\n<li><span class=\"italic\">Video edited by:<\/span> Ricardo Jacinto<\/li>\n<li><span class=\"italic\">Camera by:<\/span> David Jacinto and Vasco Viana<\/li>\n<li><span class=\"italic\">Recorded and mixed by:<\/span> Pedro Magalh\u00e3es at Golden Poney Studios, Lisboa.<\/li>\n<li><span class=\"italic\">Mastering by:<\/span> Rodrigo Pinheiro<\/li>\n<\/ul>\n<\/ul>\n<\/ul>\n<p>Soundtrack recorded live at Fundi\u00e7\u00e3o de Oeiras, 2010<br \/>\nSpecial thanks to the Synchronized Swimming Team of CNA, Amadora.<br \/>\nAll images are taken from Ricardo Jacinto&#8217;s film <span class=\"italic\">&#8220;O Corredor&#8221;<\/span><\/p>\n<hr \/>\n<\/div>\n","protected":false},"excerpt":{"rendered":"<p>PINKDRAFT: \u201c2010\u201d (Creative Sources) N\u00e3o fosse o sil\u00eancio uma ilus\u00e3o racional e qualquer constru\u00e7\u00e3o sonora (por defini\u00e7\u00e3o: m\u00fasica) a que se procedesse constituiria uma viol\u00eancia. Parece ser esse o princ\u00edpio seguido pela abordagem do quarteto Pinkdraft neste seu disco hom\u00f3nimo. Os procedimentos timbrais, texturais e ora arr\u00edtmicos, ora polirr\u00edtmicos, de Ricardo Jacinto, Nuno Torres, Travassos e Nuno Mor\u00e3o parecem n\u00e3o [&hellip;]<\/p>\n","protected":false},"author":1,"featured_media":0,"parent":1617,"menu_order":0,"comment_status":"open","ping_status":"closed","template":"","meta":{"footnotes":""},"class_list":["post-1709","page","type-page","status-publish","hentry"],"_links":{"self":[{"href":"https:\/\/arquivo.osso.pt\/en\/wp-json\/wp\/v2\/pages\/1709","targetHints":{"allow":["GET"]}}],"collection":[{"href":"https:\/\/arquivo.osso.pt\/en\/wp-json\/wp\/v2\/pages"}],"about":[{"href":"https:\/\/arquivo.osso.pt\/en\/wp-json\/wp\/v2\/types\/page"}],"author":[{"embeddable":true,"href":"https:\/\/arquivo.osso.pt\/en\/wp-json\/wp\/v2\/users\/1"}],"replies":[{"embeddable":true,"href":"https:\/\/arquivo.osso.pt\/en\/wp-json\/wp\/v2\/comments?post=1709"}],"version-history":[{"count":2,"href":"https:\/\/arquivo.osso.pt\/en\/wp-json\/wp\/v2\/pages\/1709\/revisions"}],"predecessor-version":[{"id":1712,"href":"https:\/\/arquivo.osso.pt\/en\/wp-json\/wp\/v2\/pages\/1709\/revisions\/1712"}],"up":[{"embeddable":true,"href":"https:\/\/arquivo.osso.pt\/en\/wp-json\/wp\/v2\/pages\/1617"}],"wp:attachment":[{"href":"https:\/\/arquivo.osso.pt\/en\/wp-json\/wp\/v2\/media?parent=1709"}],"curies":[{"name":"wp","href":"https:\/\/api.w.org\/{rel}","templated":true}]}}