{"id":16737,"date":"2022-06-30T15:59:06","date_gmt":"2022-06-30T15:59:06","guid":{"rendered":"https:\/\/arquivo.osso.pt\/?page_id=16737"},"modified":"2022-06-30T16:00:48","modified_gmt":"2022-06-30T16:00:48","slug":"o-silencio-ou-o-grito","status":"publish","type":"page","link":"https:\/\/arquivo.osso.pt\/en\/workshops\/school-of-labyrinths\/o-silencio-ou-o-grito\/","title":{"rendered":"O silencio ou o grito"},"content":{"rendered":"<div class=\"iframe\" style=\"max-width: 770px; height: auto; margin: 0px auto 0px auto;\">\n<div dir=\"ltr\" style=\"text-align: justify;\">\n<div align=\"center\">\n\t\t<!-- MasterSlider -->\n\t\t<div id=\"P_MS69fd0a1bd0cb2\" class=\"master-slider-parent msl ms-parent-id-106\" style=\"max-width:770px;\">\n\n\t\t\t\n\t\t\t<!-- MasterSlider Main -->\n\t\t\t<div id=\"MS69fd0a1bd0cb2\" class=\"master-slider ms-skin-default\" >\n\t\t\t\t \t\t\t\t \n\t\t\t\t<div  class=\"ms-slide\" data-delay=\"2\" data-fill-mode=\"fill\"  >\n\t\t\t\t\t<img decoding=\"async\" src=\"https:\/\/arquivo.osso.pt\/wp-content\/plugins\/master-slider\/public\/assets\/css\/blank.gif\" alt=\"\" title=\"\" data-src=\"https:\/\/arquivo.osso.pt\/wp-content\/uploads\/2022\/06\/silencio_grito_geral1.jpg\" \/>\n\n\n\t<div class=\"ms-thumb\" ><div class=\"ms-tab-context\"><div class=\"&quot;ms-tab-context&quot;\"><\/div><\/div>\n<\/div>\n\t\t\t\t<\/div>\n\n\t\t\t<\/div>\n\t\t\t<!-- END MasterSlider Main -->\n\n\t\t\t \n\t\t<\/div>\n\t\t<!-- END MasterSlider -->\n\n\t\t<script>\n\t\t(function ( $ ) {\n\t\t\t\"use strict\";\n\n\t\t\t$(function () {\n\t\t\t\tvar masterslider_0cb2 = new MasterSlider();\n\n\t\t\t\t\/\/ slider controls\n\t\t\t\tmasterslider_0cb2.control('arrows'     ,{ autohide:true, overVideo:true  });\t\t\t\tmasterslider_0cb2.control('bullets'    ,{ autohide:false, overVideo:true, dir:'h', align:'bottom' , margin:20  });\n\n\t\t\t\t\/\/ slider setup\n\t\t\t\tmasterslider_0cb2.setup(\"MS69fd0a1bd0cb2\", {\n\t\t\t\t\t\twidth           : 770,\n\t\t\t\t\t\theight          : 513,\n\t\t\t\t\t\tminHeight       : 0,\n\t\t\t\t\t\tspace           : 0,\n\t\t\t\t\t\tstart           : 1,\n\t\t\t\t\t\tgrabCursor      : false,\n\t\t\t\t\t\tswipe           : true,\n\t\t\t\t\t\tmouse           : true,\n\t\t\t\t\t\tlayout          : \"boxed\",\n\t\t\t\t\t\twheel           : false,\n\t\t\t\t\t\tautoplay        : true,\n\t\t\t\t\t\tinstantStartLayers:false,\n\t\t\t\t\t\tloop            : true,\n\t\t\t\t\t\tshuffle         : false,\n\t\t\t\t\t\tpreload         : 0,\n\t\t\t\t\t\theightLimit     : true,\n\t\t\t\t\t\tautoHeight      : false,\n\t\t\t\t\t\tsmoothHeight    : true,\n\t\t\t\t\t\tendPause        : false,\n\t\t\t\t\t\toverPause       : true,\n\t\t\t\t\t\tfillMode        : \"fill\",\n\t\t\t\t\t\tcenterControls  : true,\n\t\t\t\t\t\tstartOnAppear   : false,\n\t\t\t\t\t\tlayersMode      : \"center\",\n\t\t\t\t\t\thideLayers      : false,\n\t\t\t\t\t\tfullscreenMargin: 0,\n\t\t\t\t\t\tspeed           : 20,\n\t\t\t\t\t\tdir             : \"h\",\n\t\t\t\t\t\tparallaxMode    : 'swipe',\n\t\t\t\t\t\tview            : \"fade\"\n\t\t\t\t});\n\n\t\t\t\t\n\t\t\t\twindow.masterslider_instances = window.masterslider_instances || [];\n\t\t\t\twindow.masterslider_instances.push( masterslider_0cb2 );\n\t\t\t });\n\n\t\t})(jQuery);\n\t\t<\/script>\n\n<\/div>\n<p><strong>O sil\u00eancio ou o grito<\/strong><br \/>\npor Ricardo Jacinto<\/p>\n<p>Escutar atentamente o que nos rodeia ou gritar para ocupar feroz e amplamente o espa\u00e7o \u00e0 nossa volta s\u00e3o dois extremos da nossa presen\u00e7a sonora em qualquer espa\u00e7o, e duas formas complementares de \u201cestender\u201d o nosso corpo para l\u00e1 dos seus limites.<\/p>\n<p>Nesta oficina ser\u00e3o abordados exemplos pr\u00e1ticos, partilhadas ferramentas e realizadas grava\u00e7\u00f5es de campo para a cria\u00e7\u00e3o de pequenos projetos individuais musicais e\/ou sonoros que explorem as capacidades da microfonia, amplifica\u00e7\u00e3o e conceptualiza\u00e7\u00e3o dos sons que v\u00e3o do sil\u00eancio ao grito.<\/p>\n<p>No final pretende-se que estas grava\u00e7\u00f5es sonoras venham a integrar uma instala\u00e7\u00e3o sonora conjunta onde todas as \u201cvozes criativas\u201d habitar\u00e3o um espa\u00e7o s\u00f3nico comum e a sua distribui\u00e7\u00e3o espacial convidar\u00e1 o espectador a uma deriva pelo espa\u00e7o de apresenta\u00e7\u00e3o.<\/p>\n<p><strong>Data:<\/strong> 11 a 14 de Abril<br \/>\n<strong>local:<\/strong> Viana do Castelo<br \/>\n<strong>Produ\u00e7\u00e3o:<\/strong> Com\u00e9dias do Minho<br \/>\n<strong>Apoio:<\/strong> Camara Municipal Viano do Castelo<\/p>\n<\/div>\n<\/div>\n","protected":false},"excerpt":{"rendered":"<p>O sil\u00eancio ou o grito por Ricardo Jacinto Escutar atentamente o que nos rodeia ou gritar para ocupar feroz e amplamente o espa\u00e7o \u00e0 nossa volta s\u00e3o dois extremos da nossa presen\u00e7a sonora em qualquer espa\u00e7o, e duas formas complementares de \u201cestender\u201d o nosso corpo para l\u00e1 dos seus limites. Nesta oficina ser\u00e3o abordados exemplos pr\u00e1ticos, partilhadas ferramentas e realizadas [&hellip;]<\/p>\n","protected":false},"author":1,"featured_media":0,"parent":15574,"menu_order":0,"comment_status":"closed","ping_status":"closed","template":"","meta":{"footnotes":""},"class_list":["post-16737","page","type-page","status-publish","hentry"],"_links":{"self":[{"href":"https:\/\/arquivo.osso.pt\/en\/wp-json\/wp\/v2\/pages\/16737","targetHints":{"allow":["GET"]}}],"collection":[{"href":"https:\/\/arquivo.osso.pt\/en\/wp-json\/wp\/v2\/pages"}],"about":[{"href":"https:\/\/arquivo.osso.pt\/en\/wp-json\/wp\/v2\/types\/page"}],"author":[{"embeddable":true,"href":"https:\/\/arquivo.osso.pt\/en\/wp-json\/wp\/v2\/users\/1"}],"replies":[{"embeddable":true,"href":"https:\/\/arquivo.osso.pt\/en\/wp-json\/wp\/v2\/comments?post=16737"}],"version-history":[{"count":1,"href":"https:\/\/arquivo.osso.pt\/en\/wp-json\/wp\/v2\/pages\/16737\/revisions"}],"predecessor-version":[{"id":16738,"href":"https:\/\/arquivo.osso.pt\/en\/wp-json\/wp\/v2\/pages\/16737\/revisions\/16738"}],"up":[{"embeddable":true,"href":"https:\/\/arquivo.osso.pt\/en\/wp-json\/wp\/v2\/pages\/15574"}],"wp:attachment":[{"href":"https:\/\/arquivo.osso.pt\/en\/wp-json\/wp\/v2\/media?parent=16737"}],"curies":[{"name":"wp","href":"https:\/\/api.w.org\/{rel}","templated":true}]}}