{"id":16558,"date":"2022-04-19T15:23:07","date_gmt":"2022-04-19T15:23:07","guid":{"rendered":"https:\/\/arquivo.osso.pt\/?page_id=16558"},"modified":"2022-04-19T15:25:00","modified_gmt":"2022-04-19T15:25:00","slug":"medusa-unit","status":"publish","type":"page","link":"https:\/\/arquivo.osso.pt\/en\/projects\/medusa-unit\/","title":{"rendered":"MEDUSA unit"},"content":{"rendered":"<div class=\"iframe\" style=\"max-width: 770px; height: auto; margin-left: auto; margin-right: auto; margin-top: 0px; margin-bottom: 0px;\">\n<div align=\"center\">\n\t\t<!-- MasterSlider -->\n\t\t<div id=\"P_MS6a0210d5d433c\" class=\"master-slider-parent msl ms-parent-id-100\" style=\"max-width:770px;\">\n\n\t\t\t\n\t\t\t<!-- MasterSlider Main -->\n\t\t\t<div id=\"MS6a0210d5d433c\" class=\"master-slider ms-skin-default\" >\n\t\t\t\t \t\t\t\t \n\t\t\t\t<div  class=\"ms-slide\" data-delay=\"2\" data-fill-mode=\"fill\"  >\n\t\t\t\t\t<img decoding=\"async\" src=\"https:\/\/arquivo.osso.pt\/wp-content\/plugins\/master-slider\/public\/assets\/css\/blank.gif\" alt=\"\" title=\"\" data-src=\"https:\/\/arquivo.osso.pt\/wp-content\/uploads\/2022\/04\/medusaunit_geral2.jpg\" \/>\n\n\n\t<div class=\"ms-thumb\" ><div class=\"ms-tab-context\"><div class=\"&quot;ms-tab-context&quot;\"><\/div><\/div>\n<\/div>\n\t\t\t\t<\/div>\n\t\t\t\t<div  class=\"ms-slide\" data-delay=\"2\" data-fill-mode=\"fill\"  >\n\t\t\t\t\t<img decoding=\"async\" src=\"https:\/\/arquivo.osso.pt\/wp-content\/plugins\/master-slider\/public\/assets\/css\/blank.gif\" alt=\"\" title=\"\" data-src=\"https:\/\/arquivo.osso.pt\/wp-content\/uploads\/2022\/04\/medusaunit_geral1.jpg\" \/>\n\n\n\t<div class=\"ms-thumb\" ><div class=\"ms-tab-context\"><div class=\"&quot;ms-tab-context&quot;\"><\/div><\/div>\n<\/div>\n\t\t\t\t<\/div>\n\t\t\t\t<div  class=\"ms-slide\" data-delay=\"2\" data-fill-mode=\"fill\"  >\n\t\t\t\t\t<img decoding=\"async\" src=\"https:\/\/arquivo.osso.pt\/wp-content\/plugins\/master-slider\/public\/assets\/css\/blank.gif\" alt=\"\" title=\"\" data-src=\"https:\/\/arquivo.osso.pt\/wp-content\/uploads\/2022\/04\/medusaunit_geral3.jpg\" \/>\n\n\n\t<div class=\"ms-thumb\" ><div class=\"ms-tab-context\"><div class=\"&quot;ms-tab-context&quot;\"><\/div><\/div>\n<\/div>\n\t\t\t\t<\/div>\n\t\t\t\t<div  class=\"ms-slide\" data-delay=\"2\" data-fill-mode=\"fill\"  >\n\t\t\t\t\t<img decoding=\"async\" src=\"https:\/\/arquivo.osso.pt\/wp-content\/plugins\/master-slider\/public\/assets\/css\/blank.gif\" alt=\"\" title=\"\" data-src=\"https:\/\/arquivo.osso.pt\/wp-content\/uploads\/2022\/04\/medusaunit_geral5.jpg\" \/>\n\n\n\t<div class=\"ms-thumb\" ><div class=\"ms-tab-context\"><div class=\"&quot;ms-tab-context&quot;\"><\/div><\/div>\n<\/div>\n\t\t\t\t<\/div>\n\t\t\t\t<div  class=\"ms-slide\" data-delay=\"2\" data-fill-mode=\"fill\"  >\n\t\t\t\t\t<img decoding=\"async\" src=\"https:\/\/arquivo.osso.pt\/wp-content\/plugins\/master-slider\/public\/assets\/css\/blank.gif\" alt=\"\" title=\"\" data-src=\"https:\/\/arquivo.osso.pt\/wp-content\/uploads\/2022\/04\/medusaunit_geral4.jpg\" \/>\n\n\n\t<div class=\"ms-thumb\" ><div class=\"ms-tab-context\"><div class=\"&quot;ms-tab-context&quot;\"><\/div><\/div>\n<\/div>\n\t\t\t\t<\/div>\n\t\t\t\t<div  class=\"ms-slide\" data-delay=\"2\" data-fill-mode=\"fill\"  >\n\t\t\t\t\t<img decoding=\"async\" src=\"https:\/\/arquivo.osso.pt\/wp-content\/plugins\/master-slider\/public\/assets\/css\/blank.gif\" alt=\"\" title=\"\" data-src=\"https:\/\/arquivo.osso.pt\/wp-content\/uploads\/2022\/04\/medusaunit_geral6.jpg\" \/>\n\n\n\t<div class=\"ms-thumb\" ><div class=\"ms-tab-context\"><div class=\"&quot;ms-tab-context&quot;\"><\/div><\/div>\n<\/div>\n\t\t\t\t<\/div>\n\t\t\t\t<div  class=\"ms-slide\" data-delay=\"2\" data-fill-mode=\"fill\"  >\n\t\t\t\t\t<img decoding=\"async\" src=\"https:\/\/arquivo.osso.pt\/wp-content\/plugins\/master-slider\/public\/assets\/css\/blank.gif\" alt=\"\" title=\"\" data-src=\"https:\/\/arquivo.osso.pt\/wp-content\/uploads\/2022\/04\/medusaunit_geral9.jpg\" \/>\n\n\n\t<div class=\"ms-thumb\" ><div class=\"ms-tab-context\"><div class=\"&quot;ms-tab-context&quot;\"><\/div><\/div>\n<\/div>\n\t\t\t\t<\/div>\n\t\t\t\t<div  class=\"ms-slide\" data-delay=\"2\" data-fill-mode=\"fill\"  >\n\t\t\t\t\t<img decoding=\"async\" src=\"https:\/\/arquivo.osso.pt\/wp-content\/plugins\/master-slider\/public\/assets\/css\/blank.gif\" alt=\"\" title=\"\" data-src=\"https:\/\/arquivo.osso.pt\/wp-content\/uploads\/2022\/04\/medusaunit_geral10.jpg\" \/>\n\n\n\t<div class=\"ms-thumb\" ><div class=\"ms-tab-context\"><div class=\"&quot;ms-tab-context&quot;\"><\/div><\/div>\n<\/div>\n\t\t\t\t<\/div>\n\t\t\t\t<div  class=\"ms-slide\" data-delay=\"2\" data-fill-mode=\"fill\"  >\n\t\t\t\t\t<img decoding=\"async\" src=\"https:\/\/arquivo.osso.pt\/wp-content\/plugins\/master-slider\/public\/assets\/css\/blank.gif\" alt=\"\" title=\"\" data-src=\"https:\/\/arquivo.osso.pt\/wp-content\/uploads\/2022\/04\/medusaunit_geral8.jpg\" \/>\n\n\n\t<div class=\"ms-thumb\" ><div class=\"ms-tab-context\"><div class=\"&quot;ms-tab-context&quot;\"><\/div><\/div>\n<\/div>\n\t\t\t\t<\/div>\n\n\t\t\t<\/div>\n\t\t\t<!-- END MasterSlider Main -->\n\n\t\t\t \n\t\t<\/div>\n\t\t<!-- END MasterSlider -->\n\n\t\t<script>\n\t\t(function ( $ ) {\n\t\t\t\"use strict\";\n\n\t\t\t$(function () {\n\t\t\t\tvar masterslider_433c = new MasterSlider();\n\n\t\t\t\t\/\/ slider controls\n\t\t\t\tmasterslider_433c.control('arrows'     ,{ autohide:true, overVideo:true  });\t\t\t\tmasterslider_433c.control('bullets'    ,{ autohide:false, overVideo:true, dir:'h', align:'bottom' , margin:20  });\n\n\t\t\t\t\/\/ slider setup\n\t\t\t\tmasterslider_433c.setup(\"MS6a0210d5d433c\", {\n\t\t\t\t\t\twidth           : 770,\n\t\t\t\t\t\theight          : 513,\n\t\t\t\t\t\tminHeight       : 0,\n\t\t\t\t\t\tspace           : 0,\n\t\t\t\t\t\tstart           : 1,\n\t\t\t\t\t\tgrabCursor      : false,\n\t\t\t\t\t\tswipe           : true,\n\t\t\t\t\t\tmouse           : true,\n\t\t\t\t\t\tlayout          : \"boxed\",\n\t\t\t\t\t\twheel           : false,\n\t\t\t\t\t\tautoplay        : true,\n\t\t\t\t\t\tinstantStartLayers:false,\n\t\t\t\t\t\tloop            : true,\n\t\t\t\t\t\tshuffle         : false,\n\t\t\t\t\t\tpreload         : 0,\n\t\t\t\t\t\theightLimit     : true,\n\t\t\t\t\t\tautoHeight      : false,\n\t\t\t\t\t\tsmoothHeight    : true,\n\t\t\t\t\t\tendPause        : false,\n\t\t\t\t\t\toverPause       : true,\n\t\t\t\t\t\tfillMode        : \"fill\",\n\t\t\t\t\t\tcenterControls  : true,\n\t\t\t\t\t\tstartOnAppear   : false,\n\t\t\t\t\t\tlayersMode      : \"center\",\n\t\t\t\t\t\thideLayers      : false,\n\t\t\t\t\t\tfullscreenMargin: 0,\n\t\t\t\t\t\tspeed           : 20,\n\t\t\t\t\t\tdir             : \"h\",\n\t\t\t\t\t\tparallaxMode    : 'swipe',\n\t\t\t\t\t\tview            : \"fade\"\n\t\t\t\t});\n\n\t\t\t\t\n\t\t\t\twindow.masterslider_instances = window.masterslider_instances || [];\n\t\t\t\twindow.masterslider_instances.push( masterslider_433c );\n\t\t\t });\n\n\t\t})(jQuery);\n\t\t<\/script>\n\n<\/div>\n<p style=\"text-align: justify;\"><strong><br \/>\nMEDUSA unit:<\/STRONG><br \/>\nconcerto-instala\u00e7\u00e3o para instrumentos ac\u00fasticos, electr\u00f3nica e estruturas ressonantes.<\/p>\n<p>A <strong>MEDUSA Unit<\/strong> \u00e9 um ensemble que d\u00e1 continuidade ao projecto a solo (para violoncelo, electr\u00f3nica e objectos ressonantes) que Ricardo Jacinto tem vindo a apresentar desde 2014. Este projecto incluiu o desenvolvimento de um dispositivo eletroac\u00fastico que, servindo-se de um sistema de amplifica\u00e7\u00e3o com microfones distribu\u00eddos por diferentes pontos do violoncelo e de um sistema de difus\u00e3o com v\u00e1rios altifalantes de contacto acoplados a objectos ressonantes, permitiu explorar a possibilidade de fragmenta\u00e7\u00e3o e dispers\u00e3o s\u00f3nica das suas ac\u00e7\u00f5es no corpo do instrumento, articulando a sua ausculta\u00e7\u00e3o microsc\u00f3pica com paisagem sonora e a ac\u00fastica do espa\u00e7o circundante.<\/p>\n<p>Com uma forma\u00e7\u00e3o vari\u00e1vel mas composta sempre por int\u00e9rpretes-improvisadores, esta unit apresenta-se como uma continua\u00e7\u00e3o das premissas iniciais do projecto mas agora focada tamb\u00e9m nas possibilidades de hibrida\u00e7\u00e3o de v\u00e1rios instrumentos ac\u00fasticos atrav\u00e9s de um sistema electroac\u00fastico de intera\u00e7\u00e3o ressonante, onde as interfer\u00eancias de sinal e redes de feedback s\u00e3o a base para uma m\u00fasica que procura interpretar as caracter\u00edsticas espec\u00edficas dos espa\u00e7os de concerto, resultando numa m\u00fasica fortemente textural, com ra\u00edzes no minimalismo e no espectralismo.<\/p>\n<p><strong>Equipa art\u00edstica:<\/strong><br \/>\n<strong>\u00c1lvaro Rosso<\/strong> (contrabaixo)<br \/>\n<strong>Andr\u00e9 Hencleeday<\/strong> (piano)<br \/>\n<strong>Eleonor Picas<\/strong> (harpa)<br \/>\n<strong>Jo\u00e3o Almeida<\/strong> (trompete)<br \/>\n<strong>Nuno Mor\u00e3o<\/strong> (percuss\u00e3o)<br \/>\n<strong>Ricardo Jacinto<\/strong> (violoncelo, electr\u00f3nica, composi\u00e7\u00e3o)<br \/>\n<strong>Yaw Tembe<\/strong> (trompete) <\/p>\n<p><strong>Apresenta\u00e7\u00f5es<\/strong>: Centro Cultural e Congressos, Festival Impulso (Jun 2022, Caldas da Rainha); Galeria Z\u00e9 dos Bois, Festival Rescaldo (Mar 2022, Lisboa); Centro Cultural e Congressos (Dez 2021, Caldas da Rainha); Cine-Teatro Ribeiro da Concei\u00e7\u00e3o, Zigurfest (Ago 2021, Lamego); Gnration, Braga (Maio 2021); Culturgest (Nov 2020, Lisboa); Oficinas do Convento (Nov 2020), OSSO, Eira #2 (Out 2020).<\/p>\n<div class=\"row\"><div class=\"toggle-wrap 0\/1\"><div class=\"wpb_toggle\">AUDIO | V\u00cdDEO<\/div><div class=\"wpb_toggle_content\">\n<p><strong>MEDUSA unit @ Gnration, Braga<\/strong><br \/>\n<iframe loading=\"lazy\" title=\"\u00f3rbita #2: medusa unit\" width=\"1170\" height=\"658\" src=\"https:\/\/www.youtube.com\/embed\/Y3tnrQ-K6Tg?feature=oembed\" frameborder=\"0\" allow=\"accelerometer; autoplay; clipboard-write; encrypted-media; gyroscope; picture-in-picture\" allowfullscreen><\/iframe><\/p>\n<p><strong>MEDUSA unit @ CCC, Caldas da Rainha<\/strong><br \/>\nLink para aceder ao v\u00eddeo <a href=\"https:\/\/www.youtube.com\/watch?v=5cIlh1vMSH0\" rel=\"noopener\" target=\"_blank\"><u>aqui<\/u><\/a>.<\/p>\n<\/div>\n<\/div><\/div>\n\n<div class=\"row\"><div class=\"toggle-wrap 0\/1\"><div class=\"wpb_toggle\">IMPRENSA<\/div><div class=\"wpb_toggle_content\">\n<p><a href=\"https:\/\/www.publico.pt\/2022\/03\/04\/culturaipsilon\/noticia\/medusa-unit-turbilhao-suga-expele-1997605?fbclid=IwAR1BLd-wiGh5CP77oWOrS2IeEC6e9pbbZD4CUyAnNwC1TnlhtmLsUMmTBCE\" rel=\"noopener\" target=\"_blank\">\u00cdpsilon<\/a><br \/>\n<strong>Gon\u00e7alo Frota<\/strong><br \/>\n<strong>4 de Mar\u00e7o de 2022<\/strong><\/p>\n<p>\u201c<strong>A Medusa Unit num turbilh\u00e3o que tudo suga e tudo expele<\/strong><br \/>\nIntegrada na programa\u00e7\u00e3o do Festival Rescaldo, a forma\u00e7\u00e3o vari\u00e1vel dirigida por Ricardo Jacinto apresenta este s\u00e1bado a composi\u00e7\u00e3o Hino a Car\u00edbdis na ZdB. Uma explos\u00e3o de reflexos feita m\u00fasica.\u201d (&#8230;)<\/p>\n<\/div>\n<\/div><\/div>\n\n<\/div>\n","protected":false},"excerpt":{"rendered":"<p>MEDUSA unit: concerto-instala\u00e7\u00e3o para instrumentos ac\u00fasticos, electr\u00f3nica e estruturas ressonantes. A MEDUSA Unit \u00e9 um ensemble que d\u00e1 continuidade ao projecto a solo (para violoncelo, electr\u00f3nica e objectos ressonantes) que Ricardo Jacinto tem vindo a apresentar desde 2014. Este projecto incluiu o desenvolvimento de um dispositivo eletroac\u00fastico que, servindo-se de um sistema de amplifica\u00e7\u00e3o com microfones distribu\u00eddos por diferentes pontos [&hellip;]<\/p>\n","protected":false},"author":1,"featured_media":0,"parent":1617,"menu_order":0,"comment_status":"closed","ping_status":"closed","template":"","meta":{"footnotes":""},"class_list":["post-16558","page","type-page","status-publish","hentry"],"_links":{"self":[{"href":"https:\/\/arquivo.osso.pt\/en\/wp-json\/wp\/v2\/pages\/16558","targetHints":{"allow":["GET"]}}],"collection":[{"href":"https:\/\/arquivo.osso.pt\/en\/wp-json\/wp\/v2\/pages"}],"about":[{"href":"https:\/\/arquivo.osso.pt\/en\/wp-json\/wp\/v2\/types\/page"}],"author":[{"embeddable":true,"href":"https:\/\/arquivo.osso.pt\/en\/wp-json\/wp\/v2\/users\/1"}],"replies":[{"embeddable":true,"href":"https:\/\/arquivo.osso.pt\/en\/wp-json\/wp\/v2\/comments?post=16558"}],"version-history":[{"count":1,"href":"https:\/\/arquivo.osso.pt\/en\/wp-json\/wp\/v2\/pages\/16558\/revisions"}],"predecessor-version":[{"id":16559,"href":"https:\/\/arquivo.osso.pt\/en\/wp-json\/wp\/v2\/pages\/16558\/revisions\/16559"}],"up":[{"embeddable":true,"href":"https:\/\/arquivo.osso.pt\/en\/wp-json\/wp\/v2\/pages\/1617"}],"wp:attachment":[{"href":"https:\/\/arquivo.osso.pt\/en\/wp-json\/wp\/v2\/media?parent=16558"}],"curies":[{"name":"wp","href":"https:\/\/api.w.org\/{rel}","templated":true}]}}