{"id":1652,"date":"2013-06-18T23:24:30","date_gmt":"2013-06-18T23:24:30","guid":{"rendered":"https:\/\/arquivo.osso.pt\/?page_id=1652"},"modified":"2013-07-23T12:09:46","modified_gmt":"2013-07-23T12:09:46","slug":"team","status":"publish","type":"page","link":"https:\/\/arquivo.osso.pt\/en\/programacao-3\/echoes\/team\/","title":{"rendered":"Team"},"content":{"rendered":"<h3>PROGRAMMING<\/h3>\n<div class=\"row\"><div class=\"toggle-wrap span8\"><div class=\"wpb_toggle\">Nuno Torres<\/div><div class=\"wpb_toggle_content\">\n<p dir=\"ltr\">Studied alto saxophone within a jazz tradition spectrum. His continuous solo experimental research explores a wide scope of sound material through the use of the extended technics. Participates in several ensembles of improvisational music, electro acoustics and reductionism.<\/p>\n<p dir=\"ltr\">Collaborates with other musicians such as, Ernesto Rodrigues, Ricardo Jacinto, Sei Miguel, Fala Mariam, Jo\u00e3o Castro Pinto, Manuel Mota, David Stacken\u00e4s, Paulo Raposo, Carlos Santos, C\u00e9sar Burago, Jos\u00e9 Oliveira, Shiori Usui, C. Spencer Yeh, Cyril Bondi and d\u2019incise, and projects as Orquestra de Geometria Vari\u00e1vel, IKB, CACTO, PinkDraft,<\/p>\n<p dir=\"ltr\">In the recent years has been also collaborating in several different projects at the intersection of the performative areas of dance, theatre and the visual arts (PARQUE, Les Voisins, Eye Height, Adriana S\u00e1, Beatriz Cantinho). Participates and curates experimental and community radio initiatives.<\/p>\n<p dir=\"ltr\" style=\"text-align: justify;\">Discography: Orquestra Geometria Vari\u00e1vel &#8211; Stills (CS &#8211; 2007); Orquestra Geometria Vari\u00e1vel &#8211; Live in Casa da M\u00fasica Porto (2008); Cacto (Vera Cort\u00eas Art Agency &#8211; 2009); Wounds of light (CS &#8211; 2010); Suspens\u00e3o (CS &#8211; 2011); Brume (CS &#8211; 2011); Monochrome bleu sans titre (CS &#8211; 2012); Pinkdraft (CS &#8211; 2012); PARQUE (Shhpuma \u2013 2013).<\/p>\n<\/div>\n<\/div><\/div>\n\n<div class=\"row\"><div class=\"toggle-wrap span8\"><div class=\"wpb_toggle\">Ricardo Jacinto<\/div><div class=\"wpb_toggle_content\">\n<p dir=\"ltr\">Born in Lisbon, 1975. Currently undertaking a PHD research at SARC \/ Belfast.<\/p>\n<p dir=\"ltr\">Since 1998 has presented his work at individual and group exhibitions, concerts and performances, in Portugal and abroad. Has done several collaborations with other artists, musicians, architects and performers.<\/p>\n<p dir=\"ltr\">From his work stands out the projects: PARQUE, developed since 2001 in collaboration with other artists and musicians and EYE HEIGHT directed together with choreographer Beatriz Cantinho.<\/p>\n<p dir=\"ltr\">Presented his work in solo and group exhibitions such as Project Room CCB_Lisboa, Circle Fine Arts in Madrid, MUDAM_Luxemburgo, Centre Culturel Gulbenkian_Paris, Manifesta 08_European Bienal of Contemporary Art in Italy, Loraine Frac-Metz, OK CENTRE_Linz_Austria, CHIADO 8_Culturgest_Lisboa and Casa da Musica in Porto. Projected, with architect Pancho Guedes, the installation \u201cLisbosc\u00f3pio\u201d for the Official Portuguese Representation at the Venice Architecture Biennale 2006. In Culturgest (Lisbon) presented in 2008 a significant body of his work since 1998.<\/p>\n<p dir=\"ltr\">As cellist has worked in the field of improvised music with several musicians and formations (Nuno Torres, David Maranha, Pedro Rebelo, Franziska Shroeder, C Spencer Yeh, Hernani Faustino, Rodrigo Pinheiro, Ernesto Rodrigues, Ricardo Guerreiro, Travassos, Shiori Usui, Manuel Mota, Gabriel Ferrandini, Pedro Sousa, Variable Geometry Orchestra, PINKDRAFT, CACTO, PARQUE).<\/p>\n<p dir=\"ltr\" style=\"text-align: justify;\">Presented his work as a musician-performer in the Festival Gallery VERB Vermelho_S\u00e3o Paul, Festival Temps d\u2019Images_Lisboa, Rescaldo_Lisboa Festival, Festival BigBang_CCB_Lisboa, Culturgest_Porto and Lisbon, ZDB_Lisboa, Dance Base_Edimburgo, Kabinett 0047_Oslo_Noruega, Calouste Gulbenkian Foundation, Palais Tokyo_Paris, EMS 13_Culturgest\/Lisbon, among others.<\/p>\n<p dir=\"ltr\" style=\"text-align: justify;\"><\/div>\n<\/div><\/div>\n\n<div class=\"row\"><div class=\"toggle-wrap span8\"><div class=\"wpb_toggle\">Sara Morais<\/div><div class=\"wpb_toggle_content\">\n<p dir=\"ltr\" style=\"text-align: justify;\">Born in Lisbon, the 5th of november 1982.<\/p>\n<p dir=\"ltr\" style=\"text-align: justify;\">Graduated in Communication Sciences and Cinema by Faculdade de Ci\u00eancias Sociais e Humanas, Universidade Nova de Lisboa. Post-graduation in Development of Film Project by Escola Superior de Teatro e Cinema. During these studies, she directed 3 short films: &#8220;O sil\u00eancio dos objectos&#8221; (2004), &#8220;Conto&#8221; (2005) and &#8220;Chegar a casa&#8221; (2011).<\/p>\n<p dir=\"ltr\" style=\"text-align: justify;\">In 2007, she directed \u201cDesvio\/Padr\u00e3o\u201d (Standard\/Deviation) a film about the work on tile by portuguese artist Maria Keil published as a dvd book coworking with Joana Morais.<\/p>\n<p dir=\"ltr\" style=\"text-align: justify;\">She lived in Madrid where she collaborated with Alcine &#8211; Alcal\u00e1 de Henares Short Film Festival. She assisted Art Director Wayne dos Santos in several advertisment films.<\/p>\n<p dir=\"ltr\" style=\"text-align: justify;\">She worked as director&#8217;s assistant and sound capturer for Tiago Pereira in some of his films and live cinema performances and collaborated with Maile Colbert in the intermedia performance &#8220;Passenger at Home&#8221; produced by Binaural.<\/p>\n<p dir=\"ltr\" style=\"text-align: justify;\">As a producer she collaborated with the project \u201cEye Height\u201d by Ricardo Jacinto and Beatriz Cantinho in Fundi\u00e7\u00e3o de Oeiras, Museu do Chiado and Funda\u00e7\u00e3o de Serralves.<\/p>\n<p dir=\"ltr\" style=\"text-align: justify;\">She is the author of a radio project called &#8220;Hist\u00f3rias de Rios&#8221;(stories from rivers) broadcasted by portuguese public radio Antena 1, where she followed the course of 4 portuguese rivers mixing soundscapes, local stories, music by Pinkdraft, and geography.<\/p>\n<\/div>\n<\/div><\/div>\n\n<h3>TECHNICAL AND DOCUMENTING<\/h3>\n<div class=\"row\"><div class=\"toggle-wrap span8\"><div class=\"wpb_toggle\">Alexandre Costa | Light<\/div><div class=\"wpb_toggle_content\">\n<p dir=\"ltr\" style=\"text-align: justify;\">Frequ\u00eancia do segundo ano do curso de Teatro, no ramo de Produ\u00e7\u00e3o, na Escola Superior de Teatro e Cinema. Iniciou o seu percurso em Teatro como t\u00e9cnico de luz e palco no Teatro da Garagem. Trabalhou como t\u00e9cnico\/operador de luz e t\u00e9cnico de palco no Teatro Aberto, Teatro da Garagem e Teatro da Trindade. Foi respons\u00e1vel t\u00e9cnico do Teatro Bocage.<\/p>\n<p dir=\"ltr\" style=\"text-align: justify;\">Colabora como t\u00e9cnico de luz e de palco em alguns festivais de m\u00fasica, teatro e com associa\u00e7\u00f5es\/projectos. Desenho de Luz em encena\u00e7\u00f5es de Maria Jo\u00e3o Miguel, Nuno Nunes, Patr\u00edcia Carreira, Maria Cam\u00f5es e Paulo Lage. Colaborou em ilumina\u00e7\u00e3o com M\u00e1quina Agrad\u00e1vel e Karnart.<\/p>\n<\/div>\n<\/div><\/div>\n\n<div class=\"row\"><div class=\"toggle-wrap span8\"><div class=\"wpb_toggle\">Jo\u00e3o Quirino | Website &amp; Photography<\/div><div class=\"wpb_toggle_content\">\n<p dir=\"ltr\" style=\"text-align: justify;\">Graphic Designer and Photographer, is interested in all areas connected to the visual arts. Graduated\u00a0 by IADE in Industrial Design, has a course in Audio \/ Video as Sound Technician. In 2000, worked as an intern in national TV Channel SIC, and later was responsible by the Design Department of Lorenz Bell, from 2007 to 2011.<\/p>\n<p dir=\"ltr\" id=\"internal-source-marker_0.06068180682485502\" style=\"text-align: justify;\">Part of his work can be found in retailers such as Staples, Sonae, Worten, El Corte Ingl\u00e9s, Vobis, Fnac and E.Leclerc.<\/p>\n<p dir=\"ltr\" style=\"text-align: justify;\">Intends to participate in art and culture related projects, through Design and related areas, such as Photography and Webdesign.<\/p>\n<p dir=\"ltr\" style=\"text-align: justify;\">Is currently developing artwork for the mobile app industry, as a Graphic Artist.<\/p>\n<\/div>\n<\/div><\/div>\n\n<div class=\"row\"><div class=\"toggle-wrap span8\"><div class=\"wpb_toggle\">Nuno Mor\u00e3o | Audio<\/div><div class=\"wpb_toggle_content\">\n<div style=\"text-align: justify;\">Lisbon, 1976. Works as a musician, composer and sound designer (theatre, performance, installation, cinema, web and new media), and also as a sound recordist, mixer, editor and director (film and video). Began his musical studies in 1983. Studied at IGL, FLUL, UA and ESML. Drummer and percussionist through jazz workshops promoted by HCP, and currently studies jazz (drums) at UE. Founded Teatro N\u00e3O in 1997. Collaborates with Andr\u00e9 Sier in project UR since 2004. Technical director with Escrita na Paisagem between 2004 and 2007. Collaborates with Ricardo Jacinto since 2006, namely in PARQUE, and is a member of Ensemble JER since September 12, 2001.<br \/>\nPercussionist-improviser with Pinkdraft, IKB, and other formations of experimental and improvised music. Co-editor and sound designer at BOCA (audiobooks) since 2010. Walks, field records, and photographs.<\/div>\n<div style=\"text-align: justify;\"><\/div>\n<div style=\"text-align: justify;\">Discography: Movimentos Perp\u00e9tuos \u2014 M\u00fasica para Carlos Paredes [participation] (Universal Music Portugal, 2003); M\u00fcnchen \u2014 Novo Talento Fnac M\u00fasica&#8217;05 (Fnac\/Bor Land, 2005); M\u00fcnchen \u2014 fala mongue [participation] (ed. autor, 2006); MIA 2010 \u2014 Encontro de M\u00fasica Improvisada de Atouguia da Baleia [participation] (ed. autor, 2010); MIA 2012 \u2014 3.\u00ba Encontro de M\u00fasica Improvisada de Atouguia da Baleia [participation] (ed. autor, 2013); IKB \u2014 Monochrome bleu sans titre (Creative Sources Recordings, 2012); Pinkdraft \u2014 2010 (Creative Sources Recordings, 2012); PARQUE \u2014 The Earworm Versions (Shhpuma\/Clean Feed, 2013).<\/div>\n<\/div>\n<\/div><\/div>\n\n<div class=\"row\"><div class=\"toggle-wrap span8\"><div class=\"wpb_toggle\">Sofia Afonso | Video<\/div><div class=\"wpb_toggle_content\">\n<p dir=\"ltr\">Sofia Afonso was born in 1982, in N\u00eemes, France. She graduated in Communication Sciences and Cinema by Faculdade de Ci\u00eancias Sociais e Humanas, Universidade Nova de Lisboa.<\/p>\n<p dir=\"ltr\">She also studied Audiovisual Communication at the Universidad Pompeu Fabra in Barcelona, where she worked at the Barcelona Televisi\u00f3 and made a Post- Graduation in Cultural Practices at Faculdade de Ci\u00eancias Sociais e Humanas.<\/p>\n<p dir=\"ltr\">She did her intership at the Cinemateca Portuguesa.<\/p>\n<p dir=\"ltr\" style=\"text-align: justify;\">In 2011 she developed a Documentary Serie called Ligados \u00e0 Terra for the Portuguese National Television (RTP). Currently she\u2019s based in Porto where she work in different projects essencialy in the documentary field, in areas like Contemporary Dance, Theater, and Performance with companies like Ballet Contempor\u00e2neo do Norte and Pele.<\/p>\n<p>\u00a0<\/div>\n<\/div><\/div>\n\n<div class=\"row\"><div class=\"toggle-wrap span8\"><div class=\"wpb_toggle\">Travassos | Design<\/div><div class=\"wpb_toggle_content\">\n<p dir=\"ltr\">Travassos was born in 1972 in Barreiro, in the outskirts of Lisbon, and has spent his childhood travelling from city to city between Portugal and Spain. He graduated in Design and has post-graduate certificate in Sustainable Design by Aveiro University.<\/p>\n<p dir=\"ltr\">During his studies he worked at the Jazz section at the megastore of Valentim de Carvalho de Aveiro, he programmed the evenings of \u201cprojecto 70&amp;Set\u201d of the Cultural and Congress Centre of Aveiro and he has founded in 2001 the 1st Aveiro Jazz Festival. After finishing his studies he spent a year in Barcelona doing a Leonardo da Vinci European Program traineeship at the international agency CDN \u2013 Competitive Design Network.<\/p>\n<p dir=\"ltr\">Back to Portugal Travassos became part of Trem Azul, the only Jazz distribution, program and production company in Portugal, mostly known internationally for being the home of Clean Feed Records (recognized as one of the best jazz labels of the world \u00a0five times in a row in the last years).<\/p>\n<p dir=\"ltr\">In paralel he founded and directed RESCALDO and MUCO Music Festivals.<\/p>\n<p dir=\"ltr\">Prizes: Projet L\u00famen \u2013 International Competition \u201cCiudades Futuras\u201d of BCD \u2013 Barcelona Centro de Dise\u00f1o \/ 3d Place at the Bombay Sapphire Competition of CPD \u2013 Centro Portugu\u00eas de Design \/ Honourable Mention for the short film \u201cMAD\u201d at \u00a0Jovens Criadores Competition \/ Best cover artwork (2008 and 2009) of All About Jazz New York.<\/p>\n<p>\u00a0<\/div>\n<\/div><\/div>\n\n","protected":false},"excerpt":{"rendered":"<p>PROGRAMMING TECHNICAL AND DOCUMENTING<\/p>\n","protected":false},"author":1,"featured_media":0,"parent":1628,"menu_order":0,"comment_status":"open","ping_status":"closed","template":"","meta":{"footnotes":""},"class_list":["post-1652","page","type-page","status-publish","hentry"],"_links":{"self":[{"href":"https:\/\/arquivo.osso.pt\/en\/wp-json\/wp\/v2\/pages\/1652","targetHints":{"allow":["GET"]}}],"collection":[{"href":"https:\/\/arquivo.osso.pt\/en\/wp-json\/wp\/v2\/pages"}],"about":[{"href":"https:\/\/arquivo.osso.pt\/en\/wp-json\/wp\/v2\/types\/page"}],"author":[{"embeddable":true,"href":"https:\/\/arquivo.osso.pt\/en\/wp-json\/wp\/v2\/users\/1"}],"replies":[{"embeddable":true,"href":"https:\/\/arquivo.osso.pt\/en\/wp-json\/wp\/v2\/comments?post=1652"}],"version-history":[{"count":11,"href":"https:\/\/arquivo.osso.pt\/en\/wp-json\/wp\/v2\/pages\/1652\/revisions"}],"predecessor-version":[{"id":1790,"href":"https:\/\/arquivo.osso.pt\/en\/wp-json\/wp\/v2\/pages\/1652\/revisions\/1790"}],"up":[{"embeddable":true,"href":"https:\/\/arquivo.osso.pt\/en\/wp-json\/wp\/v2\/pages\/1628"}],"wp:attachment":[{"href":"https:\/\/arquivo.osso.pt\/en\/wp-json\/wp\/v2\/media?parent=1652"}],"curies":[{"name":"wp","href":"https:\/\/api.w.org\/{rel}","templated":true}]}}