{"id":16403,"date":"2021-11-29T14:02:47","date_gmt":"2021-11-29T14:02:47","guid":{"rendered":"https:\/\/arquivo.osso.pt\/?page_id=16403"},"modified":"2021-11-30T13:13:12","modified_gmt":"2021-11-30T13:13:12","slug":"guarda-rios","status":"publish","type":"page","link":"https:\/\/arquivo.osso.pt\/en\/programacao-3\/na-rua\/guarda-rios\/","title":{"rendered":"GUARDA-RIOS"},"content":{"rendered":"<div class=\"iframe\" style=\"max-width: 770px; height: auto; margin-left: auto; margin-right: auto; margin-top: 0px; margin-bottom: 0px;\">\n<div dir=\"ltr\" style=\"text-align: justify;\">\n<div align=\"center\">\n\t\t<!-- MasterSlider -->\n\t\t<div id=\"P_MS69e02d169f6f7\" class=\"master-slider-parent msl ms-parent-id-75\" style=\"max-width:770px;\">\n\n\t\t\t\n\t\t\t<!-- MasterSlider Main -->\n\t\t\t<div id=\"MS69e02d169f6f7\" class=\"master-slider ms-skin-default\" >\n\t\t\t\t \t\t\t\t \n\t\t\t\t<div  class=\"ms-slide\" data-delay=\"2\" data-fill-mode=\"fill\"  >\n\t\t\t\t\t<img decoding=\"async\" src=\"https:\/\/arquivo.osso.pt\/wp-content\/plugins\/master-slider\/public\/assets\/css\/blank.gif\" alt=\"\" title=\"\" data-src=\"https:\/\/arquivo.osso.pt\/wp-content\/uploads\/2021\/02\/guardarios_geral2.jpg\" \/>\n\n\n\t<div class=\"ms-thumb\" ><div class=\"ms-tab-context\"><div class=\"&quot;ms-tab-context&quot;\"><\/div><\/div>\n<\/div>\n\t\t\t\t<\/div>\n\t\t\t\t<div  class=\"ms-slide\" data-delay=\"2\" data-fill-mode=\"fill\"  >\n\t\t\t\t\t<img decoding=\"async\" src=\"https:\/\/arquivo.osso.pt\/wp-content\/plugins\/master-slider\/public\/assets\/css\/blank.gif\" alt=\"\" title=\"\" data-src=\"https:\/\/arquivo.osso.pt\/wp-content\/uploads\/2021\/02\/guardarios_geral3.jpg\" \/>\n\n\n\t<div class=\"ms-thumb\" ><div class=\"ms-tab-context\"><div class=\"&quot;ms-tab-context&quot;\"><\/div><\/div>\n<\/div>\n\t\t\t\t<\/div>\n\t\t\t\t<div  class=\"ms-slide\" data-delay=\"2\" data-fill-mode=\"fill\"  >\n\t\t\t\t\t<img decoding=\"async\" src=\"https:\/\/arquivo.osso.pt\/wp-content\/plugins\/master-slider\/public\/assets\/css\/blank.gif\" alt=\"\" title=\"\" data-src=\"https:\/\/arquivo.osso.pt\/wp-content\/uploads\/2021\/02\/guardarios_geral5.jpg\" \/>\n\n\n\t<div class=\"ms-thumb\" ><div class=\"ms-tab-context\"><div class=\"&quot;ms-tab-context&quot;\"><\/div><\/div>\n<\/div>\n\t\t\t\t<\/div>\n\t\t\t\t<div  class=\"ms-slide\" data-delay=\"2\" data-fill-mode=\"fill\"  >\n\t\t\t\t\t<img decoding=\"async\" src=\"https:\/\/arquivo.osso.pt\/wp-content\/plugins\/master-slider\/public\/assets\/css\/blank.gif\" alt=\"\" title=\"\" data-src=\"https:\/\/arquivo.osso.pt\/wp-content\/uploads\/2021\/02\/guardarios_geral6.jpg\" \/>\n\n\n\t<div class=\"ms-thumb\" ><div class=\"ms-tab-context\"><div class=\"&quot;ms-tab-context&quot;\"><\/div><\/div>\n<\/div>\n\t\t\t\t<\/div>\n\t\t\t\t<div  class=\"ms-slide\" data-delay=\"2\" data-fill-mode=\"fill\"  >\n\t\t\t\t\t<img decoding=\"async\" src=\"https:\/\/arquivo.osso.pt\/wp-content\/plugins\/master-slider\/public\/assets\/css\/blank.gif\" alt=\"\" title=\"\" data-src=\"https:\/\/arquivo.osso.pt\/wp-content\/uploads\/2021\/02\/guardarios_geral7.jpg\" \/>\n\n\n\t<div class=\"ms-thumb\" ><div class=\"ms-tab-context\"><div class=\"&quot;ms-tab-context&quot;\"><\/div><\/div>\n<\/div>\n\t\t\t\t<\/div>\n\t\t\t\t<div  class=\"ms-slide\" data-delay=\"2\" data-fill-mode=\"fill\"  >\n\t\t\t\t\t<img decoding=\"async\" src=\"https:\/\/arquivo.osso.pt\/wp-content\/plugins\/master-slider\/public\/assets\/css\/blank.gif\" alt=\"\" title=\"\" data-src=\"https:\/\/arquivo.osso.pt\/wp-content\/uploads\/2021\/02\/guardarios_geral9.jpg\" \/>\n\n\n\t<div class=\"ms-thumb\" ><div class=\"ms-tab-context\"><div class=\"&quot;ms-tab-context&quot;\"><\/div><\/div>\n<\/div>\n\t\t\t\t<\/div>\n\t\t\t\t<div  class=\"ms-slide\" data-delay=\"2\" data-fill-mode=\"fill\"  >\n\t\t\t\t\t<img decoding=\"async\" src=\"https:\/\/arquivo.osso.pt\/wp-content\/plugins\/master-slider\/public\/assets\/css\/blank.gif\" alt=\"\" title=\"\" data-src=\"https:\/\/arquivo.osso.pt\/wp-content\/uploads\/2021\/02\/guardarios_geral10.jpg\" \/>\n\n\n\t<div class=\"ms-thumb\" ><div class=\"ms-tab-context\"><div class=\"&quot;ms-tab-context&quot;\"><\/div><\/div>\n<\/div>\n\t\t\t\t<\/div>\n\t\t\t\t<div  class=\"ms-slide\" data-delay=\"2\" data-fill-mode=\"fill\"  >\n\t\t\t\t\t<img decoding=\"async\" src=\"https:\/\/arquivo.osso.pt\/wp-content\/plugins\/master-slider\/public\/assets\/css\/blank.gif\" alt=\"\" title=\"\" data-src=\"https:\/\/arquivo.osso.pt\/wp-content\/uploads\/2021\/02\/guardarios_geral13.jpg\" \/>\n\n\n\t<div class=\"ms-thumb\" ><div class=\"ms-tab-context\"><div class=\"&quot;ms-tab-context&quot;\"><\/div><\/div>\n<\/div>\n\t\t\t\t<\/div>\n\t\t\t\t<div  class=\"ms-slide\" data-delay=\"2\" data-fill-mode=\"fill\"  >\n\t\t\t\t\t<img decoding=\"async\" src=\"https:\/\/arquivo.osso.pt\/wp-content\/plugins\/master-slider\/public\/assets\/css\/blank.gif\" alt=\"\" title=\"\" data-src=\"https:\/\/arquivo.osso.pt\/wp-content\/uploads\/2021\/02\/guardarios_geral14.jpg\" \/>\n\n\n\t<div class=\"ms-thumb\" ><div class=\"ms-tab-context\"><div class=\"&quot;ms-tab-context&quot;\"><\/div><\/div>\n<\/div>\n\t\t\t\t<\/div>\n\t\t\t\t<div  class=\"ms-slide\" data-delay=\"2\" data-fill-mode=\"fill\"  >\n\t\t\t\t\t<img decoding=\"async\" src=\"https:\/\/arquivo.osso.pt\/wp-content\/plugins\/master-slider\/public\/assets\/css\/blank.gif\" alt=\"\" title=\"\" data-src=\"https:\/\/arquivo.osso.pt\/wp-content\/uploads\/2021\/02\/guardarios_geral15.jpg\" \/>\n\n\n\t<div class=\"ms-thumb\" ><div class=\"ms-tab-context\"><div class=\"&quot;ms-tab-context&quot;\"><\/div><\/div>\n<\/div>\n\t\t\t\t<\/div>\n\t\t\t\t<div  class=\"ms-slide\" data-delay=\"2\" data-fill-mode=\"fill\"  >\n\t\t\t\t\t<img decoding=\"async\" src=\"https:\/\/arquivo.osso.pt\/wp-content\/plugins\/master-slider\/public\/assets\/css\/blank.gif\" alt=\"\" title=\"\" data-src=\"https:\/\/arquivo.osso.pt\/wp-content\/uploads\/2021\/02\/guardarios_geral16.jpg\" \/>\n\n\n\t<div class=\"ms-thumb\" ><div class=\"ms-tab-context\"><div class=\"&quot;ms-tab-context&quot;\"><\/div><\/div>\n<\/div>\n\t\t\t\t<\/div>\n\t\t\t\t<div  class=\"ms-slide\" data-delay=\"2\" data-fill-mode=\"fill\"  >\n\t\t\t\t\t<img decoding=\"async\" src=\"https:\/\/arquivo.osso.pt\/wp-content\/plugins\/master-slider\/public\/assets\/css\/blank.gif\" alt=\"\" title=\"\" data-src=\"https:\/\/arquivo.osso.pt\/wp-content\/uploads\/2021\/02\/guardarios_geral17.jpg\" \/>\n\n\n\t<div class=\"ms-thumb\" ><div class=\"ms-tab-context\"><div class=\"&quot;ms-tab-context&quot;\"><\/div><\/div>\n<\/div>\n\t\t\t\t<\/div>\n\t\t\t\t<div  class=\"ms-slide\" data-delay=\"2\" data-fill-mode=\"fill\"  >\n\t\t\t\t\t<img decoding=\"async\" src=\"https:\/\/arquivo.osso.pt\/wp-content\/plugins\/master-slider\/public\/assets\/css\/blank.gif\" alt=\"\" title=\"\" data-src=\"https:\/\/arquivo.osso.pt\/wp-content\/uploads\/2021\/02\/guardarios_geral18.jpg\" \/>\n\n\n\t<div class=\"ms-thumb\" ><div class=\"ms-tab-context\"><div class=\"&quot;ms-tab-context&quot;\"><\/div><\/div>\n<\/div>\n\t\t\t\t<\/div>\n\t\t\t\t<div  class=\"ms-slide\" data-delay=\"2\" data-fill-mode=\"fill\"  >\n\t\t\t\t\t<img decoding=\"async\" src=\"https:\/\/arquivo.osso.pt\/wp-content\/plugins\/master-slider\/public\/assets\/css\/blank.gif\" alt=\"\" title=\"\" data-src=\"https:\/\/arquivo.osso.pt\/wp-content\/uploads\/2021\/02\/guardarios_geral19.jpg\" \/>\n\n\n\t<div class=\"ms-thumb\" ><div class=\"ms-tab-context\"><div class=\"&quot;ms-tab-context&quot;\"><\/div><\/div>\n<\/div>\n\t\t\t\t<\/div>\n\t\t\t\t<div  class=\"ms-slide\" data-delay=\"2\" data-fill-mode=\"fill\"  >\n\t\t\t\t\t<img decoding=\"async\" src=\"https:\/\/arquivo.osso.pt\/wp-content\/plugins\/master-slider\/public\/assets\/css\/blank.gif\" alt=\"\" title=\"\" data-src=\"https:\/\/arquivo.osso.pt\/wp-content\/uploads\/2021\/02\/guardarios_geral20.jpg\" \/>\n\n\n\t<div class=\"ms-thumb\" ><div class=\"ms-tab-context\"><div class=\"&quot;ms-tab-context&quot;\"><\/div><\/div>\n<\/div>\n\t\t\t\t<\/div>\n\t\t\t\t<div  class=\"ms-slide\" data-delay=\"2\" data-fill-mode=\"fill\"  >\n\t\t\t\t\t<img decoding=\"async\" src=\"https:\/\/arquivo.osso.pt\/wp-content\/plugins\/master-slider\/public\/assets\/css\/blank.gif\" alt=\"\" title=\"\" data-src=\"https:\/\/arquivo.osso.pt\/wp-content\/uploads\/2021\/02\/guardarios_geral21.jpg\" \/>\n\n\n\t<div class=\"ms-thumb\" ><div class=\"ms-tab-context\"><div class=\"&quot;ms-tab-context&quot;\"><\/div><\/div>\n<\/div>\n\t\t\t\t<\/div>\n\t\t\t\t<div  class=\"ms-slide\" data-delay=\"2\" data-fill-mode=\"fill\"  >\n\t\t\t\t\t<img decoding=\"async\" src=\"https:\/\/arquivo.osso.pt\/wp-content\/plugins\/master-slider\/public\/assets\/css\/blank.gif\" alt=\"\" title=\"\" data-src=\"https:\/\/arquivo.osso.pt\/wp-content\/uploads\/2021\/02\/guardarios_geral22.jpg\" \/>\n\n\n\t<div class=\"ms-thumb\" ><div class=\"ms-tab-context\"><div class=\"&quot;ms-tab-context&quot;\"><\/div><\/div>\n<\/div>\n\t\t\t\t<\/div>\n\t\t\t\t<div  class=\"ms-slide\" data-delay=\"2\" data-fill-mode=\"fill\"  >\n\t\t\t\t\t<img decoding=\"async\" src=\"https:\/\/arquivo.osso.pt\/wp-content\/plugins\/master-slider\/public\/assets\/css\/blank.gif\" alt=\"\" title=\"\" data-src=\"https:\/\/arquivo.osso.pt\/wp-content\/uploads\/2021\/02\/guardarios_geral23.jpg\" \/>\n\n\n\t<div class=\"ms-thumb\" ><div class=\"ms-tab-context\"><div class=\"&quot;ms-tab-context&quot;\"><\/div><\/div>\n<\/div>\n\t\t\t\t<\/div>\n\t\t\t\t<div  class=\"ms-slide\" data-delay=\"2\" data-fill-mode=\"fill\"  >\n\t\t\t\t\t<img decoding=\"async\" src=\"https:\/\/arquivo.osso.pt\/wp-content\/plugins\/master-slider\/public\/assets\/css\/blank.gif\" alt=\"\" title=\"\" data-src=\"https:\/\/arquivo.osso.pt\/wp-content\/uploads\/2021\/02\/guardarios_geral24.jpg\" \/>\n\n\n\t<div class=\"ms-thumb\" ><div class=\"ms-tab-context\"><div class=\"&quot;ms-tab-context&quot;\"><\/div><\/div>\n<\/div>\n\t\t\t\t<\/div>\n\t\t\t\t<div  class=\"ms-slide\" data-delay=\"2\" data-fill-mode=\"fill\"  >\n\t\t\t\t\t<img decoding=\"async\" src=\"https:\/\/arquivo.osso.pt\/wp-content\/plugins\/master-slider\/public\/assets\/css\/blank.gif\" alt=\"\" title=\"\" data-src=\"https:\/\/arquivo.osso.pt\/wp-content\/uploads\/2021\/02\/guardarios_geral26.jpg\" \/>\n\n\n\t<div class=\"ms-thumb\" ><div class=\"ms-tab-context\"><div class=\"&quot;ms-tab-context&quot;\"><\/div><\/div>\n<\/div>\n\t\t\t\t<\/div>\n\t\t\t\t<div  class=\"ms-slide\" data-delay=\"2\" data-fill-mode=\"fill\"  >\n\t\t\t\t\t<img decoding=\"async\" src=\"https:\/\/arquivo.osso.pt\/wp-content\/plugins\/master-slider\/public\/assets\/css\/blank.gif\" alt=\"\" title=\"\" data-src=\"https:\/\/arquivo.osso.pt\/wp-content\/uploads\/2021\/02\/guardarios_geral27.jpg\" \/>\n\n\n\t<div class=\"ms-thumb\" ><div class=\"ms-tab-context\"><div class=\"&quot;ms-tab-context&quot;\"><\/div><\/div>\n<\/div>\n\t\t\t\t<\/div>\n\t\t\t\t<div  class=\"ms-slide\" data-delay=\"2\" data-fill-mode=\"fill\"  >\n\t\t\t\t\t<img decoding=\"async\" src=\"https:\/\/arquivo.osso.pt\/wp-content\/plugins\/master-slider\/public\/assets\/css\/blank.gif\" alt=\"\" title=\"\" data-src=\"https:\/\/arquivo.osso.pt\/wp-content\/uploads\/2021\/02\/guardarios_geral28.jpg\" \/>\n\n\n\t<div class=\"ms-thumb\" ><div class=\"ms-tab-context\"><div class=\"&quot;ms-tab-context&quot;\"><\/div><\/div>\n<\/div>\n\t\t\t\t<\/div>\n\t\t\t\t<div  class=\"ms-slide\" data-delay=\"2\" data-fill-mode=\"fill\"  >\n\t\t\t\t\t<img decoding=\"async\" src=\"https:\/\/arquivo.osso.pt\/wp-content\/plugins\/master-slider\/public\/assets\/css\/blank.gif\" alt=\"\" title=\"\" data-src=\"https:\/\/arquivo.osso.pt\/wp-content\/uploads\/2021\/02\/guardarios_geral29.jpg\" \/>\n\n\n\t<div class=\"ms-thumb\" ><div class=\"ms-tab-context\"><div class=\"&quot;ms-tab-context&quot;\"><\/div><\/div>\n<\/div>\n\t\t\t\t<\/div>\n\t\t\t\t<div  class=\"ms-slide\" data-delay=\"2\" data-fill-mode=\"fill\"  >\n\t\t\t\t\t<img decoding=\"async\" src=\"https:\/\/arquivo.osso.pt\/wp-content\/plugins\/master-slider\/public\/assets\/css\/blank.gif\" alt=\"\" title=\"\" data-src=\"https:\/\/arquivo.osso.pt\/wp-content\/uploads\/2021\/02\/guardarios_geral30.jpg\" \/>\n\n\n\t<div class=\"ms-thumb\" ><div class=\"ms-tab-context\"><div class=\"&quot;ms-tab-context&quot;\"><\/div><\/div>\n<\/div>\n\t\t\t\t<\/div>\n\t\t\t\t<div  class=\"ms-slide\" data-delay=\"2\" data-fill-mode=\"fill\"  >\n\t\t\t\t\t<img decoding=\"async\" src=\"https:\/\/arquivo.osso.pt\/wp-content\/plugins\/master-slider\/public\/assets\/css\/blank.gif\" alt=\"\" title=\"\" data-src=\"https:\/\/arquivo.osso.pt\/wp-content\/uploads\/2021\/02\/guardarios_geral31.jpg\" \/>\n\n\n\t<div class=\"ms-thumb\" ><div class=\"ms-tab-context\"><div class=\"&quot;ms-tab-context&quot;\"><\/div><\/div>\n<\/div>\n\t\t\t\t<\/div>\n\t\t\t\t<div  class=\"ms-slide\" data-delay=\"2\" data-fill-mode=\"fill\"  >\n\t\t\t\t\t<img decoding=\"async\" src=\"https:\/\/arquivo.osso.pt\/wp-content\/plugins\/master-slider\/public\/assets\/css\/blank.gif\" alt=\"\" title=\"\" data-src=\"https:\/\/arquivo.osso.pt\/wp-content\/uploads\/2021\/02\/guardarios_geral32.jpg\" \/>\n\n\n\t<div class=\"ms-thumb\" ><div class=\"ms-tab-context\"><div class=\"&quot;ms-tab-context&quot;\"><\/div><\/div>\n<\/div>\n\t\t\t\t<\/div>\n\n\t\t\t<\/div>\n\t\t\t<!-- END MasterSlider Main -->\n\n\t\t\t \n\t\t<\/div>\n\t\t<!-- END MasterSlider -->\n\n\t\t<script>\n\t\t(function ( $ ) {\n\t\t\t\"use strict\";\n\n\t\t\t$(function () {\n\t\t\t\tvar masterslider_f6f7 = new MasterSlider();\n\n\t\t\t\t\/\/ slider controls\n\t\t\t\tmasterslider_f6f7.control('arrows'     ,{ autohide:true, overVideo:true  });\t\t\t\tmasterslider_f6f7.control('bullets'    ,{ autohide:false, overVideo:true, dir:'h', align:'bottom' , margin:20  });\n\n\t\t\t\t\/\/ slider setup\n\t\t\t\tmasterslider_f6f7.setup(\"MS69e02d169f6f7\", {\n\t\t\t\t\t\twidth           : 770,\n\t\t\t\t\t\theight          : 513,\n\t\t\t\t\t\tminHeight       : 0,\n\t\t\t\t\t\tspace           : 0,\n\t\t\t\t\t\tstart           : 1,\n\t\t\t\t\t\tgrabCursor      : false,\n\t\t\t\t\t\tswipe           : true,\n\t\t\t\t\t\tmouse           : true,\n\t\t\t\t\t\tlayout          : \"boxed\",\n\t\t\t\t\t\twheel           : false,\n\t\t\t\t\t\tautoplay        : true,\n\t\t\t\t\t\tinstantStartLayers:false,\n\t\t\t\t\t\tloop            : true,\n\t\t\t\t\t\tshuffle         : false,\n\t\t\t\t\t\tpreload         : 0,\n\t\t\t\t\t\theightLimit     : true,\n\t\t\t\t\t\tautoHeight      : false,\n\t\t\t\t\t\tsmoothHeight    : true,\n\t\t\t\t\t\tendPause        : false,\n\t\t\t\t\t\toverPause       : true,\n\t\t\t\t\t\tfillMode        : \"fill\",\n\t\t\t\t\t\tcenterControls  : true,\n\t\t\t\t\t\tstartOnAppear   : false,\n\t\t\t\t\t\tlayersMode      : \"center\",\n\t\t\t\t\t\thideLayers      : false,\n\t\t\t\t\t\tfullscreenMargin: 0,\n\t\t\t\t\t\tspeed           : 20,\n\t\t\t\t\t\tdir             : \"h\",\n\t\t\t\t\t\tparallaxMode    : 'swipe',\n\t\t\t\t\t\tview            : \"fade\"\n\t\t\t\t});\n\n\t\t\t\t\n\t\t\t\twindow.masterslider_instances = window.masterslider_instances || [];\n\t\t\t\twindow.masterslider_instances.push( masterslider_f6f7 );\n\t\t\t });\n\n\t\t})(jQuery);\n\t\t<\/script>\n\n<\/div>\n<p><strong>GUARDA-RIOS<br \/>\nWest Coast Collective (Francisco Pinheiro,Laura Marques e Paulo Morais)<\/strong><br \/>\nGuarda-Rios is a project of artistic research-creation that starts in riverside territories, proposing a constant reflection on human relations with the natural environment on different dimensions (aesthetic, cultural, social, environmental).<br \/>\nA project that takes place in different places, having already passed through the Tagus and Douro rivers, and that now takes shape in residence in OSSO space, exploring and listening to the surrounding territory.<\/p>\n<p>&#8220;Chamar os p\u00e1ssaros: performance and sound listening walk&#8221;.<br \/>\nArtist Residency of West Coast Collective<br \/>\nFollowing the residency of West Coast collective, OSSO and S\u00e3o Greg\u00f3rio Gin\u00e1sio Clube came together to present a performance and a walk. The focus of this activity was the soundscape of the village of S\u00e3o Greg\u00f3rio, and ended with a convivial lunch at the village club.<\/p>\n<p>This walk started with the sound performance &#8220;Chilrear de Mesa&#8221;, from which they introduced questions related to listening and seeing, and how these can function as tools for relating to our surroundings. During this walk different active listening exercises were proposed, identifying nature sounds and creating parallels with the surrounding urban sounds.<\/p>\n<p><strong>Duration<\/strong>: 2h<br \/>\n<strong>Public<\/strong>: jovens, adultos e fam\u00edlias.<br \/>\n<strong>Observation<\/strong>: levar roupa e cal\u00e7ado pr\u00e1tico, chap\u00e9u e cantil.<br \/>\n<strong>Facilitators<\/strong>: Francisco Pinheiro e Laura Marques<\/p>\n<p><strong>Organization<\/strong>: OSSO and S\u00e3o Greg\u00f3rio Gin\u00e1sio Clube<br \/>\n<strong>Support:<\/strong> Centro de Apoio Social da Freguesia de S\u00e3o Greg\u00f3rio<br \/>\n<strong>Local:<\/strong> Aldeia de S\u00e3o Greg\u00f3rio; Est\u00fadios Osso<br \/>\n<strong>Date:<\/strong> Residencie: 03.02.2020 to 13.02.2020, Passeio: 08.02.2020<\/p>\n<\/div>\n<\/div>\n","protected":false},"excerpt":{"rendered":"<p>GUARDA-RIOS West Coast Collective (Francisco Pinheiro,Laura Marques e Paulo Morais) Guarda-Rios is a project of artistic research-creation that starts in riverside territories, proposing a constant reflection on human relations with the natural environment on different dimensions (aesthetic, cultural, social, environmental). A project that takes place in different places, having already passed through the Tagus and Douro rivers, and that now [&hellip;]<\/p>\n","protected":false},"author":1,"featured_media":0,"parent":16388,"menu_order":0,"comment_status":"closed","ping_status":"closed","template":"","meta":{"footnotes":""},"class_list":["post-16403","page","type-page","status-publish","hentry"],"_links":{"self":[{"href":"https:\/\/arquivo.osso.pt\/en\/wp-json\/wp\/v2\/pages\/16403","targetHints":{"allow":["GET"]}}],"collection":[{"href":"https:\/\/arquivo.osso.pt\/en\/wp-json\/wp\/v2\/pages"}],"about":[{"href":"https:\/\/arquivo.osso.pt\/en\/wp-json\/wp\/v2\/types\/page"}],"author":[{"embeddable":true,"href":"https:\/\/arquivo.osso.pt\/en\/wp-json\/wp\/v2\/users\/1"}],"replies":[{"embeddable":true,"href":"https:\/\/arquivo.osso.pt\/en\/wp-json\/wp\/v2\/comments?post=16403"}],"version-history":[{"count":3,"href":"https:\/\/arquivo.osso.pt\/en\/wp-json\/wp\/v2\/pages\/16403\/revisions"}],"predecessor-version":[{"id":16423,"href":"https:\/\/arquivo.osso.pt\/en\/wp-json\/wp\/v2\/pages\/16403\/revisions\/16423"}],"up":[{"embeddable":true,"href":"https:\/\/arquivo.osso.pt\/en\/wp-json\/wp\/v2\/pages\/16388"}],"wp:attachment":[{"href":"https:\/\/arquivo.osso.pt\/en\/wp-json\/wp\/v2\/media?parent=16403"}],"curies":[{"name":"wp","href":"https:\/\/api.w.org\/{rel}","templated":true}]}}