{"id":16400,"date":"2021-11-29T14:00:46","date_gmt":"2021-11-29T14:00:46","guid":{"rendered":"https:\/\/arquivo.osso.pt\/?page_id=16400"},"modified":"2021-11-29T14:01:48","modified_gmt":"2021-11-29T14:01:48","slug":"luis-senra","status":"publish","type":"page","link":"https:\/\/arquivo.osso.pt\/en\/programacao-3\/na-rua\/luis-senra\/","title":{"rendered":"LUIS SENRA"},"content":{"rendered":"<div class=\"iframe\" style=\"max-width: 770px; height: auto; margin-left: auto; margin-right: auto; margin-top: 0px; margin-bottom: 0px;\">\n<div dir=\"ltr\" style=\"text-align: justify;\">\n<div align=\"center\">\n\t\t<!-- MasterSlider -->\n\t\t<div id=\"P_MS69e02ceed3626\" class=\"master-slider-parent msl ms-parent-id-77\" style=\"max-width:770px;\">\n\n\t\t\t\n\t\t\t<!-- MasterSlider Main -->\n\t\t\t<div id=\"MS69e02ceed3626\" class=\"master-slider ms-skin-default\" >\n\t\t\t\t \t\t\t\t \n\t\t\t\t<div  class=\"ms-slide\" data-delay=\"2\" data-fill-mode=\"fill\"  >\n\t\t\t\t\t<img decoding=\"async\" src=\"https:\/\/arquivo.osso.pt\/wp-content\/plugins\/master-slider\/public\/assets\/css\/blank.gif\" alt=\"\" title=\"\" data-src=\"https:\/\/arquivo.osso.pt\/wp-content\/uploads\/2021\/02\/luis_senra_geral1.jpg\" \/>\n\n\n\t<div class=\"ms-thumb\" ><div class=\"ms-tab-context\"><div class=\"&quot;ms-tab-context&quot;\"><\/div><\/div>\n<\/div>\n\t\t\t\t<\/div>\n\t\t\t\t<div  class=\"ms-slide\" data-delay=\"2\" data-fill-mode=\"fill\"  >\n\t\t\t\t\t<img decoding=\"async\" src=\"https:\/\/arquivo.osso.pt\/wp-content\/plugins\/master-slider\/public\/assets\/css\/blank.gif\" alt=\"\" title=\"\" data-src=\"https:\/\/arquivo.osso.pt\/wp-content\/uploads\/2021\/02\/luis_senra_geral2.jpg\" \/>\n\n\n\t<div class=\"ms-thumb\" ><div class=\"ms-tab-context\"><div class=\"&quot;ms-tab-context&quot;\"><\/div><\/div>\n<\/div>\n\t\t\t\t<\/div>\n\t\t\t\t<div  class=\"ms-slide\" data-delay=\"2\" data-fill-mode=\"fill\"  >\n\t\t\t\t\t<img decoding=\"async\" src=\"https:\/\/arquivo.osso.pt\/wp-content\/plugins\/master-slider\/public\/assets\/css\/blank.gif\" alt=\"\" title=\"\" data-src=\"https:\/\/arquivo.osso.pt\/wp-content\/uploads\/2021\/02\/luis_senra_geral3.jpg\" \/>\n\n\n\t<div class=\"ms-thumb\" ><div class=\"ms-tab-context\"><div class=\"&quot;ms-tab-context&quot;\"><\/div><\/div>\n<\/div>\n\t\t\t\t<\/div>\n\t\t\t\t<div  class=\"ms-slide\" data-delay=\"2\" data-fill-mode=\"fill\"  >\n\t\t\t\t\t<img decoding=\"async\" src=\"https:\/\/arquivo.osso.pt\/wp-content\/plugins\/master-slider\/public\/assets\/css\/blank.gif\" alt=\"\" title=\"\" data-src=\"https:\/\/arquivo.osso.pt\/wp-content\/uploads\/2021\/02\/luis_senra_geral4.jpg\" \/>\n\n\n\t<div class=\"ms-thumb\" ><div class=\"ms-tab-context\"><div class=\"&quot;ms-tab-context&quot;\"><\/div><\/div>\n<\/div>\n\t\t\t\t<\/div>\n\t\t\t\t<div  class=\"ms-slide\" data-delay=\"2\" data-fill-mode=\"fill\"  >\n\t\t\t\t\t<img decoding=\"async\" src=\"https:\/\/arquivo.osso.pt\/wp-content\/plugins\/master-slider\/public\/assets\/css\/blank.gif\" alt=\"\" title=\"\" data-src=\"https:\/\/arquivo.osso.pt\/wp-content\/uploads\/2021\/02\/luis_senra_geral5.jpg\" \/>\n\n\n\t<div class=\"ms-thumb\" ><div class=\"ms-tab-context\"><div class=\"&quot;ms-tab-context&quot;\"><\/div><\/div>\n<\/div>\n\t\t\t\t<\/div>\n\n\t\t\t<\/div>\n\t\t\t<!-- END MasterSlider Main -->\n\n\t\t\t \n\t\t<\/div>\n\t\t<!-- END MasterSlider -->\n\n\t\t<script>\n\t\t(function ( $ ) {\n\t\t\t\"use strict\";\n\n\t\t\t$(function () {\n\t\t\t\tvar masterslider_3626 = new MasterSlider();\n\n\t\t\t\t\/\/ slider controls\n\t\t\t\tmasterslider_3626.control('arrows'     ,{ autohide:true, overVideo:true  });\t\t\t\tmasterslider_3626.control('bullets'    ,{ autohide:false, overVideo:true, dir:'h', align:'bottom' , margin:20  });\n\n\t\t\t\t\/\/ slider setup\n\t\t\t\tmasterslider_3626.setup(\"MS69e02ceed3626\", {\n\t\t\t\t\t\twidth           : 770,\n\t\t\t\t\t\theight          : 513,\n\t\t\t\t\t\tminHeight       : 0,\n\t\t\t\t\t\tspace           : 0,\n\t\t\t\t\t\tstart           : 1,\n\t\t\t\t\t\tgrabCursor      : false,\n\t\t\t\t\t\tswipe           : true,\n\t\t\t\t\t\tmouse           : true,\n\t\t\t\t\t\tlayout          : \"boxed\",\n\t\t\t\t\t\twheel           : false,\n\t\t\t\t\t\tautoplay        : true,\n\t\t\t\t\t\tinstantStartLayers:false,\n\t\t\t\t\t\tloop            : true,\n\t\t\t\t\t\tshuffle         : false,\n\t\t\t\t\t\tpreload         : 0,\n\t\t\t\t\t\theightLimit     : true,\n\t\t\t\t\t\tautoHeight      : false,\n\t\t\t\t\t\tsmoothHeight    : true,\n\t\t\t\t\t\tendPause        : false,\n\t\t\t\t\t\toverPause       : true,\n\t\t\t\t\t\tfillMode        : \"fill\",\n\t\t\t\t\t\tcenterControls  : true,\n\t\t\t\t\t\tstartOnAppear   : false,\n\t\t\t\t\t\tlayersMode      : \"center\",\n\t\t\t\t\t\thideLayers      : false,\n\t\t\t\t\t\tfullscreenMargin: 0,\n\t\t\t\t\t\tspeed           : 20,\n\t\t\t\t\t\tdir             : \"h\",\n\t\t\t\t\t\tparallaxMode    : 'swipe',\n\t\t\t\t\t\tview            : \"fade\"\n\t\t\t\t});\n\n\t\t\t\t\n\t\t\t\twindow.masterslider_instances = window.masterslider_instances || [];\n\t\t\t\twindow.masterslider_instances.push( masterslider_3626 );\n\t\t\t });\n\n\t\t})(jQuery);\n\t\t<\/script>\n\n<\/div>\n<p><strong>Luis Senra<\/strong><br \/>\nLuis Senra \u00e9 um saxofonista e free improviser micaelense, natural de Rabo de Peixe, que tem como foco explorar e desenvolver performances, a solo ou em parcerias, onde o foco principal \u00e9 a liberdade criativa e a composi\u00e7\u00e3o em tempo real, como meio de explora\u00e7\u00e3o musical e de conex\u00e3o direta com o p\u00fablico.<br \/>\nDurante esta resid\u00eancia uma das pr\u00e1ticas de Senra, entre outras, passa por explorar a rela\u00e7\u00e3o e confronto do saxofone com as particularidades ac\u00fasticas de diferentes espa\u00e7os e edif\u00edcios existentes nas imedia\u00e7\u00f5es dos est\u00fadios da OSSO.<\/p>\n<hr>\n<p><strong>A IGREJA PAROQUIAL DE S\u00c3O GREG\u00d3RIO<\/strong><br \/>\n<div style=\"width: 640px;\" class=\"wp-video\"><video class=\"wp-video-shortcode\" id=\"video-16400-1\" width=\"640\" height=\"360\" preload=\"metadata\" controls=\"controls\"><source type=\"video\/mp4\" src=\"https:\/\/cloud.osso.pt\/index.php\/s\/o55sgzHrZAgLGHm\/download\/A%20Igreja%20Paroquial%20de%20Sao%20Greg%C3%B3rio.mp4?_=1\" \/><a href=\"https:\/\/cloud.osso.pt\/index.php\/s\/o55sgzHrZAgLGHm\/download\/A%20Igreja%20Paroquial%20de%20Sao%20Greg%C3%B3rio.mp4\">https:\/\/cloud.osso.pt\/index.php\/s\/o55sgzHrZAgLGHm\/download\/A%20Igreja%20Paroquial%20de%20Sao%20Greg%C3%B3rio.mp4<\/a><\/video><\/div>\n<br \/>\nA Igreja Paroquial de S\u00e3o Greg\u00f3rio mostrou-me o caminho. Um simples e bonito templo modernista, do s\u00e9culo XX, com nave e presbit\u00e9rio num \u00fanico volume, e que \u00e9 parte de uma hist\u00f3ria &#8211; no m\u00ednimo &#8211; forte.<br \/>\nAs popula\u00e7\u00f5es da Fanadia e S\u00e3o Greg\u00f3rio sempre tiveram um historial de conflito e rivalidade. Para alterar este facto mandou construir-se um templo entre as duas aldeias com o objectivo de unir as suas gentes e acabar com as quez\u00edlias, templo este que em 1910 foi incendiado e destru\u00eddo pelas chamas. Neste mesmo local foi constru\u00eddo o templo actual permanecendo ainda a hist\u00f3ria, como contou a Sra. Maria cujo o pai viu paralisado a par\u00f3quia em chamas.<br \/>\nSeria de esperar que o sentimento de uma uni\u00e3o queimada reduzi-se a cinzas toda a possibilidade de cria\u00e7\u00e3o, mas n\u00e3o foi assim. A ac\u00fastica era t\u00e3o cheio de vida &#8211; percorrendo e unindo espa\u00e7o, corpo e mente &#8211; criando uma teia de sons longos e confortantes que paralisaram o corpo, invocaram o esp\u00edrito e transportaram a alma para onde quis. O templo comigo cumpriu o seu papel, e uniu-me por inteiro.<br \/>\n<em>Luis Senra | 23.02.20<\/em><\/p>\n<hr>\n<p><strong>O JARDIM DA ALDEIA <\/strong><br \/>\n<div style=\"width: 640px;\" class=\"wp-video\"><video class=\"wp-video-shortcode\" id=\"video-16400-2\" width=\"640\" height=\"360\" preload=\"metadata\" controls=\"controls\"><source type=\"video\/mp4\" src=\"https:\/\/cloud.osso.pt\/index.php\/s\/5B2g4KpiiaFLiHd\/download\/O%20jardim%20da%20aldeia.mp4?_=2\" \/><a href=\"https:\/\/cloud.osso.pt\/index.php\/s\/5B2g4KpiiaFLiHd\/download\/O%20jardim%20da%20aldeia.mp4\">https:\/\/cloud.osso.pt\/index.php\/s\/5B2g4KpiiaFLiHd\/download\/O%20jardim%20da%20aldeia.mp4<\/a><\/video><\/div>\n<br \/>\nUm dos lugares mais belos de S\u00e3o Greg\u00f3rio \u00e9 o jardim junto ao antigo po\u00e7o. Habitado por belas \u00e0rvores e flores, com uma lind\u00edssima vista para o vale e a possibilidade de assistir a um p\u00f4r do sol deslumbrante. Ali apenas se ouvem insectos , p\u00e1ssaros e os nossos pensamentos, o cen\u00e1rio perfeito para sentar e partilhar de forma plena.<br \/>\nSem nunca tirar os olhos da vista, conversas cheias e companheirismo tornaram desconhecidos em conhecidos amigos. \u00c9 este o poder de pessoas transparentes e com a capacidade de potencializar o melhor de n\u00f3s e de criar os momentos mais marcantes e especiais.<br \/>\nSurpreendentemente fomos brindados com o aparecimento de um colibri, o mensageiro dos Deuses, que segundo os nativos americanos trazem alegria, amor, cura e luz divina a quem este decide voar perto. Trouxe com ele o absorver das suas maiores caracter\u00edsticas: alegria, autenticidade, profundidade, leveza, adaptabilidade, persist\u00eancia e infinidade; e o que parece ter sido a valida\u00e7\u00e3o de tudo o que ali surgiu.<br \/>\nA m\u00fasica surgiu ent\u00e3o meramente em segundo plano como se de uma banda sonora se tratasse. O cuidado em dar espa\u00e7o \u00e0 verdadeira m\u00fasica da natureza atrav\u00e9s de sons leves e espa\u00e7ados, uma melodia leve e gentil, e o materializar de todos aqueles sentimentos e liga\u00e7\u00f5es com toda a envolv\u00eancia natural e humana.<br \/>\nTal como o colibri est\u00e1vamos leves. Permitindo aos nossos esp\u00edritos a liberdade de vaguearem por a\u00ed seguindo a dire\u00e7\u00e3o do som.<br \/>\n<em>Luis Senra | 23.02.20<\/em><\/p>\n<hr>\n<p><strong>O JARDIM DA OSSO<\/strong><br \/>\n<div style=\"width: 640px;\" class=\"wp-video\"><video class=\"wp-video-shortcode\" id=\"video-16400-3\" width=\"640\" height=\"360\" preload=\"metadata\" controls=\"controls\"><source type=\"video\/mp4\" src=\"https:\/\/cloud.osso.pt\/index.php\/s\/6LjEeqw8QDfrkWq\/download\/O%20jardim%20da%20OSSO.mp4?_=3\" \/><a href=\"https:\/\/cloud.osso.pt\/index.php\/s\/6LjEeqw8QDfrkWq\/download\/O%20jardim%20da%20OSSO.mp4\">https:\/\/cloud.osso.pt\/index.php\/s\/6LjEeqw8QDfrkWq\/download\/O%20jardim%20da%20OSSO.mp4<\/a><\/video><\/div>\n<br \/>\n\u00c9 para mim o lugar mais inspirador da OSSO. Um lindo espa\u00e7o verde bem marcado por duas enormes \u00e1rvores de fruto que formam o que chamo ser o \u201cportal da criativaidade\u201d. \u00c9 este \u201cportal\u201d que nos suga toda a aten\u00e7\u00e3o, faz baixar a guarda e o controlo, e obriga a ouvir e observar as mais pequenas coisas &#8211; como o vento a passar entre os ramos das \u00e0rvores, o ritual de colheita das abelhas e os mon\u00f3logos e di\u00e1logos dos p\u00e1ssaros.<br \/>\nE foi com os p\u00e1ssaros que quis falar. Contar a minha hist\u00f3ria de busca pela tranquilidade e de, tal como eles, voar de forma t\u00e3o leve atrav\u00e9s da minha ess\u00eancia munindo-me apenas do meu canto. Sem tens\u00f5es e envolto em quietude a conversa revelou-se curta e em tom ameno,  seguindo uma linha mel\u00f3dica que parecia sempre saber ir. Que ela me ensine a seguir com ela, sem controlos nem medos.<br \/>\n<em>Luis Senra | 24.02.20<\/em><\/p>\n<hr>\n<p><strong>O PINHEIRO<\/strong><br \/>\n<div style=\"width: 640px;\" class=\"wp-video\"><video class=\"wp-video-shortcode\" id=\"video-16400-4\" width=\"640\" height=\"360\" preload=\"metadata\" controls=\"controls\"><source type=\"video\/mp4\" src=\"https:\/\/cloud.osso.pt\/index.php\/s\/j8nsmkT49jBFtJx\/download\/O%20pinheiro.mp4?_=4\" \/><a href=\"https:\/\/cloud.osso.pt\/index.php\/s\/j8nsmkT49jBFtJx\/download\/O%20pinheiro.mp4\">https:\/\/cloud.osso.pt\/index.php\/s\/j8nsmkT49jBFtJx\/download\/O%20pinheiro.mp4<\/a><\/video><\/div>\n<br \/>\nResili\u00eancia e esperan\u00e7a. Bem hirto e fixo por suas seguras ra\u00edzes, todos os dias v\u00ea a luz ir-se embora mas ali continua de p\u00e9 mostrando toda a sua majestosidade, for\u00e7a e perenidade. O Pinheiro foi o meu primeiro amigo em S\u00e3o Greg\u00f3rio. Tornou-se o meu companheiro de muitos pores de sol e segurou-me junto de si quando a deriva queria impor-se.<br \/>\n\u00c9 que cada \u00e1rvore tem uma personalidade pr\u00f3pria e esta solit\u00e1ria mostrou a sua bem vincada. Assertiva, atravessando todas as esta\u00e7\u00f5es sem temer intemp\u00e9ries, as altera\u00e7\u00f5es dos tempos e a crueldade dos humanos, e sendo um banco de armazenamento de hist\u00f3rias e mem\u00f3rias silenciosas de todos aqueles a quem um dia fez sombra, testemunho e companhia.<br \/>\nPassei a gostar de sentar-me junto a ele e tentar imaginar que mem\u00f3rias secretas guardar\u00e1, a fantasiar completos gui\u00f5es e cen\u00e1rios, o tom da sua voz e at\u00e9 melodias na minha cabe\u00e7a. Esta, foi uma delas. Comigo levo todas as outras melodias interiores e ensinamentos. A ele, deixo mais esta \u00edntima hist\u00f3ria que ficar\u00e1 para sempre guardada com ele e com a aldeia de S\u00e3o Greg\u00f3rio.<br \/>\n<em>Luis Senra | 28.02.20<\/em><\/p>\n<hr>\n<p><strong>AS TR\u00caS FONTES<\/strong><br \/>\n<div style=\"width: 640px;\" class=\"wp-video\"><video class=\"wp-video-shortcode\" id=\"video-16400-5\" width=\"640\" height=\"360\" preload=\"metadata\" controls=\"controls\"><source type=\"video\/mp4\" src=\"https:\/\/cloud.osso.pt\/index.php\/s\/xCD7FWrcKrjYCMz\/download\/As%20tr%C3%AAs%20fontes.mp4?_=5\" \/><a href=\"https:\/\/cloud.osso.pt\/index.php\/s\/xCD7FWrcKrjYCMz\/download\/As%20tr%C3%AAs%20fontes.mp4\">https:\/\/cloud.osso.pt\/index.php\/s\/xCD7FWrcKrjYCMz\/download\/As%20tr%C3%AAs%20fontes.mp4<\/a><\/video><\/div>\n<br \/>\nAqui est\u00e3o representadas a Fonte Padre Ant\u00f3nio, a Fonte das Covas e os Lavadouros. Foram s\u00edtios onde, j\u00e1 no antigamente, as pessoas juntavam-se atra\u00eddas pela necessidade de \u00e1gua para os animais, para o lavar da roupa ou para o seu pr\u00f3prio consumo dom\u00e9stico. Seria aqui que muitas das partilhas e do pensamento coletivo da aldeia se punha em pr\u00e1tica, permitindo assim a comunh\u00e3o das pessoas e uma responsabilidade colectiva acerca do bom funcionamento dos campos agr\u00edcolas, dos animais, da aldeia, da natureza. Hoje est\u00e3o vazias de pessoas, mas a sua \u00e1gua continua a correr.<br \/>\nFoi esta \u00e1gua que a mim chamou, atrav\u00e9s do seu som, levando-me a tais fontes e seus  tanques cheios de espelhos naturais e reflexos, expondo de forma t\u00e3o detalhada padr\u00f5es e repeti\u00e7\u00f5es \u2013 da luz e de mim. Era um convite a deixar-me perder e a mergulhar no meu interior.<br \/>\nAceitei o convite tornado a visita e perman\u00eancia nos tanques o meu ritual matinal &#8211; ainda hoje ouvi um residente dizer: \u201cele est\u00e1 ali todos os dias\u201d \u2013 estando todas as manh\u00e3s em confronto comigo e com aquilo que a \u00e1gua a cada dia  me mostrava. A certa altura finalmente reconheci-me e consegui ver pelo meio de tantos padr\u00f5es, repeti\u00e7\u00f5es, ecos e reflexos hipnotizantes, conectando-me com a fluidez na \u00e1gua e o poder da sua transforma\u00e7\u00e3o, purifica\u00e7\u00e3o, for\u00e7a e limpeza.  O que vi isso guardo para mim partilhando convosco este v\u00eddeo com um pouco de mim, da vis\u00e3o, dos meus sons interiores e do meu reconhecimento.<br \/>\n<em>Luis Senra | 28.02.20<\/em><\/p>\n<p><strong>Data:<\/strong> 17.02.20 a 01.03.20<br \/>\n<strong>Local:<\/strong> Aldeia de S\u00e3o Greg\u00f3rio, Est\u00fadios OSSO<\/p>\n<\/div>\n<\/div>\n","protected":false},"excerpt":{"rendered":"<p>Luis Senra Luis Senra \u00e9 um saxofonista e free improviser micaelense, natural de Rabo de Peixe, que tem como foco explorar e desenvolver performances, a solo ou em parcerias, onde o foco principal \u00e9 a liberdade criativa e a composi\u00e7\u00e3o em tempo real, como meio de explora\u00e7\u00e3o musical e de conex\u00e3o direta com o p\u00fablico. Durante esta resid\u00eancia uma das [&hellip;]<\/p>\n","protected":false},"author":1,"featured_media":0,"parent":16388,"menu_order":0,"comment_status":"closed","ping_status":"closed","template":"","meta":{"footnotes":""},"class_list":["post-16400","page","type-page","status-publish","hentry"],"_links":{"self":[{"href":"https:\/\/arquivo.osso.pt\/en\/wp-json\/wp\/v2\/pages\/16400","targetHints":{"allow":["GET"]}}],"collection":[{"href":"https:\/\/arquivo.osso.pt\/en\/wp-json\/wp\/v2\/pages"}],"about":[{"href":"https:\/\/arquivo.osso.pt\/en\/wp-json\/wp\/v2\/types\/page"}],"author":[{"embeddable":true,"href":"https:\/\/arquivo.osso.pt\/en\/wp-json\/wp\/v2\/users\/1"}],"replies":[{"embeddable":true,"href":"https:\/\/arquivo.osso.pt\/en\/wp-json\/wp\/v2\/comments?post=16400"}],"version-history":[{"count":1,"href":"https:\/\/arquivo.osso.pt\/en\/wp-json\/wp\/v2\/pages\/16400\/revisions"}],"predecessor-version":[{"id":16401,"href":"https:\/\/arquivo.osso.pt\/en\/wp-json\/wp\/v2\/pages\/16400\/revisions\/16401"}],"up":[{"embeddable":true,"href":"https:\/\/arquivo.osso.pt\/en\/wp-json\/wp\/v2\/pages\/16388"}],"wp:attachment":[{"href":"https:\/\/arquivo.osso.pt\/en\/wp-json\/wp\/v2\/media?parent=16400"}],"curies":[{"name":"wp","href":"https:\/\/api.w.org\/{rel}","templated":true}]}}