{"id":16231,"date":"2021-11-16T17:21:46","date_gmt":"2021-11-16T17:21:46","guid":{"rendered":"https:\/\/arquivo.osso.pt\/?page_id=16231"},"modified":"2021-11-16T17:23:31","modified_gmt":"2021-11-16T17:23:31","slug":"invasor-abstracto-4","status":"publish","type":"page","link":"https:\/\/arquivo.osso.pt\/en\/programacao-3\/invasor-abstracto\/invasor-abstracto-4\/","title":{"rendered":"INVASOR ABSTRACTO #4"},"content":{"rendered":"<div class=\"iframe\" style=\"max-width: 770px; height: auto; margin-left: auto; margin-right: auto; margin-top: 0px; margin-bottom: 0px;\">\n<div dir=\"ltr\" style=\"text-align: justify;\">\n<div align=\"center\">\n\t\t<!-- MasterSlider -->\n\t\t<div id=\"P_MS69e4bc17ad40f\" class=\"master-slider-parent msl ms-parent-id-95\" style=\"max-width:770px;\">\n\n\t\t\t\n\t\t\t<!-- MasterSlider Main -->\n\t\t\t<div id=\"MS69e4bc17ad40f\" class=\"master-slider ms-skin-default\" >\n\t\t\t\t \t\t\t\t \n\t\t\t\t<div  class=\"ms-slide\" data-delay=\"3\" data-fill-mode=\"fill\"  >\n\t\t\t\t\t<img decoding=\"async\" src=\"https:\/\/arquivo.osso.pt\/wp-content\/plugins\/master-slider\/public\/assets\/css\/blank.gif\" alt=\"\" title=\"\" data-src=\"https:\/\/arquivo.osso.pt\/wp-content\/uploads\/2021\/11\/invasor4_geral32.jpg\" \/>\n\n\n\t<div class=\"ms-thumb\" ><div class=\"ms-tab-context\"><div class=\"&quot;ms-tab-context&quot;\"><\/div><\/div>\n<\/div>\n\t\t\t\t<\/div>\n\t\t\t\t<div  class=\"ms-slide\" data-delay=\"3\" data-fill-mode=\"fill\"  >\n\t\t\t\t\t<img decoding=\"async\" src=\"https:\/\/arquivo.osso.pt\/wp-content\/plugins\/master-slider\/public\/assets\/css\/blank.gif\" alt=\"\" title=\"\" data-src=\"https:\/\/arquivo.osso.pt\/wp-content\/uploads\/2021\/11\/invasor4_geral33.jpg\" \/>\n\n\n\t<div class=\"ms-thumb\" ><div class=\"ms-tab-context\"><div class=\"&quot;ms-tab-context&quot;\"><\/div><\/div>\n<\/div>\n\t\t\t\t<\/div>\n\t\t\t\t<div  class=\"ms-slide\" data-delay=\"3\" data-fill-mode=\"fill\"  >\n\t\t\t\t\t<img decoding=\"async\" src=\"https:\/\/arquivo.osso.pt\/wp-content\/plugins\/master-slider\/public\/assets\/css\/blank.gif\" alt=\"\" title=\"\" data-src=\"https:\/\/arquivo.osso.pt\/wp-content\/uploads\/2021\/11\/invasor4_geral28.jpg\" \/>\n\n\n\t<div class=\"ms-thumb\" ><div class=\"ms-tab-context\"><div class=\"&quot;ms-tab-context&quot;\"><\/div><\/div>\n<\/div>\n\t\t\t\t<\/div>\n\t\t\t\t<div  class=\"ms-slide\" data-delay=\"3\" data-fill-mode=\"fill\"  >\n\t\t\t\t\t<img decoding=\"async\" src=\"https:\/\/arquivo.osso.pt\/wp-content\/plugins\/master-slider\/public\/assets\/css\/blank.gif\" alt=\"\" title=\"\" data-src=\"https:\/\/arquivo.osso.pt\/wp-content\/uploads\/2021\/11\/invasor4_geral29.jpg\" \/>\n\n\n\t<div class=\"ms-thumb\" ><div class=\"ms-tab-context\"><div class=\"&quot;ms-tab-context&quot;\"><\/div><\/div>\n<\/div>\n\t\t\t\t<\/div>\n\t\t\t\t<div  class=\"ms-slide\" data-delay=\"3\" data-fill-mode=\"fill\"  >\n\t\t\t\t\t<img decoding=\"async\" src=\"https:\/\/arquivo.osso.pt\/wp-content\/plugins\/master-slider\/public\/assets\/css\/blank.gif\" alt=\"\" title=\"\" data-src=\"https:\/\/arquivo.osso.pt\/wp-content\/uploads\/2021\/11\/invasor4_geral27.jpg\" \/>\n\n\n\t<div class=\"ms-thumb\" ><div class=\"ms-tab-context\"><div class=\"&quot;ms-tab-context&quot;\"><\/div><\/div>\n<\/div>\n\t\t\t\t<\/div>\n\t\t\t\t<div  class=\"ms-slide\" data-delay=\"3\" data-fill-mode=\"fill\"  >\n\t\t\t\t\t<img decoding=\"async\" src=\"https:\/\/arquivo.osso.pt\/wp-content\/plugins\/master-slider\/public\/assets\/css\/blank.gif\" alt=\"\" title=\"\" data-src=\"https:\/\/arquivo.osso.pt\/wp-content\/uploads\/2021\/11\/invasor4_geral26.jpg\" \/>\n\n\n\t<div class=\"ms-thumb\" ><div class=\"ms-tab-context\"><div class=\"&quot;ms-tab-context&quot;\"><\/div><\/div>\n<\/div>\n\t\t\t\t<\/div>\n\t\t\t\t<div  class=\"ms-slide\" data-delay=\"3\" data-fill-mode=\"fill\"  >\n\t\t\t\t\t<img decoding=\"async\" src=\"https:\/\/arquivo.osso.pt\/wp-content\/plugins\/master-slider\/public\/assets\/css\/blank.gif\" alt=\"\" title=\"\" data-src=\"https:\/\/arquivo.osso.pt\/wp-content\/uploads\/2021\/11\/invasor4_geral25.jpg\" \/>\n\n\n\t<div class=\"ms-thumb\" ><div class=\"ms-tab-context\"><div class=\"&quot;ms-tab-context&quot;\"><\/div><\/div>\n<\/div>\n\t\t\t\t<\/div>\n\t\t\t\t<div  class=\"ms-slide\" data-delay=\"3\" data-fill-mode=\"fill\"  >\n\t\t\t\t\t<img decoding=\"async\" src=\"https:\/\/arquivo.osso.pt\/wp-content\/plugins\/master-slider\/public\/assets\/css\/blank.gif\" alt=\"\" title=\"\" data-src=\"https:\/\/arquivo.osso.pt\/wp-content\/uploads\/2021\/11\/invasor4_geral24.jpg\" \/>\n\n\n\t<div class=\"ms-thumb\" ><div class=\"ms-tab-context\"><div class=\"&quot;ms-tab-context&quot;\"><\/div><\/div>\n<\/div>\n\t\t\t\t<\/div>\n\t\t\t\t<div  class=\"ms-slide\" data-delay=\"3\" data-fill-mode=\"fill\"  >\n\t\t\t\t\t<img decoding=\"async\" src=\"https:\/\/arquivo.osso.pt\/wp-content\/plugins\/master-slider\/public\/assets\/css\/blank.gif\" alt=\"\" title=\"\" data-src=\"https:\/\/arquivo.osso.pt\/wp-content\/uploads\/2021\/11\/invasor4_geral23.jpg\" \/>\n\n\n\t<div class=\"ms-thumb\" ><div class=\"ms-tab-context\"><div class=\"&quot;ms-tab-context&quot;\"><\/div><\/div>\n<\/div>\n\t\t\t\t<\/div>\n\t\t\t\t<div  class=\"ms-slide\" data-delay=\"3\" data-fill-mode=\"fill\"  >\n\t\t\t\t\t<img decoding=\"async\" src=\"https:\/\/arquivo.osso.pt\/wp-content\/plugins\/master-slider\/public\/assets\/css\/blank.gif\" alt=\"\" title=\"\" data-src=\"https:\/\/arquivo.osso.pt\/wp-content\/uploads\/2021\/11\/invasor4_geral21.jpg\" \/>\n\n\n\t<div class=\"ms-thumb\" ><div class=\"ms-tab-context\"><div class=\"&quot;ms-tab-context&quot;\"><\/div><\/div>\n<\/div>\n\t\t\t\t<\/div>\n\t\t\t\t<div  class=\"ms-slide\" data-delay=\"3\" data-fill-mode=\"fill\"  >\n\t\t\t\t\t<img decoding=\"async\" src=\"https:\/\/arquivo.osso.pt\/wp-content\/plugins\/master-slider\/public\/assets\/css\/blank.gif\" alt=\"\" title=\"\" data-src=\"https:\/\/arquivo.osso.pt\/wp-content\/uploads\/2021\/11\/invasor4_geral20.jpg\" \/>\n\n\n\t<div class=\"ms-thumb\" ><div class=\"ms-tab-context\"><div class=\"&quot;ms-tab-context&quot;\"><\/div><\/div>\n<\/div>\n\t\t\t\t<\/div>\n\t\t\t\t<div  class=\"ms-slide\" data-delay=\"3\" data-fill-mode=\"fill\"  >\n\t\t\t\t\t<img decoding=\"async\" src=\"https:\/\/arquivo.osso.pt\/wp-content\/plugins\/master-slider\/public\/assets\/css\/blank.gif\" alt=\"\" title=\"\" data-src=\"https:\/\/arquivo.osso.pt\/wp-content\/uploads\/2021\/11\/invasor4_geral16.jpg\" \/>\n\n\n\t<div class=\"ms-thumb\" ><div class=\"ms-tab-context\"><div class=\"&quot;ms-tab-context&quot;\"><\/div><\/div>\n<\/div>\n\t\t\t\t<\/div>\n\t\t\t\t<div  class=\"ms-slide\" data-delay=\"3\" data-fill-mode=\"fill\"  >\n\t\t\t\t\t<img decoding=\"async\" src=\"https:\/\/arquivo.osso.pt\/wp-content\/plugins\/master-slider\/public\/assets\/css\/blank.gif\" alt=\"\" title=\"\" data-src=\"https:\/\/arquivo.osso.pt\/wp-content\/uploads\/2021\/11\/invasor4_geral15.jpg\" \/>\n\n\n\t<div class=\"ms-thumb\" ><div class=\"ms-tab-context\"><div class=\"&quot;ms-tab-context&quot;\"><\/div><\/div>\n<\/div>\n\t\t\t\t<\/div>\n\t\t\t\t<div  class=\"ms-slide\" data-delay=\"3\" data-fill-mode=\"fill\"  >\n\t\t\t\t\t<img decoding=\"async\" src=\"https:\/\/arquivo.osso.pt\/wp-content\/plugins\/master-slider\/public\/assets\/css\/blank.gif\" alt=\"\" title=\"\" data-src=\"https:\/\/arquivo.osso.pt\/wp-content\/uploads\/2021\/11\/invasor4_geral17.jpg\" \/>\n\n\n\t<div class=\"ms-thumb\" ><div class=\"ms-tab-context\"><div class=\"&quot;ms-tab-context&quot;\"><\/div><\/div>\n<\/div>\n\t\t\t\t<\/div>\n\t\t\t\t<div  class=\"ms-slide\" data-delay=\"3\" data-fill-mode=\"fill\"  >\n\t\t\t\t\t<img decoding=\"async\" src=\"https:\/\/arquivo.osso.pt\/wp-content\/plugins\/master-slider\/public\/assets\/css\/blank.gif\" alt=\"\" title=\"\" data-src=\"https:\/\/arquivo.osso.pt\/wp-content\/uploads\/2021\/11\/invasor4_geral13.jpg\" \/>\n\n\n\t<div class=\"ms-thumb\" ><div class=\"ms-tab-context\"><div class=\"&quot;ms-tab-context&quot;\"><\/div><\/div>\n<\/div>\n\t\t\t\t<\/div>\n\t\t\t\t<div  class=\"ms-slide\" data-delay=\"3\" data-fill-mode=\"fill\"  >\n\t\t\t\t\t<img decoding=\"async\" src=\"https:\/\/arquivo.osso.pt\/wp-content\/plugins\/master-slider\/public\/assets\/css\/blank.gif\" alt=\"\" title=\"\" data-src=\"https:\/\/arquivo.osso.pt\/wp-content\/uploads\/2021\/11\/invasor4_geral18.jpg\" \/>\n\n\n\t<div class=\"ms-thumb\" ><div class=\"ms-tab-context\"><div class=\"&quot;ms-tab-context&quot;\"><\/div><\/div>\n<\/div>\n\t\t\t\t<\/div>\n\t\t\t\t<div  class=\"ms-slide\" data-delay=\"3\" data-fill-mode=\"fill\"  >\n\t\t\t\t\t<img decoding=\"async\" src=\"https:\/\/arquivo.osso.pt\/wp-content\/plugins\/master-slider\/public\/assets\/css\/blank.gif\" alt=\"\" title=\"\" data-src=\"https:\/\/arquivo.osso.pt\/wp-content\/uploads\/2021\/11\/invasor4_geral14.jpg\" \/>\n\n\n\t<div class=\"ms-thumb\" ><div class=\"ms-tab-context\"><div class=\"&quot;ms-tab-context&quot;\"><\/div><\/div>\n<\/div>\n\t\t\t\t<\/div>\n\t\t\t\t<div  class=\"ms-slide\" data-delay=\"3\" data-fill-mode=\"fill\"  >\n\t\t\t\t\t<img decoding=\"async\" src=\"https:\/\/arquivo.osso.pt\/wp-content\/plugins\/master-slider\/public\/assets\/css\/blank.gif\" alt=\"\" title=\"\" data-src=\"https:\/\/arquivo.osso.pt\/wp-content\/uploads\/2021\/11\/invasor4_geral19.jpg\" \/>\n\n\n\t<div class=\"ms-thumb\" ><div class=\"ms-tab-context\"><div class=\"&quot;ms-tab-context&quot;\"><\/div><\/div>\n<\/div>\n\t\t\t\t<\/div>\n\t\t\t\t<div  class=\"ms-slide\" data-delay=\"3\" data-fill-mode=\"fill\"  >\n\t\t\t\t\t<img decoding=\"async\" src=\"https:\/\/arquivo.osso.pt\/wp-content\/plugins\/master-slider\/public\/assets\/css\/blank.gif\" alt=\"\" title=\"\" data-src=\"https:\/\/arquivo.osso.pt\/wp-content\/uploads\/2021\/11\/invasor4_geral12.jpg\" \/>\n\n\n\t<div class=\"ms-thumb\" ><div class=\"ms-tab-context\"><div class=\"&quot;ms-tab-context&quot;\"><\/div><\/div>\n<\/div>\n\t\t\t\t<\/div>\n\t\t\t\t<div  class=\"ms-slide\" data-delay=\"3\" data-fill-mode=\"fill\"  >\n\t\t\t\t\t<img decoding=\"async\" src=\"https:\/\/arquivo.osso.pt\/wp-content\/plugins\/master-slider\/public\/assets\/css\/blank.gif\" alt=\"\" title=\"\" data-src=\"https:\/\/arquivo.osso.pt\/wp-content\/uploads\/2021\/11\/invasor4_geral11.jpg\" \/>\n\n\n\t<div class=\"ms-thumb\" ><div class=\"ms-tab-context\"><div class=\"&quot;ms-tab-context&quot;\"><\/div><\/div>\n<\/div>\n\t\t\t\t<\/div>\n\t\t\t\t<div  class=\"ms-slide\" data-delay=\"3\" data-fill-mode=\"fill\"  >\n\t\t\t\t\t<img decoding=\"async\" src=\"https:\/\/arquivo.osso.pt\/wp-content\/plugins\/master-slider\/public\/assets\/css\/blank.gif\" alt=\"\" title=\"\" data-src=\"https:\/\/arquivo.osso.pt\/wp-content\/uploads\/2021\/11\/invasor4_geral10.jpg\" \/>\n\n\n\t<div class=\"ms-thumb\" ><div class=\"ms-tab-context\"><div class=\"&quot;ms-tab-context&quot;\"><\/div><\/div>\n<\/div>\n\t\t\t\t<\/div>\n\t\t\t\t<div  class=\"ms-slide\" data-delay=\"3\" data-fill-mode=\"fill\"  >\n\t\t\t\t\t<img decoding=\"async\" src=\"https:\/\/arquivo.osso.pt\/wp-content\/plugins\/master-slider\/public\/assets\/css\/blank.gif\" alt=\"\" title=\"\" data-src=\"https:\/\/arquivo.osso.pt\/wp-content\/uploads\/2021\/11\/invasor4_geral9.jpg\" \/>\n\n\n\t<div class=\"ms-thumb\" ><div class=\"ms-tab-context\"><div class=\"&quot;ms-tab-context&quot;\"><\/div><\/div>\n<\/div>\n\t\t\t\t<\/div>\n\t\t\t\t<div  class=\"ms-slide\" data-delay=\"3\" data-fill-mode=\"fill\"  >\n\t\t\t\t\t<img decoding=\"async\" src=\"https:\/\/arquivo.osso.pt\/wp-content\/plugins\/master-slider\/public\/assets\/css\/blank.gif\" alt=\"\" title=\"\" data-src=\"https:\/\/arquivo.osso.pt\/wp-content\/uploads\/2021\/11\/invasor4_geral8.jpg\" \/>\n\n\n\t<div class=\"ms-thumb\" ><div class=\"ms-tab-context\"><div class=\"&quot;ms-tab-context&quot;\"><\/div><\/div>\n<\/div>\n\t\t\t\t<\/div>\n\t\t\t\t<div  class=\"ms-slide\" data-delay=\"3\" data-fill-mode=\"fill\"  >\n\t\t\t\t\t<img decoding=\"async\" src=\"https:\/\/arquivo.osso.pt\/wp-content\/plugins\/master-slider\/public\/assets\/css\/blank.gif\" alt=\"\" title=\"\" data-src=\"https:\/\/arquivo.osso.pt\/wp-content\/uploads\/2021\/11\/invasor4_geral4.jpg\" \/>\n\n\n\t<div class=\"ms-thumb\" ><div class=\"ms-tab-context\"><div class=\"&quot;ms-tab-context&quot;\"><\/div><\/div>\n<\/div>\n\t\t\t\t<\/div>\n\t\t\t\t<div  class=\"ms-slide\" data-delay=\"3\" data-fill-mode=\"fill\"  >\n\t\t\t\t\t<img decoding=\"async\" src=\"https:\/\/arquivo.osso.pt\/wp-content\/plugins\/master-slider\/public\/assets\/css\/blank.gif\" alt=\"\" title=\"\" data-src=\"https:\/\/arquivo.osso.pt\/wp-content\/uploads\/2021\/11\/invasor4_geral7.jpg\" \/>\n\n\n\t<div class=\"ms-thumb\" ><div class=\"ms-tab-context\"><div class=\"&quot;ms-tab-context&quot;\"><\/div><\/div>\n<\/div>\n\t\t\t\t<\/div>\n\t\t\t\t<div  class=\"ms-slide\" data-delay=\"3\" data-fill-mode=\"fill\"  >\n\t\t\t\t\t<img decoding=\"async\" src=\"https:\/\/arquivo.osso.pt\/wp-content\/plugins\/master-slider\/public\/assets\/css\/blank.gif\" alt=\"\" title=\"\" data-src=\"https:\/\/arquivo.osso.pt\/wp-content\/uploads\/2021\/11\/invasor4_geral6.jpg\" \/>\n\n\n\t<div class=\"ms-thumb\" ><div class=\"ms-tab-context\"><div class=\"&quot;ms-tab-context&quot;\"><\/div><\/div>\n<\/div>\n\t\t\t\t<\/div>\n\t\t\t\t<div  class=\"ms-slide\" data-delay=\"3\" data-fill-mode=\"fill\"  >\n\t\t\t\t\t<img decoding=\"async\" src=\"https:\/\/arquivo.osso.pt\/wp-content\/plugins\/master-slider\/public\/assets\/css\/blank.gif\" alt=\"\" title=\"\" data-src=\"https:\/\/arquivo.osso.pt\/wp-content\/uploads\/2021\/11\/invasor4_geral5.jpg\" \/>\n\n\n\t<div class=\"ms-thumb\" ><div class=\"ms-tab-context\"><div class=\"&quot;ms-tab-context&quot;\"><\/div><\/div>\n<\/div>\n\t\t\t\t<\/div>\n\t\t\t\t<div  class=\"ms-slide\" data-delay=\"3\" data-fill-mode=\"fill\"  >\n\t\t\t\t\t<img decoding=\"async\" src=\"https:\/\/arquivo.osso.pt\/wp-content\/plugins\/master-slider\/public\/assets\/css\/blank.gif\" alt=\"\" title=\"\" data-src=\"https:\/\/arquivo.osso.pt\/wp-content\/uploads\/2021\/11\/invasor4_geral3.jpg\" \/>\n\n\n\t<div class=\"ms-thumb\" ><div class=\"ms-tab-context\"><div class=\"&quot;ms-tab-context&quot;\"><\/div><\/div>\n<\/div>\n\t\t\t\t<\/div>\n\t\t\t\t<div  class=\"ms-slide\" data-delay=\"3\" data-fill-mode=\"fill\"  >\n\t\t\t\t\t<img decoding=\"async\" src=\"https:\/\/arquivo.osso.pt\/wp-content\/plugins\/master-slider\/public\/assets\/css\/blank.gif\" alt=\"\" title=\"\" data-src=\"https:\/\/arquivo.osso.pt\/wp-content\/uploads\/2021\/11\/invasor4_geral1-1.jpg\" \/>\n\n\n\t<div class=\"ms-thumb\" ><div class=\"ms-tab-context\"><div class=\"&quot;ms-tab-context&quot;\"><\/div><\/div>\n<\/div>\n\t\t\t\t<\/div>\n\t\t\t\t<div  class=\"ms-slide\" data-delay=\"3\" data-fill-mode=\"fill\"  >\n\t\t\t\t\t<img decoding=\"async\" src=\"https:\/\/arquivo.osso.pt\/wp-content\/plugins\/master-slider\/public\/assets\/css\/blank.gif\" alt=\"\" title=\"\" data-src=\"https:\/\/arquivo.osso.pt\/wp-content\/uploads\/2021\/11\/invasor4_geral2.jpg\" \/>\n\n\n\t<div class=\"ms-thumb\" ><div class=\"ms-tab-context\"><div class=\"&quot;ms-tab-context&quot;\"><\/div><\/div>\n<\/div>\n\t\t\t\t<\/div>\n\n\t\t\t<\/div>\n\t\t\t<!-- END MasterSlider Main -->\n\n\t\t\t \n\t\t<\/div>\n\t\t<!-- END MasterSlider -->\n\n\t\t<script>\n\t\t(function ( $ ) {\n\t\t\t\"use strict\";\n\n\t\t\t$(function () {\n\t\t\t\tvar masterslider_d40f = new MasterSlider();\n\n\t\t\t\t\/\/ slider controls\n\t\t\t\tmasterslider_d40f.control('arrows'     ,{ autohide:true, overVideo:true  });\t\t\t\tmasterslider_d40f.control('bullets'    ,{ autohide:false, overVideo:true, dir:'h', align:'bottom' , margin:20  });\n\n\t\t\t\t\/\/ slider setup\n\t\t\t\tmasterslider_d40f.setup(\"MS69e4bc17ad40f\", {\n\t\t\t\t\t\twidth           : 770,\n\t\t\t\t\t\theight          : 513,\n\t\t\t\t\t\tminHeight       : 0,\n\t\t\t\t\t\tspace           : 0,\n\t\t\t\t\t\tstart           : 1,\n\t\t\t\t\t\tgrabCursor      : false,\n\t\t\t\t\t\tswipe           : true,\n\t\t\t\t\t\tmouse           : true,\n\t\t\t\t\t\tlayout          : \"boxed\",\n\t\t\t\t\t\twheel           : false,\n\t\t\t\t\t\tautoplay        : true,\n\t\t\t\t\t\tinstantStartLayers:false,\n\t\t\t\t\t\tloop            : true,\n\t\t\t\t\t\tshuffle         : false,\n\t\t\t\t\t\tpreload         : 0,\n\t\t\t\t\t\theightLimit     : true,\n\t\t\t\t\t\tautoHeight      : false,\n\t\t\t\t\t\tsmoothHeight    : true,\n\t\t\t\t\t\tendPause        : false,\n\t\t\t\t\t\toverPause       : true,\n\t\t\t\t\t\tfillMode        : \"fill\",\n\t\t\t\t\t\tcenterControls  : true,\n\t\t\t\t\t\tstartOnAppear   : false,\n\t\t\t\t\t\tlayersMode      : \"center\",\n\t\t\t\t\t\thideLayers      : false,\n\t\t\t\t\t\tfullscreenMargin: 0,\n\t\t\t\t\t\tspeed           : 20,\n\t\t\t\t\t\tdir             : \"h\",\n\t\t\t\t\t\tparallaxMode    : 'swipe',\n\t\t\t\t\t\tview            : \"fade\"\n\t\t\t\t});\n\n\t\t\t\t\n\t\t\t\twindow.masterslider_instances = window.masterslider_instances || [];\n\t\t\t\twindow.masterslider_instances.push( masterslider_d40f );\n\t\t\t });\n\n\t\t})(jQuery);\n\t\t<\/script>\n\n<\/div>\n<p>\n<strong>INVASOR ABSTRACTO #4<\/strong><br \/>\num programa de exposi\u00e7\u00f5es, performances e concertos com a participa\u00e7\u00e3o de Matilde Meireles, Nuno Mor\u00e3o, Nuno Torres, Pedro Tropa, Ricardo Jacinto e Rita Thomaz.<\/p>\n<p><strong>de 21 de Setembro a 23 de Outubro de 2021<\/strong><br \/>\n<strong>TBA (Teatro do Bairro Alto), Lisboa <\/strong><\/p>\n<p>Focado no desenho de instala\u00e7\u00f5es, performances e concertos, <strong>Invasor Abstracto<\/strong> \u00e9 um projecto do OSSO colectivo que se prop\u00f5e como um espa\u00e7o de reflex\u00e3o, cria\u00e7\u00e3o e apresenta\u00e7\u00e3o colectiva (com a participa\u00e7\u00e3o de <strong>Matilde Meireles<\/strong>, <strong>Nuno Mor\u00e3o<\/strong>, <strong>Nuno Torres<\/strong>, <strong>Pedro Tropa<\/strong>, <strong>Ricardo Jacinto<\/strong> e <strong>Rita Thomaz<\/strong>). Nas suas diversas itera\u00e7\u00f5es, intersectam-se os territ\u00f3rios criativos de cada autor(a) em viagens imaginadas entre o seu centro criativo (Aldeia de S\u00e3o Greg\u00f3rio, Caldas da Rainha), outros lugares distantes, e os espa\u00e7os e comunidades que os acolhem. <\/p>\n<p>Invasor Abstracto \u00e9 a express\u00e3o n\u00f3mada do OSSO Colectivo e surge de um fluxo criativo partilhado em rede entre seis artistas-viajantes.  Nesta ocupa\u00e7\u00e3o do TBA, o Invasor Abstracto apresentou-se enquanto um corpo fragmentado, disperso, sem centro, distribu\u00eddo por diferentes espa\u00e7os e momentos.<\/p>\n<p>Um <strong>arquivo online<\/strong>, <strong>um mapa-cartaz<\/strong>, diversos espa\u00e7os distantes e circulares, um <strong>palco<\/strong> e uma <strong>caminhada<\/strong> pelo espectro eletromagn\u00e9tico definiram, numa geografia fluida e multidimensional, o territ\u00f3rio deste invasor.<\/p>\n<p>Ao longo de cinco semanas, o OSSO Colectivo habitou o TBA e a sua periferia com uma instala\u00e7\u00e3o sonora, pontuada por tr\u00eas momentos performativos e acompanhada por um arquivo online. Estes momentos inauguraram tr\u00eas epis\u00f3dios da narrativa de ocupa\u00e7\u00e3o deste Invasor, que articulou v\u00e1rios percursos entre quatro pontos geogr\u00e1ficos distantes: o <strong>TBA<\/strong> (Lisboa), a <strong>OSSO<\/strong> (S\u00e3o Greg\u00f3rio, Caldas da Rainha), a paisagem rural de <strong>Wiltshire<\/strong> (Reino Unido) e um <strong>lugar-arquivo online<\/strong>.<\/p>\n<p>Esta narrativa teve o seu in\u00edcio na eira da OSSO, e foi da\u00ed que nos propusemos a viajar na dire\u00e7\u00e3o destes territ\u00f3rios e, entre eles, estabelecer uma rede comunicante que nos permitiu transladar ou intersectar sinais sonoros e visuais cuja manifesta\u00e7\u00e3o constituir\u00e1 uma muta\u00e7\u00e3o simb\u00f3lica, geom\u00e9trica e material.<\/p>\n<p><strong>FICHA ART\u00cdSTICA<\/strong><br \/>\nDirec\u00e7\u00e3o Art\u00edstica: <strong>Ricardo Jacinto<\/strong><br \/>\nGest\u00e3o de projecto:  <strong>Nuno Torres<\/strong><br \/>\nParticipa\u00e7\u00e3o: <strong>Matilde Meireles<\/strong>, <strong>Nuno Mor\u00e3o<\/strong>, <strong>Nuno Torres<\/strong>, <strong>Pedro Tropa<\/strong>, <strong>Ricardo Jacinto<\/strong> e <strong>Rita Thomaz<\/strong><br \/>\nColabora\u00e7\u00e3o: <strong>David Mateus<\/strong>, <strong>David Jacinto<\/strong>, <strong>Juju Bento<\/strong>, <strong>Teresa Santos<\/strong>, <strong>Tiago Abelha<\/strong> e <strong>Vasco Pita<\/strong><br \/>\nCoprodu\u00e7\u00e3o <strong>OSSO<\/strong> e <strong>Teatro do Bairro Alto<\/strong><\/p>\n<p><iframe loading=\"lazy\" title=\"O Invasor Abstracto chegou ao TBA\" width=\"1170\" height=\"658\" src=\"https:\/\/www.youtube.com\/embed\/5Vm64S_gZD4?feature=oembed\" frameborder=\"0\" allow=\"accelerometer; autoplay; clipboard-write; encrypted-media; gyroscope; picture-in-picture\" allowfullscreen><\/iframe><\/p>\n<hr>\n<p><strong>ARQUIVO | 21 Setembro | www.invasor-abstracto.pt<\/strong><\/p>\n<p>Abertura ao p\u00fablico do site <a href=\"http:\/\/www.invasor-abstracto.pt\" rel=\"noopener\" target=\"_blank\"><u>www.invasor-abstracto.pt<\/u><\/a>, um espa\u00e7o de arquivo, que revela e exp\u00f5e o processo de cria\u00e7\u00e3o coletivo, que se inicia no per\u00edodo de prepara\u00e7\u00e3o do projeto e se estende durante toda a ocupa\u00e7\u00e3o do Invasor no TBA.<br \/>\nNeste mesmo dia teve lugar um evento audiovisual online com transmiss\u00e3o em direto dos est\u00fadios da OSSO, na Aldeia de S\u00e3o Greg\u00f3rio, Caldas da Rainha.<\/p>\n<hr>\n<p><strong>CONCERTO | 1 de Outubro | palco TBA<\/strong><\/p>\n<p>O Invasor entrou no palco do TBA para um concerto, inaugurando assim o momento presencial no teatro. O concerto tornou pr\u00f3ximos os tra\u00e7os aurais de zonas long\u00ednquas, \u201cimaginou\u201d viagens musicais entre elas e mergulhou nas interfer\u00eancias eletromagn\u00e9ticas entre diversos corpos radiantes e ressonantes. A m\u00fasica do Invasor Abstracto \u00e9 densamente textural, est\u00e1tica, espectral e ruidosa.<\/p>\n<p>Composi\u00e7\u00e3o: <strong>Ricardo Jacinto<\/strong><br \/>\nGrava\u00e7\u00f5es de campo: <strong>Matilde Meireles<\/strong><br \/>\nPercuss\u00e3o, teclados e eletr\u00f3nica: <strong>Nuno Mor\u00e3o<\/strong><br \/>\nSaxofone alto e eletr\u00f3nica: <strong>Nuno Torres<\/strong><br \/>\nSintetizador: <strong>Pedro Tropa<\/strong><br \/>\nVioloncelo, eletr\u00f3nica e objetos radiantes: <strong>Ricardo Jacinto<\/strong><br \/>\nObjectos: <strong>Rita Thomaz<\/strong><\/p>\n<hr>\n<p><strong>INSTALA\u00c7\u00c3O | 1 a 23 de Outubro | Sala Manuela Porto do TBA<\/strong><\/p>\n<p>V\u00e1rios mini-emissores de r\u00e1dio FM, distribu\u00eddos na Sala Manuela Porto do TBA, servem como pontos de radia\u00e7\u00e3o de uma instala\u00e7\u00e3o sonora para ser escutada atrav\u00e9s de trans\u00edstores-auscultadores m\u00f3veis. Cada espectador fez o seu trajeto sonoro passeando pelas m\u00faltiplas interfer\u00eancias entre as diferentes emiss\u00f5es.<\/p>\n<hr>\n<p><strong>CAMINHADA | 23 de Outubro | periferia TBA<\/strong><\/p>\n<p>A ocupa\u00e7\u00e3o do OSSO Colectivo no TBA terminou com um passeio performativo em grupo, onde o Invasor Abstracto convidou o p\u00fablico a explorar o territ\u00f3rio aural instaurado pelos v\u00e1rios mini-emissores de r\u00e1dio FM constituintes da instala\u00e7\u00e3o e que, para este momento, foram distribu\u00eddos e reativados na periferia do TBA.<\/p>\n<p><strong>O TEMA DO INVASOR<br \/>\ninstala\u00e7\u00e3o sonora multicanal para quatro emissores FM (88.4 MHz)<\/strong><\/p>\n<p>voz: <strong>Teresa Santos<\/strong> (leituras do litoral de \u201cGeografia de Portugal\u201d de Orlando Ribeiro e Hermann Lautensach)<br \/>\ngrava\u00e7\u00f5es de campo: <strong>Matilde Meireles<\/strong>, <strong>Nuno Mor\u00e3o<\/strong>, <strong>Nuno Torres<\/strong> e <strong>Ricardo Jacinto<\/strong><br \/>\nsaxofone alto e electr\u00f3nica: <strong>Nuno Torres<\/strong><br \/>\nvioloncelo e electr\u00f3nica: <strong>Ricardo Jacinto<\/strong><br \/>\npercuss\u00e3o: <strong>Nuno Mor\u00e3o<\/strong> e <strong>Ricardo Jacinto<\/strong><br \/>\nsintetizador: <strong>Pedro Tropa<\/strong><br \/>\ncomposi\u00e7\u00e3o: <strong>Ricardo Jacinto<\/strong><br \/>\ncartaz-partitura: <strong>Ricardo Jacinto<\/strong> e <strong>Rita Thomaz<\/strong><\/p>\n<p>Dura\u00e7\u00e3o: 30\u2019 min<\/p>\n<p><u><a href=\"https:\/\/cloud.osso.pt\/index.php\/s\/DrQ9qmSyDTHMLrF\" rel=\"noopener\" target=\"_blank\">Download do mapa-cartaz<\/a><\/u><\/p>\n<\/div>\n<\/div>\n","protected":false},"excerpt":{"rendered":"<p>INVASOR ABSTRACTO #4 um programa de exposi\u00e7\u00f5es, performances e concertos com a participa\u00e7\u00e3o de Matilde Meireles, Nuno Mor\u00e3o, Nuno Torres, Pedro Tropa, Ricardo Jacinto e Rita Thomaz. de 21 de Setembro a 23 de Outubro de 2021 TBA (Teatro do Bairro Alto), Lisboa Focado no desenho de instala\u00e7\u00f5es, performances e concertos, Invasor Abstracto \u00e9 um projecto do OSSO colectivo que [&hellip;]<\/p>\n","protected":false},"author":1,"featured_media":0,"parent":10343,"menu_order":0,"comment_status":"closed","ping_status":"closed","template":"","meta":{"footnotes":""},"class_list":["post-16231","page","type-page","status-publish","hentry"],"_links":{"self":[{"href":"https:\/\/arquivo.osso.pt\/en\/wp-json\/wp\/v2\/pages\/16231","targetHints":{"allow":["GET"]}}],"collection":[{"href":"https:\/\/arquivo.osso.pt\/en\/wp-json\/wp\/v2\/pages"}],"about":[{"href":"https:\/\/arquivo.osso.pt\/en\/wp-json\/wp\/v2\/types\/page"}],"author":[{"embeddable":true,"href":"https:\/\/arquivo.osso.pt\/en\/wp-json\/wp\/v2\/users\/1"}],"replies":[{"embeddable":true,"href":"https:\/\/arquivo.osso.pt\/en\/wp-json\/wp\/v2\/comments?post=16231"}],"version-history":[{"count":1,"href":"https:\/\/arquivo.osso.pt\/en\/wp-json\/wp\/v2\/pages\/16231\/revisions"}],"predecessor-version":[{"id":16232,"href":"https:\/\/arquivo.osso.pt\/en\/wp-json\/wp\/v2\/pages\/16231\/revisions\/16232"}],"up":[{"embeddable":true,"href":"https:\/\/arquivo.osso.pt\/en\/wp-json\/wp\/v2\/pages\/10343"}],"wp:attachment":[{"href":"https:\/\/arquivo.osso.pt\/en\/wp-json\/wp\/v2\/media?parent=16231"}],"curies":[{"name":"wp","href":"https:\/\/api.w.org\/{rel}","templated":true}]}}