{"id":13940,"date":"2021-01-21T11:17:31","date_gmt":"2021-01-21T11:17:31","guid":{"rendered":"https:\/\/arquivo.osso.pt\/?page_id=13940"},"modified":"2021-03-11T10:30:20","modified_gmt":"2021-03-11T10:30:20","slug":"radio_workshop","status":"publish","type":"page","link":"https:\/\/arquivo.osso.pt\/en\/workshops\/advanced-workshops\/radio_workshop\/","title":{"rendered":"RADIO WORKSHOP"},"content":{"rendered":"<div class=\"iframe\" style=\"max-width: 770px; height: auto; margin-left: auto; margin-right: auto; margin-top: 0px; margin-bottom: 50px;\">\n<div dir=\"ltr\" style=\"text-align: justify;\">\n<p><img loading=\"lazy\" decoding=\"async\" src=\"https:\/\/arquivo.osso.pt\/wp-content\/uploads\/2021\/01\/alunosesad.jpg\" alt=\"\" width=\"1602\" height=\"1006\" class=\"aligncenter size-full wp-image-13937\" srcset=\"https:\/\/arquivo.osso.pt\/wp-content\/uploads\/2021\/01\/alunosesad.jpg 1602w, https:\/\/arquivo.osso.pt\/wp-content\/uploads\/2021\/01\/alunosesad-300x188.jpg 300w, https:\/\/arquivo.osso.pt\/wp-content\/uploads\/2021\/01\/alunosesad-1024x643.jpg 1024w, https:\/\/arquivo.osso.pt\/wp-content\/uploads\/2021\/01\/alunosesad-768x482.jpg 768w, https:\/\/arquivo.osso.pt\/wp-content\/uploads\/2021\/01\/alunosesad-1536x965.jpg 1536w, https:\/\/arquivo.osso.pt\/wp-content\/uploads\/2021\/01\/alunosesad-1280x804.jpg 1280w, https:\/\/arquivo.osso.pt\/wp-content\/uploads\/2021\/01\/alunosesad-600x377.jpg 600w\" sizes=\"auto, (max-width: 1602px) 100vw, 1602px\" \/><\/p>\n<p><strong>Sound Arts Students, Sound and Image Course &#8211; ESAD-CR IPLEIRIA<\/strong> <\/p>\n<p>In the context of the Sound Arts class, 3rd year of the Sound and Image degree at ESAD in Caldas da Rainha, students were proposed to create a 6 minute sound piece for the Eira platform. In this course, students develop various works related to Sound Arts, such as listening exercises, sound walks, acousmatic compositions and sound installation projects. For this work, students were asked to think about a piece specifically for radio as a sound transmission device (FM and Online) with a programmed emission.<\/p>\n<p>Participants: Afonso Correia, Alexandre Pereira, \u00c1lmos Fekete, Andr\u00e9 S\u00e1, Bruno Gama, Catarina Cola\u00e7o, Gon\u00e7alo Maur\u00edcio, Gon\u00e7alo Oliveira, In\u00eas Fran\u00e7a, Jo\u00e3o Am\u00e9lio, Jo\u00e3o Aranha, Jo\u00e3o Duarte, Leonardo Inverno, Lic\u00ednio Santos, M\u00e1rcio Pereira, Mariana Sendim, Matilde Fernandes, Miguel Bastos, Miguel Lan\u00e7a, Nuno Coelho, Pedro Coutinho, Ricardo Zambujo e Tom\u00e1s Marreiros. <\/p>\n<p><strong>Guidance:<\/strong> Diogo Alvim<br \/>\n<strong>Date:<\/strong> 5th to 19th December, 2020<br \/>\n<strong>Presentation:<\/strong> <u><a href=\"https:\/\/arquivo.osso.pt\/en\/programacao-3\/eira\/eira-3\/\">Eira #3<\/a><\/u><\/p>\n<\/div>\n<\/div>\n","protected":false},"excerpt":{"rendered":"<p>Sound Arts Students, Sound and Image Course &#8211; ESAD-CR IPLEIRIA In the context of the Sound Arts class, 3rd year of the Sound and Image degree at ESAD in Caldas da Rainha, students were proposed to create a 6 minute sound piece for the Eira platform. In this course, students develop various works related to Sound Arts, such as listening [&hellip;]<\/p>\n","protected":false},"author":1,"featured_media":0,"parent":12005,"menu_order":0,"comment_status":"closed","ping_status":"closed","template":"","meta":{"footnotes":""},"class_list":["post-13940","page","type-page","status-publish","hentry"],"_links":{"self":[{"href":"https:\/\/arquivo.osso.pt\/en\/wp-json\/wp\/v2\/pages\/13940","targetHints":{"allow":["GET"]}}],"collection":[{"href":"https:\/\/arquivo.osso.pt\/en\/wp-json\/wp\/v2\/pages"}],"about":[{"href":"https:\/\/arquivo.osso.pt\/en\/wp-json\/wp\/v2\/types\/page"}],"author":[{"embeddable":true,"href":"https:\/\/arquivo.osso.pt\/en\/wp-json\/wp\/v2\/users\/1"}],"replies":[{"embeddable":true,"href":"https:\/\/arquivo.osso.pt\/en\/wp-json\/wp\/v2\/comments?post=13940"}],"version-history":[{"count":9,"href":"https:\/\/arquivo.osso.pt\/en\/wp-json\/wp\/v2\/pages\/13940\/revisions"}],"predecessor-version":[{"id":14709,"href":"https:\/\/arquivo.osso.pt\/en\/wp-json\/wp\/v2\/pages\/13940\/revisions\/14709"}],"up":[{"embeddable":true,"href":"https:\/\/arquivo.osso.pt\/en\/wp-json\/wp\/v2\/pages\/12005"}],"wp:attachment":[{"href":"https:\/\/arquivo.osso.pt\/en\/wp-json\/wp\/v2\/media?parent=13940"}],"curies":[{"name":"wp","href":"https:\/\/api.w.org\/{rel}","templated":true}]}}