{"id":13930,"date":"2021-01-21T09:45:40","date_gmt":"2021-01-21T09:45:40","guid":{"rendered":"https:\/\/arquivo.osso.pt\/?page_id=13930"},"modified":"2021-03-11T16:10:11","modified_gmt":"2021-03-11T16:10:11","slug":"music_workshop_free_improvisation_group","status":"publish","type":"page","link":"https:\/\/arquivo.osso.pt\/en\/workshops\/advanced-workshops\/music_workshop_free_improvisation_group\/","title":{"rendered":"MUSIC WORKSHOP | FREE IMPROVISATION IN GROUP"},"content":{"rendered":"<div class=\"iframe\" style=\"max-width: 770px; height: auto; margin-left: auto; margin-right: auto; margin-top: 0px; margin-bottom: 50px;\">\n<div dir=\"ltr\" style=\"text-align: justify;\">\n<div align=\"center\">\n\t\t<!-- MasterSlider -->\n\t\t<div id=\"P_MS69e0332ec7f45\" class=\"master-slider-parent msl ms-parent-id-71\" style=\"max-width:770px;\">\n\n\t\t\t\n\t\t\t<!-- MasterSlider Main -->\n\t\t\t<div id=\"MS69e0332ec7f45\" class=\"master-slider ms-skin-default\" >\n\t\t\t\t \t\t\t\t \n\t\t\t\t<div  class=\"ms-slide\" data-delay=\"2\" data-fill-mode=\"fill\"  >\n\t\t\t\t\t<img decoding=\"async\" src=\"https:\/\/arquivo.osso.pt\/wp-content\/plugins\/master-slider\/public\/assets\/css\/blank.gif\" alt=\"\" title=\"\" data-src=\"https:\/\/arquivo.osso.pt\/wp-content\/uploads\/2021\/01\/jop_geral2.jpg\" \/>\n\n\n\t<div class=\"ms-thumb\" ><div class=\"ms-tab-context\"><div class=\"&quot;ms-tab-context&quot;\"><\/div><\/div>\n<\/div>\n\t\t\t\t<\/div>\n\t\t\t\t<div  class=\"ms-slide\" data-delay=\"2\" data-fill-mode=\"fill\"  >\n\t\t\t\t\t<img decoding=\"async\" src=\"https:\/\/arquivo.osso.pt\/wp-content\/plugins\/master-slider\/public\/assets\/css\/blank.gif\" alt=\"\" title=\"\" data-src=\"https:\/\/arquivo.osso.pt\/wp-content\/uploads\/2021\/01\/jop_geral1.jpg\" \/>\n\n\n\t<div class=\"ms-thumb\" ><div class=\"ms-tab-context\"><div class=\"&quot;ms-tab-context&quot;\"><\/div><\/div>\n<\/div>\n\t\t\t\t<\/div>\n\t\t\t\t<div  class=\"ms-slide\" data-delay=\"2\" data-fill-mode=\"fill\"  >\n\t\t\t\t\t<img decoding=\"async\" src=\"https:\/\/arquivo.osso.pt\/wp-content\/plugins\/master-slider\/public\/assets\/css\/blank.gif\" alt=\"\" title=\"\" data-src=\"https:\/\/arquivo.osso.pt\/wp-content\/uploads\/2021\/01\/jop_geral4.jpg\" \/>\n\n\n\t<div class=\"ms-thumb\" ><div class=\"ms-tab-context\"><div class=\"&quot;ms-tab-context&quot;\"><\/div><\/div>\n<\/div>\n\t\t\t\t<\/div>\n\t\t\t\t<div  class=\"ms-slide\" data-delay=\"2\" data-fill-mode=\"fill\"  >\n\t\t\t\t\t<img decoding=\"async\" src=\"https:\/\/arquivo.osso.pt\/wp-content\/plugins\/master-slider\/public\/assets\/css\/blank.gif\" alt=\"\" title=\"\" data-src=\"https:\/\/arquivo.osso.pt\/wp-content\/uploads\/2021\/01\/jop_geral7.jpg\" \/>\n\n\n\t<div class=\"ms-thumb\" ><div class=\"ms-tab-context\"><div class=\"&quot;ms-tab-context&quot;\"><\/div><\/div>\n<\/div>\n\t\t\t\t<\/div>\n\t\t\t\t<div  class=\"ms-slide\" data-delay=\"2\" data-fill-mode=\"fill\"  >\n\t\t\t\t\t<img decoding=\"async\" src=\"https:\/\/arquivo.osso.pt\/wp-content\/plugins\/master-slider\/public\/assets\/css\/blank.gif\" alt=\"\" title=\"\" data-src=\"https:\/\/arquivo.osso.pt\/wp-content\/uploads\/2021\/01\/jop_geral.jpg\" \/>\n\n\n\t<div class=\"ms-thumb\" ><div class=\"ms-tab-context\"><div class=\"&quot;ms-tab-context&quot;\"><\/div><\/div>\n<\/div>\n\t\t\t\t<\/div>\n\t\t\t\t<div  class=\"ms-slide\" data-delay=\"2\" data-fill-mode=\"fill\"  >\n\t\t\t\t\t<img decoding=\"async\" src=\"https:\/\/arquivo.osso.pt\/wp-content\/plugins\/master-slider\/public\/assets\/css\/blank.gif\" alt=\"\" title=\"\" data-src=\"https:\/\/arquivo.osso.pt\/wp-content\/uploads\/2021\/01\/jop_geral6.jpg\" \/>\n\n\n\t<div class=\"ms-thumb\" ><div class=\"ms-tab-context\"><div class=\"&quot;ms-tab-context&quot;\"><\/div><\/div>\n<\/div>\n\t\t\t\t<\/div>\n\t\t\t\t<div  class=\"ms-slide\" data-delay=\"2\" data-fill-mode=\"fill\"  >\n\t\t\t\t\t<img decoding=\"async\" src=\"https:\/\/arquivo.osso.pt\/wp-content\/plugins\/master-slider\/public\/assets\/css\/blank.gif\" alt=\"\" title=\"\" data-src=\"https:\/\/arquivo.osso.pt\/wp-content\/uploads\/2021\/01\/jop_geral3.jpg\" \/>\n\n\n\t<div class=\"ms-thumb\" ><div class=\"ms-tab-context\"><div class=\"&quot;ms-tab-context&quot;\"><\/div><\/div>\n<\/div>\n\t\t\t\t<\/div>\n\t\t\t\t<div  class=\"ms-slide\" data-delay=\"2\" data-fill-mode=\"fill\"  >\n\t\t\t\t\t<img decoding=\"async\" src=\"https:\/\/arquivo.osso.pt\/wp-content\/plugins\/master-slider\/public\/assets\/css\/blank.gif\" alt=\"\" title=\"\" data-src=\"https:\/\/arquivo.osso.pt\/wp-content\/uploads\/2021\/01\/jop_geral8.jpg\" \/>\n\n\n\t<div class=\"ms-thumb\" ><div class=\"ms-tab-context\"><div class=\"&quot;ms-tab-context&quot;\"><\/div><\/div>\n<\/div>\n\t\t\t\t<\/div>\n\n\t\t\t<\/div>\n\t\t\t<!-- END MasterSlider Main -->\n\n\t\t\t \n\t\t<\/div>\n\t\t<!-- END MasterSlider -->\n\n\t\t<script>\n\t\t(function ( $ ) {\n\t\t\t\"use strict\";\n\n\t\t\t$(function () {\n\t\t\t\tvar masterslider_7f45 = new MasterSlider();\n\n\t\t\t\t\/\/ slider controls\n\t\t\t\tmasterslider_7f45.control('arrows'     ,{ autohide:true, overVideo:true  });\t\t\t\tmasterslider_7f45.control('bullets'    ,{ autohide:false, overVideo:true, dir:'h', align:'bottom' , margin:20  });\n\n\t\t\t\t\/\/ slider setup\n\t\t\t\tmasterslider_7f45.setup(\"MS69e0332ec7f45\", {\n\t\t\t\t\t\twidth           : 770,\n\t\t\t\t\t\theight          : 513,\n\t\t\t\t\t\tminHeight       : 0,\n\t\t\t\t\t\tspace           : 0,\n\t\t\t\t\t\tstart           : 1,\n\t\t\t\t\t\tgrabCursor      : false,\n\t\t\t\t\t\tswipe           : true,\n\t\t\t\t\t\tmouse           : true,\n\t\t\t\t\t\tlayout          : \"boxed\",\n\t\t\t\t\t\twheel           : false,\n\t\t\t\t\t\tautoplay        : true,\n\t\t\t\t\t\tinstantStartLayers:false,\n\t\t\t\t\t\tloop            : true,\n\t\t\t\t\t\tshuffle         : false,\n\t\t\t\t\t\tpreload         : 0,\n\t\t\t\t\t\theightLimit     : true,\n\t\t\t\t\t\tautoHeight      : false,\n\t\t\t\t\t\tsmoothHeight    : true,\n\t\t\t\t\t\tendPause        : false,\n\t\t\t\t\t\toverPause       : true,\n\t\t\t\t\t\tfillMode        : \"fill\",\n\t\t\t\t\t\tcenterControls  : true,\n\t\t\t\t\t\tstartOnAppear   : false,\n\t\t\t\t\t\tlayersMode      : \"center\",\n\t\t\t\t\t\thideLayers      : false,\n\t\t\t\t\t\tfullscreenMargin: 0,\n\t\t\t\t\t\tspeed           : 20,\n\t\t\t\t\t\tdir             : \"h\",\n\t\t\t\t\t\tparallaxMode    : 'swipe',\n\t\t\t\t\t\tview            : \"fade\"\n\t\t\t\t});\n\n\t\t\t\t\n\t\t\t\twindow.masterslider_instances = window.masterslider_instances || [];\n\t\t\t\twindow.masterslider_instances.push( masterslider_7f45 );\n\t\t\t });\n\n\t\t})(jQuery);\n\t\t<\/script>\n\n<\/div>\n<p><strong>Oficina de improvisa\u00e7\u00e3o livre em grupo (site-oriented)<\/strong> <\/p>\n<p>Aprendizagem e desenvolvimento de pequenos exerc\u00edcios de improvisa\u00e7\u00e3o livre onde as rela\u00e7\u00f5es de di\u00e1logo musical entre os v\u00e1rios membros de um grupo alargado de m\u00fasicos \u00e9 directamente relacionada e condicionada pelas caracter\u00edsticas S\u00f3nicas do espa\u00e7o envolvente.<br \/>\nExerc\u00edcios de escuta que activem a no\u00e7\u00e3o de horizonte ac\u00fastico articuladas com uma percep\u00e7\u00e3o das micro manifesta\u00e7\u00f5es S\u00f3nica dos instrumentos, executados em rela\u00e7\u00e3o com as caracter\u00edsticas da paisagem sonora, a ac\u00fastica do espa\u00e7o e a distribui\u00e7\u00e3o dos membros do grupo. <\/p>\n<p>Esta oficina resultou numa apresenta\u00e7\u00e3o p\u00fablica onde os m\u00fasicos improvisaram em torno da sua distribui\u00e7\u00e3o din\u00e2mica pelo espa\u00e7o da escola. Foi desenvolvida uma partitura que, mais do que definir uma sequ\u00eancia de eventos sonoros espec\u00edficos, orientou a desloca\u00e7\u00e3o dos m\u00fasicos no espa\u00e7o, provocando encontros e Di\u00e1logos independentes mas simult\u00e2neos entre m\u00fasicos, publico e espa\u00e7o. <\/p>\n<p>Inserido no Encontro Contempor\u00e2neo 2019, da Jovem Orquestra Portuguesa<\/p>\n<p><strong>Guidance:<\/strong> Ricardo Jacinto<br \/>\n<strong>Date:<\/strong> 17 a 20 de Outubro, 2019<br \/>\n<strong>Location:<\/strong> Sede da Orquestra de Camara Portuguesa<br \/>\n<strong>Partner:<\/strong> Co-cria\u00e7\u00e3o mediada com Ana Maria Santos e \u00d3scar Carmo da Orquestra de C\u00e2mara Portuguesa<br \/>\n<strong>more info:<\/strong> <a href=\"https:\/\/ocp.org.pt\/encontro-contemporaneo-jop-2019\/\" rel=\"noopener noreferrer\" target=\"_blank\">https:\/\/ocp.org.pt\/encontro-contemporaneo-jop-2019\/<\/a><\/p>\n<\/div>\n<\/div>\n","protected":false},"excerpt":{"rendered":"<p>Oficina de improvisa\u00e7\u00e3o livre em grupo (site-oriented) Aprendizagem e desenvolvimento de pequenos exerc\u00edcios de improvisa\u00e7\u00e3o livre onde as rela\u00e7\u00f5es de di\u00e1logo musical entre os v\u00e1rios membros de um grupo alargado de m\u00fasicos \u00e9 directamente relacionada e condicionada pelas caracter\u00edsticas S\u00f3nicas do espa\u00e7o envolvente. Exerc\u00edcios de escuta que activem a no\u00e7\u00e3o de horizonte ac\u00fastico articuladas com uma percep\u00e7\u00e3o das micro manifesta\u00e7\u00f5es [&hellip;]<\/p>\n","protected":false},"author":1,"featured_media":0,"parent":12005,"menu_order":0,"comment_status":"closed","ping_status":"closed","template":"","meta":{"footnotes":""},"class_list":["post-13930","page","type-page","status-publish","hentry"],"_links":{"self":[{"href":"https:\/\/arquivo.osso.pt\/en\/wp-json\/wp\/v2\/pages\/13930","targetHints":{"allow":["GET"]}}],"collection":[{"href":"https:\/\/arquivo.osso.pt\/en\/wp-json\/wp\/v2\/pages"}],"about":[{"href":"https:\/\/arquivo.osso.pt\/en\/wp-json\/wp\/v2\/types\/page"}],"author":[{"embeddable":true,"href":"https:\/\/arquivo.osso.pt\/en\/wp-json\/wp\/v2\/users\/1"}],"replies":[{"embeddable":true,"href":"https:\/\/arquivo.osso.pt\/en\/wp-json\/wp\/v2\/comments?post=13930"}],"version-history":[{"count":6,"href":"https:\/\/arquivo.osso.pt\/en\/wp-json\/wp\/v2\/pages\/13930\/revisions"}],"predecessor-version":[{"id":14741,"href":"https:\/\/arquivo.osso.pt\/en\/wp-json\/wp\/v2\/pages\/13930\/revisions\/14741"}],"up":[{"embeddable":true,"href":"https:\/\/arquivo.osso.pt\/en\/wp-json\/wp\/v2\/pages\/12005"}],"wp:attachment":[{"href":"https:\/\/arquivo.osso.pt\/en\/wp-json\/wp\/v2\/media?parent=13930"}],"curies":[{"name":"wp","href":"https:\/\/api.w.org\/{rel}","templated":true}]}}