{"id":10282,"date":"2020-02-06T10:57:07","date_gmt":"2020-02-06T10:57:07","guid":{"rendered":"https:\/\/arquivo.osso.pt\/?page_id=10282"},"modified":"2020-02-06T11:00:02","modified_gmt":"2020-02-06T11:00:02","slug":"joao-costa-carrinha-marionetas-itinerantes","status":"publish","type":"page","link":"https:\/\/arquivo.osso.pt\/en\/programacao-3\/projecto-aldeia\/joao-costa-carrinha-marionetas-itinerantes\/","title":{"rendered":"JO\u00c3O COSTA | Carrinha Marionetas Itinerantes"},"content":{"rendered":"<div class=\"iframe\" style=\"max-width: 770px; height: auto; margin-left: auto; margin-right: auto; margin-top: 25px; margin-bottom: 50px;\">\n<div dir=\"ltr\" style=\"text-align: justify;\">\n<div align=\"center\">\n\t\t<!-- MasterSlider -->\n\t\t<div id=\"P_MS69fd09d14681d\" class=\"master-slider-parent msl ms-parent-id-46\" style=\"max-width:770px;\">\n\n\t\t\t\n\t\t\t<!-- MasterSlider Main -->\n\t\t\t<div id=\"MS69fd09d14681d\" class=\"master-slider ms-skin-default\" >\n\t\t\t\t \t\t\t\t \n\t\t\t\t<div  class=\"ms-slide\" data-delay=\"2\" data-fill-mode=\"fill\"  >\n\t\t\t\t\t<img decoding=\"async\" src=\"https:\/\/arquivo.osso.pt\/wp-content\/plugins\/master-slider\/public\/assets\/css\/blank.gif\" alt=\"\" title=\"\" data-src=\"https:\/\/arquivo.osso.pt\/wp-content\/uploads\/2020\/01\/jc_geral1-copy.jpg\" \/>\n\n\n\t<div class=\"ms-thumb\" ><div class=\"ms-tab-context\"><div class=\"&quot;ms-tab-context&quot;\"><\/div><\/div>\n<\/div>\n\t\t\t\t<\/div>\n\t\t\t\t<div  class=\"ms-slide\" data-delay=\"2\" data-fill-mode=\"fill\"  >\n\t\t\t\t\t<img decoding=\"async\" src=\"https:\/\/arquivo.osso.pt\/wp-content\/plugins\/master-slider\/public\/assets\/css\/blank.gif\" alt=\"\" title=\"\" data-src=\"https:\/\/arquivo.osso.pt\/wp-content\/uploads\/2020\/01\/jc_geral2-copy.jpg\" \/>\n\n\n\t<div class=\"ms-thumb\" ><div class=\"ms-tab-context\"><div class=\"&quot;ms-tab-context&quot;\"><\/div><\/div>\n<\/div>\n\t\t\t\t<\/div>\n\t\t\t\t<div  class=\"ms-slide\" data-delay=\"2\" data-fill-mode=\"fill\"  >\n\t\t\t\t\t<img decoding=\"async\" src=\"https:\/\/arquivo.osso.pt\/wp-content\/plugins\/master-slider\/public\/assets\/css\/blank.gif\" alt=\"\" title=\"\" data-src=\"https:\/\/arquivo.osso.pt\/wp-content\/uploads\/2020\/01\/jc_geral3-copy.jpg\" \/>\n\n\n\t<div class=\"ms-thumb\" ><div class=\"ms-tab-context\"><div class=\"&quot;ms-tab-context&quot;\"><\/div><\/div>\n<\/div>\n\t\t\t\t<\/div>\n\t\t\t\t<div  class=\"ms-slide\" data-delay=\"2\" data-fill-mode=\"fill\"  >\n\t\t\t\t\t<img decoding=\"async\" src=\"https:\/\/arquivo.osso.pt\/wp-content\/plugins\/master-slider\/public\/assets\/css\/blank.gif\" alt=\"\" title=\"\" data-src=\"https:\/\/arquivo.osso.pt\/wp-content\/uploads\/2020\/01\/jc_geral4-copy.jpg\" \/>\n\n\n\t<div class=\"ms-thumb\" ><div class=\"ms-tab-context\"><div class=\"&quot;ms-tab-context&quot;\"><\/div><\/div>\n<\/div>\n\t\t\t\t<\/div>\n\t\t\t\t<div  class=\"ms-slide\" data-delay=\"2\" data-fill-mode=\"fill\"  >\n\t\t\t\t\t<img decoding=\"async\" src=\"https:\/\/arquivo.osso.pt\/wp-content\/plugins\/master-slider\/public\/assets\/css\/blank.gif\" alt=\"\" title=\"\" data-src=\"https:\/\/arquivo.osso.pt\/wp-content\/uploads\/2020\/01\/jc_geral5-copy.jpg\" \/>\n\n\n\t<div class=\"ms-thumb\" ><div class=\"ms-tab-context\"><div class=\"&quot;ms-tab-context&quot;\"><\/div><\/div>\n<\/div>\n\t\t\t\t<\/div>\n\t\t\t\t<div  class=\"ms-slide\" data-delay=\"2\" data-fill-mode=\"fill\"  >\n\t\t\t\t\t<img decoding=\"async\" src=\"https:\/\/arquivo.osso.pt\/wp-content\/plugins\/master-slider\/public\/assets\/css\/blank.gif\" alt=\"\" title=\"\" data-src=\"https:\/\/arquivo.osso.pt\/wp-content\/uploads\/2020\/01\/jc_geral6-copy.jpg\" \/>\n\n\n\t<div class=\"ms-thumb\" ><div class=\"ms-tab-context\"><div class=\"&quot;ms-tab-context&quot;\"><\/div><\/div>\n<\/div>\n\t\t\t\t<\/div>\n\t\t\t\t<div  class=\"ms-slide\" data-delay=\"2\" data-fill-mode=\"fill\"  >\n\t\t\t\t\t<img decoding=\"async\" src=\"https:\/\/arquivo.osso.pt\/wp-content\/plugins\/master-slider\/public\/assets\/css\/blank.gif\" alt=\"\" title=\"\" data-src=\"https:\/\/arquivo.osso.pt\/wp-content\/uploads\/2020\/01\/jc_geral7-copy.jpg\" \/>\n\n\n\t<div class=\"ms-thumb\" ><div class=\"ms-tab-context\"><div class=\"&quot;ms-tab-context&quot;\"><\/div><\/div>\n<\/div>\n\t\t\t\t<\/div>\n\t\t\t\t<div  class=\"ms-slide\" data-delay=\"2\" data-fill-mode=\"fill\"  >\n\t\t\t\t\t<img decoding=\"async\" src=\"https:\/\/arquivo.osso.pt\/wp-content\/plugins\/master-slider\/public\/assets\/css\/blank.gif\" alt=\"\" title=\"\" data-src=\"https:\/\/arquivo.osso.pt\/wp-content\/uploads\/2020\/01\/jc_geral8-copy.jpg\" \/>\n\n\n\t<div class=\"ms-thumb\" ><div class=\"ms-tab-context\"><div class=\"&quot;ms-tab-context&quot;\"><\/div><\/div>\n<\/div>\n\t\t\t\t<\/div>\n\t\t\t\t<div  class=\"ms-slide\" data-delay=\"2\" data-fill-mode=\"fill\"  >\n\t\t\t\t\t<img decoding=\"async\" src=\"https:\/\/arquivo.osso.pt\/wp-content\/plugins\/master-slider\/public\/assets\/css\/blank.gif\" alt=\"\" title=\"\" data-src=\"https:\/\/arquivo.osso.pt\/wp-content\/uploads\/2020\/01\/jc_geral9-copy.jpg\" \/>\n\n\n\t<div class=\"ms-thumb\" ><div class=\"ms-tab-context\"><div class=\"&quot;ms-tab-context&quot;\"><\/div><\/div>\n<\/div>\n\t\t\t\t<\/div>\n\t\t\t\t<div  class=\"ms-slide\" data-delay=\"2\" data-fill-mode=\"fill\"  >\n\t\t\t\t\t<img decoding=\"async\" src=\"https:\/\/arquivo.osso.pt\/wp-content\/plugins\/master-slider\/public\/assets\/css\/blank.gif\" alt=\"\" title=\"\" data-src=\"https:\/\/arquivo.osso.pt\/wp-content\/uploads\/2020\/01\/jc_geral_cartaz-copy.jpg\" \/>\n\n\n\t<div class=\"ms-thumb\" ><div class=\"ms-tab-context\"><div class=\"&quot;ms-tab-context&quot;\"><\/div><\/div>\n<\/div>\n\t\t\t\t<\/div>\n\t\t\t\t<div  class=\"ms-slide\" data-delay=\"2\" data-fill-mode=\"fill\"  >\n\t\t\t\t\t<img decoding=\"async\" src=\"https:\/\/arquivo.osso.pt\/wp-content\/plugins\/master-slider\/public\/assets\/css\/blank.gif\" alt=\"\" title=\"\" data-src=\"https:\/\/arquivo.osso.pt\/wp-content\/uploads\/2020\/01\/jc_geral8-copy.jpg\" \/>\n\n\n\t<div class=\"ms-thumb\" ><div class=\"ms-tab-context\"><div class=\"&quot;ms-tab-context&quot;\"><\/div><\/div>\n<\/div>\n\t\t\t\t<\/div>\n\n\t\t\t<\/div>\n\t\t\t<!-- END MasterSlider Main -->\n\n\t\t\t \n\t\t<\/div>\n\t\t<!-- END MasterSlider -->\n\n\t\t<script>\n\t\t(function ( $ ) {\n\t\t\t\"use strict\";\n\n\t\t\t$(function () {\n\t\t\t\tvar masterslider_681d = new MasterSlider();\n\n\t\t\t\t\/\/ slider controls\n\t\t\t\tmasterslider_681d.control('arrows'     ,{ autohide:true, overVideo:true  });\t\t\t\tmasterslider_681d.control('bullets'    ,{ autohide:false, overVideo:true, dir:'h', align:'bottom' , margin:20  });\n\n\t\t\t\t\/\/ slider setup\n\t\t\t\tmasterslider_681d.setup(\"MS69fd09d14681d\", {\n\t\t\t\t\t\twidth           : 770,\n\t\t\t\t\t\theight          : 513,\n\t\t\t\t\t\tminHeight       : 0,\n\t\t\t\t\t\tspace           : 0,\n\t\t\t\t\t\tstart           : 1,\n\t\t\t\t\t\tgrabCursor      : false,\n\t\t\t\t\t\tswipe           : true,\n\t\t\t\t\t\tmouse           : true,\n\t\t\t\t\t\tlayout          : \"boxed\",\n\t\t\t\t\t\twheel           : false,\n\t\t\t\t\t\tautoplay        : true,\n\t\t\t\t\t\tinstantStartLayers:false,\n\t\t\t\t\t\tloop            : true,\n\t\t\t\t\t\tshuffle         : false,\n\t\t\t\t\t\tpreload         : 0,\n\t\t\t\t\t\theightLimit     : true,\n\t\t\t\t\t\tautoHeight      : false,\n\t\t\t\t\t\tsmoothHeight    : true,\n\t\t\t\t\t\tendPause        : false,\n\t\t\t\t\t\toverPause       : true,\n\t\t\t\t\t\tfillMode        : \"fill\",\n\t\t\t\t\t\tcenterControls  : true,\n\t\t\t\t\t\tstartOnAppear   : false,\n\t\t\t\t\t\tlayersMode      : \"center\",\n\t\t\t\t\t\thideLayers      : false,\n\t\t\t\t\t\tfullscreenMargin: 0,\n\t\t\t\t\t\tspeed           : 20,\n\t\t\t\t\t\tdir             : \"h\",\n\t\t\t\t\t\tparallaxMode    : 'swipe',\n\t\t\t\t\t\tview            : \"fade\"\n\t\t\t\t});\n\n\t\t\t\t\n\t\t\t\twindow.masterslider_instances = window.masterslider_instances || [];\n\t\t\t\twindow.masterslider_instances.push( masterslider_681d );\n\t\t\t });\n\n\t\t})(jQuery);\n\t\t<\/script>\n\n<\/div>\n<p><strong>Carrinha de Marionetas Itinerantes<br \/>\nA VIAGEM &#8211; Teatro de Objectos<\/strong> <\/p>\n<p>Resid\u00eancia de <strong>Jo\u00e3o Costa<\/strong><\/p>\n<p>micro Cine Teatro M\u00e3ozorra<br \/>\nUma sala de teatro itinerante no interior de uma carrinha Mercedes 206D de 1976, com capacidade m\u00e1xima para 9 espectadores, onde se realizam sess\u00f5es intimistas de curta dura\u00e7\u00e3o (15-20 min.) com grande proximidade com o p\u00fablico.<\/p>\n<p>Os espectadores s\u00e3o convidados a entrar para o interior da carrinha iniciando uma viagem visual, sonora e sensorial pelo teatro de objectos.<\/p>\n<p>A Viagem inspira-se no percurso imagin\u00e1rio do pensamento, consciente ou menos consciente que nos leva a viajar pelos desejos \u00edntimos em determinados momentos do nosso quotidiano.<\/p>\n<p><strong>Ficha Art\u00edstica:<\/strong><br \/>\n<strong>Ideia e Cria\u00e7\u00e3o &#8211;<\/strong> Jo\u00e3o Costa \/ M\u00e3ozorra<br \/>\n<strong>Interpreta\u00e7\u00e3o &#8211;<\/strong>  Jo\u00e3o Costa (objectos) \/ Jos\u00e9 Ramos (Lobby Boy)<br \/>\n<strong>Vis\u00e3o Externa &#8211;<\/strong> Ale Ris\u00f3rio e Ricardo Jacinto<br \/>\n<strong>Cenografia &#8211;<\/strong> Jo\u00e3o Calixto (micro audit\u00f3rio e palco)<br \/>\n<strong>Ilumina\u00e7\u00e3o &#8211;<\/strong> Jo\u00e3o Sofio<br \/>\n<strong>Som &#8211;<\/strong> Manuel Pinheiro<br \/>\n<strong>Espa\u00e7os de cria\u00e7\u00e3o &#8211;<\/strong> LAC \/ OSSO Colectivo \/ M\u00e3ozorra<br \/>\n<strong>Consultoria &#8211;<\/strong>  S\u00e9rgio Alves \/ Francisco Falloca<br \/>\n<strong>Co Produ\u00e7\u00e3o &#8211;<\/strong> Museu da Marioneta de Lisboa<\/p>\n<p>Cria\u00e7\u00e3o na \u00e1rea do teatro de objectos, que pretende provocar uma &#8220;pequena&#8221; viagem sonora e visual, pelo mundo do teatro de objectos\/marionetas. Com uma lota\u00e7\u00e3o m\u00e1xima de 9 pessoas, os espectadores s\u00e3o convidados a entrar para o interior de uma carrinha\/micro audit\u00f3rio ao estilo dos anos 30-40. A Narrativa deste micro-espect\u00e1culo \u00e9 alicer\u00e7ada na intimidade que o reduzido espa\u00e7o gera entre espectadores e narrador, e na forma como a ilumina\u00e7\u00e3o e sonoplastia conduzem a sua aproxima\u00e7\u00e3o aos objectos manipulados. O espectador \u00e9 assim levado ao mundo \u00edntimo do teatro de objectos\/marionetas, numa viagem que mistura o teatro de marionetas, o teatro de objectos e o teatro visual.<br \/>\nDepois desta resid\u00eancia art\u00edstica, este projecto foi apresentado na Aldeia de S\u00e3o Greg\u00f3rio no dia 16 de Novembro.<\/p>\n<p><strong>Apoios:<\/strong> Museu da Marioneta e Dire\u00e7\u00e3o Geral das artes.<br \/>\n<strong>Local:<\/strong> Est\u00fadios Osso<br \/>\n<strong>Data:<\/strong>  23 e 29 de setembro de 2019<\/p>\n<\/div>\n<\/div>\n","protected":false},"excerpt":{"rendered":"<p>Carrinha de Marionetas Itinerantes A VIAGEM &#8211; Teatro de Objectos Resid\u00eancia de Jo\u00e3o Costa micro Cine Teatro M\u00e3ozorra Uma sala de teatro itinerante no interior de uma carrinha Mercedes 206D de 1976, com capacidade m\u00e1xima para 9 espectadores, onde se realizam sess\u00f5es intimistas de curta dura\u00e7\u00e3o (15-20 min.) com grande proximidade com o p\u00fablico. Os espectadores s\u00e3o convidados a entrar [&hellip;]<\/p>\n","protected":false},"author":1,"featured_media":0,"parent":10235,"menu_order":0,"comment_status":"closed","ping_status":"open","template":"","meta":{"footnotes":""},"class_list":["post-10282","page","type-page","status-publish","hentry"],"_links":{"self":[{"href":"https:\/\/arquivo.osso.pt\/en\/wp-json\/wp\/v2\/pages\/10282","targetHints":{"allow":["GET"]}}],"collection":[{"href":"https:\/\/arquivo.osso.pt\/en\/wp-json\/wp\/v2\/pages"}],"about":[{"href":"https:\/\/arquivo.osso.pt\/en\/wp-json\/wp\/v2\/types\/page"}],"author":[{"embeddable":true,"href":"https:\/\/arquivo.osso.pt\/en\/wp-json\/wp\/v2\/users\/1"}],"replies":[{"embeddable":true,"href":"https:\/\/arquivo.osso.pt\/en\/wp-json\/wp\/v2\/comments?post=10282"}],"version-history":[{"count":3,"href":"https:\/\/arquivo.osso.pt\/en\/wp-json\/wp\/v2\/pages\/10282\/revisions"}],"predecessor-version":[{"id":10287,"href":"https:\/\/arquivo.osso.pt\/en\/wp-json\/wp\/v2\/pages\/10282\/revisions\/10287"}],"up":[{"embeddable":true,"href":"https:\/\/arquivo.osso.pt\/en\/wp-json\/wp\/v2\/pages\/10235"}],"wp:attachment":[{"href":"https:\/\/arquivo.osso.pt\/en\/wp-json\/wp\/v2\/media?parent=10282"}],"curies":[{"name":"wp","href":"https:\/\/api.w.org\/{rel}","templated":true}]}}